{"id":2246,"date":"2014-03-11T14:01:37","date_gmt":"2014-03-11T12:01:37","guid":{"rendered":"http:\/\/fkh.ch\/en\/uber-uns\/vorstand\/"},"modified":"2025-06-04T14:15:35","modified_gmt":"2025-06-04T12:15:35","slug":"vorstand","status":"publish","type":"page","link":"https:\/\/fkh.ch\/en\/uber-uns\/vorstand\/","title":{"rendered":"Executive Board"},"content":{"rendered":"<p><strong><em>President:<\/em><\/strong>\u00a0<em>\u00a0<\/em>\u00a0<strong><em><br \/>\n<\/em>Christian Lindner<br \/>\n<\/strong>Axpo Power AG<\/p>\n<p><strong><em>Vice Presidenz:<\/em><\/strong>\u00a0<em>\u00a0<\/em>\u00a0<strong><em><br \/>\n<\/em>Adrian H\u00e4sler<br \/>\n<\/strong>Swissgrid AG<\/p>\n<p><em><strong>FKH Managing Director:<br \/>\n<\/strong><\/em><strong>Dr. Michael Walter<\/strong><br \/>\nFachkommission f\u00fcr Hochspannungsfragen (FKH)<\/p>\n<p><strong><em>\u00a0<\/em><\/strong><\/p>\n<p><strong><em>Members:<\/em><\/strong>\u00a0<em><br \/>\n<\/em><\/p>\n<p><b>Dr. Bj\u00f6rn Avak<\/b><br \/>\nElectrosuisse<\/p>\n<p><strong>Yves-Andr\u00e9 Bagnoud<\/strong><br \/>\nService Industriels Lausanne (SIL)<\/p>\n<p><strong>Dr. J\u00fcrgen Bernauer<\/strong><br \/>\nPFIFFNER Group<\/p>\n<p><strong>Frank Brodbeck<\/strong><br \/>\nBrugg Kabel AG<\/p>\n<p><strong>Anja Burkhard<\/strong><br \/>\nHitachi Energy Ltd<\/p>\n<p><strong>Andri Casura<\/strong><br \/>\nElektrizit\u00e4tswerk der Stadt Z\u00fcrich (EWZ)<\/p>\n<p><strong>Andreas Degen<\/strong><br \/>\nVerband Schweizerischer Elektrizit\u00e4tswerke (VSE)<\/p>\n<p><strong>Prof. Dr. Drazen Dujic<\/strong><br \/>\nSwiss Federal Institute of Technology Power Electronics Laboratory, Lausanne<\/p>\n<p><strong>Prof. Dr. Christian Franck<\/strong><br \/>\nEidgen\u00f6ssische Technische Hochschule Z\u00fcrich (ETHZ)<\/p>\n<p><strong>Daniel Riesen<br \/>\n<\/strong>BKW Energie AG<strong><br \/>\n<\/strong><\/p>\n<p><strong>Prof. Dominique Rolle<br \/>\n<\/strong>Ecole d&#8217;ing\u00e9nieurs et d&#8217;architectes de Fribourg<\/p>\n<p><strong>Ren\u00e9 Vollenwyder<br \/>\n<\/strong>Schweizerische Bundesbahnen, Energie Systemdesign (SBB)<\/p>\n<p>&nbsp;<\/p>\n<p><strong>\u00a0<\/strong><\/p>\n<p align=\"JUSTIFY\"><span style=\"font-size: medium;\"><sup><strong><br \/>\n<\/strong><\/sup><\/span><span id=\"result_box\" class=\"short_text\" lang=\"en\"><\/span><\/p>\n<p align=\"JUSTIFY\"><span style=\"font-size: medium;\">\u00a0<\/span><\/p>\n","protected":false},"excerpt":{"rendered":"<p>President:\u00a0\u00a0\u00a0 Christian Lindner Axpo Power AG Vice Presidenz:\u00a0\u00a0\u00a0 Adrian H\u00e4sler Swissgrid AG FKH Managing Director: Dr. Michael Walter Fachkommission f\u00fcr Hochspannungsfragen (FKH) \u00a0 Members:\u00a0 Dr. Bj\u00f6rn Avak Electrosuisse Yves-Andr\u00e9 Bagnoud Service Industriels Lausanne (SIL) Dr. J\u00fcrgen Bernauer PFIFFNER Group Frank Brodbeck Brugg Kabel AG Anja Burkhard Hitachi Energy Ltd Andri Casura Elektrizit\u00e4tswerk der Stadt Z\u00fcrich [&hellip;]<\/p>\n","protected":false},"author":198,"featured_media":0,"parent":2243,"menu_order":30,"comment_status":"open","ping_status":"open","template":"","meta":{"_acf_changed":false,"footnotes":""},"class_list":["post-2246","page","type-page","status-publish","hentry"],"acf":[],"yoast_head":"<!-- This site is optimized with the Yoast SEO plugin v27.2 - https:\/\/yoast.com\/product\/yoast-seo-wordpress\/ -->\n<title>Executive Board - FKH<\/title>\n<meta name=\"robots\" content=\"index, follow, max-snippet:-1, max-image-preview:large, max-video-preview:-1\" \/>\n<link rel=\"canonical\" href=\"https:\/\/fkh.ch\/en\/uber-uns\/vorstand\/\" \/>\n<meta property=\"og:locale\" content=\"en_US\" \/>\n<meta property=\"og:type\" content=\"article\" \/>\n<meta property=\"og:title\" content=\"Executive Board - FKH\" \/>\n<meta property=\"og:description\" content=\"President:\u00a0\u00a0\u00a0 Christian Lindner Axpo Power AG Vice Presidenz:\u00a0\u00a0\u00a0 Adrian H\u00e4sler Swissgrid AG FKH Managing Director: Dr. Michael Walter Fachkommission f\u00fcr Hochspannungsfragen (FKH) \u00a0 Members:\u00a0 Dr. Bj\u00f6rn Avak Electrosuisse Yves-Andr\u00e9 Bagnoud Service Industriels Lausanne (SIL) Dr. J\u00fcrgen Bernauer PFIFFNER Group Frank Brodbeck Brugg Kabel AG Anja Burkhard Hitachi Energy Ltd Andri Casura Elektrizit\u00e4tswerk der Stadt Z\u00fcrich [&hellip;]\" \/>\n<meta property=\"og:url\" content=\"https:\/\/fkh.ch\/en\/uber-uns\/vorstand\/\" \/>\n<meta property=\"og:site_name\" content=\"FKH\" \/>\n<meta property=\"article:modified_time\" content=\"2025-06-04T12:15:35+00:00\" \/>\n<meta name=\"twitter:label1\" content=\"Est. reading time\" \/>\n\t<meta name=\"twitter:data1\" content=\"1 minute\" \/>\n<script type=\"application\/ld+json\" class=\"yoast-schema-graph\">{\"@context\":\"https:\/\/schema.org\",\"@graph\":[{\"@type\":\"WebPage\",\"@id\":\"https:\/\/fkh.ch\/en\/uber-uns\/vorstand\/\",\"url\":\"https:\/\/fkh.ch\/en\/uber-uns\/vorstand\/\",\"name\":\"Executive Board - FKH\",\"isPartOf\":{\"@id\":\"https:\/\/fkh.ch\/en\/#website\"},\"datePublished\":\"2014-03-11T12:01:37+00:00\",\"dateModified\":\"2025-06-04T12:15:35+00:00\",\"breadcrumb\":{\"@id\":\"https:\/\/fkh.ch\/en\/uber-uns\/vorstand\/#breadcrumb\"},\"inLanguage\":\"en-US\",\"potentialAction\":[{\"@type\":\"ReadAction\",\"target\":[\"https:\/\/fkh.ch\/en\/uber-uns\/vorstand\/\"]}]},{\"@type\":\"BreadcrumbList\",\"@id\":\"https:\/\/fkh.ch\/en\/uber-uns\/vorstand\/#breadcrumb\",\"itemListElement\":[{\"@type\":\"ListItem\",\"position\":1,\"name\":\"Startseite\",\"item\":\"https:\/\/fkh.ch\/en\/\"},{\"@type\":\"ListItem\",\"position\":2,\"name\":\"About us\",\"item\":\"https:\/\/fkh.ch\/en\/uber-uns\/\"},{\"@type\":\"ListItem\",\"position\":3,\"name\":\"Executive Board\"}]},{\"@type\":\"WebSite\",\"@id\":\"https:\/\/fkh.ch\/en\/#website\",\"url\":\"https:\/\/fkh.ch\/en\/\",\"name\":\"FKH\",\"description\":\"High Voltage Testing and Engineering Commission\",\"potentialAction\":[{\"@type\":\"SearchAction\",\"target\":{\"@type\":\"EntryPoint\",\"urlTemplate\":\"https:\/\/fkh.ch\/en\/?s={search_term_string}\"},\"query-input\":{\"@type\":\"PropertyValueSpecification\",\"valueRequired\":true,\"valueName\":\"search_term_string\"}}],\"inLanguage\":\"en-US\"}]}<\/script>\n<!-- \/ Yoast SEO plugin. -->","yoast_head_json":{"title":"Executive Board - FKH","robots":{"index":"index","follow":"follow","max-snippet":"max-snippet:-1","max-image-preview":"max-image-preview:large","max-video-preview":"max-video-preview:-1"},"canonical":"https:\/\/fkh.ch\/en\/uber-uns\/vorstand\/","og_locale":"en_US","og_type":"article","og_title":"Executive Board - FKH","og_description":"President:\u00a0\u00a0\u00a0 Christian Lindner Axpo Power AG Vice Presidenz:\u00a0\u00a0\u00a0 Adrian H\u00e4sler Swissgrid AG FKH Managing Director: Dr. Michael Walter Fachkommission f\u00fcr Hochspannungsfragen (FKH) \u00a0 Members:\u00a0 Dr. Bj\u00f6rn Avak Electrosuisse Yves-Andr\u00e9 Bagnoud Service Industriels Lausanne (SIL) Dr. J\u00fcrgen Bernauer PFIFFNER Group Frank Brodbeck Brugg Kabel AG Anja Burkhard Hitachi Energy Ltd Andri Casura Elektrizit\u00e4tswerk der Stadt Z\u00fcrich [&hellip;]","og_url":"https:\/\/fkh.ch\/en\/uber-uns\/vorstand\/","og_site_name":"FKH","article_modified_time":"2025-06-04T12:15:35+00:00","twitter_misc":{"Est. reading time":"1 minute"},"schema":{"@context":"https:\/\/schema.org","@graph":[{"@type":"WebPage","@id":"https:\/\/fkh.ch\/en\/uber-uns\/vorstand\/","url":"https:\/\/fkh.ch\/en\/uber-uns\/vorstand\/","name":"Executive Board - FKH","isPartOf":{"@id":"https:\/\/fkh.ch\/en\/#website"},"datePublished":"2014-03-11T12:01:37+00:00","dateModified":"2025-06-04T12:15:35+00:00","breadcrumb":{"@id":"https:\/\/fkh.ch\/en\/uber-uns\/vorstand\/#breadcrumb"},"inLanguage":"en-US","potentialAction":[{"@type":"ReadAction","target":["https:\/\/fkh.ch\/en\/uber-uns\/vorstand\/"]}]},{"@type":"BreadcrumbList","@id":"https:\/\/fkh.ch\/en\/uber-uns\/vorstand\/#breadcrumb","itemListElement":[{"@type":"ListItem","position":1,"name":"Startseite","item":"https:\/\/fkh.ch\/en\/"},{"@type":"ListItem","position":2,"name":"About us","item":"https:\/\/fkh.ch\/en\/uber-uns\/"},{"@type":"ListItem","position":3,"name":"Executive Board"}]},{"@type":"WebSite","@id":"https:\/\/fkh.ch\/en\/#website","url":"https:\/\/fkh.ch\/en\/","name":"FKH","description":"High Voltage Testing and Engineering Commission","potentialAction":[{"@type":"SearchAction","target":{"@type":"EntryPoint","urlTemplate":"https:\/\/fkh.ch\/en\/?s={search_term_string}"},"query-input":{"@type":"PropertyValueSpecification","valueRequired":true,"valueName":"search_term_string"}}],"inLanguage":"en-US"}]}},"_links":{"self":[{"href":"https:\/\/fkh.ch\/en\/wp-json\/wp\/v2\/pages\/2246","targetHints":{"allow":["GET"]}}],"collection":[{"href":"https:\/\/fkh.ch\/en\/wp-json\/wp\/v2\/pages"}],"about":[{"href":"https:\/\/fkh.ch\/en\/wp-json\/wp\/v2\/types\/page"}],"author":[{"embeddable":true,"href":"https:\/\/fkh.ch\/en\/wp-json\/wp\/v2\/users\/198"}],"replies":[{"embeddable":true,"href":"https:\/\/fkh.ch\/en\/wp-json\/wp\/v2\/comments?post=2246"}],"version-history":[{"count":24,"href":"https:\/\/fkh.ch\/en\/wp-json\/wp\/v2\/pages\/2246\/revisions"}],"predecessor-version":[{"id":7466,"href":"https:\/\/fkh.ch\/en\/wp-json\/wp\/v2\/pages\/2246\/revisions\/7466"}],"up":[{"embeddable":true,"href":"https:\/\/fkh.ch\/en\/wp-json\/wp\/v2\/pages\/2243"}],"wp:attachment":[{"href":"https:\/\/fkh.ch\/en\/wp-json\/wp\/v2\/media?parent=2246"}],"curies":[{"name":"wp","href":"https:\/\/api.w.org\/{rel}","templated":true}]}}