{"id":2290,"date":"2014-03-31T14:43:34","date_gmt":"2014-03-31T12:43:34","guid":{"rendered":"http:\/\/fkh.ch\/en\/fkh-fachtagung-2015\/"},"modified":"2026-03-18T12:47:52","modified_gmt":"2026-03-18T11:47:52","slug":"fkh-fachtagung","status":"publish","type":"page","link":"https:\/\/fkh.ch\/en\/veranstaltungen\/fkh-fachtagung\/","title":{"rendered":"FKH Symposia 2026"},"content":{"rendered":"<h2><strong><a href=\"https:\/\/fkh.ch\/wp-content\/uploads\/2026\/03\/Bild-oval-300x190.jpg\"><img loading=\"lazy\" decoding=\"async\" class=\"size-medium wp-image-7754 alignleft\" src=\"https:\/\/fkh.ch\/wp-content\/uploads\/2026\/03\/Bild-oval-300x190.jpg\" alt=\"\" width=\"300\" height=\"190\" srcset=\"https:\/\/fkh.ch\/wp-content\/uploads\/2026\/03\/Bild-oval-300x190.jpg 300w, https:\/\/fkh.ch\/wp-content\/uploads\/2026\/03\/Bild-oval-1024x648.jpg 1024w, https:\/\/fkh.ch\/wp-content\/uploads\/2026\/03\/Bild-oval-768x486.jpg 768w, https:\/\/fkh.ch\/wp-content\/uploads\/2026\/03\/Bild-oval.jpg 1182w\" sizes=\"auto, (max-width: 300px) 100vw, 300px\" \/><\/a><\/strong><\/h2>\n<h2><\/h2>\n<h2><strong>Netzausbau und Netzbetrieb &#8211; aktuelle Fragestellungen<\/strong><\/h2>\n<p>Datum:\u00a0\u00a0\u00a0\u00a0\u00a0\u00a0\u00a0\u00a0\u00a0\u00a0\u00a0\u00a0\u00a0\u00a0\u00a0\u00a0\u00a0\u00a0 Dienstag, 24. November 2026, 09.00 Uhr<br \/>\nOrt:\u00a0\u00a0\u00a0\u00a0\u00a0\u00a0\u00a0\u00a0\u00a0\u00a0\u00a0\u00a0\u00a0\u00a0\u00a0\u00a0\u00a0\u00a0\u00a0\u00a0\u00a0\u00a0\u00a0\u00a0 Gottlieb Duttweiler Institut (GDI) \u2013 R\u00fcschlikon Z\u00fcrich<br \/>\nTagungsleitung:\u00a0 \u00a0David Gautschi, AEW Energie AG<\/p>\n<p>&nbsp;<\/p>\n<p>Das Zusammenspiel der Betriebsmittel in \u00dcbertragungs- und Verteilnetzen wird zunehmend komplexer. Datacenter als eine neue Klasse von Grossverbrauchern in Kombination mit der wachsenden Elektromobilit\u00e4t und einer Zunahme an W\u00e4rmepumpenheizungen erfordern einen massiven Netzausbau in den n\u00e4chsten Jahren. Grossfl\u00e4chig verteilte st\u00e4dtische und konzentrierte alpine Solaranlagen sowie Windanlagen, ersetzen langfristig Bandenergiekraftwerke mit rotierenden Massen und f\u00fchren insgesamt zu einer volatileren Produktion mit geringerer intrinsischer Tr\u00e4gheit. Ein h\u00f6herer Vernetzungs- und Verkabelungsgrad r\u00fcckte die Themen Blindleistungskompensation und Netzresonanzfrequenzen vermehrt in den Fokus. Gleichzeitig bieten \u00fcber Umrichter angebundene Grossbatterien, Phasenschieber, Wechselrichter von grossen Photovoltaikanlagen, sowie Netzfilter mehr Freiheitsgrade f\u00fcr Netzeingriffe. Mittels koordiniert gesteuerten Massnahmen und indirekt durch wirtschaftliche Anreize motivierten Eingriffen k\u00f6nnen die Lastfl\u00fcsse, die Frequenzhaltung und die Netzstabilit\u00e4t im Allgemeinen positiv beeinflusst werden.<\/p>\n<p>Die FKH-Fachtagung zum Thema Netzausbau und Netzbetrieb richtet sich an Ingenieure, welche mit den aktuellen technischen Fragestellungen und Ph\u00e4nomenen im Netz konfrontiert werden. Die Referenten berichten \u00fcber bereits heute beobachtbare und zuk\u00fcnftig verst\u00e4rkt zu erwartende Probleme im Netz und diskutieren L\u00f6sungsans\u00e4tze, wie diese Herausforderungen durch Anpassungen in der Netzstruktur, im Netzbetrieb oder mit Anpassungen bei den eingesetzten Betriebsmitteln nachhaltig bew\u00e4ltigt werden k\u00f6nnen.<\/p>\n<p>&nbsp;<\/p>\n","protected":false},"excerpt":{"rendered":"<p>Netzausbau und Netzbetrieb &#8211; aktuelle Fragestellungen Datum:\u00a0\u00a0\u00a0\u00a0\u00a0\u00a0\u00a0\u00a0\u00a0\u00a0\u00a0\u00a0\u00a0\u00a0\u00a0\u00a0\u00a0\u00a0 Dienstag, 24. November 2026, 09.00 Uhr Ort:\u00a0\u00a0\u00a0\u00a0\u00a0\u00a0\u00a0\u00a0\u00a0\u00a0\u00a0\u00a0\u00a0\u00a0\u00a0\u00a0\u00a0\u00a0\u00a0\u00a0\u00a0\u00a0\u00a0\u00a0 Gottlieb Duttweiler Institut (GDI) \u2013 R\u00fcschlikon Z\u00fcrich Tagungsleitung:\u00a0 \u00a0David Gautschi, AEW Energie AG &nbsp; Das Zusammenspiel der Betriebsmittel in \u00dcbertragungs- und Verteilnetzen wird zunehmend komplexer. Datacenter als eine neue Klasse von Grossverbrauchern in Kombination mit der wachsenden Elektromobilit\u00e4t und einer Zunahme [&hellip;]<\/p>\n","protected":false},"author":198,"featured_media":0,"parent":2303,"menu_order":100,"comment_status":"open","ping_status":"closed","template":"","meta":{"_acf_changed":false,"footnotes":""},"class_list":["post-2290","page","type-page","status-publish","hentry"],"acf":[],"yoast_head":"<!-- This site is optimized with the Yoast SEO plugin v27.2 - https:\/\/yoast.com\/product\/yoast-seo-wordpress\/ -->\n<title>FKH Symposia 2026 - FKH<\/title>\n<meta name=\"robots\" content=\"index, follow, max-snippet:-1, max-image-preview:large, max-video-preview:-1\" \/>\n<link rel=\"canonical\" href=\"https:\/\/fkh.ch\/en\/veranstaltungen\/fkh-fachtagung\/\" \/>\n<meta property=\"og:locale\" content=\"en_US\" \/>\n<meta property=\"og:type\" content=\"article\" \/>\n<meta property=\"og:title\" content=\"FKH Symposia 2026 - FKH\" \/>\n<meta property=\"og:description\" content=\"Netzausbau und Netzbetrieb &#8211; aktuelle Fragestellungen Datum:\u00a0\u00a0\u00a0\u00a0\u00a0\u00a0\u00a0\u00a0\u00a0\u00a0\u00a0\u00a0\u00a0\u00a0\u00a0\u00a0\u00a0\u00a0 Dienstag, 24. November 2026, 09.00 Uhr Ort:\u00a0\u00a0\u00a0\u00a0\u00a0\u00a0\u00a0\u00a0\u00a0\u00a0\u00a0\u00a0\u00a0\u00a0\u00a0\u00a0\u00a0\u00a0\u00a0\u00a0\u00a0\u00a0\u00a0\u00a0 Gottlieb Duttweiler Institut (GDI) \u2013 R\u00fcschlikon Z\u00fcrich Tagungsleitung:\u00a0 \u00a0David Gautschi, AEW Energie AG &nbsp; Das Zusammenspiel der Betriebsmittel in \u00dcbertragungs- und Verteilnetzen wird zunehmend komplexer. Datacenter als eine neue Klasse von Grossverbrauchern in Kombination mit der wachsenden Elektromobilit\u00e4t und einer Zunahme [&hellip;]\" \/>\n<meta property=\"og:url\" content=\"https:\/\/fkh.ch\/en\/veranstaltungen\/fkh-fachtagung\/\" \/>\n<meta property=\"og:site_name\" content=\"FKH\" \/>\n<meta property=\"article:modified_time\" content=\"2026-03-18T11:47:52+00:00\" \/>\n<meta property=\"og:image\" content=\"https:\/\/fkh.ch\/wp-content\/uploads\/2026\/03\/Bild-oval.jpg\" \/>\n\t<meta property=\"og:image:width\" content=\"1182\" \/>\n\t<meta property=\"og:image:height\" content=\"748\" \/>\n\t<meta property=\"og:image:type\" content=\"image\/jpeg\" \/>\n<meta name=\"twitter:label1\" content=\"Est. reading time\" \/>\n\t<meta name=\"twitter:data1\" content=\"2 minutes\" \/>\n<script type=\"application\/ld+json\" class=\"yoast-schema-graph\">{\"@context\":\"https:\/\/schema.org\",\"@graph\":[{\"@type\":\"WebPage\",\"@id\":\"https:\/\/fkh.ch\/en\/veranstaltungen\/fkh-fachtagung\/\",\"url\":\"https:\/\/fkh.ch\/en\/veranstaltungen\/fkh-fachtagung\/\",\"name\":\"FKH Symposia 2026 - FKH\",\"isPartOf\":{\"@id\":\"https:\/\/fkh.ch\/en\/#website\"},\"primaryImageOfPage\":{\"@id\":\"https:\/\/fkh.ch\/en\/veranstaltungen\/fkh-fachtagung\/#primaryimage\"},\"image\":{\"@id\":\"https:\/\/fkh.ch\/en\/veranstaltungen\/fkh-fachtagung\/#primaryimage\"},\"thumbnailUrl\":\"https:\/\/fkh.ch\/wp-content\/uploads\/2026\/03\/Bild-oval-300x190.jpg\",\"datePublished\":\"2014-03-31T12:43:34+00:00\",\"dateModified\":\"2026-03-18T11:47:52+00:00\",\"breadcrumb\":{\"@id\":\"https:\/\/fkh.ch\/en\/veranstaltungen\/fkh-fachtagung\/#breadcrumb\"},\"inLanguage\":\"en-US\",\"potentialAction\":[{\"@type\":\"ReadAction\",\"target\":[\"https:\/\/fkh.ch\/en\/veranstaltungen\/fkh-fachtagung\/\"]}]},{\"@type\":\"ImageObject\",\"inLanguage\":\"en-US\",\"@id\":\"https:\/\/fkh.ch\/en\/veranstaltungen\/fkh-fachtagung\/#primaryimage\",\"url\":\"https:\/\/fkh.ch\/wp-content\/uploads\/2026\/03\/Bild-oval-300x190.jpg\",\"contentUrl\":\"https:\/\/fkh.ch\/wp-content\/uploads\/2026\/03\/Bild-oval-300x190.jpg\"},{\"@type\":\"BreadcrumbList\",\"@id\":\"https:\/\/fkh.ch\/en\/veranstaltungen\/fkh-fachtagung\/#breadcrumb\",\"itemListElement\":[{\"@type\":\"ListItem\",\"position\":1,\"name\":\"Startseite\",\"item\":\"https:\/\/fkh.ch\/en\/\"},{\"@type\":\"ListItem\",\"position\":2,\"name\":\"Symposia\",\"item\":\"https:\/\/fkh.ch\/en\/veranstaltungen\/\"},{\"@type\":\"ListItem\",\"position\":3,\"name\":\"FKH Symposia 2026\"}]},{\"@type\":\"WebSite\",\"@id\":\"https:\/\/fkh.ch\/en\/#website\",\"url\":\"https:\/\/fkh.ch\/en\/\",\"name\":\"FKH\",\"description\":\"High Voltage Testing and Engineering Commission\",\"potentialAction\":[{\"@type\":\"SearchAction\",\"target\":{\"@type\":\"EntryPoint\",\"urlTemplate\":\"https:\/\/fkh.ch\/en\/?s={search_term_string}\"},\"query-input\":{\"@type\":\"PropertyValueSpecification\",\"valueRequired\":true,\"valueName\":\"search_term_string\"}}],\"inLanguage\":\"en-US\"}]}<\/script>\n<!-- \/ Yoast SEO plugin. -->","yoast_head_json":{"title":"FKH Symposia 2026 - FKH","robots":{"index":"index","follow":"follow","max-snippet":"max-snippet:-1","max-image-preview":"max-image-preview:large","max-video-preview":"max-video-preview:-1"},"canonical":"https:\/\/fkh.ch\/en\/veranstaltungen\/fkh-fachtagung\/","og_locale":"en_US","og_type":"article","og_title":"FKH Symposia 2026 - FKH","og_description":"Netzausbau und Netzbetrieb &#8211; aktuelle Fragestellungen Datum:\u00a0\u00a0\u00a0\u00a0\u00a0\u00a0\u00a0\u00a0\u00a0\u00a0\u00a0\u00a0\u00a0\u00a0\u00a0\u00a0\u00a0\u00a0 Dienstag, 24. November 2026, 09.00 Uhr Ort:\u00a0\u00a0\u00a0\u00a0\u00a0\u00a0\u00a0\u00a0\u00a0\u00a0\u00a0\u00a0\u00a0\u00a0\u00a0\u00a0\u00a0\u00a0\u00a0\u00a0\u00a0\u00a0\u00a0\u00a0 Gottlieb Duttweiler Institut (GDI) \u2013 R\u00fcschlikon Z\u00fcrich Tagungsleitung:\u00a0 \u00a0David Gautschi, AEW Energie AG &nbsp; Das Zusammenspiel der Betriebsmittel in \u00dcbertragungs- und Verteilnetzen wird zunehmend komplexer. Datacenter als eine neue Klasse von Grossverbrauchern in Kombination mit der wachsenden Elektromobilit\u00e4t und einer Zunahme [&hellip;]","og_url":"https:\/\/fkh.ch\/en\/veranstaltungen\/fkh-fachtagung\/","og_site_name":"FKH","article_modified_time":"2026-03-18T11:47:52+00:00","og_image":[{"width":1182,"height":748,"url":"https:\/\/fkh.ch\/wp-content\/uploads\/2026\/03\/Bild-oval.jpg","type":"image\/jpeg"}],"twitter_misc":{"Est. reading time":"2 minutes"},"schema":{"@context":"https:\/\/schema.org","@graph":[{"@type":"WebPage","@id":"https:\/\/fkh.ch\/en\/veranstaltungen\/fkh-fachtagung\/","url":"https:\/\/fkh.ch\/en\/veranstaltungen\/fkh-fachtagung\/","name":"FKH Symposia 2026 - FKH","isPartOf":{"@id":"https:\/\/fkh.ch\/en\/#website"},"primaryImageOfPage":{"@id":"https:\/\/fkh.ch\/en\/veranstaltungen\/fkh-fachtagung\/#primaryimage"},"image":{"@id":"https:\/\/fkh.ch\/en\/veranstaltungen\/fkh-fachtagung\/#primaryimage"},"thumbnailUrl":"https:\/\/fkh.ch\/wp-content\/uploads\/2026\/03\/Bild-oval-300x190.jpg","datePublished":"2014-03-31T12:43:34+00:00","dateModified":"2026-03-18T11:47:52+00:00","breadcrumb":{"@id":"https:\/\/fkh.ch\/en\/veranstaltungen\/fkh-fachtagung\/#breadcrumb"},"inLanguage":"en-US","potentialAction":[{"@type":"ReadAction","target":["https:\/\/fkh.ch\/en\/veranstaltungen\/fkh-fachtagung\/"]}]},{"@type":"ImageObject","inLanguage":"en-US","@id":"https:\/\/fkh.ch\/en\/veranstaltungen\/fkh-fachtagung\/#primaryimage","url":"https:\/\/fkh.ch\/wp-content\/uploads\/2026\/03\/Bild-oval-300x190.jpg","contentUrl":"https:\/\/fkh.ch\/wp-content\/uploads\/2026\/03\/Bild-oval-300x190.jpg"},{"@type":"BreadcrumbList","@id":"https:\/\/fkh.ch\/en\/veranstaltungen\/fkh-fachtagung\/#breadcrumb","itemListElement":[{"@type":"ListItem","position":1,"name":"Startseite","item":"https:\/\/fkh.ch\/en\/"},{"@type":"ListItem","position":2,"name":"Symposia","item":"https:\/\/fkh.ch\/en\/veranstaltungen\/"},{"@type":"ListItem","position":3,"name":"FKH Symposia 2026"}]},{"@type":"WebSite","@id":"https:\/\/fkh.ch\/en\/#website","url":"https:\/\/fkh.ch\/en\/","name":"FKH","description":"High Voltage Testing and Engineering Commission","potentialAction":[{"@type":"SearchAction","target":{"@type":"EntryPoint","urlTemplate":"https:\/\/fkh.ch\/en\/?s={search_term_string}"},"query-input":{"@type":"PropertyValueSpecification","valueRequired":true,"valueName":"search_term_string"}}],"inLanguage":"en-US"}]}},"_links":{"self":[{"href":"https:\/\/fkh.ch\/en\/wp-json\/wp\/v2\/pages\/2290","targetHints":{"allow":["GET"]}}],"collection":[{"href":"https:\/\/fkh.ch\/en\/wp-json\/wp\/v2\/pages"}],"about":[{"href":"https:\/\/fkh.ch\/en\/wp-json\/wp\/v2\/types\/page"}],"author":[{"embeddable":true,"href":"https:\/\/fkh.ch\/en\/wp-json\/wp\/v2\/users\/198"}],"replies":[{"embeddable":true,"href":"https:\/\/fkh.ch\/en\/wp-json\/wp\/v2\/comments?post=2290"}],"version-history":[{"count":65,"href":"https:\/\/fkh.ch\/en\/wp-json\/wp\/v2\/pages\/2290\/revisions"}],"predecessor-version":[{"id":7767,"href":"https:\/\/fkh.ch\/en\/wp-json\/wp\/v2\/pages\/2290\/revisions\/7767"}],"up":[{"embeddable":true,"href":"https:\/\/fkh.ch\/en\/wp-json\/wp\/v2\/pages\/2303"}],"wp:attachment":[{"href":"https:\/\/fkh.ch\/en\/wp-json\/wp\/v2\/media?parent=2290"}],"curies":[{"name":"wp","href":"https:\/\/api.w.org\/{rel}","templated":true}]}}