{"id":2293,"date":"2014-03-11T14:04:50","date_gmt":"2014-03-11T12:04:50","guid":{"rendered":"http:\/\/fkh.ch\/en\/kontakt\/standorte\/"},"modified":"2024-01-30T10:11:48","modified_gmt":"2024-01-30T09:11:48","slug":"standorte","status":"publish","type":"page","link":"https:\/\/fkh.ch\/en\/kontakt\/standorte\/","title":{"rendered":"Locations"},"content":{"rendered":"<p align=\"JUSTIFY\"><span style=\"font-size: 115%;\"><strong>FKH operates at two locations:<\/strong><\/span><\/p>\n<h3>Zurich<\/h3>\n<p>FKH Haed Office<br \/>\nHagenholzstrasse 81<br \/>\n8050 Z\u00fcrich<br \/>\nPhone: +41 44 253 62 62<br \/>\nFax: +41 44 253 62 60<br \/>\nMail: info@fkh.ch<\/p>\n<h4><small><a style=\"color: #0000ff; text-align: left;\" href=\"https:\/\/goo.gl\/maps\/VSoqwu2oKsC2\">Map view<\/a><\/small><\/h4>\n<h3>D\u00e4niken<\/h3>\n<p>FKH Insulating Oil Laboratory<br \/>\nAndresenschachen 10<br \/>\n5013 Niederg\u00f6sgen<br \/>\nPhone: +41 62 288 77 99<br \/>\nFax: +41 62 288 77 90<\/p>\n<p>FKH Experimental station<br \/>\nAndresenschachen 10<br \/>\n5013 Niederg\u00f6sgen<br \/>\nPhone: +41 62 288 77 95<br \/>\nFax: +41 62 288 77 94<\/p>\n<h4><small><a style=\"color: #0000ff; text-align: left;\" href=\"https:\/\/goo.gl\/maps\/9MKgUvYPZkw\">Map view<\/a><\/small><\/h4>\n","protected":false},"excerpt":{"rendered":"<p>FKH operates at two locations: Zurich FKH Haed Office Hagenholzstrasse 81 8050 Z\u00fcrich Phone: +41 44 253 62 62 Fax: +41 44 253 62 60 Mail: info@fkh.ch Map view D\u00e4niken FKH Insulating Oil Laboratory Andresenschachen 10 5013 Niederg\u00f6sgen Phone: +41 62 288 77 99 Fax: +41 62 288 77 90 FKH Experimental station Andresenschachen 10 [&hellip;]<\/p>\n","protected":false},"author":198,"featured_media":0,"parent":2291,"menu_order":100,"comment_status":"closed","ping_status":"closed","template":"","meta":{"_acf_changed":false,"footnotes":""},"class_list":["post-2293","page","type-page","status-publish","hentry"],"acf":[],"yoast_head":"<!-- This site is optimized with the Yoast SEO plugin v27.2 - https:\/\/yoast.com\/product\/yoast-seo-wordpress\/ -->\n<title>Locations - FKH<\/title>\n<meta name=\"robots\" content=\"index, follow, max-snippet:-1, max-image-preview:large, max-video-preview:-1\" \/>\n<link rel=\"canonical\" href=\"https:\/\/fkh.ch\/en\/kontakt\/standorte\/\" \/>\n<meta property=\"og:locale\" content=\"en_US\" \/>\n<meta property=\"og:type\" content=\"article\" \/>\n<meta property=\"og:title\" content=\"Locations - FKH\" \/>\n<meta property=\"og:description\" content=\"FKH operates at two locations: Zurich FKH Haed Office Hagenholzstrasse 81 8050 Z\u00fcrich Phone: +41 44 253 62 62 Fax: +41 44 253 62 60 Mail: info@fkh.ch Map view D\u00e4niken FKH Insulating Oil Laboratory Andresenschachen 10 5013 Niederg\u00f6sgen Phone: +41 62 288 77 99 Fax: +41 62 288 77 90 FKH Experimental station Andresenschachen 10 [&hellip;]\" \/>\n<meta property=\"og:url\" content=\"https:\/\/fkh.ch\/en\/kontakt\/standorte\/\" \/>\n<meta property=\"og:site_name\" content=\"FKH\" \/>\n<meta property=\"article:modified_time\" content=\"2024-01-30T09:11:48+00:00\" \/>\n<meta name=\"twitter:label1\" content=\"Est. reading time\" \/>\n\t<meta name=\"twitter:data1\" content=\"1 minute\" \/>\n<script type=\"application\/ld+json\" class=\"yoast-schema-graph\">{\"@context\":\"https:\/\/schema.org\",\"@graph\":[{\"@type\":\"WebPage\",\"@id\":\"https:\/\/fkh.ch\/en\/kontakt\/standorte\/\",\"url\":\"https:\/\/fkh.ch\/en\/kontakt\/standorte\/\",\"name\":\"Locations - FKH\",\"isPartOf\":{\"@id\":\"https:\/\/fkh.ch\/en\/#website\"},\"datePublished\":\"2014-03-11T12:04:50+00:00\",\"dateModified\":\"2024-01-30T09:11:48+00:00\",\"breadcrumb\":{\"@id\":\"https:\/\/fkh.ch\/en\/kontakt\/standorte\/#breadcrumb\"},\"inLanguage\":\"en-US\",\"potentialAction\":[{\"@type\":\"ReadAction\",\"target\":[\"https:\/\/fkh.ch\/en\/kontakt\/standorte\/\"]}]},{\"@type\":\"BreadcrumbList\",\"@id\":\"https:\/\/fkh.ch\/en\/kontakt\/standorte\/#breadcrumb\",\"itemListElement\":[{\"@type\":\"ListItem\",\"position\":1,\"name\":\"Startseite\",\"item\":\"https:\/\/fkh.ch\/en\/\"},{\"@type\":\"ListItem\",\"position\":2,\"name\":\"Contact\",\"item\":\"https:\/\/fkh.ch\/en\/kontakt\/\"},{\"@type\":\"ListItem\",\"position\":3,\"name\":\"Locations\"}]},{\"@type\":\"WebSite\",\"@id\":\"https:\/\/fkh.ch\/en\/#website\",\"url\":\"https:\/\/fkh.ch\/en\/\",\"name\":\"FKH\",\"description\":\"High Voltage Testing and Engineering Commission\",\"potentialAction\":[{\"@type\":\"SearchAction\",\"target\":{\"@type\":\"EntryPoint\",\"urlTemplate\":\"https:\/\/fkh.ch\/en\/?s={search_term_string}\"},\"query-input\":{\"@type\":\"PropertyValueSpecification\",\"valueRequired\":true,\"valueName\":\"search_term_string\"}}],\"inLanguage\":\"en-US\"}]}<\/script>\n<!-- \/ Yoast SEO plugin. -->","yoast_head_json":{"title":"Locations - FKH","robots":{"index":"index","follow":"follow","max-snippet":"max-snippet:-1","max-image-preview":"max-image-preview:large","max-video-preview":"max-video-preview:-1"},"canonical":"https:\/\/fkh.ch\/en\/kontakt\/standorte\/","og_locale":"en_US","og_type":"article","og_title":"Locations - FKH","og_description":"FKH operates at two locations: Zurich FKH Haed Office Hagenholzstrasse 81 8050 Z\u00fcrich Phone: +41 44 253 62 62 Fax: +41 44 253 62 60 Mail: info@fkh.ch Map view D\u00e4niken FKH Insulating Oil Laboratory Andresenschachen 10 5013 Niederg\u00f6sgen Phone: +41 62 288 77 99 Fax: +41 62 288 77 90 FKH Experimental station Andresenschachen 10 [&hellip;]","og_url":"https:\/\/fkh.ch\/en\/kontakt\/standorte\/","og_site_name":"FKH","article_modified_time":"2024-01-30T09:11:48+00:00","twitter_misc":{"Est. reading time":"1 minute"},"schema":{"@context":"https:\/\/schema.org","@graph":[{"@type":"WebPage","@id":"https:\/\/fkh.ch\/en\/kontakt\/standorte\/","url":"https:\/\/fkh.ch\/en\/kontakt\/standorte\/","name":"Locations - FKH","isPartOf":{"@id":"https:\/\/fkh.ch\/en\/#website"},"datePublished":"2014-03-11T12:04:50+00:00","dateModified":"2024-01-30T09:11:48+00:00","breadcrumb":{"@id":"https:\/\/fkh.ch\/en\/kontakt\/standorte\/#breadcrumb"},"inLanguage":"en-US","potentialAction":[{"@type":"ReadAction","target":["https:\/\/fkh.ch\/en\/kontakt\/standorte\/"]}]},{"@type":"BreadcrumbList","@id":"https:\/\/fkh.ch\/en\/kontakt\/standorte\/#breadcrumb","itemListElement":[{"@type":"ListItem","position":1,"name":"Startseite","item":"https:\/\/fkh.ch\/en\/"},{"@type":"ListItem","position":2,"name":"Contact","item":"https:\/\/fkh.ch\/en\/kontakt\/"},{"@type":"ListItem","position":3,"name":"Locations"}]},{"@type":"WebSite","@id":"https:\/\/fkh.ch\/en\/#website","url":"https:\/\/fkh.ch\/en\/","name":"FKH","description":"High Voltage Testing and Engineering Commission","potentialAction":[{"@type":"SearchAction","target":{"@type":"EntryPoint","urlTemplate":"https:\/\/fkh.ch\/en\/?s={search_term_string}"},"query-input":{"@type":"PropertyValueSpecification","valueRequired":true,"valueName":"search_term_string"}}],"inLanguage":"en-US"}]}},"_links":{"self":[{"href":"https:\/\/fkh.ch\/en\/wp-json\/wp\/v2\/pages\/2293","targetHints":{"allow":["GET"]}}],"collection":[{"href":"https:\/\/fkh.ch\/en\/wp-json\/wp\/v2\/pages"}],"about":[{"href":"https:\/\/fkh.ch\/en\/wp-json\/wp\/v2\/types\/page"}],"author":[{"embeddable":true,"href":"https:\/\/fkh.ch\/en\/wp-json\/wp\/v2\/users\/198"}],"replies":[{"embeddable":true,"href":"https:\/\/fkh.ch\/en\/wp-json\/wp\/v2\/comments?post=2293"}],"version-history":[{"count":6,"href":"https:\/\/fkh.ch\/en\/wp-json\/wp\/v2\/pages\/2293\/revisions"}],"predecessor-version":[{"id":7034,"href":"https:\/\/fkh.ch\/en\/wp-json\/wp\/v2\/pages\/2293\/revisions\/7034"}],"up":[{"embeddable":true,"href":"https:\/\/fkh.ch\/en\/wp-json\/wp\/v2\/pages\/2291"}],"wp:attachment":[{"href":"https:\/\/fkh.ch\/en\/wp-json\/wp\/v2\/media?parent=2293"}],"curies":[{"name":"wp","href":"https:\/\/api.w.org\/{rel}","templated":true}]}}