{"id":2300,"date":"2014-03-31T14:43:52","date_gmt":"2014-03-31T12:43:52","guid":{"rendered":"http:\/\/fkh.ch\/en\/forschungsprojekt\/"},"modified":"2019-02-13T14:49:41","modified_gmt":"2019-02-13T13:49:41","slug":"forschungsprojekt","status":"publish","type":"page","link":"https:\/\/fkh.ch\/en\/forschungsprojekt\/","title":{"rendered":"Streustr\u00f6me in der Landwirtschaft"},"content":{"rendered":"<p>Die Frage der m\u00f6glichen Beeintr\u00e4chtigung von Nutztieren sorgt bei den Landwirten, den Fachleuten f\u00fcr Tiergesundheit aber auch bei den EVU&#8217;s f\u00fcr Verunsicherung. Die FKH wurde in der Vergangenheit immer wieder f\u00fcr Abkl\u00e4rungen herbeigezogen. Die Technische Kommission Erdungen des CES und das ESTI haben kl\u00e4rende Publikationen in allen drei Landessprachen erarbeitet, die im Bulletin Electrosuisse\/VSE erschienen sind. Auch die FKH hat sich bei der Ausarbeitung beteiligt<\/p>\n<p>Die Publikationen erl\u00e4utern, weshalb in den allermeisten F\u00e4llen die Annahme unerw\u00fcnschter Auswirkungen auf Mensch und Tier unbegr\u00fcndet ist. Ausserdem wird erkl\u00e4rt, weshalb von Mensch und Tier nicht die Streustr\u00f6me, sondern die Differenzspannungen als st\u00f6rend wahrgenommen werden k\u00f6nnen und dass leicht \u00fcberpr\u00fcft werden kann, ob die Ber\u00fchrungsspannungen die Grenze einer m\u00f6glichen Wahrnehmung von 1 V erreichen. Des Weiteren informieren das ESTI und das TK Erdungen \u00fcber die Massnahmen zur Vermeidung solcher Ber\u00fchrungsspannungen.<\/p>\n<p>Die Publikationen k\u00f6nnen untenstehend heruntergeladen werden.<\/p>\n<p>&nbsp;<\/p>\n<p><a href=\"https:\/\/fkh.ch\/wp-content\/uploads\/2019\/02\/ESTI_Streustrom_Tierhaltung.pdf\">ESTI_Streustrom_Tierhaltung<\/a><\/p>\n<p><a href=\"https:\/\/fkh.ch\/wp-content\/uploads\/2019\/02\/ESTI_Correnti_vaganti.pdf\">ESTI_Correnti_vaganti<\/a><\/p>\n<p><a href=\"https:\/\/fkh.ch\/wp-content\/uploads\/2019\/02\/ESTI_Courants_vagabonds.pdf\">ESTI_Courants_vagabonds<\/a><\/p>\n<p><a href=\"https:\/\/fkh.ch\/wp-content\/uploads\/2019\/02\/TK-Erd_Streustrom-Kurzfassung.pdf\">TK Erd_Streustrom Kurzfassung<\/a><\/p>\n<p><a href=\"https:\/\/fkh.ch\/wp-content\/uploads\/2019\/02\/TK-Erd_Streustrom.pdf\">TK Erd_Streustrom<\/a><\/p>\n<p><a href=\"https:\/\/fkh.ch\/wp-content\/uploads\/2019\/02\/TK-Erd_Correnti_vaganti.pdf\">TK Erd_Correnti_vaganti<\/a><\/p>\n<p><a href=\"https:\/\/fkh.ch\/wp-content\/uploads\/2019\/02\/TK-Erd_Correnti_vaganti_versione_corta.pdf\">TK Erd_Correnti_vaganti_versione_corta<\/a><\/p>\n<p><a href=\"https:\/\/fkh.ch\/wp-content\/uploads\/2019\/02\/B_1902_CT_Mises_\u00e0_la_terre_Version_Longue_F.pdf\">TK Erd_<\/a><a href=\"https:\/\/fkh.ch\/wp-content\/uploads\/2019\/02\/TK-Erd_Courants-vagabonds.pdf\">Courants_vagabonds<\/a><\/p>\n<p><a href=\"https:\/\/fkh.ch\/wp-content\/uploads\/2019\/02\/TK-Erd_CT_Courants_vagabonds_resume.pdf\">TK Erd_Courants_vagabonds<\/a><a href=\"https:\/\/fkh.ch\/wp-content\/uploads\/2019\/02\/B_1902_CT_Mises_\u00e0_la_terre_r\u00e9sum\u00e9.pdf\">_resume<\/a><\/p>\n","protected":false},"excerpt":{"rendered":"<p>Die Frage der m\u00f6glichen Beeintr\u00e4chtigung von Nutztieren sorgt bei den Landwirten, den Fachleuten f\u00fcr Tiergesundheit aber auch bei den EVU&#8217;s f\u00fcr Verunsicherung. Die FKH wurde in der Vergangenheit immer wieder f\u00fcr Abkl\u00e4rungen herbeigezogen. Die Technische Kommission Erdungen des CES und das ESTI haben kl\u00e4rende Publikationen in allen drei Landessprachen erarbeitet, die im Bulletin Electrosuisse\/VSE erschienen [&hellip;]<\/p>\n","protected":false},"author":198,"featured_media":0,"parent":0,"menu_order":100,"comment_status":"open","ping_status":"open","template":"","meta":{"_acf_changed":false,"footnotes":""},"class_list":["post-2300","page","type-page","status-publish","hentry"],"acf":[],"yoast_head":"<!-- This site is optimized with the Yoast SEO plugin v27.2 - https:\/\/yoast.com\/product\/yoast-seo-wordpress\/ -->\n<title>Streustr\u00f6me in der Landwirtschaft - FKH<\/title>\n<meta name=\"robots\" content=\"index, follow, max-snippet:-1, max-image-preview:large, max-video-preview:-1\" \/>\n<link rel=\"canonical\" href=\"https:\/\/fkh.ch\/en\/forschungsprojekt\/\" \/>\n<meta property=\"og:locale\" content=\"en_US\" \/>\n<meta property=\"og:type\" content=\"article\" \/>\n<meta property=\"og:title\" content=\"Streustr\u00f6me in der Landwirtschaft - FKH\" \/>\n<meta property=\"og:description\" content=\"Die Frage der m\u00f6glichen Beeintr\u00e4chtigung von Nutztieren sorgt bei den Landwirten, den Fachleuten f\u00fcr Tiergesundheit aber auch bei den EVU&#8217;s f\u00fcr Verunsicherung. Die FKH wurde in der Vergangenheit immer wieder f\u00fcr Abkl\u00e4rungen herbeigezogen. Die Technische Kommission Erdungen des CES und das ESTI haben kl\u00e4rende Publikationen in allen drei Landessprachen erarbeitet, die im Bulletin Electrosuisse\/VSE erschienen [&hellip;]\" \/>\n<meta property=\"og:url\" content=\"https:\/\/fkh.ch\/en\/forschungsprojekt\/\" \/>\n<meta property=\"og:site_name\" content=\"FKH\" \/>\n<meta property=\"article:modified_time\" content=\"2019-02-13T13:49:41+00:00\" \/>\n<meta name=\"twitter:label1\" content=\"Est. reading time\" \/>\n\t<meta name=\"twitter:data1\" content=\"1 minute\" \/>\n<script type=\"application\/ld+json\" class=\"yoast-schema-graph\">{\"@context\":\"https:\/\/schema.org\",\"@graph\":[{\"@type\":\"WebPage\",\"@id\":\"https:\/\/fkh.ch\/en\/forschungsprojekt\/\",\"url\":\"https:\/\/fkh.ch\/en\/forschungsprojekt\/\",\"name\":\"Streustr\u00f6me in der Landwirtschaft - FKH\",\"isPartOf\":{\"@id\":\"https:\/\/fkh.ch\/en\/#website\"},\"datePublished\":\"2014-03-31T12:43:52+00:00\",\"dateModified\":\"2019-02-13T13:49:41+00:00\",\"breadcrumb\":{\"@id\":\"https:\/\/fkh.ch\/en\/forschungsprojekt\/#breadcrumb\"},\"inLanguage\":\"en-US\",\"potentialAction\":[{\"@type\":\"ReadAction\",\"target\":[\"https:\/\/fkh.ch\/en\/forschungsprojekt\/\"]}]},{\"@type\":\"BreadcrumbList\",\"@id\":\"https:\/\/fkh.ch\/en\/forschungsprojekt\/#breadcrumb\",\"itemListElement\":[{\"@type\":\"ListItem\",\"position\":1,\"name\":\"Startseite\",\"item\":\"https:\/\/fkh.ch\/en\/\"},{\"@type\":\"ListItem\",\"position\":2,\"name\":\"Streustr\u00f6me in der Landwirtschaft\"}]},{\"@type\":\"WebSite\",\"@id\":\"https:\/\/fkh.ch\/en\/#website\",\"url\":\"https:\/\/fkh.ch\/en\/\",\"name\":\"FKH\",\"description\":\"High Voltage Testing and Engineering Commission\",\"potentialAction\":[{\"@type\":\"SearchAction\",\"target\":{\"@type\":\"EntryPoint\",\"urlTemplate\":\"https:\/\/fkh.ch\/en\/?s={search_term_string}\"},\"query-input\":{\"@type\":\"PropertyValueSpecification\",\"valueRequired\":true,\"valueName\":\"search_term_string\"}}],\"inLanguage\":\"en-US\"}]}<\/script>\n<!-- \/ Yoast SEO plugin. -->","yoast_head_json":{"title":"Streustr\u00f6me in der Landwirtschaft - FKH","robots":{"index":"index","follow":"follow","max-snippet":"max-snippet:-1","max-image-preview":"max-image-preview:large","max-video-preview":"max-video-preview:-1"},"canonical":"https:\/\/fkh.ch\/en\/forschungsprojekt\/","og_locale":"en_US","og_type":"article","og_title":"Streustr\u00f6me in der Landwirtschaft - FKH","og_description":"Die Frage der m\u00f6glichen Beeintr\u00e4chtigung von Nutztieren sorgt bei den Landwirten, den Fachleuten f\u00fcr Tiergesundheit aber auch bei den EVU&#8217;s f\u00fcr Verunsicherung. Die FKH wurde in der Vergangenheit immer wieder f\u00fcr Abkl\u00e4rungen herbeigezogen. Die Technische Kommission Erdungen des CES und das ESTI haben kl\u00e4rende Publikationen in allen drei Landessprachen erarbeitet, die im Bulletin Electrosuisse\/VSE erschienen [&hellip;]","og_url":"https:\/\/fkh.ch\/en\/forschungsprojekt\/","og_site_name":"FKH","article_modified_time":"2019-02-13T13:49:41+00:00","twitter_misc":{"Est. reading time":"1 minute"},"schema":{"@context":"https:\/\/schema.org","@graph":[{"@type":"WebPage","@id":"https:\/\/fkh.ch\/en\/forschungsprojekt\/","url":"https:\/\/fkh.ch\/en\/forschungsprojekt\/","name":"Streustr\u00f6me in der Landwirtschaft - FKH","isPartOf":{"@id":"https:\/\/fkh.ch\/en\/#website"},"datePublished":"2014-03-31T12:43:52+00:00","dateModified":"2019-02-13T13:49:41+00:00","breadcrumb":{"@id":"https:\/\/fkh.ch\/en\/forschungsprojekt\/#breadcrumb"},"inLanguage":"en-US","potentialAction":[{"@type":"ReadAction","target":["https:\/\/fkh.ch\/en\/forschungsprojekt\/"]}]},{"@type":"BreadcrumbList","@id":"https:\/\/fkh.ch\/en\/forschungsprojekt\/#breadcrumb","itemListElement":[{"@type":"ListItem","position":1,"name":"Startseite","item":"https:\/\/fkh.ch\/en\/"},{"@type":"ListItem","position":2,"name":"Streustr\u00f6me in der Landwirtschaft"}]},{"@type":"WebSite","@id":"https:\/\/fkh.ch\/en\/#website","url":"https:\/\/fkh.ch\/en\/","name":"FKH","description":"High Voltage Testing and Engineering Commission","potentialAction":[{"@type":"SearchAction","target":{"@type":"EntryPoint","urlTemplate":"https:\/\/fkh.ch\/en\/?s={search_term_string}"},"query-input":{"@type":"PropertyValueSpecification","valueRequired":true,"valueName":"search_term_string"}}],"inLanguage":"en-US"}]}},"_links":{"self":[{"href":"https:\/\/fkh.ch\/en\/wp-json\/wp\/v2\/pages\/2300","targetHints":{"allow":["GET"]}}],"collection":[{"href":"https:\/\/fkh.ch\/en\/wp-json\/wp\/v2\/pages"}],"about":[{"href":"https:\/\/fkh.ch\/en\/wp-json\/wp\/v2\/types\/page"}],"author":[{"embeddable":true,"href":"https:\/\/fkh.ch\/en\/wp-json\/wp\/v2\/users\/198"}],"replies":[{"embeddable":true,"href":"https:\/\/fkh.ch\/en\/wp-json\/wp\/v2\/comments?post=2300"}],"version-history":[{"count":4,"href":"https:\/\/fkh.ch\/en\/wp-json\/wp\/v2\/pages\/2300\/revisions"}],"predecessor-version":[{"id":4483,"href":"https:\/\/fkh.ch\/en\/wp-json\/wp\/v2\/pages\/2300\/revisions\/4483"}],"wp:attachment":[{"href":"https:\/\/fkh.ch\/en\/wp-json\/wp\/v2\/media?parent=2300"}],"curies":[{"name":"wp","href":"https:\/\/api.w.org\/{rel}","templated":true}]}}