{"id":2745,"date":"2014-03-11T13:47:58","date_gmt":"2014-03-11T11:47:58","guid":{"rendered":"https:\/\/test.fkh.ch\/?page_id=2745"},"modified":"2026-03-18T12:57:17","modified_gmt":"2026-03-18T11:57:17","slug":"home","status":"publish","type":"page","link":"https:\/\/fkh.ch\/fr\/","title":{"rendered":"Exemples de services de la FKH"},"content":{"rendered":"\t\t<ul class=\"gallery clearfix\">\n\t\t\t\t\t\t\t<li class=\"gallery-item gallery-ico no-margin\">\n\t\t\t\t\t<a rel=\"gallery-1\" href=\"https:\/\/fkh.ch\/wp-content\/uploads\/2014\/03\/RIMG0037-e1403079554211.jpg\" title=\"Essai de liaisons c\u00e2bl\u00e9es\">\n\t\t\t\t\t\t<img loading=\"lazy\" decoding=\"async\" width=\"230\" height=\"150\" src=\"https:\/\/fkh.ch\/wp-content\/uploads\/2014\/03\/RIMG0037-e1403079554211-230x150.jpg\" class=\"attachment-gallery size-gallery\" alt=\"\" \/>\t\t\t\t\t\t<span class=\"gallery-caption\">\n\t\t\t\t\t\t\t\tEssai de liaisons c\u00e2bl\u00e9es\t\t\t\t\t\t\t<\/span>\n\t\t\t\t\t<\/a>\n\t\t\t\t<\/li>\n\t\t\t\t\t\t\t\t<li class=\"gallery-item gallery-ico \">\n\t\t\t\t\t<a rel=\"gallery-1\" href=\"https:\/\/fkh.ch\/wp-content\/uploads\/2014\/03\/Transformatorpruefungen-e1403079736569.jpg\" title=\"Diagnostic des transformateurs  de puissance\">\n\t\t\t\t\t\t<img loading=\"lazy\" decoding=\"async\" width=\"230\" height=\"150\" src=\"https:\/\/fkh.ch\/wp-content\/uploads\/2014\/03\/Transformatorpruefungen-e1403079736569-230x150.jpg\" class=\"attachment-gallery size-gallery\" alt=\"\" \/>\t\t\t\t\t\t<span class=\"gallery-caption\">\n\t\t\t\t\t\t\t\tDiagnostic des transformateurs  de puissance\t\t\t\t\t\t\t<\/span>\n\t\t\t\t\t<\/a>\n\t\t\t\t<\/li>\n\t\t\t\t\t\t\t\t<li class=\"gallery-item gallery-ico \">\n\t\t\t\t\t<a rel=\"gallery-1\" href=\"https:\/\/fkh.ch\/wp-content\/uploads\/2014\/03\/Erdungsanh\u00e4nger-Benken-e1403079803528.jpg\" title=\"Mesures de mise \u00e0 la terre  \">\n\t\t\t\t\t\t<img loading=\"lazy\" decoding=\"async\" width=\"230\" height=\"150\" src=\"https:\/\/fkh.ch\/wp-content\/uploads\/2014\/03\/Erdungsanh\u00e4nger-Benken-e1403079803528-230x150.jpg\" class=\"attachment-gallery size-gallery\" alt=\"\" \/>\t\t\t\t\t\t<span class=\"gallery-caption\">\n\t\t\t\t\t\t\t\tMesures de mise \u00e0 la terre  \t\t\t\t\t\t\t<\/span>\n\t\t\t\t\t<\/a>\n\t\t\t\t<\/li>\n\t\t\t\t\t\t\t\t<li class=\"gallery-item gallery-ico \">\n\t\t\t\t\t<a rel=\"gallery-1\" href=\"https:\/\/fkh.ch\/wp-content\/uploads\/2014\/03\/a1-e1403079828845.jpg\" title=\"Essai de postes \u00e9lectriques sous  enveloppe m\u00e9tallique\">\n\t\t\t\t\t\t<img loading=\"lazy\" decoding=\"async\" width=\"230\" height=\"150\" src=\"https:\/\/fkh.ch\/wp-content\/uploads\/2014\/03\/a1-e1403079828845-230x150.jpg\" class=\"attachment-gallery size-gallery\" alt=\"\" \/>\t\t\t\t\t\t<span class=\"gallery-caption\">\n\t\t\t\t\t\t\t\tEssai de postes \u00e9lectriques sous  enveloppe m\u00e9tallique\t\t\t\t\t\t\t<\/span>\n\t\t\t\t\t<\/a>\n\t\t\t\t<\/li>\n\t\t\t\t\t\t\t\t<li class=\"gallery-item gallery-ico no-margin\">\n\t\t\t\t\t<a rel=\"gallery-1\" href=\"https:\/\/fkh.ch\/wp-content\/uploads\/2018\/10\/Isolier\u00f6l_GC.jpg\" title=\"Analyses des huiles d\u2019isolation\">\n\t\t\t\t\t\t<img loading=\"lazy\" decoding=\"async\" width=\"230\" height=\"150\" src=\"https:\/\/fkh.ch\/wp-content\/uploads\/2018\/10\/Isolier\u00f6l_GC-230x150.jpg\" class=\"attachment-gallery size-gallery\" alt=\"\" \/>\t\t\t\t\t\t<span class=\"gallery-caption\">\n\t\t\t\t\t\t\t\tAnalyses des huiles d\u2019isolation\t\t\t\t\t\t\t<\/span>\n\t\t\t\t\t<\/a>\n\t\t\t\t<\/li>\n\t\t\t\t\t\t\t\t<li class=\"gallery-item gallery-ico \">\n\t\t\t\t\t<a rel=\"gallery-1\" href=\"https:\/\/fkh.ch\/wp-content\/uploads\/2014\/03\/P1070216.jpg\" title=\"Test de tension pas-\u00e0-pas\">\n\t\t\t\t\t\t<img loading=\"lazy\" decoding=\"async\" width=\"230\" height=\"150\" src=\"https:\/\/fkh.ch\/wp-content\/uploads\/2014\/03\/P1070216-230x150.jpg\" class=\"attachment-gallery size-gallery\" alt=\"\" \/>\t\t\t\t\t\t<span class=\"gallery-caption\">\n\t\t\t\t\t\t\t\tTest de tension pas-\u00e0-pas\t\t\t\t\t\t\t<\/span>\n\t\t\t\t\t<\/a>\n\t\t\t\t<\/li>\n\t\t\t\t\t\t\t\t<li class=\"gallery-item gallery-ico \">\n\t\t\t\t\t<a rel=\"gallery-1\" href=\"https:\/\/fkh.ch\/wp-content\/uploads\/2014\/03\/AUT_6110.jpg\" title=\"Calculs et mesures CEM\">\n\t\t\t\t\t\t<img loading=\"lazy\" decoding=\"async\" width=\"230\" height=\"150\" src=\"https:\/\/fkh.ch\/wp-content\/uploads\/2014\/03\/AUT_6110-230x150.jpg\" class=\"attachment-gallery size-gallery\" alt=\"\" \/>\t\t\t\t\t\t<span class=\"gallery-caption\">\n\t\t\t\t\t\t\t\tCalculs et mesures CEM\t\t\t\t\t\t\t<\/span>\n\t\t\t\t\t<\/a>\n\t\t\t\t<\/li>\n\t\t\t\t\t\t\t\t<li class=\"gallery-item gallery-ico \">\n\t\t\t\t\t<a rel=\"gallery-1\" href=\"https:\/\/fkh.ch\/wp-content\/uploads\/2014\/03\/leitungen.png\" title=\"Calcul pour l\u2019ing\u00e9nierie \u00e9nerg\u00e9tique\">\n\t\t\t\t\t\t<img loading=\"lazy\" decoding=\"async\" width=\"230\" height=\"150\" src=\"https:\/\/fkh.ch\/wp-content\/uploads\/2014\/03\/leitungen-230x150.png\" class=\"attachment-gallery size-gallery\" alt=\"\" \/>\t\t\t\t\t\t<span class=\"gallery-caption\">\n\t\t\t\t\t\t\t\tCalcul pour l\u2019ing\u00e9nierie \u00e9nerg\u00e9tique\t\t\t\t\t\t\t<\/span>\n\t\t\t\t\t<\/a>\n\t\t\t\t<\/li>\n\t\t\t\t\t\t<\/ul>\n\t\t\n","protected":false},"excerpt":{"rendered":"","protected":false},"author":198,"featured_media":0,"parent":0,"menu_order":0,"comment_status":"closed","ping_status":"closed","template":"","meta":{"_acf_changed":false,"footnotes":""},"class_list":["post-2745","page","type-page","status-publish","hentry"],"acf":[],"yoast_head":"<!-- This site is optimized with the Yoast SEO plugin v27.2 - https:\/\/yoast.com\/product\/yoast-seo-wordpress\/ -->\n<title>Exemples de services de la FKH - FKH<\/title>\n<meta name=\"robots\" content=\"index, follow, max-snippet:-1, max-image-preview:large, max-video-preview:-1\" \/>\n<link rel=\"canonical\" href=\"https:\/\/fkh.ch\/fr\/\" \/>\n<meta property=\"og:locale\" content=\"fr_FR\" \/>\n<meta property=\"og:type\" content=\"article\" \/>\n<meta property=\"og:title\" content=\"Exemples de services de la FKH - FKH\" \/>\n<meta property=\"og:url\" content=\"https:\/\/fkh.ch\/fr\/\" \/>\n<meta property=\"og:site_name\" content=\"FKH\" \/>\n<meta property=\"article:modified_time\" content=\"2026-03-18T11:57:17+00:00\" \/>\n<meta property=\"og:image\" content=\"https:\/\/fkh.ch\/wp-content\/uploads\/2014\/03\/RIMG0037-e1403079554211-230x150.jpg\" \/>\n<meta name=\"twitter:label1\" content=\"Dur\u00e9e de lecture estim\u00e9e\" \/>\n\t<meta name=\"twitter:data1\" content=\"1 minute\" \/>\n<script type=\"application\/ld+json\" class=\"yoast-schema-graph\">{\"@context\":\"https:\/\/schema.org\",\"@graph\":[{\"@type\":\"WebPage\",\"@id\":\"https:\/\/fkh.ch\/fr\/\",\"url\":\"https:\/\/fkh.ch\/fr\/\",\"name\":\"Exemples de services de la FKH - FKH\",\"isPartOf\":{\"@id\":\"https:\/\/fkh.ch\/fr\/#website\"},\"datePublished\":\"2014-03-11T11:47:58+00:00\",\"dateModified\":\"2026-03-18T11:57:17+00:00\",\"breadcrumb\":{\"@id\":\"https:\/\/fkh.ch\/fr\/#breadcrumb\"},\"inLanguage\":\"fr-FR\",\"potentialAction\":[{\"@type\":\"ReadAction\",\"target\":[\"https:\/\/fkh.ch\/fr\/\"]}]},{\"@type\":\"BreadcrumbList\",\"@id\":\"https:\/\/fkh.ch\/fr\/#breadcrumb\",\"itemListElement\":[{\"@type\":\"ListItem\",\"position\":1,\"name\":\"Startseite\",\"item\":\"https:\/\/fkh.ch\/fr\/\"},{\"@type\":\"ListItem\",\"position\":2,\"name\":\"Exemples de services de la FKH\"}]},{\"@type\":\"WebSite\",\"@id\":\"https:\/\/fkh.ch\/fr\/#website\",\"url\":\"https:\/\/fkh.ch\/fr\/\",\"name\":\"FKH\",\"description\":\"Commission d'\u00e9tude des questions relatives \u00e0 la haute tension\",\"potentialAction\":[{\"@type\":\"SearchAction\",\"target\":{\"@type\":\"EntryPoint\",\"urlTemplate\":\"https:\/\/fkh.ch\/fr\/?s={search_term_string}\"},\"query-input\":{\"@type\":\"PropertyValueSpecification\",\"valueRequired\":true,\"valueName\":\"search_term_string\"}}],\"inLanguage\":\"fr-FR\"}]}<\/script>\n<!-- \/ Yoast SEO plugin. -->","yoast_head_json":{"title":"Exemples de services de la FKH - FKH","robots":{"index":"index","follow":"follow","max-snippet":"max-snippet:-1","max-image-preview":"max-image-preview:large","max-video-preview":"max-video-preview:-1"},"canonical":"https:\/\/fkh.ch\/fr\/","og_locale":"fr_FR","og_type":"article","og_title":"Exemples de services de la FKH - FKH","og_url":"https:\/\/fkh.ch\/fr\/","og_site_name":"FKH","article_modified_time":"2026-03-18T11:57:17+00:00","og_image":[{"url":"https:\/\/fkh.ch\/wp-content\/uploads\/2014\/03\/RIMG0037-e1403079554211-230x150.jpg","type":"","width":"","height":""}],"twitter_misc":{"Dur\u00e9e de lecture estim\u00e9e":"1 minute"},"schema":{"@context":"https:\/\/schema.org","@graph":[{"@type":"WebPage","@id":"https:\/\/fkh.ch\/fr\/","url":"https:\/\/fkh.ch\/fr\/","name":"Exemples de services de la FKH - FKH","isPartOf":{"@id":"https:\/\/fkh.ch\/fr\/#website"},"datePublished":"2014-03-11T11:47:58+00:00","dateModified":"2026-03-18T11:57:17+00:00","breadcrumb":{"@id":"https:\/\/fkh.ch\/fr\/#breadcrumb"},"inLanguage":"fr-FR","potentialAction":[{"@type":"ReadAction","target":["https:\/\/fkh.ch\/fr\/"]}]},{"@type":"BreadcrumbList","@id":"https:\/\/fkh.ch\/fr\/#breadcrumb","itemListElement":[{"@type":"ListItem","position":1,"name":"Startseite","item":"https:\/\/fkh.ch\/fr\/"},{"@type":"ListItem","position":2,"name":"Exemples de services de la FKH"}]},{"@type":"WebSite","@id":"https:\/\/fkh.ch\/fr\/#website","url":"https:\/\/fkh.ch\/fr\/","name":"FKH","description":"Commission d'\u00e9tude des questions relatives \u00e0 la haute tension","potentialAction":[{"@type":"SearchAction","target":{"@type":"EntryPoint","urlTemplate":"https:\/\/fkh.ch\/fr\/?s={search_term_string}"},"query-input":{"@type":"PropertyValueSpecification","valueRequired":true,"valueName":"search_term_string"}}],"inLanguage":"fr-FR"}]}},"_links":{"self":[{"href":"https:\/\/fkh.ch\/fr\/wp-json\/wp\/v2\/pages\/2745","targetHints":{"allow":["GET"]}}],"collection":[{"href":"https:\/\/fkh.ch\/fr\/wp-json\/wp\/v2\/pages"}],"about":[{"href":"https:\/\/fkh.ch\/fr\/wp-json\/wp\/v2\/types\/page"}],"author":[{"embeddable":true,"href":"https:\/\/fkh.ch\/fr\/wp-json\/wp\/v2\/users\/198"}],"replies":[{"embeddable":true,"href":"https:\/\/fkh.ch\/fr\/wp-json\/wp\/v2\/comments?post=2745"}],"version-history":[{"count":31,"href":"https:\/\/fkh.ch\/fr\/wp-json\/wp\/v2\/pages\/2745\/revisions"}],"predecessor-version":[{"id":7773,"href":"https:\/\/fkh.ch\/fr\/wp-json\/wp\/v2\/pages\/2745\/revisions\/7773"}],"wp:attachment":[{"href":"https:\/\/fkh.ch\/fr\/wp-json\/wp\/v2\/media?parent=2745"}],"curies":[{"name":"wp","href":"https:\/\/api.w.org\/{rel}","templated":true}]}}