{"id":4736,"date":"2014-03-13T15:33:18","date_gmt":"2014-03-13T13:33:18","guid":{"rendered":"https:\/\/test.fkh.ch\/a-propos-de-nous\/portrait\/"},"modified":"2024-04-10T08:52:54","modified_gmt":"2024-04-10T06:52:54","slug":"portrait","status":"publish","type":"page","link":"https:\/\/fkh.ch\/fr\/a-propos-de-nous\/portrait\/","title":{"rendered":"Portrait"},"content":{"rendered":"<h3 style=\"text-align: justify;\"><strong>Devise<\/strong><\/h3>\n<p style=\"text-align: justify;\">La Commission d\u2019\u00e9tude des questions relatives \u00e0 la haute-tension (FKH) poursuit un but non lucratif dans la recherche et le d\u00e9veloppement technologique ainsi que dans la mise \u00e0 disposition de services dans le domaine de la distribution d\u2019\u00e9nergie et des technologies relatives \u00e0 la haute-tension. Selon les activit\u00e9s de l\u2019association, la capacit\u00e9 et la s\u00fbret\u00e9 de l\u2019alimentation \u00e9lectrique doivent \u00eatre mis en avant.<br \/>\nEn collaboration avec les EPF et les HES, elle souhaite par ailleurs promouvoir la jeune g\u00e9n\u00e9ration d\u2019ing\u00e9nieures et d\u2019ing\u00e9nieurs en leur proposant des stages pratiques.<br \/>\nLes objectifs de la FKH sont exclusivement orient\u00e9s vers la technologie. La FKH n\u2019a pas de buts commerciaux. Les biens financiers de l\u2019association ne peuvent \u00eatre utilis\u00e9s qu\u2019\u00e0 des fins figurant dans les statuts.<\/p>\n<p><b>Structure de la FKH<\/b><\/p>\n<p>&nbsp;<\/p>\n<p><a href=\"https:\/\/fkh.ch\/wp-content\/uploads\/2019\/08\/Struktur-FKH-266x300.png\"><img loading=\"lazy\" decoding=\"async\" class=\"aligncenter wp-image-4738 size-medium\" src=\"https:\/\/fkh.ch\/wp-content\/uploads\/2019\/08\/Struktur-FKH-266x300.png\" alt=\"\" width=\"266\" height=\"300\" srcset=\"https:\/\/fkh.ch\/wp-content\/uploads\/2019\/08\/Struktur-FKH-266x300.png 266w, https:\/\/fkh.ch\/wp-content\/uploads\/2019\/08\/Struktur-FKH.png 500w\" sizes=\"auto, (max-width: 266px) 100vw, 266px\" \/><\/a><\/p>\n<h3><strong>Qualit\u00e9<\/strong><\/h3>\n<p><a href=\"https:\/\/fkh.ch\/wp-content\/uploads\/2023\/10\/SSC_ISO9001_45001-300x300.jpg\"><img loading=\"lazy\" decoding=\"async\" class=\"alignright wp-image-6946 \" src=\"https:\/\/fkh.ch\/wp-content\/uploads\/2023\/10\/SSC_ISO9001_45001-300x300.jpg\" alt=\"\" width=\"128\" height=\"128\" srcset=\"https:\/\/fkh.ch\/wp-content\/uploads\/2023\/10\/SSC_ISO9001_45001-300x300.jpg 300w, https:\/\/fkh.ch\/wp-content\/uploads\/2023\/10\/SSC_ISO9001_45001-150x150.jpg 150w, https:\/\/fkh.ch\/wp-content\/uploads\/2023\/10\/SSC_ISO9001_45001-768x768.jpg 768w, https:\/\/fkh.ch\/wp-content\/uploads\/2023\/10\/SSC_ISO9001_45001.jpg 886w\" sizes=\"auto, (max-width: 128px) 100vw, 128px\" \/><\/a><\/p>\n<p>La FKH offre ses services selon les normes commerciales accept\u00e9es au niveau international et exploite un syst\u00e8me de management certifi\u00e9s ISO 9001 et ISO 45001.<\/p>\n<p><a href=\"https:\/\/fkh.ch\/wp-content\/uploads\/2015\/02\/SAS_STS_cmyk_581.jpg\"><img loading=\"lazy\" decoding=\"async\" class=\"alignleft wp-image-3844\" src=\"https:\/\/fkh.ch\/wp-content\/uploads\/2015\/02\/SAS_STS_cmyk_581.jpg\" alt=\"SAS_STS_cmyk.indd\" width=\"105\" height=\"105\" srcset=\"https:\/\/fkh.ch\/wp-content\/uploads\/2015\/02\/SAS_STS_cmyk_581.jpg 365w, https:\/\/fkh.ch\/wp-content\/uploads\/2015\/02\/SAS_STS_cmyk_581-150x150.jpg 150w, https:\/\/fkh.ch\/wp-content\/uploads\/2015\/02\/SAS_STS_cmyk_581-300x300.jpg 300w\" sizes=\"auto, (max-width: 105px) 100vw, 105px\" \/><\/a><\/p>\n<p>Le laboratoire de l\u2019huile isolante est accr\u00e9dit\u00e9 comme laboratoire d\u2019essais pour l\u2019huile isolante et le gaz Buchholz selon la norme ISO\/IEC\u00a017025.<\/p>\n<p>&nbsp;<\/p>\n<p>&nbsp;<\/p>\n<h3><strong>Infrastructure<\/strong><\/h3>\n<p>FKH dispose de l&rsquo;infrastructure et des services suivants<a href=\"https:\/\/fkh.ch\/wp-content\/uploads\/2014\/08\/2784-300x200.jpg\"><img loading=\"lazy\" decoding=\"async\" class=\"alignright size-medium wp-image-3776\" src=\"https:\/\/fkh.ch\/wp-content\/uploads\/2014\/08\/2784-300x200.jpg\" alt=\"2784\" width=\"300\" height=\"199\" srcset=\"https:\/\/fkh.ch\/wp-content\/uploads\/2014\/08\/2784-300x200.jpg 300w, https:\/\/fkh.ch\/wp-content\/uploads\/2014\/08\/2784-768x511.jpg 768w, https:\/\/fkh.ch\/wp-content\/uploads\/2014\/08\/2784-1024x681.jpg 1024w\" sizes=\"auto, (max-width: 300px) 100vw, 300px\" \/><\/a><\/p>\n<ul>\n<li>Centre logistique de D\u00e4niken avec entrep\u00f4t et laboratoire d\u2019essai.<\/li>\n<li>Laboratoire de l\u2019huile isolante pour des analyses des mat\u00e9riaux d\u2019isolation (m\u00e9thodes di\u00e9lectriques, chimiques et spectroscopiques avec GC, HPLC, FTIR).<\/li>\n<li>Station d\u2019essai ext\u00e9rieure \u00e0 D\u00e4niken comprenant un Transformateur d\u2019essai de 1MV.<\/li>\n<li>Petit laboratoire pr\u00e9vu pour des mesures de DP.<\/li>\n<\/ul>\n<p>FKH exploite \u00e9galement de vastes installations d&rsquo;essais mobiles, dont les plus importantes sont \u00e9num\u00e9r\u00e9es ci-dessous :<\/p>\n<ul>\n<li><a href=\"https:\/\/fkh.ch\/wp-content\/uploads\/2014\/08\/2704-300x200.jpg\"><img loading=\"lazy\" decoding=\"async\" class=\"alignright size-medium wp-image-3778\" src=\"https:\/\/fkh.ch\/wp-content\/uploads\/2014\/08\/2704-300x200.jpg\" alt=\"2704\" width=\"300\" height=\"199\" srcset=\"https:\/\/fkh.ch\/wp-content\/uploads\/2014\/08\/2704-300x200.jpg 300w, https:\/\/fkh.ch\/wp-content\/uploads\/2014\/08\/2704-768x511.jpg 768w, https:\/\/fkh.ch\/wp-content\/uploads\/2014\/08\/2704-1024x681.jpg 1024w\" sizes=\"auto, (max-width: 300px) 100vw, 300px\" \/><\/a>Syst\u00e8me modulaire mobile de mat\u00e9riel d\u2019essai de r\u00e9sonnance s\u00e9rie comprenant des inductances (30 pi\u00e8ces au total), 4 convertisseurs de fr\u00e9quence, accessoires contre les effets corona. Essais jusqu\u2019\u00e0 une puissance apparente d\u2019environ 25 et une tension jusqu\u2019\u00e0 800.<\/li>\n<li>Source d\u2019essai pour l\u2019excitation et la mesure de d\u00e9charges partielles de gros transformateurs sur site avec convertisseur de fr\u00e9quence ou moteur diesel et divers types de transformateurs d\u2019\u00e9nergisation.<\/li>\n<li>G\u00e9n\u00e9rateur de choc mobile pour des essais de choc de foudre, de commutation et d\u2019oscillation allant jusqu\u2019\u00e0 des valeurs de cr\u00eate de 1200 et une \u00e9nergie de choc de 40.<\/li>\n<li>Installation de mesure de mise \u00e0 la terre pour des mesures de courant allant jusqu\u2019\u00e0 200A.<\/li>\n<li>V\u00e9hicule et remorque de mesure.<\/li>\n<li>Large gamme d\u2019\u00e9quipements de mesures technique pour le diagnostic de l\u2019isolation, les transitoires et mesures EMV (compatibilit\u00e9 \u00e9lectromagn\u00e9tique).<\/li>\n<\/ul>\n<p>En outre, la FKH dispose d&rsquo;une biblioth\u00e8que qui contient des collections th\u00e9matiques de litt\u00e9rature et de normes ainsi que des programmes de calcul scientifique.<\/p>\n<p><a href=\"https:\/\/fkh.ch\/wp-content\/uploads\/2024\/04\/Flyer_Dienstleistungen_FKH_F_Version-2024.pdf\">D\u00e9pliant Services<\/a><a href=\"https:\/\/fkh.ch\/wp-content\/uploads\/2024\/04\/Flyer_Dienstleistungen_FKH_F_Version-2024.pdf\"><img loading=\"lazy\" decoding=\"async\" class=\" wp-image-7140 alignleft\" src=\"https:\/\/fkh.ch\/wp-content\/uploads\/2024\/04\/Flyer_Dienstleistungen_FKH_F_Version-2024_Page1-212x300.jpg\" alt=\"\" width=\"133\" height=\"189\" srcset=\"https:\/\/fkh.ch\/wp-content\/uploads\/2024\/04\/Flyer_Dienstleistungen_FKH_F_Version-2024_Page1-212x300.jpg 212w, https:\/\/fkh.ch\/wp-content\/uploads\/2024\/04\/Flyer_Dienstleistungen_FKH_F_Version-2024_Page1-724x1024.jpg 724w, https:\/\/fkh.ch\/wp-content\/uploads\/2024\/04\/Flyer_Dienstleistungen_FKH_F_Version-2024_Page1-768x1086.jpg 768w, https:\/\/fkh.ch\/wp-content\/uploads\/2024\/04\/Flyer_Dienstleistungen_FKH_F_Version-2024_Page1-1086x1536.jpg 1086w, https:\/\/fkh.ch\/wp-content\/uploads\/2024\/04\/Flyer_Dienstleistungen_FKH_F_Version-2024_Page1.jpg 1389w\" sizes=\"auto, (max-width: 133px) 100vw, 133px\" \/><\/a><\/p>\n","protected":false},"excerpt":{"rendered":"<p>Devise La Commission d\u2019\u00e9tude des questions relatives \u00e0 la haute-tension (FKH) poursuit un but non lucratif dans la recherche et le d\u00e9veloppement technologique ainsi que dans la mise \u00e0 disposition de services dans le domaine de la distribution d\u2019\u00e9nergie et des technologies relatives \u00e0 la haute-tension. Selon les activit\u00e9s de l\u2019association, la capacit\u00e9 et la [&hellip;]<\/p>\n","protected":false},"author":194,"featured_media":0,"parent":2749,"menu_order":10,"comment_status":"open","ping_status":"open","template":"","meta":{"_acf_changed":false,"footnotes":""},"class_list":["post-4736","page","type-page","status-publish","hentry"],"acf":[],"yoast_head":"<!-- This site is optimized with the Yoast SEO plugin v27.2 - https:\/\/yoast.com\/product\/yoast-seo-wordpress\/ -->\n<title>Portrait - FKH<\/title>\n<meta name=\"robots\" content=\"index, follow, max-snippet:-1, max-image-preview:large, max-video-preview:-1\" \/>\n<link rel=\"canonical\" href=\"https:\/\/fkh.ch\/fr\/a-propos-de-nous\/portrait\/\" \/>\n<meta property=\"og:locale\" content=\"fr_FR\" \/>\n<meta property=\"og:type\" content=\"article\" \/>\n<meta property=\"og:title\" content=\"Portrait - FKH\" \/>\n<meta property=\"og:description\" content=\"Devise La Commission d\u2019\u00e9tude des questions relatives \u00e0 la haute-tension (FKH) poursuit un but non lucratif dans la recherche et le d\u00e9veloppement technologique ainsi que dans la mise \u00e0 disposition de services dans le domaine de la distribution d\u2019\u00e9nergie et des technologies relatives \u00e0 la haute-tension. Selon les activit\u00e9s de l\u2019association, la capacit\u00e9 et la [&hellip;]\" \/>\n<meta property=\"og:url\" content=\"https:\/\/fkh.ch\/fr\/a-propos-de-nous\/portrait\/\" \/>\n<meta property=\"og:site_name\" content=\"FKH\" \/>\n<meta property=\"article:modified_time\" content=\"2024-04-10T06:52:54+00:00\" \/>\n<meta property=\"og:image\" content=\"https:\/\/fkh.ch\/wp-content\/uploads\/2019\/08\/Struktur-FKH-266x300.png\" \/>\n<meta name=\"twitter:label1\" content=\"Dur\u00e9e de lecture estim\u00e9e\" \/>\n\t<meta name=\"twitter:data1\" content=\"4 minutes\" \/>\n<script type=\"application\/ld+json\" class=\"yoast-schema-graph\">{\"@context\":\"https:\/\/schema.org\",\"@graph\":[{\"@type\":\"WebPage\",\"@id\":\"https:\/\/fkh.ch\/fr\/a-propos-de-nous\/portrait\/\",\"url\":\"https:\/\/fkh.ch\/fr\/a-propos-de-nous\/portrait\/\",\"name\":\"Portrait - FKH\",\"isPartOf\":{\"@id\":\"https:\/\/fkh.ch\/fr\/#website\"},\"primaryImageOfPage\":{\"@id\":\"https:\/\/fkh.ch\/fr\/a-propos-de-nous\/portrait\/#primaryimage\"},\"image\":{\"@id\":\"https:\/\/fkh.ch\/fr\/a-propos-de-nous\/portrait\/#primaryimage\"},\"thumbnailUrl\":\"https:\/\/fkh.ch\/wp-content\/uploads\/2019\/08\/Struktur-FKH-266x300.png\",\"datePublished\":\"2014-03-13T13:33:18+00:00\",\"dateModified\":\"2024-04-10T06:52:54+00:00\",\"breadcrumb\":{\"@id\":\"https:\/\/fkh.ch\/fr\/a-propos-de-nous\/portrait\/#breadcrumb\"},\"inLanguage\":\"fr-FR\",\"potentialAction\":[{\"@type\":\"ReadAction\",\"target\":[\"https:\/\/fkh.ch\/fr\/a-propos-de-nous\/portrait\/\"]}]},{\"@type\":\"ImageObject\",\"inLanguage\":\"fr-FR\",\"@id\":\"https:\/\/fkh.ch\/fr\/a-propos-de-nous\/portrait\/#primaryimage\",\"url\":\"https:\/\/fkh.ch\/wp-content\/uploads\/2019\/08\/Struktur-FKH-266x300.png\",\"contentUrl\":\"https:\/\/fkh.ch\/wp-content\/uploads\/2019\/08\/Struktur-FKH-266x300.png\"},{\"@type\":\"BreadcrumbList\",\"@id\":\"https:\/\/fkh.ch\/fr\/a-propos-de-nous\/portrait\/#breadcrumb\",\"itemListElement\":[{\"@type\":\"ListItem\",\"position\":1,\"name\":\"Startseite\",\"item\":\"https:\/\/fkh.ch\/fr\/\"},{\"@type\":\"ListItem\",\"position\":2,\"name\":\"A propos de FKH\",\"item\":\"https:\/\/fkh.ch\/fr\/a-propos-de-nous\/\"},{\"@type\":\"ListItem\",\"position\":3,\"name\":\"Portrait\"}]},{\"@type\":\"WebSite\",\"@id\":\"https:\/\/fkh.ch\/fr\/#website\",\"url\":\"https:\/\/fkh.ch\/fr\/\",\"name\":\"FKH\",\"description\":\"Commission d'\u00e9tude des questions relatives \u00e0 la haute tension\",\"potentialAction\":[{\"@type\":\"SearchAction\",\"target\":{\"@type\":\"EntryPoint\",\"urlTemplate\":\"https:\/\/fkh.ch\/fr\/?s={search_term_string}\"},\"query-input\":{\"@type\":\"PropertyValueSpecification\",\"valueRequired\":true,\"valueName\":\"search_term_string\"}}],\"inLanguage\":\"fr-FR\"}]}<\/script>\n<!-- \/ Yoast SEO plugin. -->","yoast_head_json":{"title":"Portrait - FKH","robots":{"index":"index","follow":"follow","max-snippet":"max-snippet:-1","max-image-preview":"max-image-preview:large","max-video-preview":"max-video-preview:-1"},"canonical":"https:\/\/fkh.ch\/fr\/a-propos-de-nous\/portrait\/","og_locale":"fr_FR","og_type":"article","og_title":"Portrait - FKH","og_description":"Devise La Commission d\u2019\u00e9tude des questions relatives \u00e0 la haute-tension (FKH) poursuit un but non lucratif dans la recherche et le d\u00e9veloppement technologique ainsi que dans la mise \u00e0 disposition de services dans le domaine de la distribution d\u2019\u00e9nergie et des technologies relatives \u00e0 la haute-tension. Selon les activit\u00e9s de l\u2019association, la capacit\u00e9 et la [&hellip;]","og_url":"https:\/\/fkh.ch\/fr\/a-propos-de-nous\/portrait\/","og_site_name":"FKH","article_modified_time":"2024-04-10T06:52:54+00:00","og_image":[{"url":"https:\/\/fkh.ch\/wp-content\/uploads\/2019\/08\/Struktur-FKH-266x300.png","type":"","width":"","height":""}],"twitter_misc":{"Dur\u00e9e de lecture estim\u00e9e":"4 minutes"},"schema":{"@context":"https:\/\/schema.org","@graph":[{"@type":"WebPage","@id":"https:\/\/fkh.ch\/fr\/a-propos-de-nous\/portrait\/","url":"https:\/\/fkh.ch\/fr\/a-propos-de-nous\/portrait\/","name":"Portrait - FKH","isPartOf":{"@id":"https:\/\/fkh.ch\/fr\/#website"},"primaryImageOfPage":{"@id":"https:\/\/fkh.ch\/fr\/a-propos-de-nous\/portrait\/#primaryimage"},"image":{"@id":"https:\/\/fkh.ch\/fr\/a-propos-de-nous\/portrait\/#primaryimage"},"thumbnailUrl":"https:\/\/fkh.ch\/wp-content\/uploads\/2019\/08\/Struktur-FKH-266x300.png","datePublished":"2014-03-13T13:33:18+00:00","dateModified":"2024-04-10T06:52:54+00:00","breadcrumb":{"@id":"https:\/\/fkh.ch\/fr\/a-propos-de-nous\/portrait\/#breadcrumb"},"inLanguage":"fr-FR","potentialAction":[{"@type":"ReadAction","target":["https:\/\/fkh.ch\/fr\/a-propos-de-nous\/portrait\/"]}]},{"@type":"ImageObject","inLanguage":"fr-FR","@id":"https:\/\/fkh.ch\/fr\/a-propos-de-nous\/portrait\/#primaryimage","url":"https:\/\/fkh.ch\/wp-content\/uploads\/2019\/08\/Struktur-FKH-266x300.png","contentUrl":"https:\/\/fkh.ch\/wp-content\/uploads\/2019\/08\/Struktur-FKH-266x300.png"},{"@type":"BreadcrumbList","@id":"https:\/\/fkh.ch\/fr\/a-propos-de-nous\/portrait\/#breadcrumb","itemListElement":[{"@type":"ListItem","position":1,"name":"Startseite","item":"https:\/\/fkh.ch\/fr\/"},{"@type":"ListItem","position":2,"name":"A propos de FKH","item":"https:\/\/fkh.ch\/fr\/a-propos-de-nous\/"},{"@type":"ListItem","position":3,"name":"Portrait"}]},{"@type":"WebSite","@id":"https:\/\/fkh.ch\/fr\/#website","url":"https:\/\/fkh.ch\/fr\/","name":"FKH","description":"Commission d'\u00e9tude des questions relatives \u00e0 la haute tension","potentialAction":[{"@type":"SearchAction","target":{"@type":"EntryPoint","urlTemplate":"https:\/\/fkh.ch\/fr\/?s={search_term_string}"},"query-input":{"@type":"PropertyValueSpecification","valueRequired":true,"valueName":"search_term_string"}}],"inLanguage":"fr-FR"}]}},"_links":{"self":[{"href":"https:\/\/fkh.ch\/fr\/wp-json\/wp\/v2\/pages\/4736","targetHints":{"allow":["GET"]}}],"collection":[{"href":"https:\/\/fkh.ch\/fr\/wp-json\/wp\/v2\/pages"}],"about":[{"href":"https:\/\/fkh.ch\/fr\/wp-json\/wp\/v2\/types\/page"}],"author":[{"embeddable":true,"href":"https:\/\/fkh.ch\/fr\/wp-json\/wp\/v2\/users\/194"}],"replies":[{"embeddable":true,"href":"https:\/\/fkh.ch\/fr\/wp-json\/wp\/v2\/comments?post=4736"}],"version-history":[{"count":13,"href":"https:\/\/fkh.ch\/fr\/wp-json\/wp\/v2\/pages\/4736\/revisions"}],"predecessor-version":[{"id":7155,"href":"https:\/\/fkh.ch\/fr\/wp-json\/wp\/v2\/pages\/4736\/revisions\/7155"}],"up":[{"embeddable":true,"href":"https:\/\/fkh.ch\/fr\/wp-json\/wp\/v2\/pages\/2749"}],"wp:attachment":[{"href":"https:\/\/fkh.ch\/fr\/wp-json\/wp\/v2\/media?parent=4736"}],"curies":[{"name":"wp","href":"https:\/\/api.w.org\/{rel}","templated":true}]}}