{"id":4745,"date":"2019-08-15T13:52:53","date_gmt":"2019-08-15T11:52:53","guid":{"rendered":"https:\/\/test.fkh.ch\/?page_id=4745"},"modified":"2019-08-15T13:54:56","modified_gmt":"2019-08-15T11:54:56","slug":"statuts","status":"publish","type":"page","link":"https:\/\/fkh.ch\/fr\/statuts\/","title":{"rendered":"Statuts"},"content":{"rendered":"<p>pour la<\/p>\n<p>Fachkommission f\u00fcr Hochspannungsfragen (FKH)<br \/>\nCommission d&rsquo;\u00e9tude des questions relatives \u00e0 la haute tension (CEH)<\/p>\n<p><strong>14. Mai 2014<\/strong><\/p>\n<p><strong>Art. 1<\/strong><br \/>\n<strong> Name und Sitz<\/strong><\/p>\n<p>Unter dem Namen \u00ab\u00a0Fachkommission f\u00fcr Hochspannungsfragen (FKH)\u00a0\u00bb \u00ab\u00a0Commission d&rsquo;\u00e9tude des questions relatives \u00e0 la haute tension (CEH)\u00a0\u00bb besteht ein Verein im Sinne von Art. 60ff ZGB mit Sitz in Z\u00fcrich.<\/p>\n<p>Der Verein ist im schweizerischen Handelsregister eingetragen.<\/p>\n<p><strong>Art. 2<\/strong><br \/>\n<strong> Zweck und Ziele<\/strong><\/p>\n<p>Die \u201eFachkommission f\u00fcr Hochspannungsfragen (FKH)\u201c verfolgt gemeinn\u00fctzige Zwecke der technischen Forschung und Entwicklung sowie der Bereitstellung von Dienstleistungen auf dem Gebiet der elektrischen Energieversorgung und Hochspannungstechnologie. Durch die Vereinst\u00e4tigkeit soll die Leistungsf\u00e4higkeit und Sicherheit der Versorgung mit elektrischer Ener\u00adgie gef\u00f6rdert werden. Zudem soll in Zusammenarbeit mit den technischen Hochschulen der Ingenieurnachwuchs durch ein Angebot von praxisorientierten Arbeiten gef\u00f6rdert werden.<\/p>\n<p>Die Ziele der FKH sind ausschliesslich technischer Natur. Die FKH verfolgt keine eigen\u00adwirt\u00adschaftliche Ziele. Die finanziellen Mittel des Vereins d\u00fcrfen nur f\u00fcr statutenkonforme Zwecke verwendet werden.<\/p>\n<p>Zur Erf\u00fcllung dieser Vereinszwecke dienen u.a. folgende Aktivit\u00e4ten:<\/p>\n<ul>\n<li>Theoretische und experimentelle Studien, Untersuchungen und Pr\u00fcfungen zur Kl\u00e4rung aller Fragen und Erscheinungen, die bei der Planung, dem Bau und dem Betrieb von Energieversorgungsanlagen, insbesondere auf den Gebieten der Hochspannungs- und Hochstromtechnik auftreten.<\/li>\n<li>Durchf\u00fchrung von Forschungsprogrammen in Zusammenarbeit mit Techni\u00adschen Hochschulen, Fachhochschulen und Universit\u00e4ten<\/li>\n<li>Erfahrungsaustausch mit der Fachwelt im In- und Ausland und Mitarbeit in den ein\u00adschl\u00e4gigen Fachgremien<\/li>\n<li>Berichterstattung und Wissensvermittlung an die Vereinsmitglieder, Publikationen von Forschungsergebnissen und Organisation von Fachtagungen zur Behandlung der Fra\u00adgen aus dem Arbeitsgebiet des Vereins<\/li>\n<\/ul>\n<p><strong>Art. 3<\/strong><br \/>\n<strong> Mitgliedschaft<\/strong><\/p>\n<p>Die FKH besteht aus ordentlichen und korrespondierenden Mitgliedern.<\/p>\n<p><em>Ordentliche Mitglieder:<\/em><\/p>\n<p>Als ordentliche Mitglieder k\u00f6nnen Unternehmungen und Institutionen aufgenommen werden, die elektrische Energieversorgungsanlagen planen, bauen und betreiben und die an der konstruktiven Ausgestaltung ihrer Einzelteile Interesse haben und gewillt sind, die Forschung und Entwicklung auf dem Gebiet der Elektrotechnik, speziell der Hochspan\u00adnungstechnik, zu unterst\u00fctzen.<\/p>\n<p><em>Korrespondierende Mitglieder:<\/em><\/p>\n<p>Nat\u00fcrliche Personen und Non-Profit-Institutionen aus den Bereichen Forschung und Aus\u00adbildung k\u00f6nnen als korrespondierende Mitglieder aufge\u00adnommen werden.<\/p>\n<p><em>Erwerb der Mitgliedschaft:<\/em><\/p>\n<p>Der Antrag zum Erwerb der Mitgliedschaft muss schriftlich beim Vorstand der FKH einge\u00adreicht werden. \u00dcber die Aufnahme entscheidet die Mitgliederversammlung.<\/p>\n<p>Die Mitgliedschaft beginnt nach schriftlicher Anerkennung der Statuten und nach Bezah\u00adlung des Jahresbeitrages.<\/p>\n<p><em>Beendigung der Mitgliedschaft:<\/em><\/p>\n<p>Die Mitgliedschaft kann zum Jahresende unter Einhaltung einer Frist von 6 Monaten durch einen eingeschriebenen Brief gek\u00fcndigt werden.<\/p>\n<p>Mitglieder k\u00f6nnen durch Beschluss der Mitgliederversammlung mit der Mehrheit der abge\u00adge\u00adbenen Stimmen insbesondere aus folgenden Gr\u00fcnden aus dem Verein ausgeschlossen werden:<\/p>\n<ul>\n<li>Grober Verletzung der Vereinsstatuten<\/li>\n<li>Vors\u00e4tzlicher Sch\u00e4digung der Vereinsinteressen<\/li>\n<li>Nichterf\u00fcllung der Verpflichtungen gegen\u00fcber der FKH<\/li>\n<\/ul>\n<p>Die Beendigung der Mitgliedschaft befreit nicht von der Erf\u00fcllung etwa noch bestehender Verpflichtungen gegen\u00fcber dem Verein.<\/p>\n<p>Bei Beendigung der Mitgliedschaft besteht kein Anspruch auf das Vereinsverm\u00f6gen. Dies gilt ungeachtet der in Art.\u00a018 formulierten Bestimmung im Fall der Aufl\u00f6sung des Vereins.<\/p>\n<p><strong>Art. 4<\/strong><br \/>\n<strong> Rechte der Mitglieder<\/strong><\/p>\n<p>Die Mitglieder der FKH geniessen folgende Rechte:<\/p>\n<ul>\n<li>Teilnahme an den Mitgliederversammlungen<\/li>\n<li>Stimm- und Wahlrecht: Ordentliche Mitglieder haben ein Stimm- und Wahlrecht. Die Anzahl der Stimmen richtet sich nach der H\u00f6he des f\u00fcr das jeweilige Gesch\u00e4ftsjahr geleisteten Mitgliederbeitrags<\/li>\n<li>Die korrespondierenden Mitglieder besitzen kein Stimm- und Wahlrecht<\/li>\n<li>Ordentliche Mitglieder haben Anrecht auf schriftliche Information \u00fcber die vereinsspe\u00adzifischen Vorg\u00e4nge und Veranstaltungen, \u00fcber Ver\u00f6ffentlichungen und \u00fcber allgemei\u00adne Forschungs- oder Untersuchungsergebnisse der FKH.<\/li>\n<li>Korrespondierende Mitglieder werden \u00fcber die Veranstaltungen des Vereins schrift\u00adlich informiert<\/li>\n<\/ul>\n<p><strong>Art. 5<\/strong><br \/>\n<strong> Vereinshaftung<\/strong><\/p>\n<p>F\u00fcr die Verpflichtungen gegen\u00fcber Dritten haftet ausschliesslich das Verm\u00f6gen der FKH.<\/p>\n<p><strong>Art. 6<\/strong><br \/>\n<strong> Organe<\/strong><\/p>\n<p>Organe der FKH sind:<\/p>\n<ol>\n<li>die Mitgliederversammlung (Art.\u00a07)<\/li>\n<li>die Kontrollstelle (Art.\u00a010)<\/li>\n<li>der Vorstand (Art.\u00a011)<\/li>\n<li>Gesch\u00e4ftsstelle (Art.\u00a014)<\/li>\n<\/ol>\n<p><strong>Art. 7<\/strong><br \/>\n<strong> Mitgliederversammlung (GV)<\/strong><\/p>\n<p>Eine ordentliche Mitgliederversammlung findet nach Abschluss jedes Gesch\u00e4ftsjahrs statt. Die Einladung und der Versand der Gesch\u00e4ftsunterlagen erfolgt sp\u00e4testens 14 Tage vor der Ver\u00adsammlung.<\/p>\n<p>Eine ausserordentliche Mitgliederversammlung kann durch folgende Organe verlangt werden:<\/p>\n<ul>\n<li>Ordentliche Mitgliederversammlung<\/li>\n<li>Vorstand<\/li>\n<li>Kontrollstelle<\/li>\n<li>Ein Mitgliederkollektiv, welches gemeinsam mindestens 1\/5 der Stimmrechtsanteile umfasst<\/li>\n<\/ul>\n<p>Eine ausserordentliche Mitgliederversammlung ist innerhalb von vier Monaten nach der Bean\u00adtragung anzusetzen.<\/p>\n<p>Antr\u00e4ge von Mitgliedern, welche in die Traktandenliste der ordentlichen Mitgliederver\u00adsamm\u00adlung aufgenommen werden, m\u00fcssen drei Monate vor dem Versammlungstermin eintreffen.<\/p>\n<p>Die Mitgliederversammlung besteht aus den Vertretern der ordentlichen Mitglieder. Es steht jedem Mitglied frei, mehr als einen Vertreter abzuordnen; jedoch ist nur ein Delegierter stimmberechtigt. Korrespondierende Mitglieder sind zur Mitgliederver\u00adsammlung zuge\u00adlassen, haben aber kein Stimmrecht.<\/p>\n<p>Jedes ordentliche Mitglied kann sich aufgrund einer Vollmacht von einem anderen ordent\u00adlichen Mitglied vertreten lassen.<\/p>\n<p>Abstimmungen k\u00f6nnen offen durch Handmehr erfolgen, wobei jedes Mitglied eine Stimme besitzt.<\/p>\n<p>Die Abstimmung hat geheim zu erfolgen, wenn mindestens f\u00fcnf Mitglieder dies verlangen.<\/p>\n<p>F\u00fcr geheime Abstimmungen hat jedes Mitglied soviel Stimmen, als es Jahresbeitrags\u00adeinheiten bezahlt (Art.\u00a017).<\/p>\n<p>Die Mitgliederversammlung ist ohne R\u00fccksicht auf die Zahl der anwesenden und vertre\u00adtenen stimmberechtigten Mitglieder beschlussf\u00e4hig, soweit das Gesetz oder die Statuten nicht etwas anderes bestimmen.<\/p>\n<p>Anstelle einer Abstimmung an der Mitgliederversammlung kann der Vorstand schriftliche Stimmabgabe auf dem Zirkularweg anordnen.<\/p>\n<p><strong>Art. 8<\/strong><br \/>\n<strong> Befugnisse der Mitgliederversammlung<\/strong><\/p>\n<p>Die Mitgliederversammlung ist oberstes Organ der FKH und hat folgende Befugnisse:<\/p>\n<p>a) Beschlussfassung \u00fcber Statuten\u00e4nderungen<\/p>\n<p>b) Beschlussfassung \u00fcber die Aufl\u00f6sung des Vereins (Art. 18)<\/p>\n<p>c) Wahl\/Abwahl<\/p>\n<ul>\n<li>des Pr\u00e4sidenten<\/li>\n<li>der Mitglieder des Vorstandes<\/li>\n<li>des Leiters der Gesch\u00e4ftsstelle<\/li>\n<li>der Kontrollstelle<\/li>\n<\/ul>\n<p>c) Beschlussfassung \u00fcber:<\/p>\n<ul>\n<li>die Aufnahme und den Ausschluss von Mitgliedern<\/li>\n<li>die Abnahme der Jahresrechnung<\/li>\n<li>die Genehmigung des Budgets<\/li>\n<li>die Festsetzung der Mitgliederbeitr\u00e4ge und der Stimmrechtsordnung<\/li>\n<li>die Festsetzung von ausserordentlichen Beitr\u00e4gen<\/li>\n<li>Genehmigung der Jahresziele<\/li>\n<li>Entlastung des Vorstands (unter Ausstand des Vorstands) und des Leiters der Gesch\u00e4ftsstelle<\/li>\n<\/ul>\n<p>d) Entgegennahme von Informationen \u00fcber die aktuellen technischen Aktivit\u00e4ten der FKH<\/p>\n<p><strong>Art. 9<\/strong><br \/>\n<strong> Traktanden der ordentlichen Mitgliederversammlung<\/strong><\/p>\n<p>An der ordentlichen Mitgliederversammlung sind jeweils folgende Traktanden zu behan\u00addeln:<\/p>\n<ul>\n<li>Festlegung der Stimmenz\u00e4hler<\/li>\n<li>Genehmigung des Protokolls der vorangehenden Mitgliederversammlung<\/li>\n<li>Abnahme der Rechnung des vorangegangenen Jahres<\/li>\n<li>Kenntnisnahme des Jahresberichts<\/li>\n<li>Budget f\u00fcr das kommende Jahr<\/li>\n<li>Wahlen (gem\u00e4ss Art.\u00a08)<\/li>\n<li>Bericht des Leiters der FKH-Gesch\u00e4ftsstelle \u00fcber den Stand der Arbeiten<\/li>\n<li>Genehmigung der Jahresziele<\/li>\n<\/ul>\n<p><strong>Art. 10<\/strong><br \/>\n<strong> Kontrollstelle<\/strong><\/p>\n<p>Die Kontrollstelle besteht aus zwei Revisoren. Diese werden f\u00fcr die Amtsperiode von einem Jahr gew\u00e4hlt.<\/p>\n<p><strong>Art. 11<\/strong><br \/>\n<strong> Vorstand<\/strong><\/p>\n<p>Der Vorstand besteht aus dem Pr\u00e4sidenten der FKH als Vorsitzendem (Art.\u00a013) und wei\u00adteren Mitgliedern, wobei insbesondere folgende Parteien durch mindestens ein Mitglied vertreten sein sollen:<\/p>\n<ul>\n<li>der Elektrizit\u00e4tsversorgungsunternehmen<\/li>\n<li>der Kraftwerksbetreiber<\/li>\n<li>der SBB oder anderen elektrischen Bahnen<\/li>\n<li>der Hersteller von Hochspannungsbetriebsmitteln<\/li>\n<li>der Nationalen Netzgesellschaft<\/li>\n<li>der Branchenverb\u00e4nde<\/li>\n<li>der Hochspannungslehrst\u00fchle der Technischen Hochschulen (ETH, EPFL)<\/li>\n<li>der Hochspannungslehrst\u00fchle der Fachhochschulen<\/li>\n<\/ul>\n<p>Die Zahl der Vorstandsmitglieder soll vierzehn nicht \u00fcberschreiten.<\/p>\n<p>Der Leiter der Gesch\u00e4ftsstelle ist mit beratender Stimme im Vorstand vertreten.<\/p>\n<p>Der Pr\u00e4sident und die weiteren Mitglieder des Vorstandes werden f\u00fcr die Amtsperiode von drei Jahren gew\u00e4hlt; sie k\u00f6nnen wiedergew\u00e4hlt werden. Erfolgt innerhalb einer Amts\u00adperiode eine Neuwahl, so gilt diese vorerst nur bis zum Ablauf der dreij\u00e4hrigen Amts\u00adperiode.<\/p>\n<p>Der Vorstand konstituiert sich selbst und w\u00e4hlt den Vizepr\u00e4sidenten.<\/p>\n<p>F\u00fcr besondere Aufgaben k\u00f6nnen weitere Fachleute als G\u00e4ste ohne Stimmrecht in die Vor\u00adstandssitzung eingeladen werden.<\/p>\n<p>Der Vorstand wird vom Pr\u00e4sidenten oder auf Wunsch von mindestens zwei seiner Mit\u00adglieder einberufen.<\/p>\n<p><strong>Art. 12<\/strong><br \/>\n<strong> Aufgaben des Vorstands<\/strong><\/p>\n<p>Der Vorstand ist bei Anwesenheit von mindestens der H\u00e4lfte seiner Mitglieder beschluss\u00adf\u00e4hig. Beschl\u00fcsse erfolgen mit einfachem Stimmenmehr.<\/p>\n<p>Der Vorstand ist f\u00fcr alle Fragen zust\u00e4ndig, soweit sie nicht in den Aufgabenbereich der Mit\u00adgliederversammlung oder in denjenigen der in den Art.\u00a06 aufgef\u00fchrten Organe fallen. Ins\u00adbe\u00adsondere stehen ihm folgende Aufgaben zu:<\/p>\n<p>a) Vorbereitung der Vorlagen f\u00fcr die Mitgliederversammlung (Art.\u00a07 und Art.\u00a08)<br \/>\nb) Festlegung der strategischen Ausrichtung und der mittel- und langfristigen Arbeitsziele<br \/>\nc) Pr\u00fcfung von Anregungen, die von Vorstandsmitgliedern oder von Vereins\u00admitgliedern eingebracht werden<br \/>\nd) Beschlussfassung \u00fcber die Art der Berichterstattung an die Mitglieder, gem\u00e4ss Art.\u00a09<br \/>\ne) Festlegung der finanziellen Kompetenzen des Leiters der FKH-Gesch\u00e4ftsstelle innerhalb des Budgets<br \/>\nf) Festsetzung des Personal-Etats der FKH-Gesch\u00e4ftsstelle<br \/>\ng) Genehmigung des Anstellungsvertrages mit dem Leiter der FKH-Gesch\u00e4ftsstelle<br \/>\nh) Festlegung des Reglements f\u00fcr die Kostenberechnung (Art.\u00a017)<br \/>\ni) Bestimmung der nach Bedarf vor\u00fcbergehend beizuziehenden Fachleute<br \/>\nj) Bestimmung der Zeichnungsberechtigten<\/p>\n<p>In dringenden F\u00e4llen k\u00f6nnen Entscheidungen des Vorstandes auf Antrag des Pr\u00e4sidenten oder des Leiters der FKH-Gesch\u00e4ftsstelle auch auf dem Korrespondenzweg erfolgen.<\/p>\n<p><strong>Art. 13<\/strong><br \/>\n<strong> Pr\u00e4sident<\/strong><\/p>\n<p>Zum Aufgabenbereich des Pr\u00e4sidenten geh\u00f6ren:<\/p>\n<ul>\n<li>Koordination und Leitung der FKH-Organe<\/li>\n<li>Organisation und Leitung der Mitgliederversammlung<\/li>\n<li>Organisation und Leitung der Vorstandssitzungen<\/li>\n<li>Regelung von Personalfragen nach R\u00fccksprache mit dem Leiter der FKH-Gesch\u00e4fts\u00adstelle.<\/li>\n<\/ul>\n<p><strong>Art. 14<\/strong><br \/>\n<strong> FKH-Gesch\u00e4ftsstelle<\/strong><\/p>\n<p>Die Gesch\u00e4ftstelle der FKH besteht aus dem angestellten Personal, welches die Ziele der FKH gem\u00e4ss Art.\u00a02 umsetzt.<\/p>\n<p>Die Gesch\u00e4ftsstelle ber\u00e4t die Mitgliedern und Kunden und bietet technische Dienstleistungen an. Sie betreibt daf\u00fcr insbesondere die ortsfesten und mobilen technischen Einrichtungen der FKH und unterh\u00e4lt deren Immobilien.<\/p>\n<p><strong>Art. 15<\/strong><br \/>\n<strong> Leiter der FKH-Gesch\u00e4ftsstelle<\/strong><\/p>\n<p>In Absprache mit dem Vorstand und dem Pr\u00e4sidenten nimmt der Leiter der FKH-Gesch\u00e4fts\u00adstelle folgende Funktionen wahr:<\/p>\n<ul>\n<li>Vertretung der FKH nach aussen<\/li>\n<li>Leitung des Personals der FKH-Gesch\u00e4ftsstelle<\/li>\n<li>Erledigung von Personalfragen zusammen mit dem Pr\u00e4sidenten<\/li>\n<li>Organisation und \u00dcberwachung der an die FKH \u00fcbertragenen Arbeiten (Dienst\u00adleistung, Forschung und Entwicklung)<\/li>\n<li>Sicherstellung der Qualit\u00e4t der Versuchsberichte<\/li>\n<\/ul>\n<p>Zuhanden des Vorstandes und der Mitgliederversammlung bereitet der Leiter der FKH-Gesch\u00e4ftsstelle folgende Dokumente vor:<\/p>\n<ul>\n<li>Jahresrechnung<\/li>\n<li>Jahresziele<\/li>\n<li>Jahresbudget<\/li>\n<li>Antr\u00e4ge f\u00fcr Forschungsprojekte, die aus Drittmitteln finanziert werden sollen<\/li>\n<\/ul>\n<p><strong>Art.16<\/strong><br \/>\n<strong> Unterschriftsberechtigung<\/strong><\/p>\n<p>Die Unterschriftsberechtigten werden vom Vorstand bestimmt (Art.\u00a012). Sie f\u00fchren Kollek\u00adtivunterschrift zu zweien.<\/p>\n<p><strong>Art. 17<\/strong><br \/>\n<strong> Finanzielles<\/strong><\/p>\n<p>Die FKH strebt ausgeglichene Jahresergebnisse an. Die Einnahmen der FKH setzen sich zusam\u00admen aus:<\/p>\n<ul>\n<li>den Jahresbeitr\u00e4gen der Mitglieder<\/li>\n<li>allf\u00e4lligen ausserordentlichen Beitr\u00e4gen der Mitglieder<\/li>\n<li>den Einnahmen aus Auftragsarbeiten und Dienstleistungen<\/li>\n<li>besonderen freiwilligen Zuwendungen<\/li>\n<li>sonstigen Einnahmen aus der T\u00e4tigkeit der FKH<\/li>\n<li>Beitr\u00e4gen von Forschungsfonds<\/li>\n<\/ul>\n<p>Die Mitgliederbeitr\u00e4ge werden nach einem besonderen Schl\u00fcssel erhoben, abgestuft als Viel\u00adfaches einer Beitragseinheit, welche von der Mitgliederversammlung festgelegt wird. Die Ab\u00adstu\u00adfung geschieht entsprechend der Gr\u00f6sse und Bedeutung der Mitgliedunternehmung sowie nach dem Interesse, das die Unternehmung an den Aktivit\u00e4ten und Dienstleistungen der FKH hat.<\/p>\n<p>Dienstleistungen, Untersuchungen und Arbeiten der FKH werden nach Aufwand verrechnet. Barauslagen f\u00fcr Transport und Versicherung von Versuchseinrichtungen sowie Personalspesen werden dem Auftraggeber nach Aufwand ohne Zuschl\u00e4ge verrechnet.<\/p>\n<p>Mitglieder der FKH geniessen f\u00fcr die von ihnen erteilten Auftr\u00e4ge eine Erm\u00e4ssigung in der Form eines Mitgliederrabatts. Die H\u00f6he dieser Erm\u00e4ssigung wird vom Vorstand festgelegt.<\/p>\n<p>Die Rechnung der FKH wird j\u00e4hrlich durch die Kontrollstelle (Art.\u00a010) und durch eine Treu\u00adhandgesellschaft gepr\u00fcft. Die Bestimmung der Treuhandgesellschaft erfolgt durch den Vor\u00adstand.<\/p>\n<p><strong>Art. 18<\/strong><br \/>\n<strong> Aufl\u00f6sung<\/strong><\/p>\n<p>F\u00fcr die Beschlussfassung \u00fcber die Aufl\u00f6sung der FKH ist eine Zweidrittelmehrheit der FKH-Mitglieder erforderlich, wobei jedes Mitglied einfaches Stimmengewicht besitzt.<\/p>\n<p>Bei einer Aufl\u00f6sung der FKH (Art.\u00a08) beschliesst die Mitglieder\u00adver\u00adsammlung \u00fcber die Ver\u00adwendung des Verm\u00f6gens inklusive Inventar. Das Inventar der FKH soll in erster Linie den Eidgen\u00f6ssischen Technischen Hochschulen oder diesen nahestehenden Forschungsinstituten zufallen. Das \u00fcbrige Verm\u00f6gen soll einer steuerbefreiten Institution mit gleicher oder \u00e4hnlicher Zielsetzung zugewendet werden.<\/p>\n<p><strong>Art. 19<\/strong><br \/>\n<strong> Inkraftsetzung<\/strong><\/p>\n<p>Diese revidierten Statuten treten mit der Genehmigung der Mitgliederversammlung vom 14. Mai 2014 in Olten in Kraft. Alle bisherigen Fassungen sind damit ung\u00fcltig.<\/p>\n<p>Pr\u00e4sident: Dr. Thomas Aschwanden<\/p>\n<p>&nbsp;<\/p>\n<p><a href=\"https:\/\/fkh.ch\/wp-content\/uploads\/2018\/01\/Statuten_2014-05-14_unterzeichnet.pdf\">Statuts \u00e0 t\u00e9l\u00e9charger<\/a><\/p>\n","protected":false},"excerpt":{"rendered":"<p>pour la Fachkommission f\u00fcr Hochspannungsfragen (FKH) Commission d&rsquo;\u00e9tude des questions relatives \u00e0 la haute tension (CEH) 14. Mai 2014 Art. 1 Name und Sitz Unter dem Namen \u00ab\u00a0Fachkommission f\u00fcr Hochspannungsfragen (FKH)\u00a0\u00bb \u00ab\u00a0Commission d&rsquo;\u00e9tude des questions relatives \u00e0 la haute tension (CEH)\u00a0\u00bb besteht ein Verein im Sinne von Art. 60ff ZGB mit Sitz in Z\u00fcrich. Der [&hellip;]<\/p>\n","protected":false},"author":194,"featured_media":0,"parent":0,"menu_order":0,"comment_status":"closed","ping_status":"closed","template":"","meta":{"_acf_changed":false,"footnotes":""},"class_list":["post-4745","page","type-page","status-publish","hentry"],"acf":[],"yoast_head":"<!-- This site is optimized with the Yoast SEO plugin v27.2 - https:\/\/yoast.com\/product\/yoast-seo-wordpress\/ -->\n<title>Statuts - FKH<\/title>\n<meta name=\"robots\" content=\"index, follow, max-snippet:-1, max-image-preview:large, max-video-preview:-1\" \/>\n<link rel=\"canonical\" href=\"https:\/\/fkh.ch\/fr\/statuts\/\" \/>\n<meta property=\"og:locale\" content=\"fr_FR\" \/>\n<meta property=\"og:type\" content=\"article\" \/>\n<meta property=\"og:title\" content=\"Statuts - FKH\" \/>\n<meta property=\"og:description\" content=\"pour la Fachkommission f\u00fcr Hochspannungsfragen (FKH) Commission d&rsquo;\u00e9tude des questions relatives \u00e0 la haute tension (CEH) 14. Mai 2014 Art. 1 Name und Sitz Unter dem Namen \u00ab\u00a0Fachkommission f\u00fcr Hochspannungsfragen (FKH)\u00a0\u00bb \u00ab\u00a0Commission d&rsquo;\u00e9tude des questions relatives \u00e0 la haute tension (CEH)\u00a0\u00bb besteht ein Verein im Sinne von Art. 60ff ZGB mit Sitz in Z\u00fcrich. Der [&hellip;]\" \/>\n<meta property=\"og:url\" content=\"https:\/\/fkh.ch\/fr\/statuts\/\" \/>\n<meta property=\"og:site_name\" content=\"FKH\" \/>\n<meta property=\"article:modified_time\" content=\"2019-08-15T11:54:56+00:00\" \/>\n<meta name=\"twitter:label1\" content=\"Dur\u00e9e de lecture estim\u00e9e\" \/>\n\t<meta name=\"twitter:data1\" content=\"9 minutes\" \/>\n<script type=\"application\/ld+json\" class=\"yoast-schema-graph\">{\"@context\":\"https:\/\/schema.org\",\"@graph\":[{\"@type\":\"WebPage\",\"@id\":\"https:\/\/fkh.ch\/fr\/statuts\/\",\"url\":\"https:\/\/fkh.ch\/fr\/statuts\/\",\"name\":\"Statuts - FKH\",\"isPartOf\":{\"@id\":\"https:\/\/fkh.ch\/fr\/#website\"},\"datePublished\":\"2019-08-15T11:52:53+00:00\",\"dateModified\":\"2019-08-15T11:54:56+00:00\",\"breadcrumb\":{\"@id\":\"https:\/\/fkh.ch\/fr\/statuts\/#breadcrumb\"},\"inLanguage\":\"fr-FR\",\"potentialAction\":[{\"@type\":\"ReadAction\",\"target\":[\"https:\/\/fkh.ch\/fr\/statuts\/\"]}]},{\"@type\":\"BreadcrumbList\",\"@id\":\"https:\/\/fkh.ch\/fr\/statuts\/#breadcrumb\",\"itemListElement\":[{\"@type\":\"ListItem\",\"position\":1,\"name\":\"Startseite\",\"item\":\"https:\/\/fkh.ch\/fr\/\"},{\"@type\":\"ListItem\",\"position\":2,\"name\":\"Statuts\"}]},{\"@type\":\"WebSite\",\"@id\":\"https:\/\/fkh.ch\/fr\/#website\",\"url\":\"https:\/\/fkh.ch\/fr\/\",\"name\":\"FKH\",\"description\":\"Commission d'\u00e9tude des questions relatives \u00e0 la haute tension\",\"potentialAction\":[{\"@type\":\"SearchAction\",\"target\":{\"@type\":\"EntryPoint\",\"urlTemplate\":\"https:\/\/fkh.ch\/fr\/?s={search_term_string}\"},\"query-input\":{\"@type\":\"PropertyValueSpecification\",\"valueRequired\":true,\"valueName\":\"search_term_string\"}}],\"inLanguage\":\"fr-FR\"}]}<\/script>\n<!-- \/ Yoast SEO plugin. -->","yoast_head_json":{"title":"Statuts - FKH","robots":{"index":"index","follow":"follow","max-snippet":"max-snippet:-1","max-image-preview":"max-image-preview:large","max-video-preview":"max-video-preview:-1"},"canonical":"https:\/\/fkh.ch\/fr\/statuts\/","og_locale":"fr_FR","og_type":"article","og_title":"Statuts - FKH","og_description":"pour la Fachkommission f\u00fcr Hochspannungsfragen (FKH) Commission d&rsquo;\u00e9tude des questions relatives \u00e0 la haute tension (CEH) 14. Mai 2014 Art. 1 Name und Sitz Unter dem Namen \u00ab\u00a0Fachkommission f\u00fcr Hochspannungsfragen (FKH)\u00a0\u00bb \u00ab\u00a0Commission d&rsquo;\u00e9tude des questions relatives \u00e0 la haute tension (CEH)\u00a0\u00bb besteht ein Verein im Sinne von Art. 60ff ZGB mit Sitz in Z\u00fcrich. Der [&hellip;]","og_url":"https:\/\/fkh.ch\/fr\/statuts\/","og_site_name":"FKH","article_modified_time":"2019-08-15T11:54:56+00:00","twitter_misc":{"Dur\u00e9e de lecture estim\u00e9e":"9 minutes"},"schema":{"@context":"https:\/\/schema.org","@graph":[{"@type":"WebPage","@id":"https:\/\/fkh.ch\/fr\/statuts\/","url":"https:\/\/fkh.ch\/fr\/statuts\/","name":"Statuts - FKH","isPartOf":{"@id":"https:\/\/fkh.ch\/fr\/#website"},"datePublished":"2019-08-15T11:52:53+00:00","dateModified":"2019-08-15T11:54:56+00:00","breadcrumb":{"@id":"https:\/\/fkh.ch\/fr\/statuts\/#breadcrumb"},"inLanguage":"fr-FR","potentialAction":[{"@type":"ReadAction","target":["https:\/\/fkh.ch\/fr\/statuts\/"]}]},{"@type":"BreadcrumbList","@id":"https:\/\/fkh.ch\/fr\/statuts\/#breadcrumb","itemListElement":[{"@type":"ListItem","position":1,"name":"Startseite","item":"https:\/\/fkh.ch\/fr\/"},{"@type":"ListItem","position":2,"name":"Statuts"}]},{"@type":"WebSite","@id":"https:\/\/fkh.ch\/fr\/#website","url":"https:\/\/fkh.ch\/fr\/","name":"FKH","description":"Commission d'\u00e9tude des questions relatives \u00e0 la haute tension","potentialAction":[{"@type":"SearchAction","target":{"@type":"EntryPoint","urlTemplate":"https:\/\/fkh.ch\/fr\/?s={search_term_string}"},"query-input":{"@type":"PropertyValueSpecification","valueRequired":true,"valueName":"search_term_string"}}],"inLanguage":"fr-FR"}]}},"_links":{"self":[{"href":"https:\/\/fkh.ch\/fr\/wp-json\/wp\/v2\/pages\/4745","targetHints":{"allow":["GET"]}}],"collection":[{"href":"https:\/\/fkh.ch\/fr\/wp-json\/wp\/v2\/pages"}],"about":[{"href":"https:\/\/fkh.ch\/fr\/wp-json\/wp\/v2\/types\/page"}],"author":[{"embeddable":true,"href":"https:\/\/fkh.ch\/fr\/wp-json\/wp\/v2\/users\/194"}],"replies":[{"embeddable":true,"href":"https:\/\/fkh.ch\/fr\/wp-json\/wp\/v2\/comments?post=4745"}],"version-history":[{"count":2,"href":"https:\/\/fkh.ch\/fr\/wp-json\/wp\/v2\/pages\/4745\/revisions"}],"predecessor-version":[{"id":4748,"href":"https:\/\/fkh.ch\/fr\/wp-json\/wp\/v2\/pages\/4745\/revisions\/4748"}],"wp:attachment":[{"href":"https:\/\/fkh.ch\/fr\/wp-json\/wp\/v2\/media?parent=4745"}],"curies":[{"name":"wp","href":"https:\/\/api.w.org\/{rel}","templated":true}]}}