{"id":4775,"date":"2014-03-11T14:01:37","date_gmt":"2014-03-11T12:01:37","guid":{"rendered":"https:\/\/test.fkh.ch\/a-propos-de-nous\/vorstand\/"},"modified":"2025-06-04T14:16:21","modified_gmt":"2025-06-04T12:16:21","slug":"vorstand","status":"publish","type":"page","link":"https:\/\/fkh.ch\/fr\/a-propos-de-nous\/vorstand\/","title":{"rendered":"Comit\u00e9 directeur"},"content":{"rendered":"<p><strong><em>Pr\u00e9sident:<\/em><\/strong>\u00a0<em>\u00a0<\/em>\u00a0<strong><em><br \/>\n<\/em>Christian Lindner<br \/>\n<\/strong>Axpo Grid AG<\/p>\n<p><strong><em>Vice-Pr\u00e9sident:<\/em><\/strong>\u00a0<em>\u00a0<\/em>\u00a0<strong><em><br \/>\n<\/em>Adrian H\u00e4sler<br \/>\n<\/strong>Swissgrid AG<\/p>\n<p>&nbsp;<\/p>\n<p><em><strong>FKH Directeur:<br \/>\n<\/strong><\/em><strong>Dr. Michael Walter<\/strong><br \/>\nFachkommission f\u00fcr Hochspannungsfragen (FKH)<\/p>\n<p><strong><em>\u00a0<\/em><\/strong><\/p>\n<p><b>Membres<\/b><strong><em>:<\/em><\/strong>\u00a0<em>\u00a0<\/em><strong><br \/>\n<\/strong><\/p>\n<p><b>Dr. Bj\u00f6rn Avak<\/b><br \/>\nElectrosuisse<\/p>\n<p><strong>Yves-Andr\u00e9 Bagnoud<\/strong><br \/>\nService Industriels Lausanne (SIL)<\/p>\n<p><strong>Dr. J\u00fcrgen Bernauer<\/strong><br \/>\nPFIFFNER Group<\/p>\n<p><strong>Frank Brodbeck<\/strong><br \/>\nBrugg Kabel AG<\/p>\n<p><strong>Anja Burkhard<\/strong><br \/>\nHitachi Energy Ltd<\/p>\n<p><strong>Andri Casura<\/strong><br \/>\nElektrizit\u00e4tswerk der Stadt Z\u00fcrich (EWZ)<\/p>\n<p><strong>Andreas Degen<\/strong><br \/>\nVerband Schweizerischer Elektrizit\u00e4tswerke (VSE)<\/p>\n<p><strong>Prof. Dr. Drazen Dujic<\/strong><br \/>\nSwiss Federal Institute of Technology Power Electronics Laboratory, Lausanne<\/p>\n<p><strong>Prof. Dr. Christian Franck<\/strong><br \/>\nEidgen\u00f6ssische Technische Hochschule Z\u00fcrich (ETHZ)<\/p>\n<p><strong>Daniel Riesen<br \/>\n<\/strong>BKW Energie AG<strong><br \/>\n<\/strong><\/p>\n<p><strong>Prof. Dominique Rolle<br \/>\n<\/strong>Ecole d&rsquo;ing\u00e9nieurs et d&rsquo;architectes de Fribourg<\/p>\n<p><strong>Ren\u00e9 Vollenwyder<br \/>\n<\/strong>Schweizerische Bundesbahnen, Energie Systemdesign (SBB)<\/p>\n<p>&nbsp;<\/p>\n<p><strong>\u00a0<\/strong><\/p>\n<p align=\"JUSTIFY\"><sup><strong>\u00a0<\/strong><\/sup><\/p>\n","protected":false},"excerpt":{"rendered":"<p>Pr\u00e9sident:\u00a0\u00a0\u00a0 Christian Lindner Axpo Grid AG Vice-Pr\u00e9sident:\u00a0\u00a0\u00a0 Adrian H\u00e4sler Swissgrid AG &nbsp; FKH Directeur: Dr. Michael Walter Fachkommission f\u00fcr Hochspannungsfragen (FKH) \u00a0 Membres:\u00a0\u00a0 Dr. Bj\u00f6rn Avak Electrosuisse Yves-Andr\u00e9 Bagnoud Service Industriels Lausanne (SIL) Dr. J\u00fcrgen Bernauer PFIFFNER Group Frank Brodbeck Brugg Kabel AG Anja Burkhard Hitachi Energy Ltd Andri Casura Elektrizit\u00e4tswerk der Stadt Z\u00fcrich (EWZ) [&hellip;]<\/p>\n","protected":false},"author":198,"featured_media":0,"parent":2749,"menu_order":30,"comment_status":"open","ping_status":"open","template":"","meta":{"_acf_changed":false,"footnotes":""},"class_list":["post-4775","page","type-page","status-publish","hentry"],"acf":[],"yoast_head":"<!-- This site is optimized with the Yoast SEO plugin v27.2 - https:\/\/yoast.com\/product\/yoast-seo-wordpress\/ -->\n<title>Comit\u00e9 directeur - FKH<\/title>\n<meta name=\"robots\" content=\"index, follow, max-snippet:-1, max-image-preview:large, max-video-preview:-1\" \/>\n<link rel=\"canonical\" href=\"https:\/\/fkh.ch\/fr\/a-propos-de-nous\/vorstand\/\" \/>\n<meta property=\"og:locale\" content=\"fr_FR\" \/>\n<meta property=\"og:type\" content=\"article\" \/>\n<meta property=\"og:title\" content=\"Comit\u00e9 directeur - FKH\" \/>\n<meta property=\"og:description\" content=\"Pr\u00e9sident:\u00a0\u00a0\u00a0 Christian Lindner Axpo Grid AG Vice-Pr\u00e9sident:\u00a0\u00a0\u00a0 Adrian H\u00e4sler Swissgrid AG &nbsp; FKH Directeur: Dr. Michael Walter Fachkommission f\u00fcr Hochspannungsfragen (FKH) \u00a0 Membres:\u00a0\u00a0 Dr. Bj\u00f6rn Avak Electrosuisse Yves-Andr\u00e9 Bagnoud Service Industriels Lausanne (SIL) Dr. J\u00fcrgen Bernauer PFIFFNER Group Frank Brodbeck Brugg Kabel AG Anja Burkhard Hitachi Energy Ltd Andri Casura Elektrizit\u00e4tswerk der Stadt Z\u00fcrich (EWZ) [&hellip;]\" \/>\n<meta property=\"og:url\" content=\"https:\/\/fkh.ch\/fr\/a-propos-de-nous\/vorstand\/\" \/>\n<meta property=\"og:site_name\" content=\"FKH\" \/>\n<meta property=\"article:modified_time\" content=\"2025-06-04T12:16:21+00:00\" \/>\n<meta name=\"twitter:label1\" content=\"Dur\u00e9e de lecture estim\u00e9e\" \/>\n\t<meta name=\"twitter:data1\" content=\"1 minute\" \/>\n<script type=\"application\/ld+json\" class=\"yoast-schema-graph\">{\"@context\":\"https:\/\/schema.org\",\"@graph\":[{\"@type\":\"WebPage\",\"@id\":\"https:\/\/fkh.ch\/fr\/a-propos-de-nous\/vorstand\/\",\"url\":\"https:\/\/fkh.ch\/fr\/a-propos-de-nous\/vorstand\/\",\"name\":\"Comit\u00e9 directeur - FKH\",\"isPartOf\":{\"@id\":\"https:\/\/fkh.ch\/fr\/#website\"},\"datePublished\":\"2014-03-11T12:01:37+00:00\",\"dateModified\":\"2025-06-04T12:16:21+00:00\",\"breadcrumb\":{\"@id\":\"https:\/\/fkh.ch\/fr\/a-propos-de-nous\/vorstand\/#breadcrumb\"},\"inLanguage\":\"fr-FR\",\"potentialAction\":[{\"@type\":\"ReadAction\",\"target\":[\"https:\/\/fkh.ch\/fr\/a-propos-de-nous\/vorstand\/\"]}]},{\"@type\":\"BreadcrumbList\",\"@id\":\"https:\/\/fkh.ch\/fr\/a-propos-de-nous\/vorstand\/#breadcrumb\",\"itemListElement\":[{\"@type\":\"ListItem\",\"position\":1,\"name\":\"Startseite\",\"item\":\"https:\/\/fkh.ch\/fr\/\"},{\"@type\":\"ListItem\",\"position\":2,\"name\":\"A propos de FKH\",\"item\":\"https:\/\/fkh.ch\/fr\/a-propos-de-nous\/\"},{\"@type\":\"ListItem\",\"position\":3,\"name\":\"Comit\u00e9 directeur\"}]},{\"@type\":\"WebSite\",\"@id\":\"https:\/\/fkh.ch\/fr\/#website\",\"url\":\"https:\/\/fkh.ch\/fr\/\",\"name\":\"FKH\",\"description\":\"Commission d'\u00e9tude des questions relatives \u00e0 la haute tension\",\"potentialAction\":[{\"@type\":\"SearchAction\",\"target\":{\"@type\":\"EntryPoint\",\"urlTemplate\":\"https:\/\/fkh.ch\/fr\/?s={search_term_string}\"},\"query-input\":{\"@type\":\"PropertyValueSpecification\",\"valueRequired\":true,\"valueName\":\"search_term_string\"}}],\"inLanguage\":\"fr-FR\"}]}<\/script>\n<!-- \/ Yoast SEO plugin. -->","yoast_head_json":{"title":"Comit\u00e9 directeur - FKH","robots":{"index":"index","follow":"follow","max-snippet":"max-snippet:-1","max-image-preview":"max-image-preview:large","max-video-preview":"max-video-preview:-1"},"canonical":"https:\/\/fkh.ch\/fr\/a-propos-de-nous\/vorstand\/","og_locale":"fr_FR","og_type":"article","og_title":"Comit\u00e9 directeur - FKH","og_description":"Pr\u00e9sident:\u00a0\u00a0\u00a0 Christian Lindner Axpo Grid AG Vice-Pr\u00e9sident:\u00a0\u00a0\u00a0 Adrian H\u00e4sler Swissgrid AG &nbsp; FKH Directeur: Dr. Michael Walter Fachkommission f\u00fcr Hochspannungsfragen (FKH) \u00a0 Membres:\u00a0\u00a0 Dr. Bj\u00f6rn Avak Electrosuisse Yves-Andr\u00e9 Bagnoud Service Industriels Lausanne (SIL) Dr. J\u00fcrgen Bernauer PFIFFNER Group Frank Brodbeck Brugg Kabel AG Anja Burkhard Hitachi Energy Ltd Andri Casura Elektrizit\u00e4tswerk der Stadt Z\u00fcrich (EWZ) [&hellip;]","og_url":"https:\/\/fkh.ch\/fr\/a-propos-de-nous\/vorstand\/","og_site_name":"FKH","article_modified_time":"2025-06-04T12:16:21+00:00","twitter_misc":{"Dur\u00e9e de lecture estim\u00e9e":"1 minute"},"schema":{"@context":"https:\/\/schema.org","@graph":[{"@type":"WebPage","@id":"https:\/\/fkh.ch\/fr\/a-propos-de-nous\/vorstand\/","url":"https:\/\/fkh.ch\/fr\/a-propos-de-nous\/vorstand\/","name":"Comit\u00e9 directeur - FKH","isPartOf":{"@id":"https:\/\/fkh.ch\/fr\/#website"},"datePublished":"2014-03-11T12:01:37+00:00","dateModified":"2025-06-04T12:16:21+00:00","breadcrumb":{"@id":"https:\/\/fkh.ch\/fr\/a-propos-de-nous\/vorstand\/#breadcrumb"},"inLanguage":"fr-FR","potentialAction":[{"@type":"ReadAction","target":["https:\/\/fkh.ch\/fr\/a-propos-de-nous\/vorstand\/"]}]},{"@type":"BreadcrumbList","@id":"https:\/\/fkh.ch\/fr\/a-propos-de-nous\/vorstand\/#breadcrumb","itemListElement":[{"@type":"ListItem","position":1,"name":"Startseite","item":"https:\/\/fkh.ch\/fr\/"},{"@type":"ListItem","position":2,"name":"A propos de FKH","item":"https:\/\/fkh.ch\/fr\/a-propos-de-nous\/"},{"@type":"ListItem","position":3,"name":"Comit\u00e9 directeur"}]},{"@type":"WebSite","@id":"https:\/\/fkh.ch\/fr\/#website","url":"https:\/\/fkh.ch\/fr\/","name":"FKH","description":"Commission d'\u00e9tude des questions relatives \u00e0 la haute tension","potentialAction":[{"@type":"SearchAction","target":{"@type":"EntryPoint","urlTemplate":"https:\/\/fkh.ch\/fr\/?s={search_term_string}"},"query-input":{"@type":"PropertyValueSpecification","valueRequired":true,"valueName":"search_term_string"}}],"inLanguage":"fr-FR"}]}},"_links":{"self":[{"href":"https:\/\/fkh.ch\/fr\/wp-json\/wp\/v2\/pages\/4775","targetHints":{"allow":["GET"]}}],"collection":[{"href":"https:\/\/fkh.ch\/fr\/wp-json\/wp\/v2\/pages"}],"about":[{"href":"https:\/\/fkh.ch\/fr\/wp-json\/wp\/v2\/types\/page"}],"author":[{"embeddable":true,"href":"https:\/\/fkh.ch\/fr\/wp-json\/wp\/v2\/users\/198"}],"replies":[{"embeddable":true,"href":"https:\/\/fkh.ch\/fr\/wp-json\/wp\/v2\/comments?post=4775"}],"version-history":[{"count":12,"href":"https:\/\/fkh.ch\/fr\/wp-json\/wp\/v2\/pages\/4775\/revisions"}],"predecessor-version":[{"id":7467,"href":"https:\/\/fkh.ch\/fr\/wp-json\/wp\/v2\/pages\/4775\/revisions\/7467"}],"up":[{"embeddable":true,"href":"https:\/\/fkh.ch\/fr\/wp-json\/wp\/v2\/pages\/2749"}],"wp:attachment":[{"href":"https:\/\/fkh.ch\/fr\/wp-json\/wp\/v2\/media?parent=4775"}],"curies":[{"name":"wp","href":"https:\/\/api.w.org\/{rel}","templated":true}]}}