{"id":4785,"date":"2014-03-11T13:55:17","date_gmt":"2014-03-11T11:55:17","guid":{"rendered":"https:\/\/test.fkh.ch\/a-propos-de-nous\/mitgliedschaft\/"},"modified":"2024-04-03T16:04:15","modified_gmt":"2024-04-03T14:04:15","slug":"mitgliedschaft","status":"publish","type":"page","link":"https:\/\/fkh.ch\/fr\/a-propos-de-nous\/mitgliedschaft\/","title":{"rendered":"Affiliation et membre"},"content":{"rendered":"<p>La FKH est une association comprenant des membres en Suisse et \u00e0 l\u2019\u00e9tranger. Ils se r\u00e9partissent comme expos\u00e9 ci-dessous:<\/p>\n<p><a href=\"https:\/\/fkh.ch\/wp-content\/uploads\/2019\/08\/Zusammensetzung-Mitglieder.png\"><img loading=\"lazy\" decoding=\"async\" class=\"aligncenter wp-image-4787 size-medium\" src=\"https:\/\/fkh.ch\/wp-content\/uploads\/2019\/08\/Zusammensetzung-Mitglieder.png\" alt=\"\" width=\"300\" height=\"167\" srcset=\"https:\/\/fkh.ch\/wp-content\/uploads\/2019\/08\/Zusammensetzung-Mitglieder.png 1159w, https:\/\/fkh.ch\/wp-content\/uploads\/2019\/08\/Zusammensetzung-Mitglieder-300x167.png 300w, https:\/\/fkh.ch\/wp-content\/uploads\/2019\/08\/Zusammensetzung-Mitglieder-768x428.png 768w, https:\/\/fkh.ch\/wp-content\/uploads\/2019\/08\/Zusammensetzung-Mitglieder-1024x571.png 1024w\" sizes=\"auto, (max-width: 300px) 100vw, 300px\" \/><\/a><\/p>\n<p>Vous trouverez une liste de nos membres actuels sous le lien suivant<\/p>\n<p><a href=\"https:\/\/fkh.ch\/fr\/a-propos-de-nous\/mitgliedschaft\/mitglieder\/\"><b>Liste des membres<\/b><\/a><\/p>\n<p>Les membres de la FKH b\u00e9n\u00e9ficient des avantages suivants:<\/p>\n<ul>\n<li>R\u00e9duction pour les membres sur les activit\u00e9s de la FKH comme les essais et les expertises.<\/li>\n<li>Promotion des connaissances techniques dans le domaine de l\u2019ing\u00e9nierie haute-tension et des disciplines connexes.<\/li>\n<li>Remise d\u2019informations d\u2019experts aux membres.<\/li>\n<li>Acc\u00e8s \u00e0 une vaste litt\u00e9rature et collection de normes dans le domaine de la haute-tension.<\/li>\n<li>Organisation et mise en \u0153uvre d\u2019\u00e9v\u00e9nements portant sur les techniques et de formations avec des tarifs avantageux pour les employ\u00e9s des entreprises membres.<\/li>\n<li>D\u00e9veloppement de m\u00e9thodes d\u2019essai haute-tension et r\u00e9alisation de projets de recherche. Les r\u00e9sultats sont mis \u00e0 la disposition des membres.<\/li>\n<li>Promotion des jeunes talents gr\u00e2ce \u00e0 une coop\u00e9ration avec les hautes \u00e9coles de Suisse.<\/li>\n<li>La FKH met \u00e0 disposition un forum pour l\u2019\u00e9tablissement de contacts techniques et commerciaux dans le secteur de l\u2019industrie.<\/li>\n<\/ul>\n<p>Le montant de la cotisation annuelle d\u2019une entreprise \u00e0 la FKH d\u00e9pend du nombre de voix chez \u00c9lectrosuisse.<br \/>\nLa cotisation minimale est de deux unit\u00e9s de contribution \u00e0 CHF\u00a01300.-. En cas d\u2019int\u00e9r\u00eat, nous vous ferons parvenir les dispositions g\u00e9n\u00e9rales pour les cotisations des membres.<\/p>\n<p><a href=\"https:\/\/fkh.ch\/fr\/kontakt\/kontaktformular\/\">Formulaire de contact<\/a><\/p>\n","protected":false},"excerpt":{"rendered":"<p>La FKH est une association comprenant des membres en Suisse et \u00e0 l\u2019\u00e9tranger. Ils se r\u00e9partissent comme expos\u00e9 ci-dessous: Vous trouverez une liste de nos membres actuels sous le lien suivant Liste des membres Les membres de la FKH b\u00e9n\u00e9ficient des avantages suivants: R\u00e9duction pour les membres sur les activit\u00e9s de la FKH comme les [&hellip;]<\/p>\n","protected":false},"author":267,"featured_media":0,"parent":2749,"menu_order":40,"comment_status":"open","ping_status":"open","template":"","meta":{"_acf_changed":false,"footnotes":""},"class_list":["post-4785","page","type-page","status-publish","hentry"],"acf":[],"yoast_head":"<!-- This site is optimized with the Yoast SEO plugin v27.2 - https:\/\/yoast.com\/product\/yoast-seo-wordpress\/ -->\n<title>Affiliation et membre - FKH<\/title>\n<meta name=\"robots\" content=\"index, follow, max-snippet:-1, max-image-preview:large, max-video-preview:-1\" \/>\n<link rel=\"canonical\" href=\"https:\/\/fkh.ch\/fr\/a-propos-de-nous\/mitgliedschaft\/\" \/>\n<meta property=\"og:locale\" content=\"fr_FR\" \/>\n<meta property=\"og:type\" content=\"article\" \/>\n<meta property=\"og:title\" content=\"Affiliation et membre - FKH\" \/>\n<meta property=\"og:description\" content=\"La FKH est une association comprenant des membres en Suisse et \u00e0 l\u2019\u00e9tranger. Ils se r\u00e9partissent comme expos\u00e9 ci-dessous: Vous trouverez une liste de nos membres actuels sous le lien suivant Liste des membres Les membres de la FKH b\u00e9n\u00e9ficient des avantages suivants: R\u00e9duction pour les membres sur les activit\u00e9s de la FKH comme les [&hellip;]\" \/>\n<meta property=\"og:url\" content=\"https:\/\/fkh.ch\/fr\/a-propos-de-nous\/mitgliedschaft\/\" \/>\n<meta property=\"og:site_name\" content=\"FKH\" \/>\n<meta property=\"article:modified_time\" content=\"2024-04-03T14:04:15+00:00\" \/>\n<meta property=\"og:image\" content=\"https:\/\/fkh.ch\/wp-content\/uploads\/2019\/08\/Zusammensetzung-Mitglieder.png\" \/>\n<meta name=\"twitter:label1\" content=\"Dur\u00e9e de lecture estim\u00e9e\" \/>\n\t<meta name=\"twitter:data1\" content=\"2 minutes\" \/>\n<script type=\"application\/ld+json\" class=\"yoast-schema-graph\">{\"@context\":\"https:\/\/schema.org\",\"@graph\":[{\"@type\":\"WebPage\",\"@id\":\"https:\/\/fkh.ch\/fr\/a-propos-de-nous\/mitgliedschaft\/\",\"url\":\"https:\/\/fkh.ch\/fr\/a-propos-de-nous\/mitgliedschaft\/\",\"name\":\"Affiliation et membre - FKH\",\"isPartOf\":{\"@id\":\"https:\/\/fkh.ch\/fr\/#website\"},\"primaryImageOfPage\":{\"@id\":\"https:\/\/fkh.ch\/fr\/a-propos-de-nous\/mitgliedschaft\/#primaryimage\"},\"image\":{\"@id\":\"https:\/\/fkh.ch\/fr\/a-propos-de-nous\/mitgliedschaft\/#primaryimage\"},\"thumbnailUrl\":\"https:\/\/fkh.ch\/wp-content\/uploads\/2019\/08\/Zusammensetzung-Mitglieder.png\",\"datePublished\":\"2014-03-11T11:55:17+00:00\",\"dateModified\":\"2024-04-03T14:04:15+00:00\",\"breadcrumb\":{\"@id\":\"https:\/\/fkh.ch\/fr\/a-propos-de-nous\/mitgliedschaft\/#breadcrumb\"},\"inLanguage\":\"fr-FR\",\"potentialAction\":[{\"@type\":\"ReadAction\",\"target\":[\"https:\/\/fkh.ch\/fr\/a-propos-de-nous\/mitgliedschaft\/\"]}]},{\"@type\":\"ImageObject\",\"inLanguage\":\"fr-FR\",\"@id\":\"https:\/\/fkh.ch\/fr\/a-propos-de-nous\/mitgliedschaft\/#primaryimage\",\"url\":\"https:\/\/fkh.ch\/wp-content\/uploads\/2019\/08\/Zusammensetzung-Mitglieder.png\",\"contentUrl\":\"https:\/\/fkh.ch\/wp-content\/uploads\/2019\/08\/Zusammensetzung-Mitglieder.png\"},{\"@type\":\"BreadcrumbList\",\"@id\":\"https:\/\/fkh.ch\/fr\/a-propos-de-nous\/mitgliedschaft\/#breadcrumb\",\"itemListElement\":[{\"@type\":\"ListItem\",\"position\":1,\"name\":\"Startseite\",\"item\":\"https:\/\/fkh.ch\/fr\/\"},{\"@type\":\"ListItem\",\"position\":2,\"name\":\"A propos de FKH\",\"item\":\"https:\/\/fkh.ch\/fr\/a-propos-de-nous\/\"},{\"@type\":\"ListItem\",\"position\":3,\"name\":\"Affiliation et membre\"}]},{\"@type\":\"WebSite\",\"@id\":\"https:\/\/fkh.ch\/fr\/#website\",\"url\":\"https:\/\/fkh.ch\/fr\/\",\"name\":\"FKH\",\"description\":\"Commission d'\u00e9tude des questions relatives \u00e0 la haute tension\",\"potentialAction\":[{\"@type\":\"SearchAction\",\"target\":{\"@type\":\"EntryPoint\",\"urlTemplate\":\"https:\/\/fkh.ch\/fr\/?s={search_term_string}\"},\"query-input\":{\"@type\":\"PropertyValueSpecification\",\"valueRequired\":true,\"valueName\":\"search_term_string\"}}],\"inLanguage\":\"fr-FR\"}]}<\/script>\n<!-- \/ Yoast SEO plugin. -->","yoast_head_json":{"title":"Affiliation et membre - FKH","robots":{"index":"index","follow":"follow","max-snippet":"max-snippet:-1","max-image-preview":"max-image-preview:large","max-video-preview":"max-video-preview:-1"},"canonical":"https:\/\/fkh.ch\/fr\/a-propos-de-nous\/mitgliedschaft\/","og_locale":"fr_FR","og_type":"article","og_title":"Affiliation et membre - FKH","og_description":"La FKH est une association comprenant des membres en Suisse et \u00e0 l\u2019\u00e9tranger. Ils se r\u00e9partissent comme expos\u00e9 ci-dessous: Vous trouverez une liste de nos membres actuels sous le lien suivant Liste des membres Les membres de la FKH b\u00e9n\u00e9ficient des avantages suivants: R\u00e9duction pour les membres sur les activit\u00e9s de la FKH comme les [&hellip;]","og_url":"https:\/\/fkh.ch\/fr\/a-propos-de-nous\/mitgliedschaft\/","og_site_name":"FKH","article_modified_time":"2024-04-03T14:04:15+00:00","og_image":[{"url":"https:\/\/fkh.ch\/wp-content\/uploads\/2019\/08\/Zusammensetzung-Mitglieder.png","type":"","width":"","height":""}],"twitter_misc":{"Dur\u00e9e de lecture estim\u00e9e":"2 minutes"},"schema":{"@context":"https:\/\/schema.org","@graph":[{"@type":"WebPage","@id":"https:\/\/fkh.ch\/fr\/a-propos-de-nous\/mitgliedschaft\/","url":"https:\/\/fkh.ch\/fr\/a-propos-de-nous\/mitgliedschaft\/","name":"Affiliation et membre - FKH","isPartOf":{"@id":"https:\/\/fkh.ch\/fr\/#website"},"primaryImageOfPage":{"@id":"https:\/\/fkh.ch\/fr\/a-propos-de-nous\/mitgliedschaft\/#primaryimage"},"image":{"@id":"https:\/\/fkh.ch\/fr\/a-propos-de-nous\/mitgliedschaft\/#primaryimage"},"thumbnailUrl":"https:\/\/fkh.ch\/wp-content\/uploads\/2019\/08\/Zusammensetzung-Mitglieder.png","datePublished":"2014-03-11T11:55:17+00:00","dateModified":"2024-04-03T14:04:15+00:00","breadcrumb":{"@id":"https:\/\/fkh.ch\/fr\/a-propos-de-nous\/mitgliedschaft\/#breadcrumb"},"inLanguage":"fr-FR","potentialAction":[{"@type":"ReadAction","target":["https:\/\/fkh.ch\/fr\/a-propos-de-nous\/mitgliedschaft\/"]}]},{"@type":"ImageObject","inLanguage":"fr-FR","@id":"https:\/\/fkh.ch\/fr\/a-propos-de-nous\/mitgliedschaft\/#primaryimage","url":"https:\/\/fkh.ch\/wp-content\/uploads\/2019\/08\/Zusammensetzung-Mitglieder.png","contentUrl":"https:\/\/fkh.ch\/wp-content\/uploads\/2019\/08\/Zusammensetzung-Mitglieder.png"},{"@type":"BreadcrumbList","@id":"https:\/\/fkh.ch\/fr\/a-propos-de-nous\/mitgliedschaft\/#breadcrumb","itemListElement":[{"@type":"ListItem","position":1,"name":"Startseite","item":"https:\/\/fkh.ch\/fr\/"},{"@type":"ListItem","position":2,"name":"A propos de FKH","item":"https:\/\/fkh.ch\/fr\/a-propos-de-nous\/"},{"@type":"ListItem","position":3,"name":"Affiliation et membre"}]},{"@type":"WebSite","@id":"https:\/\/fkh.ch\/fr\/#website","url":"https:\/\/fkh.ch\/fr\/","name":"FKH","description":"Commission d'\u00e9tude des questions relatives \u00e0 la haute tension","potentialAction":[{"@type":"SearchAction","target":{"@type":"EntryPoint","urlTemplate":"https:\/\/fkh.ch\/fr\/?s={search_term_string}"},"query-input":{"@type":"PropertyValueSpecification","valueRequired":true,"valueName":"search_term_string"}}],"inLanguage":"fr-FR"}]}},"_links":{"self":[{"href":"https:\/\/fkh.ch\/fr\/wp-json\/wp\/v2\/pages\/4785","targetHints":{"allow":["GET"]}}],"collection":[{"href":"https:\/\/fkh.ch\/fr\/wp-json\/wp\/v2\/pages"}],"about":[{"href":"https:\/\/fkh.ch\/fr\/wp-json\/wp\/v2\/types\/page"}],"author":[{"embeddable":true,"href":"https:\/\/fkh.ch\/fr\/wp-json\/wp\/v2\/users\/267"}],"replies":[{"embeddable":true,"href":"https:\/\/fkh.ch\/fr\/wp-json\/wp\/v2\/comments?post=4785"}],"version-history":[{"count":5,"href":"https:\/\/fkh.ch\/fr\/wp-json\/wp\/v2\/pages\/4785\/revisions"}],"predecessor-version":[{"id":7104,"href":"https:\/\/fkh.ch\/fr\/wp-json\/wp\/v2\/pages\/4785\/revisions\/7104"}],"up":[{"embeddable":true,"href":"https:\/\/fkh.ch\/fr\/wp-json\/wp\/v2\/pages\/2749"}],"wp:attachment":[{"href":"https:\/\/fkh.ch\/fr\/wp-json\/wp\/v2\/media?parent=4785"}],"curies":[{"name":"wp","href":"https:\/\/api.w.org\/{rel}","templated":true}]}}