{"id":4859,"date":"2014-03-13T15:33:09","date_gmt":"2014-03-13T13:33:09","guid":{"rendered":"https:\/\/test.fkh.ch\/a-propos-de-nous\/geschichte\/"},"modified":"2019-08-16T15:24:58","modified_gmt":"2019-08-16T13:24:58","slug":"geschichte","status":"publish","type":"page","link":"https:\/\/fkh.ch\/fr\/a-propos-de-nous\/geschichte\/","title":{"rendered":"Historique"},"content":{"rendered":"<h2><strong>Les d\u00e9buts, 1937 &#8211; 1946<\/strong><\/h2>\n<p><a href=\"https:\/\/fkh.ch\/wp-content\/uploads\/2014\/06\/Geschichte01.jpg\"><img loading=\"lazy\" decoding=\"async\" class=\"wp-image-1170 alignright\" src=\"https:\/\/fkh.ch\/wp-content\/uploads\/2014\/06\/Geschichte01.jpg\" alt=\"Geschichte01\" width=\"222\" height=\"300\" srcset=\"https:\/\/fkh.ch\/wp-content\/uploads\/2014\/06\/Geschichte01.jpg 1401w, https:\/\/fkh.ch\/wp-content\/uploads\/2014\/06\/Geschichte01-223x300.jpg 223w, https:\/\/fkh.ch\/wp-content\/uploads\/2014\/06\/Geschichte01-768x1033.jpg 768w, https:\/\/fkh.ch\/wp-content\/uploads\/2014\/06\/Geschichte01-761x1024.jpg 761w\" sizes=\"auto, (max-width: 222px) 100vw, 222px\" \/><\/a>La FKH est fond\u00e9e le 4 mai 1937 comme \u00ab\u00a0Commission d\u2019\u00e9tude de l\u2019ASE et de l\u2019UCS des questions relatives \u00e0 la haute tension\u00a0\u00bb lors d\u2019une s\u00e9ance constitutive r\u00e9unissant 45 entreprises du secteur des centrales \u00e9lectriques, de l\u2019industrie \u00e9lectrique et des chemins de fer.<br \/>\nCette association sp\u00e9cialis\u00e9e a pour vocation d\u2019examiner les surtensions atmosph\u00e9riques et les moyens de prot\u00e9ger les composants du r\u00e9seau contre la foudre. Le premier directeur g\u00e9rant (autrefois directeur des essais) choisi pour cette mission est le Dr. Karl Berger qui a \u00e9t\u00e9 charg\u00e9 depuis d\u00e9j\u00e0 1926 par l\u2019Association suisse des \u00e9lectriciens (aujourd\u2019hui Electrosuisse) de mesurer les surtensions et courants impulsionnels dus \u00e0 la foudre dans les lignes a\u00e9riennes et cat\u00e9naires avec un instrument unique \u00e0 cette \u00e9poque, un oscilloscope \u00e0 cathode froide.<\/p>\n<p>Les premi\u00e8res mesures de ce type sont effectu\u00e9es sur la Forchbahn, un train de banlieue de Zurich. Pour pouvoir enregistrer les surtensions transitoires provoqu\u00e9es par la foudre dans d\u2019autres endroits de la Suisse, le Dr. Berger se voit attribuer deux wagons des CFF alors hors service qui lui servent de laboratoire de mesure ainsi que de domicile mobile.<\/p>\n<p>&nbsp;<\/p>\n<h2><strong>Station de mesure de la foudre sur le <a href=\"https:\/\/fkh.ch\/wp-content\/uploads\/2014\/06\/Geschichte02.png\"><img loading=\"lazy\" decoding=\"async\" class=\"size-medium wp-image-1171 alignleft\" src=\"https:\/\/fkh.ch\/wp-content\/uploads\/2014\/06\/Geschichte02.png\" alt=\"Geschichte02\" width=\"300\" height=\"214\" srcset=\"https:\/\/fkh.ch\/wp-content\/uploads\/2014\/06\/Geschichte02.png 1334w, https:\/\/fkh.ch\/wp-content\/uploads\/2014\/06\/Geschichte02-300x214.png 300w, https:\/\/fkh.ch\/wp-content\/uploads\/2014\/06\/Geschichte02-768x548.png 768w, https:\/\/fkh.ch\/wp-content\/uploads\/2014\/06\/Geschichte02-1024x731.png 1024w\" sizes=\"auto, (max-width: 300px) 100vw, 300px\" \/><\/a>San Salvatore, 1943 \u2013 1971<\/strong><\/h2>\n<p>Sur le Mont San Salvatore de la r\u00e9gion de Lugano (Tessin), point de chute privil\u00e9gi\u00e9 de la foudre, est \u00e9rig\u00e9e en 1943 une tour exp\u00e9rimentale permettant de mesurer les courants de foudre \u00e0 l\u2019aide d\u2019oscilloscopes \u00e0 boucle et de nouveaux oscilloscopes \u00e0 large bande. Avec la construction en 1950 d\u2019une deuxi\u00e8me tour de mesure de la foudre et des cam\u00e9ras sp\u00e9ciales \u00e0 balayage de fente (dites streak cameras), il devient \u00e9galement possible d\u2019examiner la progression par bonds de la lumi\u00e8re visible des \u00e9clairs. R\u00e9guli\u00e8rement publi\u00e9s, tous ces r\u00e9sultats jouent un r\u00f4le essentiel dans la compr\u00e9hension des impacts de la foudre, dans l\u2019\u00e9laboration des normes sur la protection contre la foudre et dans la coordination de l\u2019isolement des r\u00e9seaux de transport d\u2019\u00e9nergie.<br \/>\nEn1948, Karl Berger se voit confier \u00e0 l\u2019\u00c9cole polytechnique f\u00e9d\u00e9rale (ETH) la chaire de professeur associ\u00e9 nouvellement cr\u00e9\u00e9e pour les technologies \u00e0 haute tension. Responsable de la gestion et des essais \u00e0 la FKH, il dirige \u00e9galement la chaire et travaille dans le laboratoire haute tension de l\u2019ETH jusqu\u2019en 1969.<\/p>\n<h2><strong>D\u00e9veloppement des tests r\u00e9alis\u00e9s pour les clients dans les ann\u00e9es 70 et 80<a href=\"https:\/\/fkh.ch\/wp-content\/uploads\/2014\/06\/Geschichte03.jpg\"><img loading=\"lazy\" decoding=\"async\" class=\"size-medium wp-image-1172 alignright\" src=\"https:\/\/fkh.ch\/wp-content\/uploads\/2014\/06\/Geschichte03.jpg\" alt=\"Geschichte03\" width=\"300\" height=\"195\" srcset=\"https:\/\/fkh.ch\/wp-content\/uploads\/2014\/06\/Geschichte03.jpg 1119w, https:\/\/fkh.ch\/wp-content\/uploads\/2014\/06\/Geschichte03-300x195.jpg 300w, https:\/\/fkh.ch\/wp-content\/uploads\/2014\/06\/Geschichte03-768x500.jpg 768w, https:\/\/fkh.ch\/wp-content\/uploads\/2014\/06\/Geschichte03-1024x667.jpg 1024w, https:\/\/fkh.ch\/wp-content\/uploads\/2014\/06\/Geschichte03-230x150.jpg 230w\" sizes=\"auto, (max-width: 300px) 100vw, 300px\" \/><\/a><\/strong><\/h2>\n<p>D\u00e8s sa fondation, la FKH s\u2019attache non seulement \u00e0 la recherche sur la foudre et aux essais de r\u00e9seaux mais \u00e9tend aussi son activit\u00e9 \u00e0 la r\u00e9alisation de tests requis par les fabricants d\u2019appareils haute tension alors en plein d\u00e9veloppement. Dans les ann\u00e9es 70, ses principales missions portent sur le pic de tension et la tension alternative dans la station d\u2019essai de D\u00e4niken.<\/p>\n<p>Walter Zaengl, qui dirige alors le nouveau groupe des Technologies \u00e0 haute tension de l\u2019ETH en succession du professeur Berger, permet \u00e0 la FKH de franchir une \u00e9tape importante en concevant une nouvelle solution qui facilite la r\u00e9alisation des tests dans les syst\u00e8mes \u00e9lectriques de ses membres\u00a0:<\/p>\n<p>pour effectuer les essais de tension alternative sur des charges capacitives importantes ainsi que sur les nouveaux appareillages de commutation encapsul\u00e9s \u00e0 isolation gazeuse (GIS) et les c\u00e2bles haute tension, il propose un syst\u00e8me d\u2019essai de tension alternative mobile bas\u00e9 sur le principe d\u2019un circuit r\u00e9sonnant en s\u00e9rie accordable par fr\u00e9quence. Un prototype est alors d\u00e9velopp\u00e9 dans les ann\u00e9es 70 en coop\u00e9ration entre la FKH et le laboratoire de hautes tensions de l\u2019ETH. \u00c0 partir de 1980, la FKH propose de plus en plus souvent en Suisse et \u00e0 l\u2019\u00e9tranger de r\u00e9aliser des tests de tension alternative sur site en recourant \u00e0 cette nouvelle m\u00e9thode du circuit r\u00e9sonnant en s\u00e9rie.<\/p>\n<p>Cette solution s\u2019est depuis impos\u00e9e dans le monde entier. Depuis le d\u00e9but du nouveau mill\u00e9naire, le principe du circuit r\u00e9sonnant en s\u00e9rie est utilis\u00e9 sur tous les continents par de nombreux autres organismes d\u2019essai et il a \u00e9t\u00e9 possible de r\u00e9aliser des syst\u00e8mes d\u2019une puissance apparente d\u2019essai pouvant atteindre plusieurs dizaines de MVA. Cette m\u00e9thode d\u2019essai est aujourd\u2019hui l\u2019\u00e9l\u00e9ment essentiel des essais r\u00e9alis\u00e9s sur place par la FKH.<\/p>\n<p>&nbsp;<\/p>\n<h2><strong>Diagnostic de l\u2019isolement de 1990 \u00e0 nos jours<\/strong><\/h2>\n<p><a href=\"https:\/\/fkh.ch\/wp-content\/uploads\/2014\/06\/Geschichte04.jpg\"><img loading=\"lazy\" decoding=\"async\" class=\"size-medium wp-image-1173 alignleft\" src=\"https:\/\/fkh.ch\/wp-content\/uploads\/2014\/06\/Geschichte04-e1404897230266.jpg\" alt=\"Geschichte04\" width=\"300\" height=\"199\" srcset=\"https:\/\/fkh.ch\/wp-content\/uploads\/2014\/06\/Geschichte04-e1404897230266.jpg 2128w, https:\/\/fkh.ch\/wp-content\/uploads\/2014\/06\/Geschichte04-e1404897230266-300x200.jpg 300w, https:\/\/fkh.ch\/wp-content\/uploads\/2014\/06\/Geschichte04-e1404897230266-768x511.jpg 768w, https:\/\/fkh.ch\/wp-content\/uploads\/2014\/06\/Geschichte04-e1404897230266-1024x681.jpg 1024w\" sizes=\"auto, (max-width: 300px) 100vw, 300px\" \/><\/a>La FKH franchit un nouveau pas important dans son d\u00e9veloppement gr\u00e2ce \u00e0 la m\u00e9thode de mesure des d\u00e9charges partielles, qu\u2019elle applique \u00e9galement lors de ses essais sur site. Pratique et pertinente, cette m\u00e9thode de mesure permet de contr\u00f4ler de mani\u00e8re non invasive l\u2019isolement des \u00e9quipements. Dans les ann\u00e9es 90, l\u2019offre en diagnostic de l\u2019isolement s\u2019\u00e9tend \u00e0 tous les \u00e9quipements de haute tension et notamment aux gros transformateurs.<br \/>\nLa station d\u2019essai de D\u00e4niken s\u2019\u00e9quipe en 2003 d\u2019un laboratoire moderne d\u2019analyses des huiles isolantes pour \u00eatre en mesure de diagnostiquer l\u2019isolement des moyens d\u2019exploitation isol\u00e9s \u00e0 l\u2019huile. Les analyses chimiques pertinentes et efficaces qui viennent s\u2019ajouter aux m\u00e9thodes de diagnostic constituent un nouveau jalon pour la FKH.<\/p>\n<p>Suite \u00e0 l\u2019importante demande en prestations de ces derniers temps, la FKH est en mesure de r\u00e9nover enti\u00e8rement et d\u2019agrandir les infrastructures de la station d\u2019essai de D\u00e4niken ainsi que ses instruments de contr\u00f4le des hautes tensions.<\/p>\n<p><a href=\"https:\/\/fkh.ch\/wp-content\/uploads\/2014\/06\/Geschichte05.jpg\"><img loading=\"lazy\" decoding=\"async\" class=\"size-medium wp-image-1174 alignright\" src=\"https:\/\/fkh.ch\/wp-content\/uploads\/2014\/06\/Geschichte05-e1404896823353.jpg\" alt=\"Geschichte05\" width=\"300\" height=\"199\" srcset=\"https:\/\/fkh.ch\/wp-content\/uploads\/2014\/06\/Geschichte05-e1404896823353.jpg 2128w, https:\/\/fkh.ch\/wp-content\/uploads\/2014\/06\/Geschichte05-e1404896823353-300x200.jpg 300w, https:\/\/fkh.ch\/wp-content\/uploads\/2014\/06\/Geschichte05-e1404896823353-768x511.jpg 768w, https:\/\/fkh.ch\/wp-content\/uploads\/2014\/06\/Geschichte05-e1404896823353-1024x681.jpg 1024w\" sizes=\"auto, (max-width: 300px) 100vw, 300px\" \/><\/a>Le 9 mai 2012, dans le cadre de son 75<sup>e<\/sup> anniversaire, la FKH fait visiter \u00e0 ses membres les nouveaux b\u00e2timents de la station d\u2019essai de D\u00e4niken et remercie de l\u2019int\u00e9r\u00eat port\u00e9 depuis des g\u00e9n\u00e9rations au travail de l\u2019association. La FKH se pr\u00e9sente aujourd\u2019hui comme une institution ind\u00e9pendante qui est reconnue dans son secteur et offre une large gamme de services d\u2019essai dans le domaine des hautes tensions et plus particuli\u00e8rement dans le diagnostic de l\u2019isolement. La structure neutre d\u2019une association qui r\u00e9unit des entreprises d\u2019approvisionnement en \u00e9lectricit\u00e9, des fabricants et des universit\u00e9s pour offrir des services sp\u00e9cialis\u00e9s et des activit\u00e9s cibl\u00e9es dans le domaine de la promotion des jeunes talents et du savoir-faire se r\u00e9v\u00e8le un concept \u00e0 long terme qui porte ses fruits.<\/p>\n<p>&nbsp;<\/p>\n<p>&nbsp;<\/p>\n<p style=\"text-align: justify;\">\n","protected":false},"excerpt":{"rendered":"<p>Les d\u00e9buts, 1937 &#8211; 1946 La FKH est fond\u00e9e le 4 mai 1937 comme \u00ab\u00a0Commission d\u2019\u00e9tude de l\u2019ASE et de l\u2019UCS des questions relatives \u00e0 la haute tension\u00a0\u00bb lors d\u2019une s\u00e9ance constitutive r\u00e9unissant 45 entreprises du secteur des centrales \u00e9lectriques, de l\u2019industrie \u00e9lectrique et des chemins de fer. Cette association sp\u00e9cialis\u00e9e a pour vocation d\u2019examiner [&hellip;]<\/p>\n","protected":false},"author":267,"featured_media":0,"parent":2749,"menu_order":50,"comment_status":"open","ping_status":"open","template":"","meta":{"_acf_changed":false,"footnotes":""},"class_list":["post-4859","page","type-page","status-publish","hentry"],"acf":[],"yoast_head":"<!-- This site is optimized with the Yoast SEO plugin v27.2 - https:\/\/yoast.com\/product\/yoast-seo-wordpress\/ -->\n<title>Historique - FKH<\/title>\n<meta name=\"robots\" content=\"index, follow, max-snippet:-1, max-image-preview:large, max-video-preview:-1\" \/>\n<link rel=\"canonical\" href=\"https:\/\/fkh.ch\/fr\/a-propos-de-nous\/geschichte\/\" \/>\n<meta property=\"og:locale\" content=\"fr_FR\" \/>\n<meta property=\"og:type\" content=\"article\" \/>\n<meta property=\"og:title\" content=\"Historique - FKH\" \/>\n<meta property=\"og:description\" content=\"Les d\u00e9buts, 1937 &#8211; 1946 La FKH est fond\u00e9e le 4 mai 1937 comme \u00ab\u00a0Commission d\u2019\u00e9tude de l\u2019ASE et de l\u2019UCS des questions relatives \u00e0 la haute tension\u00a0\u00bb lors d\u2019une s\u00e9ance constitutive r\u00e9unissant 45 entreprises du secteur des centrales \u00e9lectriques, de l\u2019industrie \u00e9lectrique et des chemins de fer. Cette association sp\u00e9cialis\u00e9e a pour vocation d\u2019examiner [&hellip;]\" \/>\n<meta property=\"og:url\" content=\"https:\/\/fkh.ch\/fr\/a-propos-de-nous\/geschichte\/\" \/>\n<meta property=\"og:site_name\" content=\"FKH\" \/>\n<meta property=\"article:modified_time\" content=\"2019-08-16T13:24:58+00:00\" \/>\n<meta property=\"og:image\" content=\"https:\/\/fkh.ch\/wp-content\/uploads\/2014\/06\/Geschichte01.jpg\" \/>\n<meta name=\"twitter:label1\" content=\"Dur\u00e9e de lecture estim\u00e9e\" \/>\n\t<meta name=\"twitter:data1\" content=\"5 minutes\" \/>\n<script type=\"application\/ld+json\" class=\"yoast-schema-graph\">{\"@context\":\"https:\/\/schema.org\",\"@graph\":[{\"@type\":\"WebPage\",\"@id\":\"https:\/\/fkh.ch\/fr\/a-propos-de-nous\/geschichte\/\",\"url\":\"https:\/\/fkh.ch\/fr\/a-propos-de-nous\/geschichte\/\",\"name\":\"Historique - FKH\",\"isPartOf\":{\"@id\":\"https:\/\/fkh.ch\/fr\/#website\"},\"primaryImageOfPage\":{\"@id\":\"https:\/\/fkh.ch\/fr\/a-propos-de-nous\/geschichte\/#primaryimage\"},\"image\":{\"@id\":\"https:\/\/fkh.ch\/fr\/a-propos-de-nous\/geschichte\/#primaryimage\"},\"thumbnailUrl\":\"https:\/\/fkh.ch\/wp-content\/uploads\/2014\/06\/Geschichte01.jpg\",\"datePublished\":\"2014-03-13T13:33:09+00:00\",\"dateModified\":\"2019-08-16T13:24:58+00:00\",\"breadcrumb\":{\"@id\":\"https:\/\/fkh.ch\/fr\/a-propos-de-nous\/geschichte\/#breadcrumb\"},\"inLanguage\":\"fr-FR\",\"potentialAction\":[{\"@type\":\"ReadAction\",\"target\":[\"https:\/\/fkh.ch\/fr\/a-propos-de-nous\/geschichte\/\"]}]},{\"@type\":\"ImageObject\",\"inLanguage\":\"fr-FR\",\"@id\":\"https:\/\/fkh.ch\/fr\/a-propos-de-nous\/geschichte\/#primaryimage\",\"url\":\"https:\/\/fkh.ch\/wp-content\/uploads\/2014\/06\/Geschichte01.jpg\",\"contentUrl\":\"https:\/\/fkh.ch\/wp-content\/uploads\/2014\/06\/Geschichte01.jpg\"},{\"@type\":\"BreadcrumbList\",\"@id\":\"https:\/\/fkh.ch\/fr\/a-propos-de-nous\/geschichte\/#breadcrumb\",\"itemListElement\":[{\"@type\":\"ListItem\",\"position\":1,\"name\":\"Startseite\",\"item\":\"https:\/\/fkh.ch\/fr\/\"},{\"@type\":\"ListItem\",\"position\":2,\"name\":\"A propos de FKH\",\"item\":\"https:\/\/fkh.ch\/fr\/a-propos-de-nous\/\"},{\"@type\":\"ListItem\",\"position\":3,\"name\":\"Historique\"}]},{\"@type\":\"WebSite\",\"@id\":\"https:\/\/fkh.ch\/fr\/#website\",\"url\":\"https:\/\/fkh.ch\/fr\/\",\"name\":\"FKH\",\"description\":\"Commission d'\u00e9tude des questions relatives \u00e0 la haute tension\",\"potentialAction\":[{\"@type\":\"SearchAction\",\"target\":{\"@type\":\"EntryPoint\",\"urlTemplate\":\"https:\/\/fkh.ch\/fr\/?s={search_term_string}\"},\"query-input\":{\"@type\":\"PropertyValueSpecification\",\"valueRequired\":true,\"valueName\":\"search_term_string\"}}],\"inLanguage\":\"fr-FR\"}]}<\/script>\n<!-- \/ Yoast SEO plugin. -->","yoast_head_json":{"title":"Historique - FKH","robots":{"index":"index","follow":"follow","max-snippet":"max-snippet:-1","max-image-preview":"max-image-preview:large","max-video-preview":"max-video-preview:-1"},"canonical":"https:\/\/fkh.ch\/fr\/a-propos-de-nous\/geschichte\/","og_locale":"fr_FR","og_type":"article","og_title":"Historique - FKH","og_description":"Les d\u00e9buts, 1937 &#8211; 1946 La FKH est fond\u00e9e le 4 mai 1937 comme \u00ab\u00a0Commission d\u2019\u00e9tude de l\u2019ASE et de l\u2019UCS des questions relatives \u00e0 la haute tension\u00a0\u00bb lors d\u2019une s\u00e9ance constitutive r\u00e9unissant 45 entreprises du secteur des centrales \u00e9lectriques, de l\u2019industrie \u00e9lectrique et des chemins de fer. Cette association sp\u00e9cialis\u00e9e a pour vocation d\u2019examiner [&hellip;]","og_url":"https:\/\/fkh.ch\/fr\/a-propos-de-nous\/geschichte\/","og_site_name":"FKH","article_modified_time":"2019-08-16T13:24:58+00:00","og_image":[{"url":"https:\/\/fkh.ch\/wp-content\/uploads\/2014\/06\/Geschichte01.jpg","type":"","width":"","height":""}],"twitter_misc":{"Dur\u00e9e de lecture estim\u00e9e":"5 minutes"},"schema":{"@context":"https:\/\/schema.org","@graph":[{"@type":"WebPage","@id":"https:\/\/fkh.ch\/fr\/a-propos-de-nous\/geschichte\/","url":"https:\/\/fkh.ch\/fr\/a-propos-de-nous\/geschichte\/","name":"Historique - FKH","isPartOf":{"@id":"https:\/\/fkh.ch\/fr\/#website"},"primaryImageOfPage":{"@id":"https:\/\/fkh.ch\/fr\/a-propos-de-nous\/geschichte\/#primaryimage"},"image":{"@id":"https:\/\/fkh.ch\/fr\/a-propos-de-nous\/geschichte\/#primaryimage"},"thumbnailUrl":"https:\/\/fkh.ch\/wp-content\/uploads\/2014\/06\/Geschichte01.jpg","datePublished":"2014-03-13T13:33:09+00:00","dateModified":"2019-08-16T13:24:58+00:00","breadcrumb":{"@id":"https:\/\/fkh.ch\/fr\/a-propos-de-nous\/geschichte\/#breadcrumb"},"inLanguage":"fr-FR","potentialAction":[{"@type":"ReadAction","target":["https:\/\/fkh.ch\/fr\/a-propos-de-nous\/geschichte\/"]}]},{"@type":"ImageObject","inLanguage":"fr-FR","@id":"https:\/\/fkh.ch\/fr\/a-propos-de-nous\/geschichte\/#primaryimage","url":"https:\/\/fkh.ch\/wp-content\/uploads\/2014\/06\/Geschichte01.jpg","contentUrl":"https:\/\/fkh.ch\/wp-content\/uploads\/2014\/06\/Geschichte01.jpg"},{"@type":"BreadcrumbList","@id":"https:\/\/fkh.ch\/fr\/a-propos-de-nous\/geschichte\/#breadcrumb","itemListElement":[{"@type":"ListItem","position":1,"name":"Startseite","item":"https:\/\/fkh.ch\/fr\/"},{"@type":"ListItem","position":2,"name":"A propos de FKH","item":"https:\/\/fkh.ch\/fr\/a-propos-de-nous\/"},{"@type":"ListItem","position":3,"name":"Historique"}]},{"@type":"WebSite","@id":"https:\/\/fkh.ch\/fr\/#website","url":"https:\/\/fkh.ch\/fr\/","name":"FKH","description":"Commission d'\u00e9tude des questions relatives \u00e0 la haute tension","potentialAction":[{"@type":"SearchAction","target":{"@type":"EntryPoint","urlTemplate":"https:\/\/fkh.ch\/fr\/?s={search_term_string}"},"query-input":{"@type":"PropertyValueSpecification","valueRequired":true,"valueName":"search_term_string"}}],"inLanguage":"fr-FR"}]}},"_links":{"self":[{"href":"https:\/\/fkh.ch\/fr\/wp-json\/wp\/v2\/pages\/4859","targetHints":{"allow":["GET"]}}],"collection":[{"href":"https:\/\/fkh.ch\/fr\/wp-json\/wp\/v2\/pages"}],"about":[{"href":"https:\/\/fkh.ch\/fr\/wp-json\/wp\/v2\/types\/page"}],"author":[{"embeddable":true,"href":"https:\/\/fkh.ch\/fr\/wp-json\/wp\/v2\/users\/267"}],"replies":[{"embeddable":true,"href":"https:\/\/fkh.ch\/fr\/wp-json\/wp\/v2\/comments?post=4859"}],"version-history":[{"count":7,"href":"https:\/\/fkh.ch\/fr\/wp-json\/wp\/v2\/pages\/4859\/revisions"}],"predecessor-version":[{"id":4885,"href":"https:\/\/fkh.ch\/fr\/wp-json\/wp\/v2\/pages\/4859\/revisions\/4885"}],"up":[{"embeddable":true,"href":"https:\/\/fkh.ch\/fr\/wp-json\/wp\/v2\/pages\/2749"}],"wp:attachment":[{"href":"https:\/\/fkh.ch\/fr\/wp-json\/wp\/v2\/media?parent=4859"}],"curies":[{"name":"wp","href":"https:\/\/api.w.org\/{rel}","templated":true}]}}