{"id":4898,"date":"2014-03-11T14:06:29","date_gmt":"2014-03-11T12:06:29","guid":{"rendered":"https:\/\/test.fkh.ch\/kontakt\/"},"modified":"2024-06-13T14:11:04","modified_gmt":"2024-06-13T12:11:04","slug":"kontakt","status":"publish","type":"page","link":"https:\/\/fkh.ch\/fr\/kontakt\/","title":{"rendered":"Contactez-nous"},"content":{"rendered":"<p><em><strong>Fachkommission f\u00fcr Hochspannungsfragen<\/strong><\/em><\/p>\n<p>Hagenholzstrasse 81<br \/>\n8050 Z\u00fcrich<\/p>\n<p>T\u00e9l: <a href=\"tel:+41442536262\">+41 44 253 62 62<\/a><br \/>\nMail: info@fkh.ch<\/p>\n<p>Adresses de contact par e-mail pour les diff\u00e9rents services :<\/p>\n<p>Diagnostic des transformateurs de puissance : trafo@fkh.ch<br \/>\n<span class=\"fontstyle0\">Essais sur les c\u00e2bles<\/span>: kabel@fkh.ch<br \/>\nMesures de mise \u00e0 la terre : erdungen@fkh.ch<br \/>\nConseils et expertises : studien@fkh.ch<br \/>\nEssais sur les installations de commutation \u00e0 moyenne et haute tension (GIS) : gis@fkh.ch<br \/>\nAnalyses d&rsquo;huile : oellabor@fkh.ch<\/p>\n<p>En cas d&rsquo;alarme de gaz Buchholz:<br \/>\nT\u00e9l : +41 62 288 77 99<br \/>\nEn dehors des heures de bureau, veuillez sonner longtemps, si aucun employ\u00e9 ne r\u00e9pond, veuillez parler sur la Combox.<\/p>\n<p><a href=\"https:\/\/fkh.ch\/fr\/kontakt\/kontaktformular\/\">Formulaire de contact<\/a><\/p>\n<p><a title=\"Standorte\" href=\"\/?page_id=75\">Localit\u00e9s<\/a><\/p>\n","protected":false},"excerpt":{"rendered":"<p>Fachkommission f\u00fcr Hochspannungsfragen Hagenholzstrasse 81 8050 Z\u00fcrich T\u00e9l: +41 44 253 62 62 Mail: info@fkh.ch Adresses de contact par e-mail pour les diff\u00e9rents services : Diagnostic des transformateurs de puissance : trafo@fkh.ch Essais sur les c\u00e2bles: kabel@fkh.ch Mesures de mise \u00e0 la terre : erdungen@fkh.ch Conseils et expertises : studien@fkh.ch Essais sur les installations de [&hellip;]<\/p>\n","protected":false},"author":198,"featured_media":0,"parent":0,"menu_order":40,"comment_status":"open","ping_status":"closed","template":"","meta":{"_acf_changed":false,"footnotes":""},"class_list":["post-4898","page","type-page","status-publish","hentry"],"acf":[],"yoast_head":"<!-- This site is optimized with the Yoast SEO plugin v27.2 - https:\/\/yoast.com\/product\/yoast-seo-wordpress\/ -->\n<title>Contactez-nous - FKH<\/title>\n<meta name=\"robots\" content=\"index, follow, max-snippet:-1, max-image-preview:large, max-video-preview:-1\" \/>\n<link rel=\"canonical\" href=\"https:\/\/fkh.ch\/fr\/kontakt\/\" \/>\n<meta property=\"og:locale\" content=\"fr_FR\" \/>\n<meta property=\"og:type\" content=\"article\" \/>\n<meta property=\"og:title\" content=\"Contactez-nous - FKH\" \/>\n<meta property=\"og:description\" content=\"Fachkommission f\u00fcr Hochspannungsfragen Hagenholzstrasse 81 8050 Z\u00fcrich T\u00e9l: +41 44 253 62 62 Mail: info@fkh.ch Adresses de contact par e-mail pour les diff\u00e9rents services : Diagnostic des transformateurs de puissance : trafo@fkh.ch Essais sur les c\u00e2bles: kabel@fkh.ch Mesures de mise \u00e0 la terre : erdungen@fkh.ch Conseils et expertises : studien@fkh.ch Essais sur les installations de [&hellip;]\" \/>\n<meta property=\"og:url\" content=\"https:\/\/fkh.ch\/fr\/kontakt\/\" \/>\n<meta property=\"og:site_name\" content=\"FKH\" \/>\n<meta property=\"article:modified_time\" content=\"2024-06-13T12:11:04+00:00\" \/>\n<meta name=\"twitter:label1\" content=\"Dur\u00e9e de lecture estim\u00e9e\" \/>\n\t<meta name=\"twitter:data1\" content=\"1 minute\" \/>\n<script type=\"application\/ld+json\" class=\"yoast-schema-graph\">{\"@context\":\"https:\/\/schema.org\",\"@graph\":[{\"@type\":\"WebPage\",\"@id\":\"https:\/\/fkh.ch\/fr\/kontakt\/\",\"url\":\"https:\/\/fkh.ch\/fr\/kontakt\/\",\"name\":\"Contactez-nous - FKH\",\"isPartOf\":{\"@id\":\"https:\/\/fkh.ch\/fr\/#website\"},\"datePublished\":\"2014-03-11T12:06:29+00:00\",\"dateModified\":\"2024-06-13T12:11:04+00:00\",\"breadcrumb\":{\"@id\":\"https:\/\/fkh.ch\/fr\/kontakt\/#breadcrumb\"},\"inLanguage\":\"fr-FR\",\"potentialAction\":[{\"@type\":\"ReadAction\",\"target\":[\"https:\/\/fkh.ch\/fr\/kontakt\/\"]}]},{\"@type\":\"BreadcrumbList\",\"@id\":\"https:\/\/fkh.ch\/fr\/kontakt\/#breadcrumb\",\"itemListElement\":[{\"@type\":\"ListItem\",\"position\":1,\"name\":\"Startseite\",\"item\":\"https:\/\/fkh.ch\/fr\/\"},{\"@type\":\"ListItem\",\"position\":2,\"name\":\"Contactez-nous\"}]},{\"@type\":\"WebSite\",\"@id\":\"https:\/\/fkh.ch\/fr\/#website\",\"url\":\"https:\/\/fkh.ch\/fr\/\",\"name\":\"FKH\",\"description\":\"Commission d'\u00e9tude des questions relatives \u00e0 la haute tension\",\"potentialAction\":[{\"@type\":\"SearchAction\",\"target\":{\"@type\":\"EntryPoint\",\"urlTemplate\":\"https:\/\/fkh.ch\/fr\/?s={search_term_string}\"},\"query-input\":{\"@type\":\"PropertyValueSpecification\",\"valueRequired\":true,\"valueName\":\"search_term_string\"}}],\"inLanguage\":\"fr-FR\"}]}<\/script>\n<!-- \/ Yoast SEO plugin. -->","yoast_head_json":{"title":"Contactez-nous - FKH","robots":{"index":"index","follow":"follow","max-snippet":"max-snippet:-1","max-image-preview":"max-image-preview:large","max-video-preview":"max-video-preview:-1"},"canonical":"https:\/\/fkh.ch\/fr\/kontakt\/","og_locale":"fr_FR","og_type":"article","og_title":"Contactez-nous - FKH","og_description":"Fachkommission f\u00fcr Hochspannungsfragen Hagenholzstrasse 81 8050 Z\u00fcrich T\u00e9l: +41 44 253 62 62 Mail: info@fkh.ch Adresses de contact par e-mail pour les diff\u00e9rents services : Diagnostic des transformateurs de puissance : trafo@fkh.ch Essais sur les c\u00e2bles: kabel@fkh.ch Mesures de mise \u00e0 la terre : erdungen@fkh.ch Conseils et expertises : studien@fkh.ch Essais sur les installations de [&hellip;]","og_url":"https:\/\/fkh.ch\/fr\/kontakt\/","og_site_name":"FKH","article_modified_time":"2024-06-13T12:11:04+00:00","twitter_misc":{"Dur\u00e9e de lecture estim\u00e9e":"1 minute"},"schema":{"@context":"https:\/\/schema.org","@graph":[{"@type":"WebPage","@id":"https:\/\/fkh.ch\/fr\/kontakt\/","url":"https:\/\/fkh.ch\/fr\/kontakt\/","name":"Contactez-nous - FKH","isPartOf":{"@id":"https:\/\/fkh.ch\/fr\/#website"},"datePublished":"2014-03-11T12:06:29+00:00","dateModified":"2024-06-13T12:11:04+00:00","breadcrumb":{"@id":"https:\/\/fkh.ch\/fr\/kontakt\/#breadcrumb"},"inLanguage":"fr-FR","potentialAction":[{"@type":"ReadAction","target":["https:\/\/fkh.ch\/fr\/kontakt\/"]}]},{"@type":"BreadcrumbList","@id":"https:\/\/fkh.ch\/fr\/kontakt\/#breadcrumb","itemListElement":[{"@type":"ListItem","position":1,"name":"Startseite","item":"https:\/\/fkh.ch\/fr\/"},{"@type":"ListItem","position":2,"name":"Contactez-nous"}]},{"@type":"WebSite","@id":"https:\/\/fkh.ch\/fr\/#website","url":"https:\/\/fkh.ch\/fr\/","name":"FKH","description":"Commission d'\u00e9tude des questions relatives \u00e0 la haute tension","potentialAction":[{"@type":"SearchAction","target":{"@type":"EntryPoint","urlTemplate":"https:\/\/fkh.ch\/fr\/?s={search_term_string}"},"query-input":{"@type":"PropertyValueSpecification","valueRequired":true,"valueName":"search_term_string"}}],"inLanguage":"fr-FR"}]}},"_links":{"self":[{"href":"https:\/\/fkh.ch\/fr\/wp-json\/wp\/v2\/pages\/4898","targetHints":{"allow":["GET"]}}],"collection":[{"href":"https:\/\/fkh.ch\/fr\/wp-json\/wp\/v2\/pages"}],"about":[{"href":"https:\/\/fkh.ch\/fr\/wp-json\/wp\/v2\/types\/page"}],"author":[{"embeddable":true,"href":"https:\/\/fkh.ch\/fr\/wp-json\/wp\/v2\/users\/198"}],"replies":[{"embeddable":true,"href":"https:\/\/fkh.ch\/fr\/wp-json\/wp\/v2\/comments?post=4898"}],"version-history":[{"count":7,"href":"https:\/\/fkh.ch\/fr\/wp-json\/wp\/v2\/pages\/4898\/revisions"}],"predecessor-version":[{"id":7214,"href":"https:\/\/fkh.ch\/fr\/wp-json\/wp\/v2\/pages\/4898\/revisions\/7214"}],"wp:attachment":[{"href":"https:\/\/fkh.ch\/fr\/wp-json\/wp\/v2\/media?parent=4898"}],"curies":[{"name":"wp","href":"https:\/\/api.w.org\/{rel}","templated":true}]}}