{"id":4955,"date":"2014-03-11T13:51:21","date_gmt":"2014-03-11T11:51:21","guid":{"rendered":"https:\/\/test.fkh.ch\/dienstleistungen\/"},"modified":"2020-02-04T13:36:43","modified_gmt":"2020-02-04T12:36:43","slug":"dienstleistungen","status":"publish","type":"page","link":"https:\/\/fkh.ch\/fr\/dienstleistungen\/","title":{"rendered":"Services"},"content":{"rendered":"<div class=\"tiles clearfix\">\n<p><a class=\"large\" style=\"background-color: #1784fc;\" href=\"https:\/\/fkh.ch\/fr\/dienstleistungen\/pruefung-von-hs-betriebsmitteln-vor-ort\/\">Tests haute tension<\/a><a class=\"small\" style=\"background-color: #383b46;\" href=\"https:\/\/fkh.ch\/fr\/dienstleistungen\/isolieroelananlysen\/\">Analyse de l\u2019huile isolante<\/a><a class=\"small without-margin\" style=\"background-color: #1784fc;\" href=\"https:\/\/fkh.ch\/fr\/uebersicht\/\">Aper\u00e7u<\/a><a class=\"small\" style=\"background-color: #383b46;\"href=\"https:\/\/fkh.ch\/fr\/dienstleistungen\/engineering\/\">Ing\u00e9nierie<\/a><a class=\"large\" style=\"background-color: #1784fc;\" href=\"https:\/\/fkh.ch\/fr\/dienstleistungen\/erdungsprobleme-emv-emf-netzvorgaenge\/\">Installations \u00e9lectriques, s\u00e9curit\u00e9 et compatibilit\u00e9 \u00e9lectromagn\u00e9tique<\/a><a class=\"small without-margin\" style=\"background-color: #383b46;\" href=><\/a><\/p>\n<div><\/div>\n<\/div>\n","protected":false},"excerpt":{"rendered":"<p>Tests haute tensionAnalyse de l\u2019huile isolanteAper\u00e7uIng\u00e9nierieInstallations \u00e9lectriques, s\u00e9curit\u00e9 et compatibilit\u00e9 \u00e9lectromagn\u00e9tique<\/p>\n","protected":false},"author":267,"featured_media":0,"parent":0,"menu_order":20,"comment_status":"closed","ping_status":"closed","template":"","meta":{"_acf_changed":false,"footnotes":""},"class_list":["post-4955","page","type-page","status-publish","hentry"],"acf":[],"yoast_head":"<!-- This site is optimized with the Yoast SEO plugin v27.2 - https:\/\/yoast.com\/product\/yoast-seo-wordpress\/ -->\n<title>Services - FKH<\/title>\n<meta name=\"robots\" content=\"index, follow, max-snippet:-1, max-image-preview:large, max-video-preview:-1\" \/>\n<link rel=\"canonical\" href=\"https:\/\/fkh.ch\/fr\/dienstleistungen\/\" \/>\n<meta property=\"og:locale\" content=\"fr_FR\" \/>\n<meta property=\"og:type\" content=\"article\" \/>\n<meta property=\"og:title\" content=\"Services - FKH\" \/>\n<meta property=\"og:description\" content=\"Tests haute tensionAnalyse de l\u2019huile isolanteAper\u00e7uIng\u00e9nierieInstallations \u00e9lectriques, s\u00e9curit\u00e9 et compatibilit\u00e9 \u00e9lectromagn\u00e9tique\" \/>\n<meta property=\"og:url\" content=\"https:\/\/fkh.ch\/fr\/dienstleistungen\/\" \/>\n<meta property=\"og:site_name\" content=\"FKH\" \/>\n<meta property=\"article:modified_time\" content=\"2020-02-04T12:36:43+00:00\" \/>\n<script type=\"application\/ld+json\" class=\"yoast-schema-graph\">{\"@context\":\"https:\/\/schema.org\",\"@graph\":[{\"@type\":\"WebPage\",\"@id\":\"https:\/\/fkh.ch\/fr\/dienstleistungen\/\",\"url\":\"https:\/\/fkh.ch\/fr\/dienstleistungen\/\",\"name\":\"Services - FKH\",\"isPartOf\":{\"@id\":\"https:\/\/fkh.ch\/fr\/#website\"},\"datePublished\":\"2014-03-11T11:51:21+00:00\",\"dateModified\":\"2020-02-04T12:36:43+00:00\",\"breadcrumb\":{\"@id\":\"https:\/\/fkh.ch\/fr\/dienstleistungen\/#breadcrumb\"},\"inLanguage\":\"fr-FR\",\"potentialAction\":[{\"@type\":\"ReadAction\",\"target\":[\"https:\/\/fkh.ch\/fr\/dienstleistungen\/\"]}]},{\"@type\":\"BreadcrumbList\",\"@id\":\"https:\/\/fkh.ch\/fr\/dienstleistungen\/#breadcrumb\",\"itemListElement\":[{\"@type\":\"ListItem\",\"position\":1,\"name\":\"Startseite\",\"item\":\"https:\/\/fkh.ch\/fr\/\"},{\"@type\":\"ListItem\",\"position\":2,\"name\":\"Services\"}]},{\"@type\":\"WebSite\",\"@id\":\"https:\/\/fkh.ch\/fr\/#website\",\"url\":\"https:\/\/fkh.ch\/fr\/\",\"name\":\"FKH\",\"description\":\"Commission d'\u00e9tude des questions relatives \u00e0 la haute tension\",\"potentialAction\":[{\"@type\":\"SearchAction\",\"target\":{\"@type\":\"EntryPoint\",\"urlTemplate\":\"https:\/\/fkh.ch\/fr\/?s={search_term_string}\"},\"query-input\":{\"@type\":\"PropertyValueSpecification\",\"valueRequired\":true,\"valueName\":\"search_term_string\"}}],\"inLanguage\":\"fr-FR\"}]}<\/script>\n<!-- \/ Yoast SEO plugin. -->","yoast_head_json":{"title":"Services - FKH","robots":{"index":"index","follow":"follow","max-snippet":"max-snippet:-1","max-image-preview":"max-image-preview:large","max-video-preview":"max-video-preview:-1"},"canonical":"https:\/\/fkh.ch\/fr\/dienstleistungen\/","og_locale":"fr_FR","og_type":"article","og_title":"Services - FKH","og_description":"Tests haute tensionAnalyse de l\u2019huile isolanteAper\u00e7uIng\u00e9nierieInstallations \u00e9lectriques, s\u00e9curit\u00e9 et compatibilit\u00e9 \u00e9lectromagn\u00e9tique","og_url":"https:\/\/fkh.ch\/fr\/dienstleistungen\/","og_site_name":"FKH","article_modified_time":"2020-02-04T12:36:43+00:00","schema":{"@context":"https:\/\/schema.org","@graph":[{"@type":"WebPage","@id":"https:\/\/fkh.ch\/fr\/dienstleistungen\/","url":"https:\/\/fkh.ch\/fr\/dienstleistungen\/","name":"Services - FKH","isPartOf":{"@id":"https:\/\/fkh.ch\/fr\/#website"},"datePublished":"2014-03-11T11:51:21+00:00","dateModified":"2020-02-04T12:36:43+00:00","breadcrumb":{"@id":"https:\/\/fkh.ch\/fr\/dienstleistungen\/#breadcrumb"},"inLanguage":"fr-FR","potentialAction":[{"@type":"ReadAction","target":["https:\/\/fkh.ch\/fr\/dienstleistungen\/"]}]},{"@type":"BreadcrumbList","@id":"https:\/\/fkh.ch\/fr\/dienstleistungen\/#breadcrumb","itemListElement":[{"@type":"ListItem","position":1,"name":"Startseite","item":"https:\/\/fkh.ch\/fr\/"},{"@type":"ListItem","position":2,"name":"Services"}]},{"@type":"WebSite","@id":"https:\/\/fkh.ch\/fr\/#website","url":"https:\/\/fkh.ch\/fr\/","name":"FKH","description":"Commission d'\u00e9tude des questions relatives \u00e0 la haute tension","potentialAction":[{"@type":"SearchAction","target":{"@type":"EntryPoint","urlTemplate":"https:\/\/fkh.ch\/fr\/?s={search_term_string}"},"query-input":{"@type":"PropertyValueSpecification","valueRequired":true,"valueName":"search_term_string"}}],"inLanguage":"fr-FR"}]}},"_links":{"self":[{"href":"https:\/\/fkh.ch\/fr\/wp-json\/wp\/v2\/pages\/4955","targetHints":{"allow":["GET"]}}],"collection":[{"href":"https:\/\/fkh.ch\/fr\/wp-json\/wp\/v2\/pages"}],"about":[{"href":"https:\/\/fkh.ch\/fr\/wp-json\/wp\/v2\/types\/page"}],"author":[{"embeddable":true,"href":"https:\/\/fkh.ch\/fr\/wp-json\/wp\/v2\/users\/267"}],"replies":[{"embeddable":true,"href":"https:\/\/fkh.ch\/fr\/wp-json\/wp\/v2\/comments?post=4955"}],"version-history":[{"count":7,"href":"https:\/\/fkh.ch\/fr\/wp-json\/wp\/v2\/pages\/4955\/revisions"}],"predecessor-version":[{"id":6032,"href":"https:\/\/fkh.ch\/fr\/wp-json\/wp\/v2\/pages\/4955\/revisions\/6032"}],"wp:attachment":[{"href":"https:\/\/fkh.ch\/fr\/wp-json\/wp\/v2\/media?parent=4955"}],"curies":[{"name":"wp","href":"https:\/\/api.w.org\/{rel}","templated":true}]}}