{"id":4972,"date":"2014-03-11T14:02:27","date_gmt":"2014-03-11T12:02:27","guid":{"rendered":"https:\/\/test.fkh.ch\/dienstleistungen\/pruefung-von-hs-betriebsmitteln-vor-ort\/transformatoren-und-andere-apparate\/"},"modified":"2019-11-28T13:37:23","modified_gmt":"2019-11-28T12:37:23","slug":"transformatoren-und-andere-apparate","status":"publish","type":"page","link":"https:\/\/fkh.ch\/fr\/dienstleistungen\/pruefung-von-hs-betriebsmitteln-vor-ort\/transformatoren-und-andere-apparate\/","title":{"rendered":"Diagnostic des transformateurs  de puissance"},"content":{"rendered":"<p><a href=\"https:\/\/fkh.ch\/wp-content\/uploads\/2014\/03\/TE-Pr\u00fcfung-Erregung-Dieselgenerator-300x196.jpg\"><img loading=\"lazy\" decoding=\"async\" class=\"size-medium wp-image-3108 alignleft\" src=\"https:\/\/fkh.ch\/wp-content\/uploads\/2014\/03\/TE-Pr\u00fcfung-Erregung-Dieselgenerator-300x196.jpg\" alt=\"TE- Pr\u00fcfung Erregung Dieselgenerator\" width=\"300\" height=\"195\" srcset=\"https:\/\/fkh.ch\/wp-content\/uploads\/2014\/03\/TE-Pr\u00fcfung-Erregung-Dieselgenerator-300x196.jpg 300w, https:\/\/fkh.ch\/wp-content\/uploads\/2014\/03\/TE-Pr\u00fcfung-Erregung-Dieselgenerator-768x501.jpg 768w, https:\/\/fkh.ch\/wp-content\/uploads\/2014\/03\/TE-Pr\u00fcfung-Erregung-Dieselgenerator-1024x667.jpg 1024w, https:\/\/fkh.ch\/wp-content\/uploads\/2014\/03\/TE-Pr\u00fcfung-Erregung-Dieselgenerator-230x150.jpg 230w\" sizes=\"auto, (max-width: 300px) 100vw, 300px\" \/><\/a><\/p>\n<p>La FKH propose des mesures de diagnostic sur site pour les transformateurs de puissance neufs et anciens. Pour les mesures dans le cadre d\u2019une mise en service, l\u2019accent est mis sur le contr\u00f4le du montage, de l\u2019installation et de l\u2019impr\u00e9gnation de l\u2019huile, ainsi que sur la caract\u00e9risation du transformateur pour les comparaisons ult\u00e9rieures (empreinte digitale \u00e0 l\u2019\u00e9tat neuf). Les mesures de diagnostic sur les transformateurs d\u00e9j\u00e0 en service servent \u00e0 d\u00e9terminer l\u2019\u00e9tat de l\u2019isolation et \u00e0 prendre des d\u00e9cisions concernant la poursuite de l\u2019exploitation, la n\u00e9cessit\u00e9 de mesures d\u2019entretien et la planification des inspections futures.<\/p>\n<p>La FKH propose des mesures de diagnostic sur transformateurs depuis les ann\u00e9es 1990. Pendant cette p\u00e9riode, d\u2019importantes connaissances ont \u00e9t\u00e9 acquises dans le cadre d\u2019un projet men\u00e9 conjointement avec les hautes \u00e9coles sp\u00e9cialis\u00e9es et les universit\u00e9s suisses et parrain\u00e9 par la Fondation pour les projets et \u00e9tudes des entreprises suisses d\u2019\u00e9lectricit\u00e9 (PSEL).<\/p>\n<p>&nbsp;<\/p>\n<h2 style=\"text-align: justify;\"><\/h2>\n<h2><strong>M\u00e9thodes d\u2019essai propos\u00e9es<\/strong><\/h2>\n<div id=\"attachment_1463\" style=\"width: 310px\" class=\"wp-caption alignright\"><a href=\"https:\/\/fkh.ch\/wp-content\/uploads\/2014\/07\/Trafo-Diagramm4-300x204.png\"><img loading=\"lazy\" decoding=\"async\" aria-describedby=\"caption-attachment-1463\" class=\"wp-image-3146 size-medium\" src=\"https:\/\/fkh.ch\/wp-content\/uploads\/2014\/07\/Trafo-Diagramm4-300x204.png\" alt=\"Diagramme de DPs mesur\u00e9es sur un Transformateur\" width=\"300\" height=\"204\" srcset=\"https:\/\/fkh.ch\/wp-content\/uploads\/2014\/07\/Trafo-Diagramm4-300x204.png 300w, https:\/\/fkh.ch\/wp-content\/uploads\/2014\/07\/Trafo-Diagramm4.png 735w\" sizes=\"auto, (max-width: 300px) 100vw, 300px\" \/><\/a><p id=\"caption-attachment-1463\" class=\"wp-caption-text\">Diagramme de DPs mesur\u00e9es sur un Transformateur<\/p><\/div>\n<h3 style=\"text-align: justify;\"><strong>Essais de d\u00e9charges partielles \u00e0 haute tension avec d\u00e9tection \u00e9lectrique et acoustique lors de l\u2019application d\u2019une tension externe ou d\u2019un test en tension induite<\/strong><\/h3>\n<p style=\"text-align: justify;\">La mesure des d\u00e9charges partielles hors ligne est le test le plus significatif pour la d\u00e9tection des points faibles locaux de l\u2019isolation et elle est utilis\u00e9e pour identifier les d\u00e9fauts.<\/p>\n<h3 style=\"text-align: justify;\"><strong>Mesures d\u2019imp\u00e9dance en court-circuit et en circuit ouvert<\/strong><\/h3>\n<p style=\"text-align: justify;\">Ces mesures permettent des comparaisons directes avec les mesures d\u2019acceptation en usine afin d\u2019identifier les d\u00e9fauts majeurs sur les enroulements et le noyau.<\/p>\n<h3 style=\"text-align: justify;\"><strong>Analyse de la r\u00e9ponse en fr\u00e9quence (FRA)<\/strong><\/h3>\n<div id=\"attachment_1490\" style=\"width: 310px\" class=\"wp-caption alignright\"><a href=\"https:\/\/fkh.ch\/wp-content\/uploads\/2014\/03\/Trafo7-300x184.png\"><img loading=\"lazy\" decoding=\"async\" aria-describedby=\"caption-attachment-1490\" class=\"wp-image-3166 size-medium\" src=\"https:\/\/fkh.ch\/wp-content\/uploads\/2014\/03\/Trafo7-300x184.png\" alt=\"Mesure de FRA sur un transformateur triphas\u00e9\" width=\"300\" height=\"184\" srcset=\"https:\/\/fkh.ch\/wp-content\/uploads\/2014\/03\/Trafo7-300x184.png 300w, https:\/\/fkh.ch\/wp-content\/uploads\/2014\/03\/Trafo7-768x471.png 768w, https:\/\/fkh.ch\/wp-content\/uploads\/2014\/03\/Trafo7-1024x628.png 1024w, https:\/\/fkh.ch\/wp-content\/uploads\/2014\/03\/Trafo7.png 1215w\" sizes=\"auto, (max-width: 300px) 100vw, 300px\" \/><\/a><p id=\"caption-attachment-1490\" class=\"wp-caption-text\">Mesure de FRA sur un transformateur triphas\u00e9<\/p><\/div>\n<p style=\"text-align: justify;\">L\u2019analyse de la r\u00e9ponse en fr\u00e9quence ou FRA est une m\u00e9thode comparative qui indique les changements g\u00e9om\u00e9triques des enroulements, caus\u00e9s (par exemple) par les forces de court-circuit ou les chocs et vibrations pendant le transport.<\/p>\n<h3 style=\"text-align: justify;\"><strong>Mesure du rapport d\u2019enroulement<\/strong><\/h3>\n<p style=\"text-align: justify;\">Cette mesure est utilis\u00e9e pour d\u00e9tecter tout court-circuit entre les enroulements ou des d\u00e9fauts de bobine sur le changeur de prises en charge.<\/p>\n<h3 style=\"text-align: justify;\"><\/h3>\n<h3><\/h3>\n<h3 style=\"text-align: justify;\"><strong><br \/>\nMesure PDC\u00a0; analyse des courants de polarisation et de d\u00e9polarisation<\/strong><\/h3>\n<div id=\"attachment_1465\" style=\"width: 310px\" class=\"wp-caption alignright\"><a href=\"https:\/\/fkh.ch\/wp-content\/uploads\/2014\/07\/Trafo-Diagramm6-300x228.png\"><img loading=\"lazy\" decoding=\"async\" aria-describedby=\"caption-attachment-1465\" class=\"wp-image-3150 size-medium\" src=\"https:\/\/fkh.ch\/wp-content\/uploads\/2014\/07\/Trafo-Diagramm6-300x228.png\" alt=\"Pr\u00e9sentation et \u00e9valuation de la mesure PDC\" width=\"300\" height=\"228\" srcset=\"https:\/\/fkh.ch\/wp-content\/uploads\/2014\/07\/Trafo-Diagramm6-300x228.png 300w, https:\/\/fkh.ch\/wp-content\/uploads\/2014\/07\/Trafo-Diagramm6-768x582.png 768w, https:\/\/fkh.ch\/wp-content\/uploads\/2014\/07\/Trafo-Diagramm6-1024x777.png 1024w, https:\/\/fkh.ch\/wp-content\/uploads\/2014\/07\/Trafo-Diagramm6.png 1920w\" sizes=\"auto, (max-width: 300px) 100vw, 300px\" \/><\/a><p id=\"caption-attachment-1465\" class=\"wp-caption-text\">Pr\u00e9sentation et \u00e9valuation de la mesure PDC<\/p><\/div>\n<p style=\"text-align: justify;\">Cette m\u00e9thode est utilis\u00e9e afin de d\u00e9terminer la proportion de substances polarisables dans l\u2019isolant. \u00c0 partir de ces valeurs, il est possible d\u2019estimer la teneur en eau dans le Pressboard.<\/p>\n<h3 style=\"text-align: justify;\"><strong>Mesure de la r\u00e9sistance DC<\/strong><\/h3>\n<p style=\"text-align: justify;\">Cette mesure est utilis\u00e9e afin de d\u00e9tecter les variations de r\u00e9sistance et les courts-circuits d\u2019enroulement. Les r\u00e9sistances de contact peuvent \u00e9galement \u00eatre d\u00e9termin\u00e9es. L\u2019enregistrement des op\u00e9rations de commutation effectu\u00e9es par le changeur de prise en charge (mesure dynamique) permet d\u2019\u00e9valuer la commutation correcte des contacts.<\/p>\n<h3 style=\"text-align: justify;\"><\/h3>\n<h3 style=\"text-align: justify;\"><strong>Mesure C-tan(delta) des travers\u00e9es<\/strong><\/h3>\n<p style=\"text-align: justify;\">Cette mesure sert \u00e0 d\u00e9terminer l\u2019\u00e9tat de vieillissement de l\u2019isolation des travers\u00e9es.<\/p>\n<div id=\"attachment_4975\" style=\"width: 310px\" class=\"wp-caption alignleft\"><a href=\"https:\/\/fkh.ch\/wp-content\/uploads\/2019\/08\/Trafo_PDC-300x225.png\"><img loading=\"lazy\" decoding=\"async\" aria-describedby=\"caption-attachment-4975\" class=\"wp-image-4975 size-medium\" src=\"https:\/\/fkh.ch\/wp-content\/uploads\/2019\/08\/Trafo_PDC-300x225.png\" alt=\"Caract\u00e9risation d\u2019un changeur de prises en charge, mesure dynamique de la pente du courant en A\/s\" width=\"300\" height=\"225\" srcset=\"https:\/\/fkh.ch\/wp-content\/uploads\/2019\/08\/Trafo_PDC-300x225.png 300w, https:\/\/fkh.ch\/wp-content\/uploads\/2019\/08\/Trafo_PDC-768x576.png 768w, https:\/\/fkh.ch\/wp-content\/uploads\/2019\/08\/Trafo_PDC.png 960w\" sizes=\"auto, (max-width: 300px) 100vw, 300px\" \/><\/a><p id=\"caption-attachment-4975\" class=\"wp-caption-text\">Caract\u00e9risation d\u2019un changeur de prises en charge, mesure dynamique de la pente du courant en A\/s<\/p><\/div>\n<h3 style=\"text-align: justify;\"><strong>Enregistrement du courant In-Rush<\/strong><\/h3>\n<p style=\"text-align: justify;\">Les mesures du courant d\u2019enclenchement fournissent des informations sur l\u2019interaction entre le noyau du transformateur, le r\u00e9seau et les dispositifs de protection, ainsi que sur les contraintes m\u00e9caniques exerc\u00e9es sur les enroulements lorsque le transformateur est mis sous tension.<\/p>\n<h3 style=\"text-align: justify;\"><strong>Analyses d\u2019huile (p.\u00a0ex. analyse di\u00e9lectrique et chimique de l\u2019huile, analyse gaz dans l\u2019huile, analyse du furane)<\/strong><\/h3>\n<p style=\"text-align: justify;\">Les proc\u00e9dures d\u2019analyse de l\u2019huile fournissent des informations sp\u00e9cifiques sur de nombreux aspects de l\u2019\u00e9tat de l\u2019isolation\u00a0: \u00e9tat g\u00e9n\u00e9ral de l\u2019huile, d\u00e9tection des d\u00e9fauts en fonction de la composition des gaz dissous, indications de d\u00e9composition de la cellulose et autres processus de vieillissement (Pour plus de d\u00e9tails, consulter notre brochure \u00abAnalyses d\u2019huiles isolantes\u00bb).<\/p>\n<p><a href=\"https:\/\/fkh.ch\/wp-content\/uploads\/2019\/11\/Leistungstransformator-Diagnose-FR-V19-01.pdf\"><img loading=\"lazy\" decoding=\"async\" class=\"wp-image-5879  alignleft\" src=\"https:\/\/fkh.ch\/wp-content\/uploads\/2019\/11\/Leistungstransformator-Diagnose-FR-Bild.png\" alt=\"\" width=\"107\" height=\"151\" srcset=\"https:\/\/fkh.ch\/wp-content\/uploads\/2019\/11\/Leistungstransformator-Diagnose-FR-Bild.png 794w, https:\/\/fkh.ch\/wp-content\/uploads\/2019\/11\/Leistungstransformator-Diagnose-FR-Bild-212x300.png 212w, https:\/\/fkh.ch\/wp-content\/uploads\/2019\/11\/Leistungstransformator-Diagnose-FR-Bild-768x1086.png 768w, https:\/\/fkh.ch\/wp-content\/uploads\/2019\/11\/Leistungstransformator-Diagnose-FR-Bild-724x1024.png 724w\" sizes=\"auto, (max-width: 107px) 100vw, 107px\" \/><\/a><a href=\"https:\/\/fkh.ch\/wp-content\/uploads\/2019\/11\/Leistungstransformator-Diagnose-FR-V19-01.pdf\">Broschure Diagnostic des transformateurs de puissance<\/a><\/p>\n<p>&nbsp;<\/p>\n<p>&nbsp;<\/p>\n<p>&nbsp;<\/p>\n<p>&nbsp;<\/p>\n<p><a href=\"https:\/\/fkh.ch\/wp-content\/uploads\/2019\/11\/Isolieroelanalysen-FR-V19-01.pdf\"><img loading=\"lazy\" decoding=\"async\" class=\"wp-image-5873  alignleft\" src=\"https:\/\/fkh.ch\/wp-content\/uploads\/2019\/11\/Isolieroelanalysen-FR-Bild.png\" alt=\"\" width=\"112\" height=\"158\" srcset=\"https:\/\/fkh.ch\/wp-content\/uploads\/2019\/11\/Isolieroelanalysen-FR-Bild.png 794w, https:\/\/fkh.ch\/wp-content\/uploads\/2019\/11\/Isolieroelanalysen-FR-Bild-212x300.png 212w, https:\/\/fkh.ch\/wp-content\/uploads\/2019\/11\/Isolieroelanalysen-FR-Bild-768x1086.png 768w, https:\/\/fkh.ch\/wp-content\/uploads\/2019\/11\/Isolieroelanalysen-FR-Bild-724x1024.png 724w\" sizes=\"auto, (max-width: 112px) 100vw, 112px\" \/><\/a><a href=\"https:\/\/fkh.ch\/wp-content\/uploads\/2019\/11\/Isolieroelanalysen-FR-V19-01.pdf\">Broschure \u00a0Analyses d\u2019huiles isolantes<\/a><\/p>\n","protected":false},"excerpt":{"rendered":"<p>La FKH propose des mesures de diagnostic sur site pour les transformateurs de puissance neufs et anciens. Pour les mesures dans le cadre d\u2019une mise en service, l\u2019accent est mis sur le contr\u00f4le du montage, de l\u2019installation et de l\u2019impr\u00e9gnation de l\u2019huile, ainsi que sur la caract\u00e9risation du transformateur pour les comparaisons ult\u00e9rieures (empreinte digitale [&hellip;]<\/p>\n","protected":false},"author":194,"featured_media":0,"parent":4966,"menu_order":10,"comment_status":"open","ping_status":"closed","template":"","meta":{"_acf_changed":false,"footnotes":""},"class_list":["post-4972","page","type-page","status-publish","hentry"],"acf":[],"yoast_head":"<!-- This site is optimized with the Yoast SEO plugin v27.2 - https:\/\/yoast.com\/product\/yoast-seo-wordpress\/ -->\n<title>Diagnostic des transformateurs de puissance - FKH<\/title>\n<meta name=\"robots\" content=\"index, follow, max-snippet:-1, max-image-preview:large, max-video-preview:-1\" \/>\n<link rel=\"canonical\" href=\"https:\/\/fkh.ch\/fr\/dienstleistungen\/pruefung-von-hs-betriebsmitteln-vor-ort\/transformatoren-und-andere-apparate\/\" \/>\n<meta property=\"og:locale\" content=\"fr_FR\" \/>\n<meta property=\"og:type\" content=\"article\" \/>\n<meta property=\"og:title\" content=\"Diagnostic des transformateurs de puissance - FKH\" \/>\n<meta property=\"og:description\" content=\"La FKH propose des mesures de diagnostic sur site pour les transformateurs de puissance neufs et anciens. Pour les mesures dans le cadre d\u2019une mise en service, l\u2019accent est mis sur le contr\u00f4le du montage, de l\u2019installation et de l\u2019impr\u00e9gnation de l\u2019huile, ainsi que sur la caract\u00e9risation du transformateur pour les comparaisons ult\u00e9rieures (empreinte digitale [&hellip;]\" \/>\n<meta property=\"og:url\" content=\"https:\/\/fkh.ch\/fr\/dienstleistungen\/pruefung-von-hs-betriebsmitteln-vor-ort\/transformatoren-und-andere-apparate\/\" \/>\n<meta property=\"og:site_name\" content=\"FKH\" \/>\n<meta property=\"article:modified_time\" content=\"2019-11-28T12:37:23+00:00\" \/>\n<meta property=\"og:image\" content=\"https:\/\/fkh.ch\/wp-content\/uploads\/2014\/03\/TE-Pr\u00fcfung-Erregung-Dieselgenerator-300x196.jpg\" \/>\n<meta name=\"twitter:label1\" content=\"Dur\u00e9e de lecture estim\u00e9e\" \/>\n\t<meta name=\"twitter:data1\" content=\"4 minutes\" \/>\n<script type=\"application\/ld+json\" class=\"yoast-schema-graph\">{\"@context\":\"https:\/\/schema.org\",\"@graph\":[{\"@type\":\"WebPage\",\"@id\":\"https:\/\/fkh.ch\/fr\/dienstleistungen\/pruefung-von-hs-betriebsmitteln-vor-ort\/transformatoren-und-andere-apparate\/\",\"url\":\"https:\/\/fkh.ch\/fr\/dienstleistungen\/pruefung-von-hs-betriebsmitteln-vor-ort\/transformatoren-und-andere-apparate\/\",\"name\":\"Diagnostic des transformateurs de puissance - FKH\",\"isPartOf\":{\"@id\":\"https:\/\/fkh.ch\/fr\/#website\"},\"primaryImageOfPage\":{\"@id\":\"https:\/\/fkh.ch\/fr\/dienstleistungen\/pruefung-von-hs-betriebsmitteln-vor-ort\/transformatoren-und-andere-apparate\/#primaryimage\"},\"image\":{\"@id\":\"https:\/\/fkh.ch\/fr\/dienstleistungen\/pruefung-von-hs-betriebsmitteln-vor-ort\/transformatoren-und-andere-apparate\/#primaryimage\"},\"thumbnailUrl\":\"https:\/\/fkh.ch\/wp-content\/uploads\/2014\/07\/Trafo-Diagramm4-300x204.png\",\"datePublished\":\"2014-03-11T12:02:27+00:00\",\"dateModified\":\"2019-11-28T12:37:23+00:00\",\"breadcrumb\":{\"@id\":\"https:\/\/fkh.ch\/fr\/dienstleistungen\/pruefung-von-hs-betriebsmitteln-vor-ort\/transformatoren-und-andere-apparate\/#breadcrumb\"},\"inLanguage\":\"fr-FR\",\"potentialAction\":[{\"@type\":\"ReadAction\",\"target\":[\"https:\/\/fkh.ch\/fr\/dienstleistungen\/pruefung-von-hs-betriebsmitteln-vor-ort\/transformatoren-und-andere-apparate\/\"]}]},{\"@type\":\"ImageObject\",\"inLanguage\":\"fr-FR\",\"@id\":\"https:\/\/fkh.ch\/fr\/dienstleistungen\/pruefung-von-hs-betriebsmitteln-vor-ort\/transformatoren-und-andere-apparate\/#primaryimage\",\"url\":\"https:\/\/fkh.ch\/wp-content\/uploads\/2014\/07\/Trafo-Diagramm4-300x204.png\",\"contentUrl\":\"https:\/\/fkh.ch\/wp-content\/uploads\/2014\/07\/Trafo-Diagramm4-300x204.png\"},{\"@type\":\"BreadcrumbList\",\"@id\":\"https:\/\/fkh.ch\/fr\/dienstleistungen\/pruefung-von-hs-betriebsmitteln-vor-ort\/transformatoren-und-andere-apparate\/#breadcrumb\",\"itemListElement\":[{\"@type\":\"ListItem\",\"position\":1,\"name\":\"Startseite\",\"item\":\"https:\/\/fkh.ch\/fr\/\"},{\"@type\":\"ListItem\",\"position\":2,\"name\":\"Services\",\"item\":\"https:\/\/fkh.ch\/fr\/dienstleistungen\/\"},{\"@type\":\"ListItem\",\"position\":3,\"name\":\"Tests haute tension\",\"item\":\"https:\/\/fkh.ch\/fr\/dienstleistungen\/pruefung-von-hs-betriebsmitteln-vor-ort\/\"},{\"@type\":\"ListItem\",\"position\":4,\"name\":\"Diagnostic des transformateurs de puissance\"}]},{\"@type\":\"WebSite\",\"@id\":\"https:\/\/fkh.ch\/fr\/#website\",\"url\":\"https:\/\/fkh.ch\/fr\/\",\"name\":\"FKH\",\"description\":\"Commission d'\u00e9tude des questions relatives \u00e0 la haute tension\",\"potentialAction\":[{\"@type\":\"SearchAction\",\"target\":{\"@type\":\"EntryPoint\",\"urlTemplate\":\"https:\/\/fkh.ch\/fr\/?s={search_term_string}\"},\"query-input\":{\"@type\":\"PropertyValueSpecification\",\"valueRequired\":true,\"valueName\":\"search_term_string\"}}],\"inLanguage\":\"fr-FR\"}]}<\/script>\n<!-- \/ Yoast SEO plugin. -->","yoast_head_json":{"title":"Diagnostic des transformateurs de puissance - FKH","robots":{"index":"index","follow":"follow","max-snippet":"max-snippet:-1","max-image-preview":"max-image-preview:large","max-video-preview":"max-video-preview:-1"},"canonical":"https:\/\/fkh.ch\/fr\/dienstleistungen\/pruefung-von-hs-betriebsmitteln-vor-ort\/transformatoren-und-andere-apparate\/","og_locale":"fr_FR","og_type":"article","og_title":"Diagnostic des transformateurs de puissance - FKH","og_description":"La FKH propose des mesures de diagnostic sur site pour les transformateurs de puissance neufs et anciens. Pour les mesures dans le cadre d\u2019une mise en service, l\u2019accent est mis sur le contr\u00f4le du montage, de l\u2019installation et de l\u2019impr\u00e9gnation de l\u2019huile, ainsi que sur la caract\u00e9risation du transformateur pour les comparaisons ult\u00e9rieures (empreinte digitale [&hellip;]","og_url":"https:\/\/fkh.ch\/fr\/dienstleistungen\/pruefung-von-hs-betriebsmitteln-vor-ort\/transformatoren-und-andere-apparate\/","og_site_name":"FKH","article_modified_time":"2019-11-28T12:37:23+00:00","og_image":[{"url":"https:\/\/fkh.ch\/wp-content\/uploads\/2014\/03\/TE-Pr\u00fcfung-Erregung-Dieselgenerator-300x196.jpg","type":"","width":"","height":""}],"twitter_misc":{"Dur\u00e9e de lecture estim\u00e9e":"4 minutes"},"schema":{"@context":"https:\/\/schema.org","@graph":[{"@type":"WebPage","@id":"https:\/\/fkh.ch\/fr\/dienstleistungen\/pruefung-von-hs-betriebsmitteln-vor-ort\/transformatoren-und-andere-apparate\/","url":"https:\/\/fkh.ch\/fr\/dienstleistungen\/pruefung-von-hs-betriebsmitteln-vor-ort\/transformatoren-und-andere-apparate\/","name":"Diagnostic des transformateurs de puissance - FKH","isPartOf":{"@id":"https:\/\/fkh.ch\/fr\/#website"},"primaryImageOfPage":{"@id":"https:\/\/fkh.ch\/fr\/dienstleistungen\/pruefung-von-hs-betriebsmitteln-vor-ort\/transformatoren-und-andere-apparate\/#primaryimage"},"image":{"@id":"https:\/\/fkh.ch\/fr\/dienstleistungen\/pruefung-von-hs-betriebsmitteln-vor-ort\/transformatoren-und-andere-apparate\/#primaryimage"},"thumbnailUrl":"https:\/\/fkh.ch\/wp-content\/uploads\/2014\/07\/Trafo-Diagramm4-300x204.png","datePublished":"2014-03-11T12:02:27+00:00","dateModified":"2019-11-28T12:37:23+00:00","breadcrumb":{"@id":"https:\/\/fkh.ch\/fr\/dienstleistungen\/pruefung-von-hs-betriebsmitteln-vor-ort\/transformatoren-und-andere-apparate\/#breadcrumb"},"inLanguage":"fr-FR","potentialAction":[{"@type":"ReadAction","target":["https:\/\/fkh.ch\/fr\/dienstleistungen\/pruefung-von-hs-betriebsmitteln-vor-ort\/transformatoren-und-andere-apparate\/"]}]},{"@type":"ImageObject","inLanguage":"fr-FR","@id":"https:\/\/fkh.ch\/fr\/dienstleistungen\/pruefung-von-hs-betriebsmitteln-vor-ort\/transformatoren-und-andere-apparate\/#primaryimage","url":"https:\/\/fkh.ch\/wp-content\/uploads\/2014\/07\/Trafo-Diagramm4-300x204.png","contentUrl":"https:\/\/fkh.ch\/wp-content\/uploads\/2014\/07\/Trafo-Diagramm4-300x204.png"},{"@type":"BreadcrumbList","@id":"https:\/\/fkh.ch\/fr\/dienstleistungen\/pruefung-von-hs-betriebsmitteln-vor-ort\/transformatoren-und-andere-apparate\/#breadcrumb","itemListElement":[{"@type":"ListItem","position":1,"name":"Startseite","item":"https:\/\/fkh.ch\/fr\/"},{"@type":"ListItem","position":2,"name":"Services","item":"https:\/\/fkh.ch\/fr\/dienstleistungen\/"},{"@type":"ListItem","position":3,"name":"Tests haute tension","item":"https:\/\/fkh.ch\/fr\/dienstleistungen\/pruefung-von-hs-betriebsmitteln-vor-ort\/"},{"@type":"ListItem","position":4,"name":"Diagnostic des transformateurs de puissance"}]},{"@type":"WebSite","@id":"https:\/\/fkh.ch\/fr\/#website","url":"https:\/\/fkh.ch\/fr\/","name":"FKH","description":"Commission d'\u00e9tude des questions relatives \u00e0 la haute tension","potentialAction":[{"@type":"SearchAction","target":{"@type":"EntryPoint","urlTemplate":"https:\/\/fkh.ch\/fr\/?s={search_term_string}"},"query-input":{"@type":"PropertyValueSpecification","valueRequired":true,"valueName":"search_term_string"}}],"inLanguage":"fr-FR"}]}},"_links":{"self":[{"href":"https:\/\/fkh.ch\/fr\/wp-json\/wp\/v2\/pages\/4972","targetHints":{"allow":["GET"]}}],"collection":[{"href":"https:\/\/fkh.ch\/fr\/wp-json\/wp\/v2\/pages"}],"about":[{"href":"https:\/\/fkh.ch\/fr\/wp-json\/wp\/v2\/types\/page"}],"author":[{"embeddable":true,"href":"https:\/\/fkh.ch\/fr\/wp-json\/wp\/v2\/users\/194"}],"replies":[{"embeddable":true,"href":"https:\/\/fkh.ch\/fr\/wp-json\/wp\/v2\/comments?post=4972"}],"version-history":[{"count":6,"href":"https:\/\/fkh.ch\/fr\/wp-json\/wp\/v2\/pages\/4972\/revisions"}],"predecessor-version":[{"id":5114,"href":"https:\/\/fkh.ch\/fr\/wp-json\/wp\/v2\/pages\/4972\/revisions\/5114"}],"up":[{"embeddable":true,"href":"https:\/\/fkh.ch\/fr\/wp-json\/wp\/v2\/pages\/4966"}],"wp:attachment":[{"href":"https:\/\/fkh.ch\/fr\/wp-json\/wp\/v2\/media?parent=4972"}],"curies":[{"name":"wp","href":"https:\/\/api.w.org\/{rel}","templated":true}]}}