{"id":5118,"date":"2014-03-11T14:02:43","date_gmt":"2014-03-11T12:02:43","guid":{"rendered":"https:\/\/test.fkh.ch\/dienstleistungen\/pruefung-von-hs-betriebsmitteln-vor-ort\/kabelpruefungen\/"},"modified":"2021-03-24T14:17:52","modified_gmt":"2021-03-24T13:17:52","slug":"kabelpruefungen","status":"publish","type":"page","link":"https:\/\/fkh.ch\/fr\/dienstleistungen\/pruefung-von-hs-betriebsmitteln-vor-ort\/kabelpruefungen\/","title":{"rendered":"Essai de liaisons c\u00e2bl\u00e9es"},"content":{"rendered":"<p style=\"text-align: justify;\"><a href=\"https:\/\/fkh.ch\/wp-content\/uploads\/2014\/03\/P1040059.jpg\"><img loading=\"lazy\" decoding=\"async\" class=\"alignright size-medium wp-image-3110\" src=\"https:\/\/fkh.ch\/wp-content\/uploads\/2014\/03\/P1040059-e1404915679692-300x225.jpg\" alt=\"P1040059\" width=\"300\" height=\"225\" srcset=\"https:\/\/fkh.ch\/wp-content\/uploads\/2014\/03\/P1040059-e1404915679692-300x225.jpg 300w, https:\/\/fkh.ch\/wp-content\/uploads\/2014\/03\/P1040059-e1404915679692-768x576.jpg 768w, https:\/\/fkh.ch\/wp-content\/uploads\/2014\/03\/P1040059-e1404915679692-1024x768.jpg 1024w, https:\/\/fkh.ch\/wp-content\/uploads\/2014\/03\/P1040059-e1404915679692.jpg 2000w\" sizes=\"auto, (max-width: 300px) 100vw, 300px\" \/><\/a>La preuve d\u2019une installation et d\u2019un montage appropri\u00e9s des syst\u00e8mes de c\u00e2bles est la pr\u00e9occupation principale lors de la r\u00e9alisation d\u2019essai de tension sur site des connexions de c\u00e2bles haute tension.<\/p>\n<p style=\"text-align: justify;\">La technique de contr\u00f4le sur site en tension alternative pour les c\u00e2bles \u00e0 haute tension, aujourd\u2019hui utilis\u00e9e dans le monde entier, a \u00e9t\u00e9 d\u00e9velopp\u00e9e conjointement par l\u2019\u00e9cole Polytechnique F\u00e9d\u00e9rale de Zurich (EPFZ) et la FKH, et introduite par la FKH dans les ann\u00e9es 1980. Elle est bas\u00e9e sur le principe de la r\u00e9sonance en s\u00e9rie avec une fr\u00e9quence r\u00e9glable. En plus des tests de tension, diverses m\u00e9thodes de diagnostic sont propos\u00e9es comme par exemple les mesures de d\u00e9charges partielles (DP).<\/p>\n<h3><strong>Essai de r\u00e9sonnance en s\u00e9rie \u00e0 haute tension des syst\u00e8mes de c\u00e2bles<\/strong><\/h3>\n<div id=\"attachment_5125\" style=\"width: 310px\" class=\"wp-caption alignright\"><a href=\"https:\/\/fkh.ch\/wp-content\/uploads\/2019\/10\/Aufbau2-Kabel-300x187.png\"><img loading=\"lazy\" decoding=\"async\" aria-describedby=\"caption-attachment-5125\" class=\"wp-image-5125 size-medium\" src=\"https:\/\/fkh.ch\/wp-content\/uploads\/2019\/10\/Aufbau2-Kabel-300x187.png\" alt=\"Sch\u00e9ma du syst\u00e8me de r\u00e9sonance en s\u00e9rie\" width=\"300\" height=\"187\" srcset=\"https:\/\/fkh.ch\/wp-content\/uploads\/2019\/10\/Aufbau2-Kabel-300x187.png 300w, https:\/\/fkh.ch\/wp-content\/uploads\/2019\/10\/Aufbau2-Kabel-768x480.png 768w, https:\/\/fkh.ch\/wp-content\/uploads\/2019\/10\/Aufbau2-Kabel-1024x639.png 1024w, https:\/\/fkh.ch\/wp-content\/uploads\/2019\/10\/Aufbau2-Kabel.png 1182w\" sizes=\"auto, (max-width: 300px) 100vw, 300px\" \/><\/a><p id=\"caption-attachment-5125\" class=\"wp-caption-text\">Sch\u00e9ma du syst\u00e8me de r\u00e9sonance en s\u00e9rie<\/p><\/div>\n<p style=\"text-align: justify;\">Avant la mise en service d\u2019un nouveau syst\u00e8me de c\u00e2bles ou apr\u00e8s l\u2019ach\u00e8vement d\u2019importants travaux de modification sur un syst\u00e8me existant, un test de tension est recommand\u00e9 avant la mise en service du syst\u00e8me. L\u2019objectif est d\u2019exclure en particulier les d\u00e9fauts suivants:<\/p>\n<ul>\n<li>Erreurs de montage dans les terminaisons ou les jonctions de c\u00e2bles<\/li>\n<li>Dommages \u00e0 la gaine du c\u00e2ble ou au rev\u00eatement semi-conducteur<\/li>\n<\/ul>\n<p>&nbsp;<\/p>\n<p>&nbsp;<\/p>\n<p style=\"text-align: justify;\"><a href=\"https:\/\/fkh.ch\/wp-content\/uploads\/2021\/03\/Kabelpruefung_Tabelle-PruefverfahrenF.png\"><img loading=\"lazy\" decoding=\"async\" class=\"alignleft wp-image-6327 size-medium\" src=\"https:\/\/fkh.ch\/wp-content\/uploads\/2021\/03\/Kabelpruefung_Tabelle-PruefverfahrenF-300x139.png\" alt=\"\" width=\"300\" height=\"139\" srcset=\"https:\/\/fkh.ch\/wp-content\/uploads\/2021\/03\/Kabelpruefung_Tabelle-PruefverfahrenF-300x139.png 300w, https:\/\/fkh.ch\/wp-content\/uploads\/2021\/03\/Kabelpruefung_Tabelle-PruefverfahrenF-1024x475.png 1024w, https:\/\/fkh.ch\/wp-content\/uploads\/2021\/03\/Kabelpruefung_Tabelle-PruefverfahrenF-768x356.png 768w, https:\/\/fkh.ch\/wp-content\/uploads\/2021\/03\/Kabelpruefung_Tabelle-PruefverfahrenF-1536x712.png 1536w, https:\/\/fkh.ch\/wp-content\/uploads\/2021\/03\/Kabelpruefung_Tabelle-PruefverfahrenF-2048x950.png 2048w\" sizes=\"auto, (max-width: 300px) 100vw, 300px\" \/><\/a>Sur la base de nombreuses ann\u00e9es d\u2019exp\u00e9rience en mati\u00e8re d\u2019essais, la FKH recommande d\u2019appliquer une tension d\u2019essai plus \u00e9lev\u00e9e sur les c\u00e2bles en d\u00e9rogation aux normes CEI 60840 ou 62067 mais pour une dur\u00e9e de test r\u00e9duite conform\u00e9ment \u00e0 la norme CENELEC HD 632.<\/p>\n<p style=\"text-align: justify;\">Dans le circuit de test, une inductance L avec un facteur de qualit\u00e9 \u00e9lev\u00e9 est connect\u00e9e en s\u00e9rie \u00e0 la capacit\u00e9 de test C<sub>x<\/sub> de l\u2019objet. Dans des conditions de r\u00e9sonance, une tension U<sub>P<\/sub> s\u2019accumule sur l\u2019objet \u00e0 tester qui est consid\u00e9rablement sup\u00e9rieure \u00e0 la tension U<sub>T<\/sub> du transformateur d\u2019alimentation. La fr\u00e9quence d\u2019essai est obtenue avec la formule suivante:<a href=\"https:\/\/fkh.ch\/wp-content\/uploads\/2014\/08\/Kabel_Cx1.png\"><img loading=\"lazy\" decoding=\"async\" class=\"aligncenter size-full wp-image-3774\" src=\"https:\/\/fkh.ch\/wp-content\/uploads\/2014\/08\/Kabel_Cx1.png\" alt=\"Kabel_Cx\" width=\"93\" height=\"27\" \/><\/a><\/p>\n<p style=\"text-align: center;\"><a href=\"https:\/\/fkh.ch\/wp-content\/uploads\/2018\/10\/Kabel-Formel.png\"><img loading=\"lazy\" decoding=\"async\" class=\"wp-image-4255 size-full aligncenter\" src=\"https:\/\/fkh.ch\/wp-content\/uploads\/2018\/10\/Kabel-Formel.png\" alt=\"\" width=\"273\" height=\"123\" \/><\/a><\/p>\n<p style=\"text-align: justify;\">Gr\u00e2ce \u00e0 ses inductances modulaires, l\u2019installation de test peut \u00eatre configur\u00e9e pour une fr\u00e9quence de test suffisamment \u00e9lev\u00e9e afin de s\u2019assurer que les transformateurs de potentiel haute tension n\u2019atteignent pas la saturation magn\u00e9tique, ce qui \u00e9limine la n\u00e9cessit\u00e9 de les retirer pour l\u2019essai.<\/p>\n<p>&nbsp;<\/p>\n<h3><b><strong>Avantages par rapport aux autres m\u00e9thodes<\/strong><br \/>\n<\/b><\/h3>\n<ul>\n<li style=\"list-style-type: none;\">\n<ul>\n<li>Faible puissance d\u2019alimentation requise.<\/li>\n<li>La tension sur l\u2019objet \u00e0 tester est sinuso\u00efdale et exempte d\u2019harmoniques.<\/li>\n<li>Lib\u00e9ration d\u2019\u00e9nergie minimale dans le d\u00e9faut en cas de claquage de l\u2019objet \u00e0 tester.<\/li>\n<li>La fr\u00e9quence de test peut \u00eatre augment\u00e9e en connectant des inductances en parall\u00e8le pour que les transformateurs de potentiel des PSEM puissent \u00e9galement \u00eatre test\u00e9s.<\/li>\n<\/ul>\n<\/li>\n<\/ul>\n<p>&nbsp;<\/p>\n<h3><strong>Mesure des d\u00e9charges partielles et autres m\u00e9thodes de diagnostic<\/strong><\/h3>\n<p style=\"text-align: justify;\">Une mesure de d\u00e9charges partielles est recommand\u00e9e \u00e0 titre de mesure suppl\u00e9mentaire pour les liaisons c\u00e2bl\u00e9es importantes du r\u00e9seau et les niveaux de tension les plus \u00e9lev\u00e9s. Ceci implique des inspections sp\u00e9cifiques des terminaisons et des jonctions des c\u00e2bles afin d\u2019identifier les d\u00e9fauts d\u2019isolation. De cette fa\u00e7on, il est possible de d\u00e9tecter des d\u00e9fauts qui n\u2019ont pas encore caus\u00e9 une panne imm\u00e9diate, mais qui pr\u00e9sentent un risque de d\u00e9faillance inattendue de l\u2019isolation.<\/p>\n<p>La FKH utilise les m\u00e9thodes d\u2019essai de d\u00e9charge partielle et les types de couplage suivants:<\/p>\n<ul>\n<li>Conventionnel, par l\u2019interm\u00e9diaire d\u2019un condensateur de couplage<\/li>\n<li>Avec capteurs de d\u00e9charge partielle int\u00e9gr\u00e9s dans les raccords (jonctions, terminaisons)<\/li>\n<li>Par des capteurs de courant sur le blindage du c\u00e2ble<\/li>\n<li>\u00c0 l\u2019aide de capteurs acoustiques<\/li>\n<\/ul>\n<p>&nbsp;<\/p>\n<div id=\"attachment_1403\" style=\"width: 310px\" class=\"wp-caption alignright\"><a href=\"https:\/\/fkh.ch\/wp-content\/uploads\/2014\/03\/TE-Bild-300x164.png\"><img loading=\"lazy\" decoding=\"async\" aria-describedby=\"caption-attachment-1403\" class=\"wp-image-3118 size-medium\" src=\"https:\/\/fkh.ch\/wp-content\/uploads\/2014\/03\/TE-Bild-300x164.png\" alt=\"Mesure de d\u00e9charges partielles lors d\u2019un test de tension\" width=\"300\" height=\"164\" srcset=\"https:\/\/fkh.ch\/wp-content\/uploads\/2014\/03\/TE-Bild-300x164.png 300w, https:\/\/fkh.ch\/wp-content\/uploads\/2014\/03\/TE-Bild.png 734w\" sizes=\"auto, (max-width: 300px) 100vw, 300px\" \/><\/a><p id=\"caption-attachment-1403\" class=\"wp-caption-text\">Mesure de d\u00e9charges partielles lors d\u2019un test de tension<\/p><\/div>\n<p>Les instruments modernes de mesure des d\u00e9charges partielles utilis\u00e9s par la FKH permettent des mesures synchrones en diff\u00e9rents points. Pour mesurer tous les signaux des d\u00e9charges partielles simultan\u00e9ment, des connexions \u00e0 fibre optique doivent \u00eatre install\u00e9es au pr\u00e9alable entre tous les capteurs.<\/p>\n<p>Pour les c\u00e2bles isol\u00e9s \u00e0 l\u2019huile et aussi dans le r\u00e9seau moyenne tension, la FKH effectue \u00e9galement des mesures C-tg\u03b4 ainsi que des mesures des courants de polarisation et de d\u00e9polarisation (PDC).<\/p>\n<p>&nbsp;<\/p>\n<p><a href=\"https:\/\/fkh.ch\/wp-content\/uploads\/2021\/03\/Kabelpruefungen-FR-V21-01.pdf\"><img loading=\"lazy\" decoding=\"async\" class=\"alignleft wp-image-5876\" src=\"https:\/\/fkh.ch\/wp-content\/uploads\/2019\/11\/Kabelpr\u00fcfungen-FR-Bild.png\" alt=\"\" width=\"117\" height=\"166\" srcset=\"https:\/\/fkh.ch\/wp-content\/uploads\/2019\/11\/Kabelpr\u00fcfungen-FR-Bild.png 794w, https:\/\/fkh.ch\/wp-content\/uploads\/2019\/11\/Kabelpr\u00fcfungen-FR-Bild-212x300.png 212w, https:\/\/fkh.ch\/wp-content\/uploads\/2019\/11\/Kabelpr\u00fcfungen-FR-Bild-768x1086.png 768w, https:\/\/fkh.ch\/wp-content\/uploads\/2019\/11\/Kabelpr\u00fcfungen-FR-Bild-724x1024.png 724w\" sizes=\"auto, (max-width: 117px) 100vw, 117px\" \/><\/a> <a href=\"https:\/\/fkh.ch\/wp-content\/uploads\/2021\/03\/Kabelpruefungen-FR-V21-01.pdf\">Brochure Essai de liaisons c\u00e2bl\u00e9es<\/a><\/p>\n","protected":false},"excerpt":{"rendered":"<p>La preuve d\u2019une installation et d\u2019un montage appropri\u00e9s des syst\u00e8mes de c\u00e2bles est la pr\u00e9occupation principale lors de la r\u00e9alisation d\u2019essai de tension sur site des connexions de c\u00e2bles haute tension. La technique de contr\u00f4le sur site en tension alternative pour les c\u00e2bles \u00e0 haute tension, aujourd\u2019hui utilis\u00e9e dans le monde entier, a \u00e9t\u00e9 d\u00e9velopp\u00e9e [&hellip;]<\/p>\n","protected":false},"author":198,"featured_media":0,"parent":4966,"menu_order":20,"comment_status":"closed","ping_status":"closed","template":"","meta":{"_acf_changed":false,"footnotes":""},"class_list":["post-5118","page","type-page","status-publish","hentry"],"acf":[],"yoast_head":"<!-- This site is optimized with the Yoast SEO plugin v27.2 - https:\/\/yoast.com\/product\/yoast-seo-wordpress\/ -->\n<title>Essai de liaisons c\u00e2bl\u00e9es - FKH<\/title>\n<meta name=\"robots\" content=\"index, follow, max-snippet:-1, max-image-preview:large, max-video-preview:-1\" \/>\n<link rel=\"canonical\" href=\"https:\/\/fkh.ch\/fr\/dienstleistungen\/pruefung-von-hs-betriebsmitteln-vor-ort\/kabelpruefungen\/\" \/>\n<meta property=\"og:locale\" content=\"fr_FR\" \/>\n<meta property=\"og:type\" content=\"article\" \/>\n<meta property=\"og:title\" content=\"Essai de liaisons c\u00e2bl\u00e9es - FKH\" \/>\n<meta property=\"og:description\" content=\"La preuve d\u2019une installation et d\u2019un montage appropri\u00e9s des syst\u00e8mes de c\u00e2bles est la pr\u00e9occupation principale lors de la r\u00e9alisation d\u2019essai de tension sur site des connexions de c\u00e2bles haute tension. La technique de contr\u00f4le sur site en tension alternative pour les c\u00e2bles \u00e0 haute tension, aujourd\u2019hui utilis\u00e9e dans le monde entier, a \u00e9t\u00e9 d\u00e9velopp\u00e9e [&hellip;]\" \/>\n<meta property=\"og:url\" content=\"https:\/\/fkh.ch\/fr\/dienstleistungen\/pruefung-von-hs-betriebsmitteln-vor-ort\/kabelpruefungen\/\" \/>\n<meta property=\"og:site_name\" content=\"FKH\" \/>\n<meta property=\"article:modified_time\" content=\"2021-03-24T13:17:52+00:00\" \/>\n<meta property=\"og:image\" content=\"https:\/\/fkh.ch\/wp-content\/uploads\/2014\/03\/P1040059-e1404915679692-300x225.jpg\" \/>\n<meta name=\"twitter:label1\" content=\"Dur\u00e9e de lecture estim\u00e9e\" \/>\n\t<meta name=\"twitter:data1\" content=\"5 minutes\" \/>\n<script type=\"application\/ld+json\" class=\"yoast-schema-graph\">{\"@context\":\"https:\/\/schema.org\",\"@graph\":[{\"@type\":\"WebPage\",\"@id\":\"https:\/\/fkh.ch\/fr\/dienstleistungen\/pruefung-von-hs-betriebsmitteln-vor-ort\/kabelpruefungen\/\",\"url\":\"https:\/\/fkh.ch\/fr\/dienstleistungen\/pruefung-von-hs-betriebsmitteln-vor-ort\/kabelpruefungen\/\",\"name\":\"Essai de liaisons c\u00e2bl\u00e9es - FKH\",\"isPartOf\":{\"@id\":\"https:\/\/fkh.ch\/fr\/#website\"},\"primaryImageOfPage\":{\"@id\":\"https:\/\/fkh.ch\/fr\/dienstleistungen\/pruefung-von-hs-betriebsmitteln-vor-ort\/kabelpruefungen\/#primaryimage\"},\"image\":{\"@id\":\"https:\/\/fkh.ch\/fr\/dienstleistungen\/pruefung-von-hs-betriebsmitteln-vor-ort\/kabelpruefungen\/#primaryimage\"},\"thumbnailUrl\":\"https:\/\/fkh.ch\/wp-content\/uploads\/2014\/03\/P1040059-e1404915679692-300x225.jpg\",\"datePublished\":\"2014-03-11T12:02:43+00:00\",\"dateModified\":\"2021-03-24T13:17:52+00:00\",\"breadcrumb\":{\"@id\":\"https:\/\/fkh.ch\/fr\/dienstleistungen\/pruefung-von-hs-betriebsmitteln-vor-ort\/kabelpruefungen\/#breadcrumb\"},\"inLanguage\":\"fr-FR\",\"potentialAction\":[{\"@type\":\"ReadAction\",\"target\":[\"https:\/\/fkh.ch\/fr\/dienstleistungen\/pruefung-von-hs-betriebsmitteln-vor-ort\/kabelpruefungen\/\"]}]},{\"@type\":\"ImageObject\",\"inLanguage\":\"fr-FR\",\"@id\":\"https:\/\/fkh.ch\/fr\/dienstleistungen\/pruefung-von-hs-betriebsmitteln-vor-ort\/kabelpruefungen\/#primaryimage\",\"url\":\"https:\/\/fkh.ch\/wp-content\/uploads\/2014\/03\/P1040059-e1404915679692-300x225.jpg\",\"contentUrl\":\"https:\/\/fkh.ch\/wp-content\/uploads\/2014\/03\/P1040059-e1404915679692-300x225.jpg\"},{\"@type\":\"BreadcrumbList\",\"@id\":\"https:\/\/fkh.ch\/fr\/dienstleistungen\/pruefung-von-hs-betriebsmitteln-vor-ort\/kabelpruefungen\/#breadcrumb\",\"itemListElement\":[{\"@type\":\"ListItem\",\"position\":1,\"name\":\"Startseite\",\"item\":\"https:\/\/fkh.ch\/fr\/\"},{\"@type\":\"ListItem\",\"position\":2,\"name\":\"Services\",\"item\":\"https:\/\/fkh.ch\/fr\/dienstleistungen\/\"},{\"@type\":\"ListItem\",\"position\":3,\"name\":\"Tests haute tension\",\"item\":\"https:\/\/fkh.ch\/fr\/dienstleistungen\/pruefung-von-hs-betriebsmitteln-vor-ort\/\"},{\"@type\":\"ListItem\",\"position\":4,\"name\":\"Essai de liaisons c\u00e2bl\u00e9es\"}]},{\"@type\":\"WebSite\",\"@id\":\"https:\/\/fkh.ch\/fr\/#website\",\"url\":\"https:\/\/fkh.ch\/fr\/\",\"name\":\"FKH\",\"description\":\"Commission d'\u00e9tude des questions relatives \u00e0 la haute tension\",\"potentialAction\":[{\"@type\":\"SearchAction\",\"target\":{\"@type\":\"EntryPoint\",\"urlTemplate\":\"https:\/\/fkh.ch\/fr\/?s={search_term_string}\"},\"query-input\":{\"@type\":\"PropertyValueSpecification\",\"valueRequired\":true,\"valueName\":\"search_term_string\"}}],\"inLanguage\":\"fr-FR\"}]}<\/script>\n<!-- \/ Yoast SEO plugin. -->","yoast_head_json":{"title":"Essai de liaisons c\u00e2bl\u00e9es - FKH","robots":{"index":"index","follow":"follow","max-snippet":"max-snippet:-1","max-image-preview":"max-image-preview:large","max-video-preview":"max-video-preview:-1"},"canonical":"https:\/\/fkh.ch\/fr\/dienstleistungen\/pruefung-von-hs-betriebsmitteln-vor-ort\/kabelpruefungen\/","og_locale":"fr_FR","og_type":"article","og_title":"Essai de liaisons c\u00e2bl\u00e9es - FKH","og_description":"La preuve d\u2019une installation et d\u2019un montage appropri\u00e9s des syst\u00e8mes de c\u00e2bles est la pr\u00e9occupation principale lors de la r\u00e9alisation d\u2019essai de tension sur site des connexions de c\u00e2bles haute tension. La technique de contr\u00f4le sur site en tension alternative pour les c\u00e2bles \u00e0 haute tension, aujourd\u2019hui utilis\u00e9e dans le monde entier, a \u00e9t\u00e9 d\u00e9velopp\u00e9e [&hellip;]","og_url":"https:\/\/fkh.ch\/fr\/dienstleistungen\/pruefung-von-hs-betriebsmitteln-vor-ort\/kabelpruefungen\/","og_site_name":"FKH","article_modified_time":"2021-03-24T13:17:52+00:00","og_image":[{"url":"https:\/\/fkh.ch\/wp-content\/uploads\/2014\/03\/P1040059-e1404915679692-300x225.jpg","type":"","width":"","height":""}],"twitter_misc":{"Dur\u00e9e de lecture estim\u00e9e":"5 minutes"},"schema":{"@context":"https:\/\/schema.org","@graph":[{"@type":"WebPage","@id":"https:\/\/fkh.ch\/fr\/dienstleistungen\/pruefung-von-hs-betriebsmitteln-vor-ort\/kabelpruefungen\/","url":"https:\/\/fkh.ch\/fr\/dienstleistungen\/pruefung-von-hs-betriebsmitteln-vor-ort\/kabelpruefungen\/","name":"Essai de liaisons c\u00e2bl\u00e9es - FKH","isPartOf":{"@id":"https:\/\/fkh.ch\/fr\/#website"},"primaryImageOfPage":{"@id":"https:\/\/fkh.ch\/fr\/dienstleistungen\/pruefung-von-hs-betriebsmitteln-vor-ort\/kabelpruefungen\/#primaryimage"},"image":{"@id":"https:\/\/fkh.ch\/fr\/dienstleistungen\/pruefung-von-hs-betriebsmitteln-vor-ort\/kabelpruefungen\/#primaryimage"},"thumbnailUrl":"https:\/\/fkh.ch\/wp-content\/uploads\/2014\/03\/P1040059-e1404915679692-300x225.jpg","datePublished":"2014-03-11T12:02:43+00:00","dateModified":"2021-03-24T13:17:52+00:00","breadcrumb":{"@id":"https:\/\/fkh.ch\/fr\/dienstleistungen\/pruefung-von-hs-betriebsmitteln-vor-ort\/kabelpruefungen\/#breadcrumb"},"inLanguage":"fr-FR","potentialAction":[{"@type":"ReadAction","target":["https:\/\/fkh.ch\/fr\/dienstleistungen\/pruefung-von-hs-betriebsmitteln-vor-ort\/kabelpruefungen\/"]}]},{"@type":"ImageObject","inLanguage":"fr-FR","@id":"https:\/\/fkh.ch\/fr\/dienstleistungen\/pruefung-von-hs-betriebsmitteln-vor-ort\/kabelpruefungen\/#primaryimage","url":"https:\/\/fkh.ch\/wp-content\/uploads\/2014\/03\/P1040059-e1404915679692-300x225.jpg","contentUrl":"https:\/\/fkh.ch\/wp-content\/uploads\/2014\/03\/P1040059-e1404915679692-300x225.jpg"},{"@type":"BreadcrumbList","@id":"https:\/\/fkh.ch\/fr\/dienstleistungen\/pruefung-von-hs-betriebsmitteln-vor-ort\/kabelpruefungen\/#breadcrumb","itemListElement":[{"@type":"ListItem","position":1,"name":"Startseite","item":"https:\/\/fkh.ch\/fr\/"},{"@type":"ListItem","position":2,"name":"Services","item":"https:\/\/fkh.ch\/fr\/dienstleistungen\/"},{"@type":"ListItem","position":3,"name":"Tests haute tension","item":"https:\/\/fkh.ch\/fr\/dienstleistungen\/pruefung-von-hs-betriebsmitteln-vor-ort\/"},{"@type":"ListItem","position":4,"name":"Essai de liaisons c\u00e2bl\u00e9es"}]},{"@type":"WebSite","@id":"https:\/\/fkh.ch\/fr\/#website","url":"https:\/\/fkh.ch\/fr\/","name":"FKH","description":"Commission d'\u00e9tude des questions relatives \u00e0 la haute tension","potentialAction":[{"@type":"SearchAction","target":{"@type":"EntryPoint","urlTemplate":"https:\/\/fkh.ch\/fr\/?s={search_term_string}"},"query-input":{"@type":"PropertyValueSpecification","valueRequired":true,"valueName":"search_term_string"}}],"inLanguage":"fr-FR"}]}},"_links":{"self":[{"href":"https:\/\/fkh.ch\/fr\/wp-json\/wp\/v2\/pages\/5118","targetHints":{"allow":["GET"]}}],"collection":[{"href":"https:\/\/fkh.ch\/fr\/wp-json\/wp\/v2\/pages"}],"about":[{"href":"https:\/\/fkh.ch\/fr\/wp-json\/wp\/v2\/types\/page"}],"author":[{"embeddable":true,"href":"https:\/\/fkh.ch\/fr\/wp-json\/wp\/v2\/users\/198"}],"replies":[{"embeddable":true,"href":"https:\/\/fkh.ch\/fr\/wp-json\/wp\/v2\/comments?post=5118"}],"version-history":[{"count":7,"href":"https:\/\/fkh.ch\/fr\/wp-json\/wp\/v2\/pages\/5118\/revisions"}],"predecessor-version":[{"id":6347,"href":"https:\/\/fkh.ch\/fr\/wp-json\/wp\/v2\/pages\/5118\/revisions\/6347"}],"up":[{"embeddable":true,"href":"https:\/\/fkh.ch\/fr\/wp-json\/wp\/v2\/pages\/4966"}],"wp:attachment":[{"href":"https:\/\/fkh.ch\/fr\/wp-json\/wp\/v2\/media?parent=5118"}],"curies":[{"name":"wp","href":"https:\/\/api.w.org\/{rel}","templated":true}]}}