{"id":5135,"date":"2014-03-11T14:02:36","date_gmt":"2014-03-11T12:02:36","guid":{"rendered":"https:\/\/test.fkh.ch\/dienstleistungen\/pruefung-von-hs-betriebsmitteln-vor-ort\/gis\/"},"modified":"2019-11-28T13:39:39","modified_gmt":"2019-11-28T12:39:39","slug":"gis","status":"publish","type":"page","link":"https:\/\/fkh.ch\/fr\/dienstleistungen\/pruefung-von-hs-betriebsmitteln-vor-ort\/gis\/","title":{"rendered":"Essai de postes \u00e9lectriques sous enveloppe m\u00e9tallique (GIS)"},"content":{"rendered":"<p style=\"text-align: justify;\"><a href=\"https:\/\/fkh.ch\/wp-content\/uploads\/2014\/07\/A12-088-Bg-SIL-220kV-GIS-Banlieu-Ouest-UHF-TE.jpg\"><img loading=\"lazy\" decoding=\"async\" class=\"alignright size-medium wp-image-1343\" src=\"https:\/\/fkh.ch\/wp-content\/uploads\/2014\/07\/A12-088-Bg-SIL-220kV-GIS-Banlieu-Ouest-UHF-TE.jpg\" alt=\"Exif_JPEG_PICTURE\" width=\"300\" height=\"225\" srcset=\"https:\/\/fkh.ch\/wp-content\/uploads\/2014\/07\/A12-088-Bg-SIL-220kV-GIS-Banlieu-Ouest-UHF-TE.jpg 3648w, https:\/\/fkh.ch\/wp-content\/uploads\/2014\/07\/A12-088-Bg-SIL-220kV-GIS-Banlieu-Ouest-UHF-TE-300x225.jpg 300w, https:\/\/fkh.ch\/wp-content\/uploads\/2014\/07\/A12-088-Bg-SIL-220kV-GIS-Banlieu-Ouest-UHF-TE-768x576.jpg 768w, https:\/\/fkh.ch\/wp-content\/uploads\/2014\/07\/A12-088-Bg-SIL-220kV-GIS-Banlieu-Ouest-UHF-TE-1024x768.jpg 1024w\" sizes=\"auto, (max-width: 300px) 100vw, 300px\" \/><\/a>Les postes \u00e9lectriques sous enveloppe m\u00e9tallique (PSEM ou GIS) sont des n\u0153uds importants du r\u00e9seau \u00e9lectrique qui doivent \u00eatre hautement disponibles. La dur\u00e9e de vie pr\u00e9vue est de 35 \u00e0 50 ans, pendant laquelle le PSEM doit r\u00e9sister \u00e0 toutes les contraintes de tension sans entretien.<\/p>\n<p>Selon les derni\u00e8res statistiques CIGRE sur les d\u00e9fauts, l\u2019objectif de la CEI de moins de 0,001 d\u00e9faut\/an pour l\u2019isolation d\u2019un syst\u00e8me n\u2019est toujours pas atteint. Ces statistiques montrent \u00e9galement qu\u2019environ 50% des d\u00e9fauts di\u00e9lectriques en fonctionnement \u00e9taient d\u00e9j\u00e0 pr\u00e9sents au moment de la mise en service. En cons\u00e9quence, des tests plus minutieux et plus stricts sont n\u00e9cessaires en usine et surtout sur site.<\/p>\n<p style=\"text-align: justify;\">Depuis les ann\u00e9es 1980, la FKH, en tant qu\u2019institution ind\u00e9pendante, effectue des tests de pointe sur les PSEM. De plus, elle entreprend des recherches et participe \u00e0 des activit\u00e9s de publication et d\u2019autres activit\u00e9s relatives \u00e0 ce sujet dans des comit\u00e9s d\u2019experts internationaux. Sa position neutre permet une \u00e9valuation des erreurs sans conflit d\u2019int\u00e9r\u00eats sur la base de mesures transparentes.<\/p>\n<p>&nbsp;<\/p>\n<h3><strong>Bonnes raisons d\u2019effectuer un essai et des mesures diagnostiques, et leurs avantages<\/strong><\/h3>\n<p>En r\u00e8gle g\u00e9n\u00e9rale, un PSEM est soumis \u00e0 un diagnostic d\u2019isolation (p.\u00a0ex. mesure de DP) pour les raisons suivantes:<\/p>\n<ul>\n<li>Lors de la mise en service d\u2019une nouvelle installation (dans le cadre l\u2019essai de tension)<\/li>\n<li>En raison de l\u2019ajout d\u2019un champ<\/li>\n<li>Apr\u00e8s une avarie<\/li>\n<li>Apr\u00e8s l\u2019activation des syst\u00e8mes de surveillance des d\u00e9charges partielles (mesures en service dans certains cas)<\/li>\n<li>Apr\u00e8s l\u2019identification d\u2019un point faible<\/li>\n<li>Afin de d\u00e9terminer l\u2019\u00e9tat de l\u2019isolation (anciens syst\u00e8mes, mesures en service)<\/li>\n<\/ul>\n<p>&nbsp;<\/p>\n<p><a href=\"https:\/\/fkh.ch\/wp-content\/uploads\/2014\/07\/P1240804-e1404975786741.jpg\"><img loading=\"lazy\" decoding=\"async\" class=\"wp-image-1422 alignright\" src=\"https:\/\/fkh.ch\/wp-content\/uploads\/2014\/07\/P1240804-e1404975786741.jpg\" alt=\"P1240804\" width=\"300\" height=\"225\" srcset=\"https:\/\/fkh.ch\/wp-content\/uploads\/2014\/07\/P1240804-e1404975786741.jpg 2000w, https:\/\/fkh.ch\/wp-content\/uploads\/2014\/07\/P1240804-e1404975786741-300x225.jpg 300w, https:\/\/fkh.ch\/wp-content\/uploads\/2014\/07\/P1240804-e1404975786741-768x576.jpg 768w, https:\/\/fkh.ch\/wp-content\/uploads\/2014\/07\/P1240804-e1404975786741-1024x768.jpg 1024w\" sizes=\"auto, (max-width: 300px) 100vw, 300px\" \/><\/a><a href=\"https:\/\/fkh.ch\/wp-content\/uploads\/2014\/03\/P1130426.jpg\"><img loading=\"lazy\" decoding=\"async\" class=\"size-medium wp-image-1423 alignright\" src=\"https:\/\/fkh.ch\/wp-content\/uploads\/2014\/03\/P1130426.jpg\" alt=\"P1130426\" width=\"300\" height=\"225\" srcset=\"https:\/\/fkh.ch\/wp-content\/uploads\/2014\/03\/P1130426.jpg 2560w, https:\/\/fkh.ch\/wp-content\/uploads\/2014\/03\/P1130426-300x225.jpg 300w, https:\/\/fkh.ch\/wp-content\/uploads\/2014\/03\/P1130426-768x576.jpg 768w, https:\/\/fkh.ch\/wp-content\/uploads\/2014\/03\/P1130426-1024x768.jpg 1024w\" sizes=\"auto, (max-width: 300px) 100vw, 300px\" \/><\/a>Les m\u00e9thodes d\u2019essai habituelles sont (selon la norme CEI):<\/p>\n<ul>\n<li>Essai en tension alternative<\/li>\n<li>Mesure de d\u00e9charges partielles<\/li>\n<li>Essai de choc \u00e9lectrique<\/li>\n<\/ul>\n<p>La FKH assiste ses clients sur tous les aspects, y compris les tests d\u2019isolation des PSEM, et offre son soutien et ses conseils tout au long du projet:<\/p>\n<ul>\n<li>Sp\u00e9cifications d\u2019essai pour les appels d\u2019offres, y compris l\u2019emplacement des capteurs UHF<\/li>\n<li>Instructions d\u2019essai (p.\u00a0ex. pour les essais de r\u00e9ception haute tension)<\/li>\n<li>R\u00e9alisation de tous les tests d\u2019isolation de la partie primaire<\/li>\n<li>Essais int\u00e9graux avec c\u00e2bles haute tension raccord\u00e9s \u00e9galement possibles<\/li>\n<li>Diagnostic et analyse des causes, y compris l\u2019\u00e9valuation en service<\/li>\n<li>Rapports d\u2019expertise<\/li>\n<\/ul>\n<p>&nbsp;<\/p>\n<h3><\/h3>\n<h3><b><a href=\"https:\/\/fkh.ch\/wp-content\/uploads\/2014\/03\/P1240352-e1404978476795.jpg\"><img loading=\"lazy\" decoding=\"async\" class=\"alignright size-medium wp-image-1424\" src=\"https:\/\/fkh.ch\/wp-content\/uploads\/2014\/03\/P1240352-e1404978476795.jpg\" alt=\"P1240352\" width=\"300\" height=\"225\" srcset=\"https:\/\/fkh.ch\/wp-content\/uploads\/2014\/03\/P1240352-e1404978476795.jpg 2000w, https:\/\/fkh.ch\/wp-content\/uploads\/2014\/03\/P1240352-e1404978476795-300x225.jpg 300w, https:\/\/fkh.ch\/wp-content\/uploads\/2014\/03\/P1240352-e1404978476795-768x576.jpg 768w, https:\/\/fkh.ch\/wp-content\/uploads\/2014\/03\/P1240352-e1404978476795-1024x768.jpg 1024w\" sizes=\"auto, (max-width: 300px) 100vw, 300px\" \/><\/a><\/b><strong>Options de mesure et d\u2019essai<\/strong><\/h3>\n<ul>\n<li>Test en tension alternative avec un syst\u00e8me r\u00e9sonnant en s\u00e9rie<\/li>\n<li>Mesures conventionnelles de d\u00e9charges partielles selon la norme IEC<\/li>\n<li>Mesure de la d\u00e9charge partielle UHF, y compris la v\u00e9rification de la sensibilit\u00e9 conform\u00e9ment \u00e0 la norme CIGRE. La plus sensible de toutes les m\u00e9thodes de mesure des d\u00e9charges partielles UHF est utilis\u00e9e\u00a0:<br \/>\nMesure \u00e0 bande \u00e9troite avec s\u00e9lection visuelle de la fr\u00e9quence de mesure, avec un pr\u00e9amplificateur de 50\u00a0dB directement sur le capteur UHF. Cette m\u00e9thode permet notamment de d\u00e9tecter des d\u00e9fauts critiques \u00e0 tr\u00e8s faible amplitude de d\u00e9charge partielle (par exemple des particules sur un mat\u00e9riau isolant) qui pourraient entra\u00eener un d\u00e9faut en fonctionnement lors de transitoires (p.\u00a0ex. foudre).<\/li>\n<li>Essais de choc foudre (avec le cas \u00e9ch\u00e9ant des surtensions oscillatoires)<\/li>\n<li>Localisation des d\u00e9fauts lors de l\u2019essai avec un syst\u00e8me de localisation<\/li>\n<li>Localisation et identification des r\u00e9sultats des d\u00e9charges partielles par le biais de\n<ul>\n<li style=\"list-style-type: none;\">\n<ul>\n<li>Localisation \u00e0 l\u2019aide du spectre de fr\u00e9quence et du sectionnement du PSEM<\/li>\n<li>Localisation des DPs bas\u00e9e sur le temps d\u2019arriv\u00e9e du signal \u00e0 l\u2019aide d\u2019oscilloscopes<\/li>\n<li>Mesure acoustique des DP \u00e0 l\u2019aide de capteurs \u00e0 ultrasons<\/li>\n<li>Vid\u00e9o endoscopique avec cam\u00e9ras pivotantes t\u00e9l\u00e9command\u00e9es<\/li>\n<li>Microscopie et caract\u00e9risation des particules<\/li>\n<\/ul>\n<\/li>\n<\/ul>\n<\/li>\n<\/ul>\n<ul>\n<li>\u00c9valuation des r\u00e9sultats<\/li>\n<\/ul>\n<p>&nbsp;<\/p>\n<h3><\/h3>\n<h3><strong>Types de d\u00e9fauts<\/strong><\/h3>\n<div id=\"attachment_5137\" style=\"width: 1034px\" class=\"wp-caption aligncenter\"><a href=\"https:\/\/fkh.ch\/wp-content\/uploads\/2019\/10\/Fehlertypen_GIS.png\"><img loading=\"lazy\" decoding=\"async\" aria-describedby=\"caption-attachment-5137\" class=\"wp-image-5137 size-large\" src=\"https:\/\/fkh.ch\/wp-content\/uploads\/2019\/10\/Fehlertypen_GIS.png\" alt=\"Types de d\u00e9fauts d\u2019isolation d\u2019un PSEM\" width=\"1024\" height=\"425\" srcset=\"https:\/\/fkh.ch\/wp-content\/uploads\/2019\/10\/Fehlertypen_GIS.png 1480w, https:\/\/fkh.ch\/wp-content\/uploads\/2019\/10\/Fehlertypen_GIS-300x124.png 300w, https:\/\/fkh.ch\/wp-content\/uploads\/2019\/10\/Fehlertypen_GIS-768x319.png 768w, https:\/\/fkh.ch\/wp-content\/uploads\/2019\/10\/Fehlertypen_GIS-1024x425.png 1024w\" sizes=\"auto, (max-width: 1024px) 100vw, 1024px\" \/><\/a><p id=\"caption-attachment-5137\" class=\"wp-caption-text\">Types de d\u00e9fauts d\u2019isolation d\u2019un PSEM<\/p><\/div>\n<p style=\"text-align: justify;\">L\u2019application des m\u00e9thodes ne repr\u00e9sente qu\u2019un aspect de l\u2019essai. Lors du diagnostic de d\u00e9fauts di\u00e9lectriques (en particulier lors d\u2019une mesure de d\u00e9charge partielle), l\u2019exp\u00e9rience de l\u2019ing\u00e9nieur d\u2019essai joue un r\u00f4le essentiel pour assurer une proc\u00e9dure d\u2019essai efficace et efficiente. Une \u00e9valuation par des experts des d\u00e9charges partielles, l\u2019\u00e9limination de la source de d\u00e9charges partielles et la prise en compte de la n\u00e9cessit\u00e9 d\u2019investigations plus approfondies peuvent tous \u00eatre des facteurs d\u00e9cisifs pour pr\u00e9venir de futures d\u00e9faillances du PSEM.<\/p>\n<p>&nbsp;<\/p>\n<p><a href=\"https:\/\/fkh.ch\/wp-content\/uploads\/2019\/11\/GIS-Pr\u00fcfungen-FR-V19-01.pdf\"><img loading=\"lazy\" decoding=\"async\" class=\"wp-image-5870  alignleft\" src=\"https:\/\/fkh.ch\/wp-content\/uploads\/2019\/11\/GIS-Pr\u00fcfungen-FR-Bild.png\" alt=\"\" width=\"107\" height=\"151\" srcset=\"https:\/\/fkh.ch\/wp-content\/uploads\/2019\/11\/GIS-Pr\u00fcfungen-FR-Bild.png 794w, https:\/\/fkh.ch\/wp-content\/uploads\/2019\/11\/GIS-Pr\u00fcfungen-FR-Bild-212x300.png 212w, https:\/\/fkh.ch\/wp-content\/uploads\/2019\/11\/GIS-Pr\u00fcfungen-FR-Bild-768x1086.png 768w, https:\/\/fkh.ch\/wp-content\/uploads\/2019\/11\/GIS-Pr\u00fcfungen-FR-Bild-724x1024.png 724w\" sizes=\"auto, (max-width: 107px) 100vw, 107px\" \/><\/a><a href=\"https:\/\/fkh.ch\/wp-content\/uploads\/2019\/11\/GIS-Pr\u00fcfungen-FR-V19-01.pdf\">Brochure Essai de postes \u00e9lectriques sous enveloppe m\u00e9tallique (GIS)<\/a><\/p>\n","protected":false},"excerpt":{"rendered":"<p>Les postes \u00e9lectriques sous enveloppe m\u00e9tallique (PSEM ou GIS) sont des n\u0153uds importants du r\u00e9seau \u00e9lectrique qui doivent \u00eatre hautement disponibles. La dur\u00e9e de vie pr\u00e9vue est de 35 \u00e0 50 ans, pendant laquelle le PSEM doit r\u00e9sister \u00e0 toutes les contraintes de tension sans entretien. Selon les derni\u00e8res statistiques CIGRE sur les d\u00e9fauts, l\u2019objectif [&hellip;]<\/p>\n","protected":false},"author":194,"featured_media":0,"parent":4966,"menu_order":20,"comment_status":"open","ping_status":"closed","template":"","meta":{"_acf_changed":false,"footnotes":""},"class_list":["post-5135","page","type-page","status-publish","hentry"],"acf":[],"yoast_head":"<!-- This site is optimized with the Yoast SEO plugin v27.2 - https:\/\/yoast.com\/product\/yoast-seo-wordpress\/ -->\n<title>Essai de postes \u00e9lectriques sous enveloppe m\u00e9tallique (GIS) - FKH<\/title>\n<meta name=\"robots\" content=\"index, follow, max-snippet:-1, max-image-preview:large, max-video-preview:-1\" \/>\n<link rel=\"canonical\" href=\"https:\/\/fkh.ch\/fr\/dienstleistungen\/pruefung-von-hs-betriebsmitteln-vor-ort\/gis\/\" \/>\n<meta property=\"og:locale\" content=\"fr_FR\" \/>\n<meta property=\"og:type\" content=\"article\" \/>\n<meta property=\"og:title\" content=\"Essai de postes \u00e9lectriques sous enveloppe m\u00e9tallique (GIS) - FKH\" \/>\n<meta property=\"og:description\" content=\"Les postes \u00e9lectriques sous enveloppe m\u00e9tallique (PSEM ou GIS) sont des n\u0153uds importants du r\u00e9seau \u00e9lectrique qui doivent \u00eatre hautement disponibles. La dur\u00e9e de vie pr\u00e9vue est de 35 \u00e0 50 ans, pendant laquelle le PSEM doit r\u00e9sister \u00e0 toutes les contraintes de tension sans entretien. Selon les derni\u00e8res statistiques CIGRE sur les d\u00e9fauts, l\u2019objectif [&hellip;]\" \/>\n<meta property=\"og:url\" content=\"https:\/\/fkh.ch\/fr\/dienstleistungen\/pruefung-von-hs-betriebsmitteln-vor-ort\/gis\/\" \/>\n<meta property=\"og:site_name\" content=\"FKH\" \/>\n<meta property=\"article:modified_time\" content=\"2019-11-28T12:39:39+00:00\" \/>\n<meta property=\"og:image\" content=\"https:\/\/fkh.ch\/wp-content\/uploads\/2014\/07\/A12-088-Bg-SIL-220kV-GIS-Banlieu-Ouest-UHF-TE.jpg\" \/>\n<meta name=\"twitter:label1\" content=\"Dur\u00e9e de lecture estim\u00e9e\" \/>\n\t<meta name=\"twitter:data1\" content=\"4 minutes\" \/>\n<script type=\"application\/ld+json\" class=\"yoast-schema-graph\">{\"@context\":\"https:\/\/schema.org\",\"@graph\":[{\"@type\":\"WebPage\",\"@id\":\"https:\/\/fkh.ch\/fr\/dienstleistungen\/pruefung-von-hs-betriebsmitteln-vor-ort\/gis\/\",\"url\":\"https:\/\/fkh.ch\/fr\/dienstleistungen\/pruefung-von-hs-betriebsmitteln-vor-ort\/gis\/\",\"name\":\"Essai de postes \u00e9lectriques sous enveloppe m\u00e9tallique (GIS) - FKH\",\"isPartOf\":{\"@id\":\"https:\/\/fkh.ch\/fr\/#website\"},\"primaryImageOfPage\":{\"@id\":\"https:\/\/fkh.ch\/fr\/dienstleistungen\/pruefung-von-hs-betriebsmitteln-vor-ort\/gis\/#primaryimage\"},\"image\":{\"@id\":\"https:\/\/fkh.ch\/fr\/dienstleistungen\/pruefung-von-hs-betriebsmitteln-vor-ort\/gis\/#primaryimage\"},\"thumbnailUrl\":\"https:\/\/fkh.ch\/wp-content\/uploads\/2014\/07\/A12-088-Bg-SIL-220kV-GIS-Banlieu-Ouest-UHF-TE.jpg\",\"datePublished\":\"2014-03-11T12:02:36+00:00\",\"dateModified\":\"2019-11-28T12:39:39+00:00\",\"breadcrumb\":{\"@id\":\"https:\/\/fkh.ch\/fr\/dienstleistungen\/pruefung-von-hs-betriebsmitteln-vor-ort\/gis\/#breadcrumb\"},\"inLanguage\":\"fr-FR\",\"potentialAction\":[{\"@type\":\"ReadAction\",\"target\":[\"https:\/\/fkh.ch\/fr\/dienstleistungen\/pruefung-von-hs-betriebsmitteln-vor-ort\/gis\/\"]}]},{\"@type\":\"ImageObject\",\"inLanguage\":\"fr-FR\",\"@id\":\"https:\/\/fkh.ch\/fr\/dienstleistungen\/pruefung-von-hs-betriebsmitteln-vor-ort\/gis\/#primaryimage\",\"url\":\"https:\/\/fkh.ch\/wp-content\/uploads\/2014\/07\/A12-088-Bg-SIL-220kV-GIS-Banlieu-Ouest-UHF-TE.jpg\",\"contentUrl\":\"https:\/\/fkh.ch\/wp-content\/uploads\/2014\/07\/A12-088-Bg-SIL-220kV-GIS-Banlieu-Ouest-UHF-TE.jpg\"},{\"@type\":\"BreadcrumbList\",\"@id\":\"https:\/\/fkh.ch\/fr\/dienstleistungen\/pruefung-von-hs-betriebsmitteln-vor-ort\/gis\/#breadcrumb\",\"itemListElement\":[{\"@type\":\"ListItem\",\"position\":1,\"name\":\"Startseite\",\"item\":\"https:\/\/fkh.ch\/fr\/\"},{\"@type\":\"ListItem\",\"position\":2,\"name\":\"Services\",\"item\":\"https:\/\/fkh.ch\/fr\/dienstleistungen\/\"},{\"@type\":\"ListItem\",\"position\":3,\"name\":\"Tests haute tension\",\"item\":\"https:\/\/fkh.ch\/fr\/dienstleistungen\/pruefung-von-hs-betriebsmitteln-vor-ort\/\"},{\"@type\":\"ListItem\",\"position\":4,\"name\":\"Essai de postes \u00e9lectriques sous enveloppe m\u00e9tallique (GIS)\"}]},{\"@type\":\"WebSite\",\"@id\":\"https:\/\/fkh.ch\/fr\/#website\",\"url\":\"https:\/\/fkh.ch\/fr\/\",\"name\":\"FKH\",\"description\":\"Commission d'\u00e9tude des questions relatives \u00e0 la haute tension\",\"potentialAction\":[{\"@type\":\"SearchAction\",\"target\":{\"@type\":\"EntryPoint\",\"urlTemplate\":\"https:\/\/fkh.ch\/fr\/?s={search_term_string}\"},\"query-input\":{\"@type\":\"PropertyValueSpecification\",\"valueRequired\":true,\"valueName\":\"search_term_string\"}}],\"inLanguage\":\"fr-FR\"}]}<\/script>\n<!-- \/ Yoast SEO plugin. -->","yoast_head_json":{"title":"Essai de postes \u00e9lectriques sous enveloppe m\u00e9tallique (GIS) - FKH","robots":{"index":"index","follow":"follow","max-snippet":"max-snippet:-1","max-image-preview":"max-image-preview:large","max-video-preview":"max-video-preview:-1"},"canonical":"https:\/\/fkh.ch\/fr\/dienstleistungen\/pruefung-von-hs-betriebsmitteln-vor-ort\/gis\/","og_locale":"fr_FR","og_type":"article","og_title":"Essai de postes \u00e9lectriques sous enveloppe m\u00e9tallique (GIS) - FKH","og_description":"Les postes \u00e9lectriques sous enveloppe m\u00e9tallique (PSEM ou GIS) sont des n\u0153uds importants du r\u00e9seau \u00e9lectrique qui doivent \u00eatre hautement disponibles. La dur\u00e9e de vie pr\u00e9vue est de 35 \u00e0 50 ans, pendant laquelle le PSEM doit r\u00e9sister \u00e0 toutes les contraintes de tension sans entretien. Selon les derni\u00e8res statistiques CIGRE sur les d\u00e9fauts, l\u2019objectif [&hellip;]","og_url":"https:\/\/fkh.ch\/fr\/dienstleistungen\/pruefung-von-hs-betriebsmitteln-vor-ort\/gis\/","og_site_name":"FKH","article_modified_time":"2019-11-28T12:39:39+00:00","og_image":[{"url":"https:\/\/fkh.ch\/wp-content\/uploads\/2014\/07\/A12-088-Bg-SIL-220kV-GIS-Banlieu-Ouest-UHF-TE.jpg","type":"","width":"","height":""}],"twitter_misc":{"Dur\u00e9e de lecture estim\u00e9e":"4 minutes"},"schema":{"@context":"https:\/\/schema.org","@graph":[{"@type":"WebPage","@id":"https:\/\/fkh.ch\/fr\/dienstleistungen\/pruefung-von-hs-betriebsmitteln-vor-ort\/gis\/","url":"https:\/\/fkh.ch\/fr\/dienstleistungen\/pruefung-von-hs-betriebsmitteln-vor-ort\/gis\/","name":"Essai de postes \u00e9lectriques sous enveloppe m\u00e9tallique (GIS) - FKH","isPartOf":{"@id":"https:\/\/fkh.ch\/fr\/#website"},"primaryImageOfPage":{"@id":"https:\/\/fkh.ch\/fr\/dienstleistungen\/pruefung-von-hs-betriebsmitteln-vor-ort\/gis\/#primaryimage"},"image":{"@id":"https:\/\/fkh.ch\/fr\/dienstleistungen\/pruefung-von-hs-betriebsmitteln-vor-ort\/gis\/#primaryimage"},"thumbnailUrl":"https:\/\/fkh.ch\/wp-content\/uploads\/2014\/07\/A12-088-Bg-SIL-220kV-GIS-Banlieu-Ouest-UHF-TE.jpg","datePublished":"2014-03-11T12:02:36+00:00","dateModified":"2019-11-28T12:39:39+00:00","breadcrumb":{"@id":"https:\/\/fkh.ch\/fr\/dienstleistungen\/pruefung-von-hs-betriebsmitteln-vor-ort\/gis\/#breadcrumb"},"inLanguage":"fr-FR","potentialAction":[{"@type":"ReadAction","target":["https:\/\/fkh.ch\/fr\/dienstleistungen\/pruefung-von-hs-betriebsmitteln-vor-ort\/gis\/"]}]},{"@type":"ImageObject","inLanguage":"fr-FR","@id":"https:\/\/fkh.ch\/fr\/dienstleistungen\/pruefung-von-hs-betriebsmitteln-vor-ort\/gis\/#primaryimage","url":"https:\/\/fkh.ch\/wp-content\/uploads\/2014\/07\/A12-088-Bg-SIL-220kV-GIS-Banlieu-Ouest-UHF-TE.jpg","contentUrl":"https:\/\/fkh.ch\/wp-content\/uploads\/2014\/07\/A12-088-Bg-SIL-220kV-GIS-Banlieu-Ouest-UHF-TE.jpg"},{"@type":"BreadcrumbList","@id":"https:\/\/fkh.ch\/fr\/dienstleistungen\/pruefung-von-hs-betriebsmitteln-vor-ort\/gis\/#breadcrumb","itemListElement":[{"@type":"ListItem","position":1,"name":"Startseite","item":"https:\/\/fkh.ch\/fr\/"},{"@type":"ListItem","position":2,"name":"Services","item":"https:\/\/fkh.ch\/fr\/dienstleistungen\/"},{"@type":"ListItem","position":3,"name":"Tests haute tension","item":"https:\/\/fkh.ch\/fr\/dienstleistungen\/pruefung-von-hs-betriebsmitteln-vor-ort\/"},{"@type":"ListItem","position":4,"name":"Essai de postes \u00e9lectriques sous enveloppe m\u00e9tallique (GIS)"}]},{"@type":"WebSite","@id":"https:\/\/fkh.ch\/fr\/#website","url":"https:\/\/fkh.ch\/fr\/","name":"FKH","description":"Commission d'\u00e9tude des questions relatives \u00e0 la haute tension","potentialAction":[{"@type":"SearchAction","target":{"@type":"EntryPoint","urlTemplate":"https:\/\/fkh.ch\/fr\/?s={search_term_string}"},"query-input":{"@type":"PropertyValueSpecification","valueRequired":true,"valueName":"search_term_string"}}],"inLanguage":"fr-FR"}]}},"_links":{"self":[{"href":"https:\/\/fkh.ch\/fr\/wp-json\/wp\/v2\/pages\/5135","targetHints":{"allow":["GET"]}}],"collection":[{"href":"https:\/\/fkh.ch\/fr\/wp-json\/wp\/v2\/pages"}],"about":[{"href":"https:\/\/fkh.ch\/fr\/wp-json\/wp\/v2\/types\/page"}],"author":[{"embeddable":true,"href":"https:\/\/fkh.ch\/fr\/wp-json\/wp\/v2\/users\/194"}],"replies":[{"embeddable":true,"href":"https:\/\/fkh.ch\/fr\/wp-json\/wp\/v2\/comments?post=5135"}],"version-history":[{"count":4,"href":"https:\/\/fkh.ch\/fr\/wp-json\/wp\/v2\/pages\/5135\/revisions"}],"predecessor-version":[{"id":5924,"href":"https:\/\/fkh.ch\/fr\/wp-json\/wp\/v2\/pages\/5135\/revisions\/5924"}],"up":[{"embeddable":true,"href":"https:\/\/fkh.ch\/fr\/wp-json\/wp\/v2\/pages\/4966"}],"wp:attachment":[{"href":"https:\/\/fkh.ch\/fr\/wp-json\/wp\/v2\/media?parent=5135"}],"curies":[{"name":"wp","href":"https:\/\/api.w.org\/{rel}","templated":true}]}}