{"id":5142,"date":"2014-03-11T14:03:44","date_gmt":"2014-03-11T12:03:44","guid":{"rendered":"https:\/\/test.fkh.ch\/dienstleistungen\/pruefung-von-hs-betriebsmitteln-vor-ort\/hoch-und-mittelspannungskomponenten\/"},"modified":"2019-10-03T14:42:32","modified_gmt":"2019-10-03T12:42:32","slug":"hoch-und-mittelspannungskomponenten","status":"publish","type":"page","link":"https:\/\/fkh.ch\/fr\/dienstleistungen\/pruefung-von-hs-betriebsmitteln-vor-ort\/hoch-und-mittelspannungskomponenten\/","title":{"rendered":"Analyses en laboratoire de composants haute et moyenne tension"},"content":{"rendered":"<p>La FKH propose comme prestation standard de diagnostiquer dans son propre laboratoire l\u2019isolement sur tout le mat\u00e9riel de haute tension fourni, elle peut analyser en d\u00e9tail l\u2019\u00e9tat d\u2019isolement des nouveaux et anciens composants en service en recourant notamment aux mesures des d\u00e9charges partielles.<\/p>\n<p>Dans le cas de petits \u00e9quipements haute tension relativement usag\u00e9s, tels que dispositifs de commande, transformateurs de mesure, travers\u00e9es et jeux de barre d\u2019une tension nominale allant jusqu\u2019\u00e0 50\u00a0kV, il peut \u00eatre plus efficace d\u2019effectuer un test haute tension avec mesure des d\u00e9charges partielles en laboratoire que de relever des mesures sur site. La FKH poss\u00e8de un laboratoire haute tension blind\u00e9 pour les tensions de choc et tensions d\u2019essai alternatives de jusqu\u2019\u00e0 environ 150\u00a0kV. Elle v\u00e9rifie le cas \u00e9ch\u00e9ant quelle proc\u00e9dure (analyse sur place ou en laboratoire) est la plus avantageuse.<\/p>\n<p>&nbsp;<\/p>\n<div id=\"attachment_1505\" style=\"width: 624px\" class=\"wp-caption aligncenter\"><a href=\"https:\/\/fkh.ch\/wp-content\/uploads\/2014\/07\/AUT_7585.jpg\"><img loading=\"lazy\" decoding=\"async\" aria-describedby=\"caption-attachment-1505\" class=\"  wp-image-1505\" src=\"https:\/\/fkh.ch\/wp-content\/uploads\/2014\/07\/AUT_7585.jpg\" alt=\"Laboratoire blind\u00e9 pour tests de tensions alternatives et mesures des d\u00e9charges partielles\" width=\"614\" height=\"409\" srcset=\"https:\/\/fkh.ch\/wp-content\/uploads\/2014\/07\/AUT_7585.jpg 1536w, https:\/\/fkh.ch\/wp-content\/uploads\/2014\/07\/AUT_7585-300x200.jpg 300w, https:\/\/fkh.ch\/wp-content\/uploads\/2014\/07\/AUT_7585-768x512.jpg 768w, https:\/\/fkh.ch\/wp-content\/uploads\/2014\/07\/AUT_7585-1024x683.jpg 1024w\" sizes=\"auto, (max-width: 614px) 100vw, 614px\" \/><\/a><p id=\"caption-attachment-1505\" class=\"wp-caption-text\">Laboratoire blind\u00e9 pour tests de tensions alternatives et mesures des d\u00e9charges partielles<\/p><\/div>\n<p style=\"text-align: center;\">\n","protected":false},"excerpt":{"rendered":"<p>La FKH propose comme prestation standard de diagnostiquer dans son propre laboratoire l\u2019isolement sur tout le mat\u00e9riel de haute tension fourni, elle peut analyser en d\u00e9tail l\u2019\u00e9tat d\u2019isolement des nouveaux et anciens composants en service en recourant notamment aux mesures des d\u00e9charges partielles. Dans le cas de petits \u00e9quipements haute tension relativement usag\u00e9s, tels que [&hellip;]<\/p>\n","protected":false},"author":194,"featured_media":0,"parent":4966,"menu_order":50,"comment_status":"open","ping_status":"open","template":"","meta":{"_acf_changed":false,"footnotes":""},"class_list":["post-5142","page","type-page","status-publish","hentry"],"acf":[],"yoast_head":"<!-- This site is optimized with the Yoast SEO plugin v27.2 - https:\/\/yoast.com\/product\/yoast-seo-wordpress\/ -->\n<title>Analyses en laboratoire de composants haute et moyenne tension - FKH<\/title>\n<meta name=\"robots\" content=\"index, follow, max-snippet:-1, max-image-preview:large, max-video-preview:-1\" \/>\n<link rel=\"canonical\" href=\"https:\/\/fkh.ch\/fr\/dienstleistungen\/pruefung-von-hs-betriebsmitteln-vor-ort\/hoch-und-mittelspannungskomponenten\/\" \/>\n<meta property=\"og:locale\" content=\"fr_FR\" \/>\n<meta property=\"og:type\" content=\"article\" \/>\n<meta property=\"og:title\" content=\"Analyses en laboratoire de composants haute et moyenne tension - FKH\" \/>\n<meta property=\"og:description\" content=\"La FKH propose comme prestation standard de diagnostiquer dans son propre laboratoire l\u2019isolement sur tout le mat\u00e9riel de haute tension fourni, elle peut analyser en d\u00e9tail l\u2019\u00e9tat d\u2019isolement des nouveaux et anciens composants en service en recourant notamment aux mesures des d\u00e9charges partielles. Dans le cas de petits \u00e9quipements haute tension relativement usag\u00e9s, tels que [&hellip;]\" \/>\n<meta property=\"og:url\" content=\"https:\/\/fkh.ch\/fr\/dienstleistungen\/pruefung-von-hs-betriebsmitteln-vor-ort\/hoch-und-mittelspannungskomponenten\/\" \/>\n<meta property=\"og:site_name\" content=\"FKH\" \/>\n<meta property=\"article:modified_time\" content=\"2019-10-03T12:42:32+00:00\" \/>\n<meta property=\"og:image\" content=\"https:\/\/fkh.ch\/wp-content\/uploads\/2014\/07\/AUT_7585.jpg\" \/>\n<meta name=\"twitter:label1\" content=\"Dur\u00e9e de lecture estim\u00e9e\" \/>\n\t<meta name=\"twitter:data1\" content=\"1 minute\" \/>\n<script type=\"application\/ld+json\" class=\"yoast-schema-graph\">{\"@context\":\"https:\/\/schema.org\",\"@graph\":[{\"@type\":\"WebPage\",\"@id\":\"https:\/\/fkh.ch\/fr\/dienstleistungen\/pruefung-von-hs-betriebsmitteln-vor-ort\/hoch-und-mittelspannungskomponenten\/\",\"url\":\"https:\/\/fkh.ch\/fr\/dienstleistungen\/pruefung-von-hs-betriebsmitteln-vor-ort\/hoch-und-mittelspannungskomponenten\/\",\"name\":\"Analyses en laboratoire de composants haute et moyenne tension - FKH\",\"isPartOf\":{\"@id\":\"https:\/\/fkh.ch\/fr\/#website\"},\"primaryImageOfPage\":{\"@id\":\"https:\/\/fkh.ch\/fr\/dienstleistungen\/pruefung-von-hs-betriebsmitteln-vor-ort\/hoch-und-mittelspannungskomponenten\/#primaryimage\"},\"image\":{\"@id\":\"https:\/\/fkh.ch\/fr\/dienstleistungen\/pruefung-von-hs-betriebsmitteln-vor-ort\/hoch-und-mittelspannungskomponenten\/#primaryimage\"},\"thumbnailUrl\":\"https:\/\/fkh.ch\/wp-content\/uploads\/2014\/07\/AUT_7585.jpg\",\"datePublished\":\"2014-03-11T12:03:44+00:00\",\"dateModified\":\"2019-10-03T12:42:32+00:00\",\"breadcrumb\":{\"@id\":\"https:\/\/fkh.ch\/fr\/dienstleistungen\/pruefung-von-hs-betriebsmitteln-vor-ort\/hoch-und-mittelspannungskomponenten\/#breadcrumb\"},\"inLanguage\":\"fr-FR\",\"potentialAction\":[{\"@type\":\"ReadAction\",\"target\":[\"https:\/\/fkh.ch\/fr\/dienstleistungen\/pruefung-von-hs-betriebsmitteln-vor-ort\/hoch-und-mittelspannungskomponenten\/\"]}]},{\"@type\":\"ImageObject\",\"inLanguage\":\"fr-FR\",\"@id\":\"https:\/\/fkh.ch\/fr\/dienstleistungen\/pruefung-von-hs-betriebsmitteln-vor-ort\/hoch-und-mittelspannungskomponenten\/#primaryimage\",\"url\":\"https:\/\/fkh.ch\/wp-content\/uploads\/2014\/07\/AUT_7585.jpg\",\"contentUrl\":\"https:\/\/fkh.ch\/wp-content\/uploads\/2014\/07\/AUT_7585.jpg\"},{\"@type\":\"BreadcrumbList\",\"@id\":\"https:\/\/fkh.ch\/fr\/dienstleistungen\/pruefung-von-hs-betriebsmitteln-vor-ort\/hoch-und-mittelspannungskomponenten\/#breadcrumb\",\"itemListElement\":[{\"@type\":\"ListItem\",\"position\":1,\"name\":\"Startseite\",\"item\":\"https:\/\/fkh.ch\/fr\/\"},{\"@type\":\"ListItem\",\"position\":2,\"name\":\"Services\",\"item\":\"https:\/\/fkh.ch\/fr\/dienstleistungen\/\"},{\"@type\":\"ListItem\",\"position\":3,\"name\":\"Tests haute tension\",\"item\":\"https:\/\/fkh.ch\/fr\/dienstleistungen\/pruefung-von-hs-betriebsmitteln-vor-ort\/\"},{\"@type\":\"ListItem\",\"position\":4,\"name\":\"Analyses en laboratoire de composants haute et moyenne tension\"}]},{\"@type\":\"WebSite\",\"@id\":\"https:\/\/fkh.ch\/fr\/#website\",\"url\":\"https:\/\/fkh.ch\/fr\/\",\"name\":\"FKH\",\"description\":\"Commission d'\u00e9tude des questions relatives \u00e0 la haute tension\",\"potentialAction\":[{\"@type\":\"SearchAction\",\"target\":{\"@type\":\"EntryPoint\",\"urlTemplate\":\"https:\/\/fkh.ch\/fr\/?s={search_term_string}\"},\"query-input\":{\"@type\":\"PropertyValueSpecification\",\"valueRequired\":true,\"valueName\":\"search_term_string\"}}],\"inLanguage\":\"fr-FR\"}]}<\/script>\n<!-- \/ Yoast SEO plugin. -->","yoast_head_json":{"title":"Analyses en laboratoire de composants haute et moyenne tension - FKH","robots":{"index":"index","follow":"follow","max-snippet":"max-snippet:-1","max-image-preview":"max-image-preview:large","max-video-preview":"max-video-preview:-1"},"canonical":"https:\/\/fkh.ch\/fr\/dienstleistungen\/pruefung-von-hs-betriebsmitteln-vor-ort\/hoch-und-mittelspannungskomponenten\/","og_locale":"fr_FR","og_type":"article","og_title":"Analyses en laboratoire de composants haute et moyenne tension - FKH","og_description":"La FKH propose comme prestation standard de diagnostiquer dans son propre laboratoire l\u2019isolement sur tout le mat\u00e9riel de haute tension fourni, elle peut analyser en d\u00e9tail l\u2019\u00e9tat d\u2019isolement des nouveaux et anciens composants en service en recourant notamment aux mesures des d\u00e9charges partielles. Dans le cas de petits \u00e9quipements haute tension relativement usag\u00e9s, tels que [&hellip;]","og_url":"https:\/\/fkh.ch\/fr\/dienstleistungen\/pruefung-von-hs-betriebsmitteln-vor-ort\/hoch-und-mittelspannungskomponenten\/","og_site_name":"FKH","article_modified_time":"2019-10-03T12:42:32+00:00","og_image":[{"url":"https:\/\/fkh.ch\/wp-content\/uploads\/2014\/07\/AUT_7585.jpg","type":"","width":"","height":""}],"twitter_misc":{"Dur\u00e9e de lecture estim\u00e9e":"1 minute"},"schema":{"@context":"https:\/\/schema.org","@graph":[{"@type":"WebPage","@id":"https:\/\/fkh.ch\/fr\/dienstleistungen\/pruefung-von-hs-betriebsmitteln-vor-ort\/hoch-und-mittelspannungskomponenten\/","url":"https:\/\/fkh.ch\/fr\/dienstleistungen\/pruefung-von-hs-betriebsmitteln-vor-ort\/hoch-und-mittelspannungskomponenten\/","name":"Analyses en laboratoire de composants haute et moyenne tension - FKH","isPartOf":{"@id":"https:\/\/fkh.ch\/fr\/#website"},"primaryImageOfPage":{"@id":"https:\/\/fkh.ch\/fr\/dienstleistungen\/pruefung-von-hs-betriebsmitteln-vor-ort\/hoch-und-mittelspannungskomponenten\/#primaryimage"},"image":{"@id":"https:\/\/fkh.ch\/fr\/dienstleistungen\/pruefung-von-hs-betriebsmitteln-vor-ort\/hoch-und-mittelspannungskomponenten\/#primaryimage"},"thumbnailUrl":"https:\/\/fkh.ch\/wp-content\/uploads\/2014\/07\/AUT_7585.jpg","datePublished":"2014-03-11T12:03:44+00:00","dateModified":"2019-10-03T12:42:32+00:00","breadcrumb":{"@id":"https:\/\/fkh.ch\/fr\/dienstleistungen\/pruefung-von-hs-betriebsmitteln-vor-ort\/hoch-und-mittelspannungskomponenten\/#breadcrumb"},"inLanguage":"fr-FR","potentialAction":[{"@type":"ReadAction","target":["https:\/\/fkh.ch\/fr\/dienstleistungen\/pruefung-von-hs-betriebsmitteln-vor-ort\/hoch-und-mittelspannungskomponenten\/"]}]},{"@type":"ImageObject","inLanguage":"fr-FR","@id":"https:\/\/fkh.ch\/fr\/dienstleistungen\/pruefung-von-hs-betriebsmitteln-vor-ort\/hoch-und-mittelspannungskomponenten\/#primaryimage","url":"https:\/\/fkh.ch\/wp-content\/uploads\/2014\/07\/AUT_7585.jpg","contentUrl":"https:\/\/fkh.ch\/wp-content\/uploads\/2014\/07\/AUT_7585.jpg"},{"@type":"BreadcrumbList","@id":"https:\/\/fkh.ch\/fr\/dienstleistungen\/pruefung-von-hs-betriebsmitteln-vor-ort\/hoch-und-mittelspannungskomponenten\/#breadcrumb","itemListElement":[{"@type":"ListItem","position":1,"name":"Startseite","item":"https:\/\/fkh.ch\/fr\/"},{"@type":"ListItem","position":2,"name":"Services","item":"https:\/\/fkh.ch\/fr\/dienstleistungen\/"},{"@type":"ListItem","position":3,"name":"Tests haute tension","item":"https:\/\/fkh.ch\/fr\/dienstleistungen\/pruefung-von-hs-betriebsmitteln-vor-ort\/"},{"@type":"ListItem","position":4,"name":"Analyses en laboratoire de composants haute et moyenne tension"}]},{"@type":"WebSite","@id":"https:\/\/fkh.ch\/fr\/#website","url":"https:\/\/fkh.ch\/fr\/","name":"FKH","description":"Commission d'\u00e9tude des questions relatives \u00e0 la haute tension","potentialAction":[{"@type":"SearchAction","target":{"@type":"EntryPoint","urlTemplate":"https:\/\/fkh.ch\/fr\/?s={search_term_string}"},"query-input":{"@type":"PropertyValueSpecification","valueRequired":true,"valueName":"search_term_string"}}],"inLanguage":"fr-FR"}]}},"_links":{"self":[{"href":"https:\/\/fkh.ch\/fr\/wp-json\/wp\/v2\/pages\/5142","targetHints":{"allow":["GET"]}}],"collection":[{"href":"https:\/\/fkh.ch\/fr\/wp-json\/wp\/v2\/pages"}],"about":[{"href":"https:\/\/fkh.ch\/fr\/wp-json\/wp\/v2\/types\/page"}],"author":[{"embeddable":true,"href":"https:\/\/fkh.ch\/fr\/wp-json\/wp\/v2\/users\/194"}],"replies":[{"embeddable":true,"href":"https:\/\/fkh.ch\/fr\/wp-json\/wp\/v2\/comments?post=5142"}],"version-history":[{"count":2,"href":"https:\/\/fkh.ch\/fr\/wp-json\/wp\/v2\/pages\/5142\/revisions"}],"predecessor-version":[{"id":5144,"href":"https:\/\/fkh.ch\/fr\/wp-json\/wp\/v2\/pages\/5142\/revisions\/5144"}],"up":[{"embeddable":true,"href":"https:\/\/fkh.ch\/fr\/wp-json\/wp\/v2\/pages\/4966"}],"wp:attachment":[{"href":"https:\/\/fkh.ch\/fr\/wp-json\/wp\/v2\/media?parent=5142"}],"curies":[{"name":"wp","href":"https:\/\/api.w.org\/{rel}","templated":true}]}}