{"id":5145,"date":"2014-03-11T14:02:49","date_gmt":"2014-03-11T12:02:49","guid":{"rendered":"https:\/\/test.fkh.ch\/dienstleistungen\/pruefung-von-hs-betriebsmitteln-vor-ort\/andere-apparat-pruefungen\/"},"modified":"2019-10-03T14:45:27","modified_gmt":"2019-10-03T12:45:27","slug":"andere-apparat-pruefungen","status":"publish","type":"page","link":"https:\/\/fkh.ch\/fr\/dienstleistungen\/pruefung-von-hs-betriebsmitteln-vor-ort\/andere-apparat-pruefungen\/","title":{"rendered":"Tests des \u00e9quipements haute tension effectu\u00e9s sur site"},"content":{"rendered":"<div id=\"attachment_1501\" style=\"width: 310px\" class=\"wp-caption alignright\"><a href=\"https:\/\/fkh.ch\/wp-content\/uploads\/2014\/07\/P1040057.jpg\"><img loading=\"lazy\" decoding=\"async\" aria-describedby=\"caption-attachment-1501\" class=\"wp-image-1501\" src=\"https:\/\/fkh.ch\/wp-content\/uploads\/2014\/07\/P1040057.jpg\" alt=\"D\u00e9couplage des signaux de d\u00e9charges partielles dans le raccordement \u00e0 la terre du jeu de barres d\u2019une ligne de d\u00e9rivation d\u2019un g\u00e9n\u00e9rateur\" width=\"300\" height=\"225\" srcset=\"https:\/\/fkh.ch\/wp-content\/uploads\/2014\/07\/P1040057.jpg 1600w, https:\/\/fkh.ch\/wp-content\/uploads\/2014\/07\/P1040057-300x225.jpg 300w, https:\/\/fkh.ch\/wp-content\/uploads\/2014\/07\/P1040057-768x576.jpg 768w, https:\/\/fkh.ch\/wp-content\/uploads\/2014\/07\/P1040057-1024x768.jpg 1024w\" sizes=\"auto, (max-width: 300px) 100vw, 300px\" \/><\/a><p id=\"caption-attachment-1501\" class=\"wp-caption-text\">D\u00e9couplage des signaux de d\u00e9charges partielles dans le raccordement \u00e0 la terre du jeu de barres d\u2019une ligne de d\u00e9rivation d\u2019un g\u00e9n\u00e9rateur<\/p><\/div>\n<p>La FKH propose de diagnostiquer l\u2019isolement et d\u2019effectuer d&rsquo;autres tests \u00e9lectriques sur tous les moyens d\u2019exploitation haute tension. Elle \u00e9tablit des diagnostics sur les transformateurs et machines rotatives mais analyse aussi et surtout l\u2019\u00e9tat des \u00e9quipements tels que <strong><em>transformateurs de mesure, appareils ou tableaux complets de commande, parafoudres, travers\u00e9es et jeux de barre isol\u00e9s.<\/em><\/strong><\/p>\n<p>Ses prestations couvrent les simples tests de tension alternative, tension de choc et tension continue ainsi que les mesures pour diagnostic sous tension alternative, mesures des d\u00e9charges partielles et de la tangente de l\u2019angle de pertes et autres m\u00e9thodes de mesure di\u00e9lectriques permettant d\u2019analyser les propri\u00e9t\u00e9s de polarisation de l\u2019isolant. La FKH aide ses clients \u00e0 choisir les m\u00e9thodes d\u2019essai les plus avantageuses et les plus pertinentes. Elle communique les r\u00e9sultats des mesures en \u00e9mettant \u00e9galement son avis et des recommandations sur les actions \u00e0 entreprendre pour les \u00e9quipements.<\/p>\n<p>Les tests sur l\u2019isolement peuvent \u00eatre motiv\u00e9s par des contr\u00f4les de qualit\u00e9 r\u00e9alis\u00e9s dans le cadre des achats. Les exploitants de r\u00e9seau ont souvent recours \u00e0 la FKH pour analyser l\u2019\u00e9tat des composants relativement usag\u00e9s. Ils demandent cette analyse notamment en cas de pannes r\u00e9p\u00e9t\u00e9es ou pour savoir s\u2019il vaut mieux continuer \u00e0 utiliser ou remplacer les composants d\u2019installations de couplage actuels.<\/p>\n<p>De bons r\u00e9sultats sont obtenus sur les isolants huile-cellulose, r\u00e9sine synth\u00e9tique-charges min\u00e9rales et de type mixte. Ces r\u00e9sultats permettent de d\u00e9terminer si l\u2019isolant de l\u2019\u00e9quipement a conserv\u00e9 ses qualit\u00e9s initiales, si des mesures d\u2019entretien sont requises ou si la s\u00e9curit\u00e9 est compromise. Un crit\u00e8re majeur est g\u00e9n\u00e9ralement la tol\u00e9rance aux d\u00e9fauts d\u2019isolement qui peuvent \u00eatre ici d\u00e9tect\u00e9s et quantifi\u00e9s. Au vu de la multitude des types d\u2019isolant, ces d\u00e9fauts peuvent diff\u00e9rer \u00e9norm\u00e9ment. Les m\u00e9canismes de vieillissement et d\u2019autor\u00e9g\u00e9n\u00e9ration de l\u2019isolant jouent ici un r\u00f4le d\u00e9terminant. Ils sont plus pr\u00e9sents dans les isolants organiques combinant des composants liquides et solides que dans les isolants en mati\u00e8res purement solides.<\/p>\n<p>Forte de ses ann\u00e9es d\u2019exp\u00e9rience, la FKH tient compte des m\u00e9canismes de vieillissement pour interpr\u00e9ter les r\u00e9sultats, \u00e9tablir un diagnostic et \u00e9mettre des recommandations.<\/p>\n<p>&nbsp;<\/p>\n<div id=\"attachment_1502\" style=\"width: 744px\" class=\"wp-caption aligncenter\"><a href=\"https:\/\/fkh.ch\/wp-content\/uploads\/2014\/07\/S10-100A-1_unit1.4.png\"><img loading=\"lazy\" decoding=\"async\" aria-describedby=\"caption-attachment-1502\" class=\"wp-image-1502 size-full\" src=\"https:\/\/fkh.ch\/wp-content\/uploads\/2014\/07\/S10-100A-1_unit1.4.png\" alt=\"Statistiques des impulsions d\u2019une source de d\u00e9charges partielles r\u00e9solue en phases mesur\u00e9es dans un jeu de barres en service depuis longtemps\" width=\"734\" height=\"401\" srcset=\"https:\/\/fkh.ch\/wp-content\/uploads\/2014\/07\/S10-100A-1_unit1.4.png 734w, https:\/\/fkh.ch\/wp-content\/uploads\/2014\/07\/S10-100A-1_unit1.4-300x164.png 300w\" sizes=\"auto, (max-width: 734px) 100vw, 734px\" \/><\/a><p id=\"caption-attachment-1502\" class=\"wp-caption-text\">Statistiques des impulsions d\u2019une source de d\u00e9charges partielles r\u00e9solue en phases mesur\u00e9es dans un jeu de barres en service depuis longtemps<\/p><\/div>\n","protected":false},"excerpt":{"rendered":"<p>La FKH propose de diagnostiquer l\u2019isolement et d\u2019effectuer d&rsquo;autres tests \u00e9lectriques sur tous les moyens d\u2019exploitation haute tension. Elle \u00e9tablit des diagnostics sur les transformateurs et machines rotatives mais analyse aussi et surtout l\u2019\u00e9tat des \u00e9quipements tels que transformateurs de mesure, appareils ou tableaux complets de commande, parafoudres, travers\u00e9es et jeux de barre isol\u00e9s. Ses [&hellip;]<\/p>\n","protected":false},"author":267,"featured_media":0,"parent":4966,"menu_order":50,"comment_status":"open","ping_status":"open","template":"","meta":{"_acf_changed":false,"footnotes":""},"class_list":["post-5145","page","type-page","status-publish","hentry"],"acf":[],"yoast_head":"<!-- This site is optimized with the Yoast SEO plugin v27.2 - https:\/\/yoast.com\/product\/yoast-seo-wordpress\/ -->\n<title>Tests des \u00e9quipements haute tension effectu\u00e9s sur site - FKH<\/title>\n<meta name=\"robots\" content=\"index, follow, max-snippet:-1, max-image-preview:large, max-video-preview:-1\" \/>\n<link rel=\"canonical\" href=\"https:\/\/fkh.ch\/fr\/dienstleistungen\/pruefung-von-hs-betriebsmitteln-vor-ort\/andere-apparat-pruefungen\/\" \/>\n<meta property=\"og:locale\" content=\"fr_FR\" \/>\n<meta property=\"og:type\" content=\"article\" \/>\n<meta property=\"og:title\" content=\"Tests des \u00e9quipements haute tension effectu\u00e9s sur site - FKH\" \/>\n<meta property=\"og:description\" content=\"La FKH propose de diagnostiquer l\u2019isolement et d\u2019effectuer d&rsquo;autres tests \u00e9lectriques sur tous les moyens d\u2019exploitation haute tension. Elle \u00e9tablit des diagnostics sur les transformateurs et machines rotatives mais analyse aussi et surtout l\u2019\u00e9tat des \u00e9quipements tels que transformateurs de mesure, appareils ou tableaux complets de commande, parafoudres, travers\u00e9es et jeux de barre isol\u00e9s. Ses [&hellip;]\" \/>\n<meta property=\"og:url\" content=\"https:\/\/fkh.ch\/fr\/dienstleistungen\/pruefung-von-hs-betriebsmitteln-vor-ort\/andere-apparat-pruefungen\/\" \/>\n<meta property=\"og:site_name\" content=\"FKH\" \/>\n<meta property=\"article:modified_time\" content=\"2019-10-03T12:45:27+00:00\" \/>\n<meta property=\"og:image\" content=\"https:\/\/fkh.ch\/wp-content\/uploads\/2014\/07\/P1040057.jpg\" \/>\n<meta name=\"twitter:label1\" content=\"Dur\u00e9e de lecture estim\u00e9e\" \/>\n\t<meta name=\"twitter:data1\" content=\"2 minutes\" \/>\n<script type=\"application\/ld+json\" class=\"yoast-schema-graph\">{\"@context\":\"https:\/\/schema.org\",\"@graph\":[{\"@type\":\"WebPage\",\"@id\":\"https:\/\/fkh.ch\/fr\/dienstleistungen\/pruefung-von-hs-betriebsmitteln-vor-ort\/andere-apparat-pruefungen\/\",\"url\":\"https:\/\/fkh.ch\/fr\/dienstleistungen\/pruefung-von-hs-betriebsmitteln-vor-ort\/andere-apparat-pruefungen\/\",\"name\":\"Tests des \u00e9quipements haute tension effectu\u00e9s sur site - FKH\",\"isPartOf\":{\"@id\":\"https:\/\/fkh.ch\/fr\/#website\"},\"primaryImageOfPage\":{\"@id\":\"https:\/\/fkh.ch\/fr\/dienstleistungen\/pruefung-von-hs-betriebsmitteln-vor-ort\/andere-apparat-pruefungen\/#primaryimage\"},\"image\":{\"@id\":\"https:\/\/fkh.ch\/fr\/dienstleistungen\/pruefung-von-hs-betriebsmitteln-vor-ort\/andere-apparat-pruefungen\/#primaryimage\"},\"thumbnailUrl\":\"https:\/\/fkh.ch\/wp-content\/uploads\/2014\/07\/P1040057.jpg\",\"datePublished\":\"2014-03-11T12:02:49+00:00\",\"dateModified\":\"2019-10-03T12:45:27+00:00\",\"breadcrumb\":{\"@id\":\"https:\/\/fkh.ch\/fr\/dienstleistungen\/pruefung-von-hs-betriebsmitteln-vor-ort\/andere-apparat-pruefungen\/#breadcrumb\"},\"inLanguage\":\"fr-FR\",\"potentialAction\":[{\"@type\":\"ReadAction\",\"target\":[\"https:\/\/fkh.ch\/fr\/dienstleistungen\/pruefung-von-hs-betriebsmitteln-vor-ort\/andere-apparat-pruefungen\/\"]}]},{\"@type\":\"ImageObject\",\"inLanguage\":\"fr-FR\",\"@id\":\"https:\/\/fkh.ch\/fr\/dienstleistungen\/pruefung-von-hs-betriebsmitteln-vor-ort\/andere-apparat-pruefungen\/#primaryimage\",\"url\":\"https:\/\/fkh.ch\/wp-content\/uploads\/2014\/07\/P1040057.jpg\",\"contentUrl\":\"https:\/\/fkh.ch\/wp-content\/uploads\/2014\/07\/P1040057.jpg\"},{\"@type\":\"BreadcrumbList\",\"@id\":\"https:\/\/fkh.ch\/fr\/dienstleistungen\/pruefung-von-hs-betriebsmitteln-vor-ort\/andere-apparat-pruefungen\/#breadcrumb\",\"itemListElement\":[{\"@type\":\"ListItem\",\"position\":1,\"name\":\"Startseite\",\"item\":\"https:\/\/fkh.ch\/fr\/\"},{\"@type\":\"ListItem\",\"position\":2,\"name\":\"Services\",\"item\":\"https:\/\/fkh.ch\/fr\/dienstleistungen\/\"},{\"@type\":\"ListItem\",\"position\":3,\"name\":\"Tests haute tension\",\"item\":\"https:\/\/fkh.ch\/fr\/dienstleistungen\/pruefung-von-hs-betriebsmitteln-vor-ort\/\"},{\"@type\":\"ListItem\",\"position\":4,\"name\":\"Tests des \u00e9quipements haute tension effectu\u00e9s sur site\"}]},{\"@type\":\"WebSite\",\"@id\":\"https:\/\/fkh.ch\/fr\/#website\",\"url\":\"https:\/\/fkh.ch\/fr\/\",\"name\":\"FKH\",\"description\":\"Commission d'\u00e9tude des questions relatives \u00e0 la haute tension\",\"potentialAction\":[{\"@type\":\"SearchAction\",\"target\":{\"@type\":\"EntryPoint\",\"urlTemplate\":\"https:\/\/fkh.ch\/fr\/?s={search_term_string}\"},\"query-input\":{\"@type\":\"PropertyValueSpecification\",\"valueRequired\":true,\"valueName\":\"search_term_string\"}}],\"inLanguage\":\"fr-FR\"}]}<\/script>\n<!-- \/ Yoast SEO plugin. -->","yoast_head_json":{"title":"Tests des \u00e9quipements haute tension effectu\u00e9s sur site - FKH","robots":{"index":"index","follow":"follow","max-snippet":"max-snippet:-1","max-image-preview":"max-image-preview:large","max-video-preview":"max-video-preview:-1"},"canonical":"https:\/\/fkh.ch\/fr\/dienstleistungen\/pruefung-von-hs-betriebsmitteln-vor-ort\/andere-apparat-pruefungen\/","og_locale":"fr_FR","og_type":"article","og_title":"Tests des \u00e9quipements haute tension effectu\u00e9s sur site - FKH","og_description":"La FKH propose de diagnostiquer l\u2019isolement et d\u2019effectuer d&rsquo;autres tests \u00e9lectriques sur tous les moyens d\u2019exploitation haute tension. Elle \u00e9tablit des diagnostics sur les transformateurs et machines rotatives mais analyse aussi et surtout l\u2019\u00e9tat des \u00e9quipements tels que transformateurs de mesure, appareils ou tableaux complets de commande, parafoudres, travers\u00e9es et jeux de barre isol\u00e9s. Ses [&hellip;]","og_url":"https:\/\/fkh.ch\/fr\/dienstleistungen\/pruefung-von-hs-betriebsmitteln-vor-ort\/andere-apparat-pruefungen\/","og_site_name":"FKH","article_modified_time":"2019-10-03T12:45:27+00:00","og_image":[{"url":"https:\/\/fkh.ch\/wp-content\/uploads\/2014\/07\/P1040057.jpg","type":"","width":"","height":""}],"twitter_misc":{"Dur\u00e9e de lecture estim\u00e9e":"2 minutes"},"schema":{"@context":"https:\/\/schema.org","@graph":[{"@type":"WebPage","@id":"https:\/\/fkh.ch\/fr\/dienstleistungen\/pruefung-von-hs-betriebsmitteln-vor-ort\/andere-apparat-pruefungen\/","url":"https:\/\/fkh.ch\/fr\/dienstleistungen\/pruefung-von-hs-betriebsmitteln-vor-ort\/andere-apparat-pruefungen\/","name":"Tests des \u00e9quipements haute tension effectu\u00e9s sur site - FKH","isPartOf":{"@id":"https:\/\/fkh.ch\/fr\/#website"},"primaryImageOfPage":{"@id":"https:\/\/fkh.ch\/fr\/dienstleistungen\/pruefung-von-hs-betriebsmitteln-vor-ort\/andere-apparat-pruefungen\/#primaryimage"},"image":{"@id":"https:\/\/fkh.ch\/fr\/dienstleistungen\/pruefung-von-hs-betriebsmitteln-vor-ort\/andere-apparat-pruefungen\/#primaryimage"},"thumbnailUrl":"https:\/\/fkh.ch\/wp-content\/uploads\/2014\/07\/P1040057.jpg","datePublished":"2014-03-11T12:02:49+00:00","dateModified":"2019-10-03T12:45:27+00:00","breadcrumb":{"@id":"https:\/\/fkh.ch\/fr\/dienstleistungen\/pruefung-von-hs-betriebsmitteln-vor-ort\/andere-apparat-pruefungen\/#breadcrumb"},"inLanguage":"fr-FR","potentialAction":[{"@type":"ReadAction","target":["https:\/\/fkh.ch\/fr\/dienstleistungen\/pruefung-von-hs-betriebsmitteln-vor-ort\/andere-apparat-pruefungen\/"]}]},{"@type":"ImageObject","inLanguage":"fr-FR","@id":"https:\/\/fkh.ch\/fr\/dienstleistungen\/pruefung-von-hs-betriebsmitteln-vor-ort\/andere-apparat-pruefungen\/#primaryimage","url":"https:\/\/fkh.ch\/wp-content\/uploads\/2014\/07\/P1040057.jpg","contentUrl":"https:\/\/fkh.ch\/wp-content\/uploads\/2014\/07\/P1040057.jpg"},{"@type":"BreadcrumbList","@id":"https:\/\/fkh.ch\/fr\/dienstleistungen\/pruefung-von-hs-betriebsmitteln-vor-ort\/andere-apparat-pruefungen\/#breadcrumb","itemListElement":[{"@type":"ListItem","position":1,"name":"Startseite","item":"https:\/\/fkh.ch\/fr\/"},{"@type":"ListItem","position":2,"name":"Services","item":"https:\/\/fkh.ch\/fr\/dienstleistungen\/"},{"@type":"ListItem","position":3,"name":"Tests haute tension","item":"https:\/\/fkh.ch\/fr\/dienstleistungen\/pruefung-von-hs-betriebsmitteln-vor-ort\/"},{"@type":"ListItem","position":4,"name":"Tests des \u00e9quipements haute tension effectu\u00e9s sur site"}]},{"@type":"WebSite","@id":"https:\/\/fkh.ch\/fr\/#website","url":"https:\/\/fkh.ch\/fr\/","name":"FKH","description":"Commission d'\u00e9tude des questions relatives \u00e0 la haute tension","potentialAction":[{"@type":"SearchAction","target":{"@type":"EntryPoint","urlTemplate":"https:\/\/fkh.ch\/fr\/?s={search_term_string}"},"query-input":{"@type":"PropertyValueSpecification","valueRequired":true,"valueName":"search_term_string"}}],"inLanguage":"fr-FR"}]}},"_links":{"self":[{"href":"https:\/\/fkh.ch\/fr\/wp-json\/wp\/v2\/pages\/5145","targetHints":{"allow":["GET"]}}],"collection":[{"href":"https:\/\/fkh.ch\/fr\/wp-json\/wp\/v2\/pages"}],"about":[{"href":"https:\/\/fkh.ch\/fr\/wp-json\/wp\/v2\/types\/page"}],"author":[{"embeddable":true,"href":"https:\/\/fkh.ch\/fr\/wp-json\/wp\/v2\/users\/267"}],"replies":[{"embeddable":true,"href":"https:\/\/fkh.ch\/fr\/wp-json\/wp\/v2\/comments?post=5145"}],"version-history":[{"count":2,"href":"https:\/\/fkh.ch\/fr\/wp-json\/wp\/v2\/pages\/5145\/revisions"}],"predecessor-version":[{"id":5147,"href":"https:\/\/fkh.ch\/fr\/wp-json\/wp\/v2\/pages\/5145\/revisions\/5147"}],"up":[{"embeddable":true,"href":"https:\/\/fkh.ch\/fr\/wp-json\/wp\/v2\/pages\/4966"}],"wp:attachment":[{"href":"https:\/\/fkh.ch\/fr\/wp-json\/wp\/v2\/media?parent=5145"}],"curies":[{"name":"wp","href":"https:\/\/api.w.org\/{rel}","templated":true}]}}