{"id":5153,"date":"2014-03-11T14:03:15","date_gmt":"2014-03-11T12:03:15","guid":{"rendered":"https:\/\/test.fkh.ch\/dienstleistungen\/erdungsprobleme-emv-emf-netzvorgaenge\/netztransientenmessungen\/"},"modified":"2019-10-03T15:09:23","modified_gmt":"2019-10-03T13:09:23","slug":"netztransientenmessungen","status":"publish","type":"page","link":"https:\/\/fkh.ch\/fr\/dienstleistungen\/erdungsprobleme-emv-emf-netzvorgaenge\/netztransientenmessungen\/","title":{"rendered":"Mesures des transitoires dans le r\u00e9seau"},"content":{"rendered":"<div id=\"attachment_1509\" style=\"width: 310px\" class=\"wp-caption alignright\"><a href=\"https:\/\/fkh.ch\/wp-content\/uploads\/2014\/07\/P1030528.jpg\"><img loading=\"lazy\" decoding=\"async\" aria-describedby=\"caption-attachment-1509\" class=\"wp-image-1509 size-medium\" src=\"https:\/\/fkh.ch\/wp-content\/uploads\/2014\/07\/P1030528.jpg\" alt=\"D\u00e9couplage des signaux \u00e9lectriques dans les enroulements secondaires des transformateurs\" width=\"300\" height=\"225\" srcset=\"https:\/\/fkh.ch\/wp-content\/uploads\/2014\/07\/P1030528.jpg 1600w, https:\/\/fkh.ch\/wp-content\/uploads\/2014\/07\/P1030528-300x225.jpg 300w, https:\/\/fkh.ch\/wp-content\/uploads\/2014\/07\/P1030528-768x576.jpg 768w, https:\/\/fkh.ch\/wp-content\/uploads\/2014\/07\/P1030528-1024x768.jpg 1024w\" sizes=\"auto, (max-width: 300px) 100vw, 300px\" \/><\/a><p id=\"caption-attachment-1509\" class=\"wp-caption-text\">D\u00e9couplage des signaux \u00e9lectriques dans les enroulements secondaires des transformateurs<\/p><\/div>\n<p style=\"text-align: justify;\">Les transitoires sont provoqu\u00e9s dans le r\u00e9seau par les op\u00e9rations de commutation mais aussi par la foudre. Il est essentiel de comprendre les processus et de quantifier les maxima de tension et de courant qu\u2019ils provoquent pour assurer la coordination de l&rsquo;isolement (dimensionnement de l\u2019isolement du mat\u00e9riel et des dispositifs de protection antisurtension). La FKH peut mesurer les ph\u00e9nom\u00e8nes transitoires de toute nature.<\/p>\n<h3><strong>Probl\u00e8mes de ferror\u00e9sonance<\/strong><\/h3>\n<p style=\"text-align: justify;\">En dehors des transitoires rapides dans les r\u00e9seaux, il existe \u00e9galement l\u2019importante probl\u00e9matique des ph\u00e9nom\u00e8nes de basse fr\u00e9quence tels que les ph\u00e9nom\u00e8nes de r\u00e9sonance et de ferror\u00e9sonance, qui non seulement sollicitent les isolants mais peuvent aussi provoquer des surchauffes des composants du r\u00e9seau. La FKH \u00e9tudie r\u00e9guli\u00e8rement ces types de perturbations.<\/p>\n<div id=\"attachment_1511\" style=\"width: 501px\" class=\"wp-caption alignleft\"><a href=\"https:\/\/fkh.ch\/wp-content\/uploads\/2014\/07\/Netztransienten-Graph.png\"><img loading=\"lazy\" decoding=\"async\" aria-describedby=\"caption-attachment-1511\" class=\"wp-image-1511\" src=\"https:\/\/fkh.ch\/wp-content\/uploads\/2014\/07\/Netztransienten-Graph.png\" alt=\"Courbe de la tension simple et des courants parcourant l\u2019enroulement primaire du transformateur de tension pendant une oscillation de ferror\u00e9sonance triphas\u00e9e\" width=\"491\" height=\"272\" srcset=\"https:\/\/fkh.ch\/wp-content\/uploads\/2014\/07\/Netztransienten-Graph.png 5206w, https:\/\/fkh.ch\/wp-content\/uploads\/2014\/07\/Netztransienten-Graph-300x166.png 300w, https:\/\/fkh.ch\/wp-content\/uploads\/2014\/07\/Netztransienten-Graph-768x425.png 768w, https:\/\/fkh.ch\/wp-content\/uploads\/2014\/07\/Netztransienten-Graph-1024x567.png 1024w\" sizes=\"auto, (max-width: 491px) 100vw, 491px\" \/><\/a><p id=\"caption-attachment-1511\" class=\"wp-caption-text\">Courbe de la tension simple et des courants parcourant l\u2019enroulement primaire du transformateur de tension pendant une oscillation de ferror\u00e9sonance triphas\u00e9e<\/p><\/div>\n<div id=\"attachment_1510\" style=\"width: 310px\" class=\"wp-caption alignright\"><a href=\"https:\/\/fkh.ch\/wp-content\/uploads\/2014\/07\/P1030512.jpg\"><img loading=\"lazy\" decoding=\"async\" aria-describedby=\"caption-attachment-1510\" class=\"wp-image-1510 size-medium\" src=\"https:\/\/fkh.ch\/wp-content\/uploads\/2014\/07\/P1030512.jpg\" alt=\"Oscilloscope multicanaux pour enregistrement des oscillations triphas\u00e9es du courant et de la tension\" width=\"300\" height=\"225\" srcset=\"https:\/\/fkh.ch\/wp-content\/uploads\/2014\/07\/P1030512.jpg 1600w, https:\/\/fkh.ch\/wp-content\/uploads\/2014\/07\/P1030512-300x225.jpg 300w, https:\/\/fkh.ch\/wp-content\/uploads\/2014\/07\/P1030512-768x576.jpg 768w, https:\/\/fkh.ch\/wp-content\/uploads\/2014\/07\/P1030512-1024x768.jpg 1024w\" sizes=\"auto, (max-width: 300px) 100vw, 300px\" \/><\/a><p id=\"caption-attachment-1510\" class=\"wp-caption-text\">Oscilloscope multicanaux pour enregistrement des oscillations triphas\u00e9es du courant et de la tension<\/p><\/div>\n","protected":false},"excerpt":{"rendered":"<p>Les transitoires sont provoqu\u00e9s dans le r\u00e9seau par les op\u00e9rations de commutation mais aussi par la foudre. Il est essentiel de comprendre les processus et de quantifier les maxima de tension et de courant qu\u2019ils provoquent pour assurer la coordination de l&rsquo;isolement (dimensionnement de l\u2019isolement du mat\u00e9riel et des dispositifs de protection antisurtension). La FKH [&hellip;]<\/p>\n","protected":false},"author":194,"featured_media":0,"parent":5150,"menu_order":10,"comment_status":"open","ping_status":"open","template":"","meta":{"_acf_changed":false,"footnotes":""},"class_list":["post-5153","page","type-page","status-publish","hentry"],"acf":[],"yoast_head":"<!-- This site is optimized with the Yoast SEO plugin v27.2 - https:\/\/yoast.com\/product\/yoast-seo-wordpress\/ -->\n<title>Mesures des transitoires dans le r\u00e9seau - FKH<\/title>\n<meta name=\"robots\" content=\"index, follow, max-snippet:-1, max-image-preview:large, max-video-preview:-1\" \/>\n<link rel=\"canonical\" href=\"https:\/\/fkh.ch\/fr\/dienstleistungen\/erdungsprobleme-emv-emf-netzvorgaenge\/netztransientenmessungen\/\" \/>\n<meta property=\"og:locale\" content=\"fr_FR\" \/>\n<meta property=\"og:type\" content=\"article\" \/>\n<meta property=\"og:title\" content=\"Mesures des transitoires dans le r\u00e9seau - FKH\" \/>\n<meta property=\"og:description\" content=\"Les transitoires sont provoqu\u00e9s dans le r\u00e9seau par les op\u00e9rations de commutation mais aussi par la foudre. Il est essentiel de comprendre les processus et de quantifier les maxima de tension et de courant qu\u2019ils provoquent pour assurer la coordination de l&rsquo;isolement (dimensionnement de l\u2019isolement du mat\u00e9riel et des dispositifs de protection antisurtension). La FKH [&hellip;]\" \/>\n<meta property=\"og:url\" content=\"https:\/\/fkh.ch\/fr\/dienstleistungen\/erdungsprobleme-emv-emf-netzvorgaenge\/netztransientenmessungen\/\" \/>\n<meta property=\"og:site_name\" content=\"FKH\" \/>\n<meta property=\"article:modified_time\" content=\"2019-10-03T13:09:23+00:00\" \/>\n<meta property=\"og:image\" content=\"https:\/\/fkh.ch\/wp-content\/uploads\/2014\/07\/P1030528.jpg\" \/>\n<meta name=\"twitter:label1\" content=\"Dur\u00e9e de lecture estim\u00e9e\" \/>\n\t<meta name=\"twitter:data1\" content=\"1 minute\" \/>\n<script type=\"application\/ld+json\" class=\"yoast-schema-graph\">{\"@context\":\"https:\/\/schema.org\",\"@graph\":[{\"@type\":\"WebPage\",\"@id\":\"https:\/\/fkh.ch\/fr\/dienstleistungen\/erdungsprobleme-emv-emf-netzvorgaenge\/netztransientenmessungen\/\",\"url\":\"https:\/\/fkh.ch\/fr\/dienstleistungen\/erdungsprobleme-emv-emf-netzvorgaenge\/netztransientenmessungen\/\",\"name\":\"Mesures des transitoires dans le r\u00e9seau - FKH\",\"isPartOf\":{\"@id\":\"https:\/\/fkh.ch\/fr\/#website\"},\"primaryImageOfPage\":{\"@id\":\"https:\/\/fkh.ch\/fr\/dienstleistungen\/erdungsprobleme-emv-emf-netzvorgaenge\/netztransientenmessungen\/#primaryimage\"},\"image\":{\"@id\":\"https:\/\/fkh.ch\/fr\/dienstleistungen\/erdungsprobleme-emv-emf-netzvorgaenge\/netztransientenmessungen\/#primaryimage\"},\"thumbnailUrl\":\"https:\/\/fkh.ch\/wp-content\/uploads\/2014\/07\/P1030528.jpg\",\"datePublished\":\"2014-03-11T12:03:15+00:00\",\"dateModified\":\"2019-10-03T13:09:23+00:00\",\"breadcrumb\":{\"@id\":\"https:\/\/fkh.ch\/fr\/dienstleistungen\/erdungsprobleme-emv-emf-netzvorgaenge\/netztransientenmessungen\/#breadcrumb\"},\"inLanguage\":\"fr-FR\",\"potentialAction\":[{\"@type\":\"ReadAction\",\"target\":[\"https:\/\/fkh.ch\/fr\/dienstleistungen\/erdungsprobleme-emv-emf-netzvorgaenge\/netztransientenmessungen\/\"]}]},{\"@type\":\"ImageObject\",\"inLanguage\":\"fr-FR\",\"@id\":\"https:\/\/fkh.ch\/fr\/dienstleistungen\/erdungsprobleme-emv-emf-netzvorgaenge\/netztransientenmessungen\/#primaryimage\",\"url\":\"https:\/\/fkh.ch\/wp-content\/uploads\/2014\/07\/P1030528.jpg\",\"contentUrl\":\"https:\/\/fkh.ch\/wp-content\/uploads\/2014\/07\/P1030528.jpg\"},{\"@type\":\"BreadcrumbList\",\"@id\":\"https:\/\/fkh.ch\/fr\/dienstleistungen\/erdungsprobleme-emv-emf-netzvorgaenge\/netztransientenmessungen\/#breadcrumb\",\"itemListElement\":[{\"@type\":\"ListItem\",\"position\":1,\"name\":\"Startseite\",\"item\":\"https:\/\/fkh.ch\/fr\/\"},{\"@type\":\"ListItem\",\"position\":2,\"name\":\"Services\",\"item\":\"https:\/\/fkh.ch\/fr\/dienstleistungen\/\"},{\"@type\":\"ListItem\",\"position\":3,\"name\":\"Syst\u00e8me haute tension, s\u00e9curit\u00e9 et compatibilit\u00e9 \u00e9lectromagn\u00e9tique\",\"item\":\"https:\/\/fkh.ch\/fr\/dienstleistungen\/erdungsprobleme-emv-emf-netzvorgaenge\/\"},{\"@type\":\"ListItem\",\"position\":4,\"name\":\"Mesures des transitoires dans le r\u00e9seau\"}]},{\"@type\":\"WebSite\",\"@id\":\"https:\/\/fkh.ch\/fr\/#website\",\"url\":\"https:\/\/fkh.ch\/fr\/\",\"name\":\"FKH\",\"description\":\"Commission d'\u00e9tude des questions relatives \u00e0 la haute tension\",\"potentialAction\":[{\"@type\":\"SearchAction\",\"target\":{\"@type\":\"EntryPoint\",\"urlTemplate\":\"https:\/\/fkh.ch\/fr\/?s={search_term_string}\"},\"query-input\":{\"@type\":\"PropertyValueSpecification\",\"valueRequired\":true,\"valueName\":\"search_term_string\"}}],\"inLanguage\":\"fr-FR\"}]}<\/script>\n<!-- \/ Yoast SEO plugin. -->","yoast_head_json":{"title":"Mesures des transitoires dans le r\u00e9seau - FKH","robots":{"index":"index","follow":"follow","max-snippet":"max-snippet:-1","max-image-preview":"max-image-preview:large","max-video-preview":"max-video-preview:-1"},"canonical":"https:\/\/fkh.ch\/fr\/dienstleistungen\/erdungsprobleme-emv-emf-netzvorgaenge\/netztransientenmessungen\/","og_locale":"fr_FR","og_type":"article","og_title":"Mesures des transitoires dans le r\u00e9seau - FKH","og_description":"Les transitoires sont provoqu\u00e9s dans le r\u00e9seau par les op\u00e9rations de commutation mais aussi par la foudre. Il est essentiel de comprendre les processus et de quantifier les maxima de tension et de courant qu\u2019ils provoquent pour assurer la coordination de l&rsquo;isolement (dimensionnement de l\u2019isolement du mat\u00e9riel et des dispositifs de protection antisurtension). La FKH [&hellip;]","og_url":"https:\/\/fkh.ch\/fr\/dienstleistungen\/erdungsprobleme-emv-emf-netzvorgaenge\/netztransientenmessungen\/","og_site_name":"FKH","article_modified_time":"2019-10-03T13:09:23+00:00","og_image":[{"url":"https:\/\/fkh.ch\/wp-content\/uploads\/2014\/07\/P1030528.jpg","type":"","width":"","height":""}],"twitter_misc":{"Dur\u00e9e de lecture estim\u00e9e":"1 minute"},"schema":{"@context":"https:\/\/schema.org","@graph":[{"@type":"WebPage","@id":"https:\/\/fkh.ch\/fr\/dienstleistungen\/erdungsprobleme-emv-emf-netzvorgaenge\/netztransientenmessungen\/","url":"https:\/\/fkh.ch\/fr\/dienstleistungen\/erdungsprobleme-emv-emf-netzvorgaenge\/netztransientenmessungen\/","name":"Mesures des transitoires dans le r\u00e9seau - FKH","isPartOf":{"@id":"https:\/\/fkh.ch\/fr\/#website"},"primaryImageOfPage":{"@id":"https:\/\/fkh.ch\/fr\/dienstleistungen\/erdungsprobleme-emv-emf-netzvorgaenge\/netztransientenmessungen\/#primaryimage"},"image":{"@id":"https:\/\/fkh.ch\/fr\/dienstleistungen\/erdungsprobleme-emv-emf-netzvorgaenge\/netztransientenmessungen\/#primaryimage"},"thumbnailUrl":"https:\/\/fkh.ch\/wp-content\/uploads\/2014\/07\/P1030528.jpg","datePublished":"2014-03-11T12:03:15+00:00","dateModified":"2019-10-03T13:09:23+00:00","breadcrumb":{"@id":"https:\/\/fkh.ch\/fr\/dienstleistungen\/erdungsprobleme-emv-emf-netzvorgaenge\/netztransientenmessungen\/#breadcrumb"},"inLanguage":"fr-FR","potentialAction":[{"@type":"ReadAction","target":["https:\/\/fkh.ch\/fr\/dienstleistungen\/erdungsprobleme-emv-emf-netzvorgaenge\/netztransientenmessungen\/"]}]},{"@type":"ImageObject","inLanguage":"fr-FR","@id":"https:\/\/fkh.ch\/fr\/dienstleistungen\/erdungsprobleme-emv-emf-netzvorgaenge\/netztransientenmessungen\/#primaryimage","url":"https:\/\/fkh.ch\/wp-content\/uploads\/2014\/07\/P1030528.jpg","contentUrl":"https:\/\/fkh.ch\/wp-content\/uploads\/2014\/07\/P1030528.jpg"},{"@type":"BreadcrumbList","@id":"https:\/\/fkh.ch\/fr\/dienstleistungen\/erdungsprobleme-emv-emf-netzvorgaenge\/netztransientenmessungen\/#breadcrumb","itemListElement":[{"@type":"ListItem","position":1,"name":"Startseite","item":"https:\/\/fkh.ch\/fr\/"},{"@type":"ListItem","position":2,"name":"Services","item":"https:\/\/fkh.ch\/fr\/dienstleistungen\/"},{"@type":"ListItem","position":3,"name":"Syst\u00e8me haute tension, s\u00e9curit\u00e9 et compatibilit\u00e9 \u00e9lectromagn\u00e9tique","item":"https:\/\/fkh.ch\/fr\/dienstleistungen\/erdungsprobleme-emv-emf-netzvorgaenge\/"},{"@type":"ListItem","position":4,"name":"Mesures des transitoires dans le r\u00e9seau"}]},{"@type":"WebSite","@id":"https:\/\/fkh.ch\/fr\/#website","url":"https:\/\/fkh.ch\/fr\/","name":"FKH","description":"Commission d'\u00e9tude des questions relatives \u00e0 la haute tension","potentialAction":[{"@type":"SearchAction","target":{"@type":"EntryPoint","urlTemplate":"https:\/\/fkh.ch\/fr\/?s={search_term_string}"},"query-input":{"@type":"PropertyValueSpecification","valueRequired":true,"valueName":"search_term_string"}}],"inLanguage":"fr-FR"}]}},"_links":{"self":[{"href":"https:\/\/fkh.ch\/fr\/wp-json\/wp\/v2\/pages\/5153","targetHints":{"allow":["GET"]}}],"collection":[{"href":"https:\/\/fkh.ch\/fr\/wp-json\/wp\/v2\/pages"}],"about":[{"href":"https:\/\/fkh.ch\/fr\/wp-json\/wp\/v2\/types\/page"}],"author":[{"embeddable":true,"href":"https:\/\/fkh.ch\/fr\/wp-json\/wp\/v2\/users\/194"}],"replies":[{"embeddable":true,"href":"https:\/\/fkh.ch\/fr\/wp-json\/wp\/v2\/comments?post=5153"}],"version-history":[{"count":2,"href":"https:\/\/fkh.ch\/fr\/wp-json\/wp\/v2\/pages\/5153\/revisions"}],"predecessor-version":[{"id":5155,"href":"https:\/\/fkh.ch\/fr\/wp-json\/wp\/v2\/pages\/5153\/revisions\/5155"}],"up":[{"embeddable":true,"href":"https:\/\/fkh.ch\/fr\/wp-json\/wp\/v2\/pages\/5150"}],"wp:attachment":[{"href":"https:\/\/fkh.ch\/fr\/wp-json\/wp\/v2\/media?parent=5153"}],"curies":[{"name":"wp","href":"https:\/\/api.w.org\/{rel}","templated":true}]}}