{"id":5174,"date":"2014-03-11T14:02:59","date_gmt":"2014-03-11T12:02:59","guid":{"rendered":"https:\/\/test.fkh.ch\/dienstleistungen\/erdungsprobleme-emv-emf-netzvorgaenge\/erdungsmessungen-berechnungen\/"},"modified":"2019-11-28T13:46:03","modified_gmt":"2019-11-28T12:46:03","slug":"erdungsmessungen-berechnungen","status":"publish","type":"page","link":"https:\/\/fkh.ch\/fr\/dienstleistungen\/erdungsprobleme-emv-emf-netzvorgaenge\/erdungsmessungen-berechnungen\/","title":{"rendered":"Mesures de mise \u00e0 la terre"},"content":{"rendered":"<p style=\"text-align: justify;\"><a href=\"https:\/\/fkh.ch\/wp-content\/uploads\/2014\/03\/Erdungsmessung.jpg\"><img loading=\"lazy\" decoding=\"async\" class=\"alignright size-medium wp-image-1433\" src=\"https:\/\/fkh.ch\/wp-content\/uploads\/2014\/03\/Erdungsmessung.jpg\" alt=\"Erdungsmessung\" width=\"225\" height=\"300\" srcset=\"https:\/\/fkh.ch\/wp-content\/uploads\/2014\/03\/Erdungsmessung.jpg 1200w, https:\/\/fkh.ch\/wp-content\/uploads\/2014\/03\/Erdungsmessung-225x300.jpg 225w, https:\/\/fkh.ch\/wp-content\/uploads\/2014\/03\/Erdungsmessung-768x1024.jpg 768w\" sizes=\"auto, (max-width: 225px) 100vw, 225px\" \/><\/a>La FKH propose des mesures de mise \u00e0 la terre \u00e0 l\u2019aide d\u2019un syst\u00e8me de test compact et mobile afin d\u2019analyser et d\u2019\u00e9valuer l\u2019efficacit\u00e9 des syst\u00e8mes de mise \u00e0 la terre des sous-stations et autres installations \u00e9lectriques.<\/p>\n<p>Avec la m\u00e9thode courant-tension, un courant de d\u00e9faut \u00e0 la terre IM (50\u00a0A \u00e0 200\u00a0A) est g\u00e9n\u00e9r\u00e9 par un convertisseur de fr\u00e9quence mobile de 42\u00a0kVA et est envoy\u00e9 dans une boucle de d\u00e9faut \u00e0 la terre d\u00e9finie qui inclut le syst\u00e8me de mise \u00e0 la terre. Dans la mesure du possible, une ligne a\u00e9rienne ou une ligne c\u00e2bl\u00e9e coup\u00e9e (mise \u00e0 la terre sur la station distante) est utilis\u00e9e pour la boucle de d\u00e9faut \u00e0 la terre. Si la source de courant ne peut pas \u00eatre install\u00e9e \u00e0 proximit\u00e9 de la sous-station \u00e0 inspecter, l\u2019alimentation peut \u00e9galement \u00eatre positionn\u00e9e du c\u00f4t\u00e9 distant.<\/p>\n<p>Le courant entre les syst\u00e8mes de mise \u00e0 la terre de la sous-station inspect\u00e9e et la station avec mise \u00e0 la terre distante g\u00e9n\u00e8re des tensions de mise \u00e0 terre UE1 resp. UE2 permettant de mesurer les tensions diff\u00e9rentielles et de d\u00e9terminer la distribution du courant.<\/p>\n<p>Tous les r\u00e9sultats de mesure sont extrapol\u00e9s au courant de d\u00e9faut \u00e0 la terre maximal de l\u2019installation contr\u00f4l\u00e9e<\/p>\n<p>&nbsp;<\/p>\n<div id=\"attachment_5176\" style=\"width: 610px\" class=\"wp-caption alignleft\"><a href=\"https:\/\/fkh.ch\/wp-content\/uploads\/2019\/10\/Erdung-Bild-1.png\"><img loading=\"lazy\" decoding=\"async\" aria-describedby=\"caption-attachment-5176\" class=\"wp-image-5176\" src=\"https:\/\/fkh.ch\/wp-content\/uploads\/2019\/10\/Erdung-Bild-1.png\" alt=\"Mesures selon la m\u00e9thode courant-tension\" width=\"600\" height=\"333\" srcset=\"https:\/\/fkh.ch\/wp-content\/uploads\/2019\/10\/Erdung-Bild-1.png 1917w, https:\/\/fkh.ch\/wp-content\/uploads\/2019\/10\/Erdung-Bild-1-300x167.png 300w, https:\/\/fkh.ch\/wp-content\/uploads\/2019\/10\/Erdung-Bild-1-768x426.png 768w, https:\/\/fkh.ch\/wp-content\/uploads\/2019\/10\/Erdung-Bild-1-1024x568.png 1024w\" sizes=\"auto, (max-width: 600px) 100vw, 600px\" \/><\/a><p id=\"caption-attachment-5176\" class=\"wp-caption-text\">Mesures selon la m\u00e9thode courant-tension<\/p><\/div>\n<p>Le convertisseur de la FKH fonctionne \u00e0 une fr\u00e9quence diff\u00e9rente de la fr\u00e9quence de fonctionnement du r\u00e9seau (p.\u00a0ex. 70\u00a0Hz pour les syst\u00e8mes 50\u00a0Hz). Pour l\u2019adaptation d\u2019imp\u00e9dance, la source d\u2019alimentation est connect\u00e9e \u00e0 la ligne de test via un transformateur d\u2019adaptation et une capacit\u00e9 de compensation variable.<br \/>\nComme le courant de d\u00e9faut \u00e0 la terre appliqu\u00e9 diff\u00e8re de la fr\u00e9quence de service, il est possible de le distinguer tr\u00e8s clairement par rapport aux courants de terre, tensions de terre et tensions d\u2019induction en service.<br \/>\nAfin de d\u00e9terminer les tensions diff\u00e9rentielles, la FKH utilise des filtres appropri\u00e9s hautement s\u00e9lectifs qui \u00e9liminent toutes influences sur les r\u00e9sultats de mesure due au fonctionnement du syst\u00e8me \u00e0 50\u00a0Hz ou aux courants ferroviaires \u00e0 16,7\u00a0Hz.<\/p>\n<p>&nbsp;<\/p>\n<h2><\/h2>\n<h2><\/h2>\n<h2><\/h2>\n<h2 style=\"text-align: justify;\"><strong>\u00c9tendue des prestations d\u2019une mesure de mise \u00e0 la terre<\/strong><\/h2>\n<h3><strong><a href=\"https:\/\/fkh.ch\/wp-content\/uploads\/2019\/10\/Spannungstrichterprofil2.png\"><img loading=\"lazy\" decoding=\"async\" class=\"alignright wp-image-5183 size-medium\" src=\"https:\/\/fkh.ch\/wp-content\/uploads\/2019\/10\/Spannungstrichterprofil2.png\" alt=\"\" width=\"300\" height=\"194\" srcset=\"https:\/\/fkh.ch\/wp-content\/uploads\/2019\/10\/Spannungstrichterprofil2.png 3268w, https:\/\/fkh.ch\/wp-content\/uploads\/2019\/10\/Spannungstrichterprofil2-300x194.png 300w, https:\/\/fkh.ch\/wp-content\/uploads\/2019\/10\/Spannungstrichterprofil2-768x498.png 768w, https:\/\/fkh.ch\/wp-content\/uploads\/2019\/10\/Spannungstrichterprofil2-1024x664.png 1024w, https:\/\/fkh.ch\/wp-content\/uploads\/2019\/10\/Spannungstrichterprofil2-230x150.png 230w\" sizes=\"auto, (max-width: 300px) 100vw, 300px\" \/><\/a>D\u00e9termination de la tension diff\u00e9rentielle<\/strong><\/h3>\n<p>Les tensions de contact, de pas et diff\u00e9rentielles sont mesur\u00e9es dans le syst\u00e8me de mise \u00e0 la terre et dans les alentours. Les valeurs de mesure d\u00e9termin\u00e9es sont \u00e9valu\u00e9es sur la base de l\u2019ordonnance sur les installations \u00e9lectriques \u00e0 courant fort en vigueur (\u00e9dition de mars 1994, \u00e9tat au 1<sup>er<\/sup> juillet 2012) et du r\u00e8glement SEV\u00a0SNG\u00a0483755, 2015 : \u00ab\u00a0Mise \u00e0 la terre comme mesure de protection dans les installations \u00e9lectriques \u00e0 courant fort\u00a0\u00bb.<\/p>\n<h3><\/h3>\n<h3><\/h3>\n<h3><\/h3>\n<h3><\/h3>\n<h3><strong>Mesure de l\u2019imp\u00e9dance de mise \u00e0 la terre du syst\u00e8me<\/strong><br \/>\n<b> <\/b><\/h3>\n<p style=\"text-align: justify;\"><a href=\"https:\/\/fkh.ch\/wp-content\/uploads\/2019\/10\/erd2.png\"><img loading=\"lazy\" decoding=\"async\" class=\"alignright size-medium wp-image-5180\" src=\"https:\/\/fkh.ch\/wp-content\/uploads\/2019\/10\/erd2.png\" alt=\"\" width=\"300\" height=\"195\" srcset=\"https:\/\/fkh.ch\/wp-content\/uploads\/2019\/10\/erd2.png 3268w, https:\/\/fkh.ch\/wp-content\/uploads\/2019\/10\/erd2-300x195.png 300w, https:\/\/fkh.ch\/wp-content\/uploads\/2019\/10\/erd2-768x499.png 768w, https:\/\/fkh.ch\/wp-content\/uploads\/2019\/10\/erd2-1024x665.png 1024w, https:\/\/fkh.ch\/wp-content\/uploads\/2019\/10\/erd2-230x150.png 230w\" sizes=\"auto, (max-width: 300px) 100vw, 300px\" \/><\/a>L\u2019\u00e9volution du potentiel en entonnoir est d\u00e9termin\u00e9e en mesurant un ou plusieurs profils de tension radiale jusqu\u2019\u00e0 la terre de r\u00e9f\u00e9rence non influenc\u00e9e. La diff\u00e9rence de potentiel entre la terre de r\u00e9f\u00e9rence et la terre du syst\u00e8me est li\u00e9e au courant de d\u00e9faut \u00e0 la terre fourni. L\u2019imp\u00e9dance de terre effective du syst\u00e8me est d\u00e9termin\u00e9e approximativement \u00e0 partir de ce rapport.<\/p>\n<h3 style=\"text-align: justify;\"><strong>Mesure de la distribution du courant de d\u00e9faut \u00e0 la terre<\/strong><\/h3>\n<p style=\"text-align: justify;\"><a href=\"https:\/\/fkh.ch\/wp-content\/uploads\/2019\/10\/ERdungen1.png\"><img loading=\"lazy\" decoding=\"async\" class=\"aligncenter wp-image-5246 \" src=\"https:\/\/fkh.ch\/wp-content\/uploads\/2019\/10\/ERdungen1.png\" alt=\"\" width=\"834\" height=\"558\" srcset=\"https:\/\/fkh.ch\/wp-content\/uploads\/2019\/10\/ERdungen1.png 955w, https:\/\/fkh.ch\/wp-content\/uploads\/2019\/10\/ERdungen1-300x201.png 300w, https:\/\/fkh.ch\/wp-content\/uploads\/2019\/10\/ERdungen1-768x514.png 768w\" sizes=\"auto, (max-width: 834px) 100vw, 834px\" \/><\/a><\/p>\n<p>La composante de courant de d\u00e9faut \u00e0 la terre (amplitude et phase) est d\u00e9termin\u00e9e sur toutes les lignes et connexions m\u00e9talliques sortant de la zone. Il s\u2019agit notamment des connexions \u00e0 la terre, du c\u00e2ble de garde des lignes a\u00e9riennes, du blindage des c\u00e2bles d\u2019alimentation et de commande, des conduites d\u2019eau et des lignes ferroviaires. Cette \u00e9tude fournit des informations sur la r\u00e9partition du courant en cas de d\u00e9faut \u00e0 la terre. L\u2019efficacit\u00e9 des connexions \u00e0 la terre est ainsi v\u00e9rifi\u00e9e. De plus, il est possible de d\u00e9tecter d\u2019\u00e9ventuels probl\u00e8mes d\u2019interf\u00e9rences dus aux courants de terre, en particulier pour les c\u00e2bles de commande.<\/p>\n<h3 style=\"text-align: justify;\"><strong>Mesure des imp\u00e9dances de ligne<\/strong><\/h3>\n<p>L\u2019imp\u00e9dance directe et homopolaire sont mesur\u00e9es sur la ligne utilis\u00e9e pour la boucle de terre.<\/p>\n<h3><strong>Documentation et rapport<\/strong><br \/>\n<b> <\/b><\/h3>\n<p style=\"text-align: justify;\">\u00c0 l\u2019issue d\u2019une mesure de mise \u00e0 la terre, un rapport contenant l\u2019\u00e9valuation des r\u00e9sultats de la mesure est \u00e9tabli. L\u2019efficacit\u00e9 du syst\u00e8me de mise \u00e0 la terre et les tensions diff\u00e9rentielles survenant en cas de d\u00e9faut \u00e0 la terre sont \u00e9valu\u00e9es et document\u00e9es. En cas de tensions de contact, de pas et diff\u00e9rentielles \u00e9lev\u00e9es non autoris\u00e9es, des mesures correctives sont propos\u00e9es.<\/p>\n<p><a href=\"https:\/\/fkh.ch\/wp-content\/uploads\/2019\/11\/Erdungsmessungen-FR-V19-01.pdf\"><img loading=\"lazy\" decoding=\"async\" class=\"wp-image-5867 alignleft\" src=\"https:\/\/fkh.ch\/wp-content\/uploads\/2019\/11\/Erdungsmessungen-FR-Bild.png\" alt=\"\" width=\"97\" height=\"137\" srcset=\"https:\/\/fkh.ch\/wp-content\/uploads\/2019\/11\/Erdungsmessungen-FR-Bild.png 794w, https:\/\/fkh.ch\/wp-content\/uploads\/2019\/11\/Erdungsmessungen-FR-Bild-212x300.png 212w, https:\/\/fkh.ch\/wp-content\/uploads\/2019\/11\/Erdungsmessungen-FR-Bild-768x1086.png 768w, https:\/\/fkh.ch\/wp-content\/uploads\/2019\/11\/Erdungsmessungen-FR-Bild-724x1024.png 724w\" sizes=\"auto, (max-width: 97px) 100vw, 97px\" \/><\/a><a href=\"https:\/\/fkh.ch\/wp-content\/uploads\/2019\/11\/Erdungsmessungen-FR-V19-01.pdf\">Broschure Mesures de mise \u00e0 la terre<\/a><\/p>\n<p>&nbsp;<\/p>\n<p>&nbsp;<\/p>\n","protected":false},"excerpt":{"rendered":"<p>La FKH propose des mesures de mise \u00e0 la terre \u00e0 l\u2019aide d\u2019un syst\u00e8me de test compact et mobile afin d\u2019analyser et d\u2019\u00e9valuer l\u2019efficacit\u00e9 des syst\u00e8mes de mise \u00e0 la terre des sous-stations et autres installations \u00e9lectriques. Avec la m\u00e9thode courant-tension, un courant de d\u00e9faut \u00e0 la terre IM (50\u00a0A \u00e0 200\u00a0A) est g\u00e9n\u00e9r\u00e9 par [&hellip;]<\/p>\n","protected":false},"author":198,"featured_media":0,"parent":5150,"menu_order":40,"comment_status":"open","ping_status":"open","template":"","meta":{"_acf_changed":false,"footnotes":""},"class_list":["post-5174","page","type-page","status-publish","hentry"],"acf":[],"yoast_head":"<!-- This site is optimized with the Yoast SEO plugin v27.2 - https:\/\/yoast.com\/product\/yoast-seo-wordpress\/ -->\n<title>Mesures de mise \u00e0 la terre - FKH<\/title>\n<meta name=\"robots\" content=\"index, follow, max-snippet:-1, max-image-preview:large, max-video-preview:-1\" \/>\n<link rel=\"canonical\" href=\"https:\/\/fkh.ch\/fr\/dienstleistungen\/erdungsprobleme-emv-emf-netzvorgaenge\/erdungsmessungen-berechnungen\/\" \/>\n<meta property=\"og:locale\" content=\"fr_FR\" \/>\n<meta property=\"og:type\" content=\"article\" \/>\n<meta property=\"og:title\" content=\"Mesures de mise \u00e0 la terre - FKH\" \/>\n<meta property=\"og:description\" content=\"La FKH propose des mesures de mise \u00e0 la terre \u00e0 l\u2019aide d\u2019un syst\u00e8me de test compact et mobile afin d\u2019analyser et d\u2019\u00e9valuer l\u2019efficacit\u00e9 des syst\u00e8mes de mise \u00e0 la terre des sous-stations et autres installations \u00e9lectriques. Avec la m\u00e9thode courant-tension, un courant de d\u00e9faut \u00e0 la terre IM (50\u00a0A \u00e0 200\u00a0A) est g\u00e9n\u00e9r\u00e9 par [&hellip;]\" \/>\n<meta property=\"og:url\" content=\"https:\/\/fkh.ch\/fr\/dienstleistungen\/erdungsprobleme-emv-emf-netzvorgaenge\/erdungsmessungen-berechnungen\/\" \/>\n<meta property=\"og:site_name\" content=\"FKH\" \/>\n<meta property=\"article:modified_time\" content=\"2019-11-28T12:46:03+00:00\" \/>\n<meta property=\"og:image\" content=\"https:\/\/fkh.ch\/wp-content\/uploads\/2014\/03\/Erdungsmessung.jpg\" \/>\n<meta name=\"twitter:label1\" content=\"Dur\u00e9e de lecture estim\u00e9e\" \/>\n\t<meta name=\"twitter:data1\" content=\"4 minutes\" \/>\n<script type=\"application\/ld+json\" class=\"yoast-schema-graph\">{\"@context\":\"https:\/\/schema.org\",\"@graph\":[{\"@type\":\"WebPage\",\"@id\":\"https:\/\/fkh.ch\/fr\/dienstleistungen\/erdungsprobleme-emv-emf-netzvorgaenge\/erdungsmessungen-berechnungen\/\",\"url\":\"https:\/\/fkh.ch\/fr\/dienstleistungen\/erdungsprobleme-emv-emf-netzvorgaenge\/erdungsmessungen-berechnungen\/\",\"name\":\"Mesures de mise \u00e0 la terre - FKH\",\"isPartOf\":{\"@id\":\"https:\/\/fkh.ch\/fr\/#website\"},\"primaryImageOfPage\":{\"@id\":\"https:\/\/fkh.ch\/fr\/dienstleistungen\/erdungsprobleme-emv-emf-netzvorgaenge\/erdungsmessungen-berechnungen\/#primaryimage\"},\"image\":{\"@id\":\"https:\/\/fkh.ch\/fr\/dienstleistungen\/erdungsprobleme-emv-emf-netzvorgaenge\/erdungsmessungen-berechnungen\/#primaryimage\"},\"thumbnailUrl\":\"https:\/\/fkh.ch\/wp-content\/uploads\/2014\/03\/Erdungsmessung.jpg\",\"datePublished\":\"2014-03-11T12:02:59+00:00\",\"dateModified\":\"2019-11-28T12:46:03+00:00\",\"breadcrumb\":{\"@id\":\"https:\/\/fkh.ch\/fr\/dienstleistungen\/erdungsprobleme-emv-emf-netzvorgaenge\/erdungsmessungen-berechnungen\/#breadcrumb\"},\"inLanguage\":\"fr-FR\",\"potentialAction\":[{\"@type\":\"ReadAction\",\"target\":[\"https:\/\/fkh.ch\/fr\/dienstleistungen\/erdungsprobleme-emv-emf-netzvorgaenge\/erdungsmessungen-berechnungen\/\"]}]},{\"@type\":\"ImageObject\",\"inLanguage\":\"fr-FR\",\"@id\":\"https:\/\/fkh.ch\/fr\/dienstleistungen\/erdungsprobleme-emv-emf-netzvorgaenge\/erdungsmessungen-berechnungen\/#primaryimage\",\"url\":\"https:\/\/fkh.ch\/wp-content\/uploads\/2014\/03\/Erdungsmessung.jpg\",\"contentUrl\":\"https:\/\/fkh.ch\/wp-content\/uploads\/2014\/03\/Erdungsmessung.jpg\"},{\"@type\":\"BreadcrumbList\",\"@id\":\"https:\/\/fkh.ch\/fr\/dienstleistungen\/erdungsprobleme-emv-emf-netzvorgaenge\/erdungsmessungen-berechnungen\/#breadcrumb\",\"itemListElement\":[{\"@type\":\"ListItem\",\"position\":1,\"name\":\"Startseite\",\"item\":\"https:\/\/fkh.ch\/fr\/\"},{\"@type\":\"ListItem\",\"position\":2,\"name\":\"Services\",\"item\":\"https:\/\/fkh.ch\/fr\/dienstleistungen\/\"},{\"@type\":\"ListItem\",\"position\":3,\"name\":\"Syst\u00e8me haute tension, s\u00e9curit\u00e9 et compatibilit\u00e9 \u00e9lectromagn\u00e9tique\",\"item\":\"https:\/\/fkh.ch\/fr\/dienstleistungen\/erdungsprobleme-emv-emf-netzvorgaenge\/\"},{\"@type\":\"ListItem\",\"position\":4,\"name\":\"Mesures de mise \u00e0 la terre\"}]},{\"@type\":\"WebSite\",\"@id\":\"https:\/\/fkh.ch\/fr\/#website\",\"url\":\"https:\/\/fkh.ch\/fr\/\",\"name\":\"FKH\",\"description\":\"Commission d'\u00e9tude des questions relatives \u00e0 la haute tension\",\"potentialAction\":[{\"@type\":\"SearchAction\",\"target\":{\"@type\":\"EntryPoint\",\"urlTemplate\":\"https:\/\/fkh.ch\/fr\/?s={search_term_string}\"},\"query-input\":{\"@type\":\"PropertyValueSpecification\",\"valueRequired\":true,\"valueName\":\"search_term_string\"}}],\"inLanguage\":\"fr-FR\"}]}<\/script>\n<!-- \/ Yoast SEO plugin. -->","yoast_head_json":{"title":"Mesures de mise \u00e0 la terre - FKH","robots":{"index":"index","follow":"follow","max-snippet":"max-snippet:-1","max-image-preview":"max-image-preview:large","max-video-preview":"max-video-preview:-1"},"canonical":"https:\/\/fkh.ch\/fr\/dienstleistungen\/erdungsprobleme-emv-emf-netzvorgaenge\/erdungsmessungen-berechnungen\/","og_locale":"fr_FR","og_type":"article","og_title":"Mesures de mise \u00e0 la terre - FKH","og_description":"La FKH propose des mesures de mise \u00e0 la terre \u00e0 l\u2019aide d\u2019un syst\u00e8me de test compact et mobile afin d\u2019analyser et d\u2019\u00e9valuer l\u2019efficacit\u00e9 des syst\u00e8mes de mise \u00e0 la terre des sous-stations et autres installations \u00e9lectriques. Avec la m\u00e9thode courant-tension, un courant de d\u00e9faut \u00e0 la terre IM (50\u00a0A \u00e0 200\u00a0A) est g\u00e9n\u00e9r\u00e9 par [&hellip;]","og_url":"https:\/\/fkh.ch\/fr\/dienstleistungen\/erdungsprobleme-emv-emf-netzvorgaenge\/erdungsmessungen-berechnungen\/","og_site_name":"FKH","article_modified_time":"2019-11-28T12:46:03+00:00","og_image":[{"url":"https:\/\/fkh.ch\/wp-content\/uploads\/2014\/03\/Erdungsmessung.jpg","type":"","width":"","height":""}],"twitter_misc":{"Dur\u00e9e de lecture estim\u00e9e":"4 minutes"},"schema":{"@context":"https:\/\/schema.org","@graph":[{"@type":"WebPage","@id":"https:\/\/fkh.ch\/fr\/dienstleistungen\/erdungsprobleme-emv-emf-netzvorgaenge\/erdungsmessungen-berechnungen\/","url":"https:\/\/fkh.ch\/fr\/dienstleistungen\/erdungsprobleme-emv-emf-netzvorgaenge\/erdungsmessungen-berechnungen\/","name":"Mesures de mise \u00e0 la terre - FKH","isPartOf":{"@id":"https:\/\/fkh.ch\/fr\/#website"},"primaryImageOfPage":{"@id":"https:\/\/fkh.ch\/fr\/dienstleistungen\/erdungsprobleme-emv-emf-netzvorgaenge\/erdungsmessungen-berechnungen\/#primaryimage"},"image":{"@id":"https:\/\/fkh.ch\/fr\/dienstleistungen\/erdungsprobleme-emv-emf-netzvorgaenge\/erdungsmessungen-berechnungen\/#primaryimage"},"thumbnailUrl":"https:\/\/fkh.ch\/wp-content\/uploads\/2014\/03\/Erdungsmessung.jpg","datePublished":"2014-03-11T12:02:59+00:00","dateModified":"2019-11-28T12:46:03+00:00","breadcrumb":{"@id":"https:\/\/fkh.ch\/fr\/dienstleistungen\/erdungsprobleme-emv-emf-netzvorgaenge\/erdungsmessungen-berechnungen\/#breadcrumb"},"inLanguage":"fr-FR","potentialAction":[{"@type":"ReadAction","target":["https:\/\/fkh.ch\/fr\/dienstleistungen\/erdungsprobleme-emv-emf-netzvorgaenge\/erdungsmessungen-berechnungen\/"]}]},{"@type":"ImageObject","inLanguage":"fr-FR","@id":"https:\/\/fkh.ch\/fr\/dienstleistungen\/erdungsprobleme-emv-emf-netzvorgaenge\/erdungsmessungen-berechnungen\/#primaryimage","url":"https:\/\/fkh.ch\/wp-content\/uploads\/2014\/03\/Erdungsmessung.jpg","contentUrl":"https:\/\/fkh.ch\/wp-content\/uploads\/2014\/03\/Erdungsmessung.jpg"},{"@type":"BreadcrumbList","@id":"https:\/\/fkh.ch\/fr\/dienstleistungen\/erdungsprobleme-emv-emf-netzvorgaenge\/erdungsmessungen-berechnungen\/#breadcrumb","itemListElement":[{"@type":"ListItem","position":1,"name":"Startseite","item":"https:\/\/fkh.ch\/fr\/"},{"@type":"ListItem","position":2,"name":"Services","item":"https:\/\/fkh.ch\/fr\/dienstleistungen\/"},{"@type":"ListItem","position":3,"name":"Syst\u00e8me haute tension, s\u00e9curit\u00e9 et compatibilit\u00e9 \u00e9lectromagn\u00e9tique","item":"https:\/\/fkh.ch\/fr\/dienstleistungen\/erdungsprobleme-emv-emf-netzvorgaenge\/"},{"@type":"ListItem","position":4,"name":"Mesures de mise \u00e0 la terre"}]},{"@type":"WebSite","@id":"https:\/\/fkh.ch\/fr\/#website","url":"https:\/\/fkh.ch\/fr\/","name":"FKH","description":"Commission d'\u00e9tude des questions relatives \u00e0 la haute tension","potentialAction":[{"@type":"SearchAction","target":{"@type":"EntryPoint","urlTemplate":"https:\/\/fkh.ch\/fr\/?s={search_term_string}"},"query-input":{"@type":"PropertyValueSpecification","valueRequired":true,"valueName":"search_term_string"}}],"inLanguage":"fr-FR"}]}},"_links":{"self":[{"href":"https:\/\/fkh.ch\/fr\/wp-json\/wp\/v2\/pages\/5174","targetHints":{"allow":["GET"]}}],"collection":[{"href":"https:\/\/fkh.ch\/fr\/wp-json\/wp\/v2\/pages"}],"about":[{"href":"https:\/\/fkh.ch\/fr\/wp-json\/wp\/v2\/types\/page"}],"author":[{"embeddable":true,"href":"https:\/\/fkh.ch\/fr\/wp-json\/wp\/v2\/users\/198"}],"replies":[{"embeddable":true,"href":"https:\/\/fkh.ch\/fr\/wp-json\/wp\/v2\/comments?post=5174"}],"version-history":[{"count":8,"href":"https:\/\/fkh.ch\/fr\/wp-json\/wp\/v2\/pages\/5174\/revisions"}],"predecessor-version":[{"id":5927,"href":"https:\/\/fkh.ch\/fr\/wp-json\/wp\/v2\/pages\/5174\/revisions\/5927"}],"up":[{"embeddable":true,"href":"https:\/\/fkh.ch\/fr\/wp-json\/wp\/v2\/pages\/5150"}],"wp:attachment":[{"href":"https:\/\/fkh.ch\/fr\/wp-json\/wp\/v2\/media?parent=5174"}],"curies":[{"name":"wp","href":"https:\/\/api.w.org\/{rel}","templated":true}]}}