{"id":5189,"date":"2014-06-18T10:52:39","date_gmt":"2014-06-18T08:52:39","guid":{"rendered":"https:\/\/test.fkh.ch\/dienstleistungen\/erdungsprobleme-emv-emf-netzvorgaenge\/netzqualitaetsanalysen\/"},"modified":"2019-10-04T13:13:31","modified_gmt":"2019-10-04T11:13:31","slug":"netzqualitaetsanalysen","status":"publish","type":"page","link":"https:\/\/fkh.ch\/fr\/dienstleistungen\/erdungsprobleme-emv-emf-netzvorgaenge\/netzqualitaetsanalysen\/","title":{"rendered":"Analyses de la qualit\u00e9 du r\u00e9seau"},"content":{"rendered":"<p>Les analyses sur la qualit\u00e9 du r\u00e9seau sont demand\u00e9es \u00e0 tous les points de fourniture d\u2019\u00e9nergie du r\u00e9seau. Devant la part croissante des sources d&rsquo;\u00e9nergie volatiles et l\u2019utilisation accrue de composants \u00e9lectroniques de puissance autant par les consommateurs que les installations de production d\u2019\u00e9nergie, il devient de plus en plus important de sp\u00e9cifier et d\u2019\u00e9valuer la qualit\u00e9 du r\u00e9seau.<\/p>\n<p>La FKH propose de mesurer les param\u00e8tres de qualit\u00e9 du r\u00e9seau \u00e0 tous les niveaux de tension. Elle \u00e9tudie aussi notamment les probl\u00e8mes sp\u00e9cifiques pour lesquels il n\u2019existe pas de syst\u00e8mes standards de mesure et examine les probl\u00e8mes d\u2019interactions entre les participants du r\u00e9seau.<\/p>\n<p>L\u2019\u00e9tude des oscillations et transitoires du r\u00e9seau dans la haute et la tr\u00e8s haute tension pr\u00e9sente une difficult\u00e9 m\u00e9trologique particuli\u00e8re. Il manque ici g\u00e9n\u00e9ralement de transformateurs de mesure \u00e0 large bande. La FKH a \u00e9galement test\u00e9 pour le r\u00e9seau \u00e0 tr\u00e8s haute tension diverses solutions de couplage inductif ou capacitif qui peuvent \u00eatre adapt\u00e9es le cas \u00e9ch\u00e9ant \u00e0 de nombreuses situations.<\/p>\n<p>&nbsp;<\/p>\n<p style=\"text-align: justify;\"><a href=\"https:\/\/fkh.ch\/wp-content\/uploads\/2019\/10\/Netzqualit\u00e4tsanalysen.png\"><img loading=\"lazy\" decoding=\"async\" class=\"aligncenter wp-image-5191 size-large\" src=\"https:\/\/fkh.ch\/wp-content\/uploads\/2019\/10\/Netzqualit\u00e4tsanalysen.png\" alt=\"\" width=\"1024\" height=\"754\" srcset=\"https:\/\/fkh.ch\/wp-content\/uploads\/2019\/10\/Netzqualit\u00e4tsanalysen.png 1528w, https:\/\/fkh.ch\/wp-content\/uploads\/2019\/10\/Netzqualit\u00e4tsanalysen-300x221.png 300w, https:\/\/fkh.ch\/wp-content\/uploads\/2019\/10\/Netzqualit\u00e4tsanalysen-768x565.png 768w, https:\/\/fkh.ch\/wp-content\/uploads\/2019\/10\/Netzqualit\u00e4tsanalysen-1024x754.png 1024w\" sizes=\"auto, (max-width: 1024px) 100vw, 1024px\" \/><\/a><\/p>\n","protected":false},"excerpt":{"rendered":"<p>Les analyses sur la qualit\u00e9 du r\u00e9seau sont demand\u00e9es \u00e0 tous les points de fourniture d\u2019\u00e9nergie du r\u00e9seau. Devant la part croissante des sources d&rsquo;\u00e9nergie volatiles et l\u2019utilisation accrue de composants \u00e9lectroniques de puissance autant par les consommateurs que les installations de production d\u2019\u00e9nergie, il devient de plus en plus important de sp\u00e9cifier et d\u2019\u00e9valuer [&hellip;]<\/p>\n","protected":false},"author":198,"featured_media":0,"parent":5150,"menu_order":40,"comment_status":"open","ping_status":"open","template":"","meta":{"_acf_changed":false,"footnotes":""},"class_list":["post-5189","page","type-page","status-publish","hentry"],"acf":[],"yoast_head":"<!-- This site is optimized with the Yoast SEO plugin v27.2 - https:\/\/yoast.com\/product\/yoast-seo-wordpress\/ -->\n<title>Analyses de la qualit\u00e9 du r\u00e9seau - FKH<\/title>\n<meta name=\"robots\" content=\"index, follow, max-snippet:-1, max-image-preview:large, max-video-preview:-1\" \/>\n<link rel=\"canonical\" href=\"https:\/\/fkh.ch\/fr\/dienstleistungen\/erdungsprobleme-emv-emf-netzvorgaenge\/netzqualitaetsanalysen\/\" \/>\n<meta property=\"og:locale\" content=\"fr_FR\" \/>\n<meta property=\"og:type\" content=\"article\" \/>\n<meta property=\"og:title\" content=\"Analyses de la qualit\u00e9 du r\u00e9seau - FKH\" \/>\n<meta property=\"og:description\" content=\"Les analyses sur la qualit\u00e9 du r\u00e9seau sont demand\u00e9es \u00e0 tous les points de fourniture d\u2019\u00e9nergie du r\u00e9seau. Devant la part croissante des sources d&rsquo;\u00e9nergie volatiles et l\u2019utilisation accrue de composants \u00e9lectroniques de puissance autant par les consommateurs que les installations de production d\u2019\u00e9nergie, il devient de plus en plus important de sp\u00e9cifier et d\u2019\u00e9valuer [&hellip;]\" \/>\n<meta property=\"og:url\" content=\"https:\/\/fkh.ch\/fr\/dienstleistungen\/erdungsprobleme-emv-emf-netzvorgaenge\/netzqualitaetsanalysen\/\" \/>\n<meta property=\"og:site_name\" content=\"FKH\" \/>\n<meta property=\"article:modified_time\" content=\"2019-10-04T11:13:31+00:00\" \/>\n<meta property=\"og:image\" content=\"https:\/\/fkh.ch\/wp-content\/uploads\/2019\/10\/Netzqualit\u00e4tsanalysen.png\" \/>\n<meta name=\"twitter:label1\" content=\"Dur\u00e9e de lecture estim\u00e9e\" \/>\n\t<meta name=\"twitter:data1\" content=\"1 minute\" \/>\n<script type=\"application\/ld+json\" class=\"yoast-schema-graph\">{\"@context\":\"https:\/\/schema.org\",\"@graph\":[{\"@type\":\"WebPage\",\"@id\":\"https:\/\/fkh.ch\/fr\/dienstleistungen\/erdungsprobleme-emv-emf-netzvorgaenge\/netzqualitaetsanalysen\/\",\"url\":\"https:\/\/fkh.ch\/fr\/dienstleistungen\/erdungsprobleme-emv-emf-netzvorgaenge\/netzqualitaetsanalysen\/\",\"name\":\"Analyses de la qualit\u00e9 du r\u00e9seau - FKH\",\"isPartOf\":{\"@id\":\"https:\/\/fkh.ch\/fr\/#website\"},\"datePublished\":\"2014-06-18T08:52:39+00:00\",\"dateModified\":\"2019-10-04T11:13:31+00:00\",\"breadcrumb\":{\"@id\":\"https:\/\/fkh.ch\/fr\/dienstleistungen\/erdungsprobleme-emv-emf-netzvorgaenge\/netzqualitaetsanalysen\/#breadcrumb\"},\"inLanguage\":\"fr-FR\",\"potentialAction\":[{\"@type\":\"ReadAction\",\"target\":[\"https:\/\/fkh.ch\/fr\/dienstleistungen\/erdungsprobleme-emv-emf-netzvorgaenge\/netzqualitaetsanalysen\/\"]}]},{\"@type\":\"BreadcrumbList\",\"@id\":\"https:\/\/fkh.ch\/fr\/dienstleistungen\/erdungsprobleme-emv-emf-netzvorgaenge\/netzqualitaetsanalysen\/#breadcrumb\",\"itemListElement\":[{\"@type\":\"ListItem\",\"position\":1,\"name\":\"Startseite\",\"item\":\"https:\/\/fkh.ch\/fr\/\"},{\"@type\":\"ListItem\",\"position\":2,\"name\":\"Services\",\"item\":\"https:\/\/fkh.ch\/fr\/dienstleistungen\/\"},{\"@type\":\"ListItem\",\"position\":3,\"name\":\"Syst\u00e8me haute tension, s\u00e9curit\u00e9 et compatibilit\u00e9 \u00e9lectromagn\u00e9tique\",\"item\":\"https:\/\/fkh.ch\/fr\/dienstleistungen\/erdungsprobleme-emv-emf-netzvorgaenge\/\"},{\"@type\":\"ListItem\",\"position\":4,\"name\":\"Analyses de la qualit\u00e9 du r\u00e9seau\"}]},{\"@type\":\"WebSite\",\"@id\":\"https:\/\/fkh.ch\/fr\/#website\",\"url\":\"https:\/\/fkh.ch\/fr\/\",\"name\":\"FKH\",\"description\":\"Commission d'\u00e9tude des questions relatives \u00e0 la haute tension\",\"potentialAction\":[{\"@type\":\"SearchAction\",\"target\":{\"@type\":\"EntryPoint\",\"urlTemplate\":\"https:\/\/fkh.ch\/fr\/?s={search_term_string}\"},\"query-input\":{\"@type\":\"PropertyValueSpecification\",\"valueRequired\":true,\"valueName\":\"search_term_string\"}}],\"inLanguage\":\"fr-FR\"}]}<\/script>\n<!-- \/ Yoast SEO plugin. -->","yoast_head_json":{"title":"Analyses de la qualit\u00e9 du r\u00e9seau - FKH","robots":{"index":"index","follow":"follow","max-snippet":"max-snippet:-1","max-image-preview":"max-image-preview:large","max-video-preview":"max-video-preview:-1"},"canonical":"https:\/\/fkh.ch\/fr\/dienstleistungen\/erdungsprobleme-emv-emf-netzvorgaenge\/netzqualitaetsanalysen\/","og_locale":"fr_FR","og_type":"article","og_title":"Analyses de la qualit\u00e9 du r\u00e9seau - FKH","og_description":"Les analyses sur la qualit\u00e9 du r\u00e9seau sont demand\u00e9es \u00e0 tous les points de fourniture d\u2019\u00e9nergie du r\u00e9seau. Devant la part croissante des sources d&rsquo;\u00e9nergie volatiles et l\u2019utilisation accrue de composants \u00e9lectroniques de puissance autant par les consommateurs que les installations de production d\u2019\u00e9nergie, il devient de plus en plus important de sp\u00e9cifier et d\u2019\u00e9valuer [&hellip;]","og_url":"https:\/\/fkh.ch\/fr\/dienstleistungen\/erdungsprobleme-emv-emf-netzvorgaenge\/netzqualitaetsanalysen\/","og_site_name":"FKH","article_modified_time":"2019-10-04T11:13:31+00:00","og_image":[{"url":"https:\/\/fkh.ch\/wp-content\/uploads\/2019\/10\/Netzqualit\u00e4tsanalysen.png","type":"","width":"","height":""}],"twitter_misc":{"Dur\u00e9e de lecture estim\u00e9e":"1 minute"},"schema":{"@context":"https:\/\/schema.org","@graph":[{"@type":"WebPage","@id":"https:\/\/fkh.ch\/fr\/dienstleistungen\/erdungsprobleme-emv-emf-netzvorgaenge\/netzqualitaetsanalysen\/","url":"https:\/\/fkh.ch\/fr\/dienstleistungen\/erdungsprobleme-emv-emf-netzvorgaenge\/netzqualitaetsanalysen\/","name":"Analyses de la qualit\u00e9 du r\u00e9seau - FKH","isPartOf":{"@id":"https:\/\/fkh.ch\/fr\/#website"},"datePublished":"2014-06-18T08:52:39+00:00","dateModified":"2019-10-04T11:13:31+00:00","breadcrumb":{"@id":"https:\/\/fkh.ch\/fr\/dienstleistungen\/erdungsprobleme-emv-emf-netzvorgaenge\/netzqualitaetsanalysen\/#breadcrumb"},"inLanguage":"fr-FR","potentialAction":[{"@type":"ReadAction","target":["https:\/\/fkh.ch\/fr\/dienstleistungen\/erdungsprobleme-emv-emf-netzvorgaenge\/netzqualitaetsanalysen\/"]}]},{"@type":"BreadcrumbList","@id":"https:\/\/fkh.ch\/fr\/dienstleistungen\/erdungsprobleme-emv-emf-netzvorgaenge\/netzqualitaetsanalysen\/#breadcrumb","itemListElement":[{"@type":"ListItem","position":1,"name":"Startseite","item":"https:\/\/fkh.ch\/fr\/"},{"@type":"ListItem","position":2,"name":"Services","item":"https:\/\/fkh.ch\/fr\/dienstleistungen\/"},{"@type":"ListItem","position":3,"name":"Syst\u00e8me haute tension, s\u00e9curit\u00e9 et compatibilit\u00e9 \u00e9lectromagn\u00e9tique","item":"https:\/\/fkh.ch\/fr\/dienstleistungen\/erdungsprobleme-emv-emf-netzvorgaenge\/"},{"@type":"ListItem","position":4,"name":"Analyses de la qualit\u00e9 du r\u00e9seau"}]},{"@type":"WebSite","@id":"https:\/\/fkh.ch\/fr\/#website","url":"https:\/\/fkh.ch\/fr\/","name":"FKH","description":"Commission d'\u00e9tude des questions relatives \u00e0 la haute tension","potentialAction":[{"@type":"SearchAction","target":{"@type":"EntryPoint","urlTemplate":"https:\/\/fkh.ch\/fr\/?s={search_term_string}"},"query-input":{"@type":"PropertyValueSpecification","valueRequired":true,"valueName":"search_term_string"}}],"inLanguage":"fr-FR"}]}},"_links":{"self":[{"href":"https:\/\/fkh.ch\/fr\/wp-json\/wp\/v2\/pages\/5189","targetHints":{"allow":["GET"]}}],"collection":[{"href":"https:\/\/fkh.ch\/fr\/wp-json\/wp\/v2\/pages"}],"about":[{"href":"https:\/\/fkh.ch\/fr\/wp-json\/wp\/v2\/types\/page"}],"author":[{"embeddable":true,"href":"https:\/\/fkh.ch\/fr\/wp-json\/wp\/v2\/users\/198"}],"replies":[{"embeddable":true,"href":"https:\/\/fkh.ch\/fr\/wp-json\/wp\/v2\/comments?post=5189"}],"version-history":[{"count":3,"href":"https:\/\/fkh.ch\/fr\/wp-json\/wp\/v2\/pages\/5189\/revisions"}],"predecessor-version":[{"id":5195,"href":"https:\/\/fkh.ch\/fr\/wp-json\/wp\/v2\/pages\/5189\/revisions\/5195"}],"up":[{"embeddable":true,"href":"https:\/\/fkh.ch\/fr\/wp-json\/wp\/v2\/pages\/5150"}],"wp:attachment":[{"href":"https:\/\/fkh.ch\/fr\/wp-json\/wp\/v2\/media?parent=5189"}],"curies":[{"name":"wp","href":"https:\/\/api.w.org\/{rel}","templated":true}]}}