{"id":5207,"date":"2014-03-14T15:23:15","date_gmt":"2014-03-14T13:23:15","guid":{"rendered":"https:\/\/test.fkh.ch\/dienstleistungen\/isolieroelananlysen\/"},"modified":"2024-03-20T16:19:26","modified_gmt":"2024-03-20T15:19:26","slug":"isolieroelananlysen","status":"publish","type":"page","link":"https:\/\/fkh.ch\/fr\/dienstleistungen\/isolieroelananlysen\/","title":{"rendered":"Analyse des huiles d\u2019isolation"},"content":{"rendered":"<p style=\"text-align: justify;\"><a href=\"https:\/\/fkh.ch\/wp-content\/uploads\/2015\/02\/SAS_STS_cmyk_581.jpg\"><img loading=\"lazy\" decoding=\"async\" class=\"alignright wp-image-2112\" src=\"https:\/\/fkh.ch\/wp-content\/uploads\/2015\/02\/SAS_STS_cmyk_581.jpg\" alt=\"SAS_STS_cmyk.indd\" width=\"112\" height=\"112\" srcset=\"https:\/\/fkh.ch\/wp-content\/uploads\/2015\/02\/SAS_STS_cmyk_581.jpg 365w, https:\/\/fkh.ch\/wp-content\/uploads\/2015\/02\/SAS_STS_cmyk_581-150x150.jpg 150w, https:\/\/fkh.ch\/wp-content\/uploads\/2015\/02\/SAS_STS_cmyk_581-300x300.jpg 300w\" sizes=\"auto, (max-width: 112px) 100vw, 112px\" \/><\/a><\/p>\n<p>L\u2019analyse des liquides isolants joue un r\u00f4le cl\u00e9 dans l\u2019\u00e9valuation de l\u2019\u00e9tat des \u00e9quipements du r\u00e9seau \u00e9lectrique. Le laboratoire d\u2019huiles isolantes de la FKH offre un large \u00e9ventail de services, notamment des analyses pr\u00e9cises et une interpr\u00e9tation fiable par des experts. Gr\u00e2ce \u00e0 notre situation centrale en Suisse, nous pouvons intervenir rapidement aupr\u00e8s de nos clients. Le laboratoire d\u2019huiles isolantes travaille conform\u00e9ment aux normes internationales et il est accr\u00e9dit\u00e9 selon la norme ISO 17025 (Swiss Testing STS 581) et certifi\u00e9 selon la norme ISO 9001 et ISO 45001.<\/p>\n<p style=\"text-align: justify;\">Forte d\u2019une exp\u00e9rience de plus de 80 ans dans le test d\u2019\u00e9quipements haute tension, la FKH fournit un soutien professionnel pour un diagnostic plus approfondi en cas de r\u00e9sultats critiques.<\/p>\n<h3>Caract\u00e9ristiques et avantages de l&rsquo;offre de la FKH<\/h3>\n<ul>\n<li>Notre rapport d&rsquo;analyse contient une comparaison avec les donn\u00e9es ant\u00e9rieures, une \u00e9valuation individuelle et une recommandation pratique des actions requises pour votre \u00e9quipement. Il est r\u00e9dig\u00e9 par des experts. En cas de constatations critiques, le client en sera inform\u00e9 et avis\u00e9 imm\u00e9diatement.<\/li>\n<li>En cas de dysfonctionnement, par exemple une alarme Buchholz, un employ\u00e9 de la FKH pr\u00e9l\u00e8ve, g\u00e9n\u00e9ralement dans les heures qui suivent, un \u00e9chantillon et l&rsquo;analyse soit sur place ou en laboratoire.<\/li>\n<li>La FKH a 76 ann\u00e9es d&rsquo;exp\u00e9rience dans les tests d&rsquo;appareils haute tension et peut donc fournir une assistance comp\u00e9tente pour des diagnostics compl\u00e9mentaires.<\/li>\n<li>Notre accr\u00e9ditation selon ISO 17025 (Swiss Testing STS 581) et notre certification selon ISO 9001 et ISO 45001 garantissent la qualit\u00e9 de nos prestations.<\/li>\n<\/ul>\n<h3><strong>Aper\u00e7u des services<\/strong><b><\/b><\/h3>\n<p><img decoding=\"async\" class=\"aligncenter\" src=\"https:\/\/fkh.ch\/wp-content\/uploads\/2024\/03\/Isolieroellabor-Tabelle_2024-1.png\" \/><\/p>\n<p style=\"text-align: center;\"><em>*Les analyses sp\u00e9ciales sont effectu\u00e9es en dehors du domaine accr\u00e9dit\u00e9.<\/em><\/p>\n<h3><strong>Analyse di\u00e9lectrique et chimique<\/strong><\/h3>\n<p style=\"text-align: justify;\">L\u2019analyse di\u00e9lectrique et chimique d\u00e9termine l\u2019\u00e9tat de vieillissement du syst\u00e8me d\u2019isolation huile-papier sur la base de param\u00e8tres cl\u00e9s pour l\u2019huile isolante. La tension de claquage permet d\u2019indiquer le pouvoir isolant actuel de l\u2019huile. L\u2019indice de neutralisation (acidit\u00e9) et la tension interfaciale sont des indicateurs d\u2019une grande sensibilit\u00e9 de l\u2019\u00e9tat d\u2019oxydation de l\u2019huile isolante et du vieillissement de l\u2019ensemble du syst\u00e8me isolant huile-papier. Ce sont des indicateurs pr\u00e9coces de l\u2019apparition de boue. L\u2019augmentation de la teneur en eau entra\u00eene une d\u00e9t\u00e9rioration drastique des propri\u00e9t\u00e9s isolantes de l\u2019huile et acc\u00e9l\u00e8re le vieillissement du papier et du carton comprim\u00e9. Le facteur de perte (tangente delta) est un indicateur sensible pour mesurer la formation de produits conducteurs due au vieillissement et la contamination de l\u2019huile. L\u2019indice de coloration et l\u2019aspect de l\u2019huile sont des indicateurs simples mais significatifs du vieillissement. La teneur en inhibiteurs permet d\u2019estimer la dynamique du vieillissement afin que la r\u00e9-inhibition puisse \u00eatre d\u00e9clench\u00e9e rapidement.<\/p>\n<h3><strong>Analyse du furane<\/strong><\/h3>\n<div id=\"attachment_1485\" style=\"width: 310px\" class=\"wp-caption alignright\"><a href=\"https:\/\/fkh.ch\/wp-content\/uploads\/2014\/03\/Grafik-1-300x153.png\"><img loading=\"lazy\" decoding=\"async\" aria-describedby=\"caption-attachment-1485\" class=\"wp-image-1485 size-medium\" src=\"https:\/\/fkh.ch\/wp-content\/uploads\/2014\/03\/Grafik-1-300x153.png\" alt=\"Chromatogramme CLHP avec d\u00e9riv\u00e9s de furane\" width=\"300\" height=\"153\" srcset=\"https:\/\/fkh.ch\/wp-content\/uploads\/2014\/03\/Grafik-1-300x153.png 300w, https:\/\/fkh.ch\/wp-content\/uploads\/2014\/03\/Grafik-1.png 398w\" sizes=\"auto, (max-width: 300px) 100vw, 300px\" \/><\/a><p id=\"caption-attachment-1485\" class=\"wp-caption-text\">Chromatogramme CLHP avec d\u00e9riv\u00e9s de furane<\/p><\/div>\n<p style=\"text-align: justify;\">Divers d\u00e9riv\u00e9s du furane se forment pendant le vieillissement thermique de l\u2019isolant solide (cellulose). L\u2019analyse des furanes dissous dans l\u2019huile permet d\u2019\u00e9valuer la stabilit\u00e9 m\u00e9canique de l\u2019isolant solide (papier, carton comprim\u00e9).<\/p>\n<h3><strong>Analyse des gaz de d\u00e9composition dissous<\/strong><\/h3>\n<p style=\"text-align: justify;\">La d\u00e9termination des gaz de d\u00e9composition dissous dans l\u2019huile (normes CEI\u00a060567 et 60599) permet de d\u00e9tecter des d\u00e9fauts imminents, en particulier une surcharge thermique locale de l\u2019isolation ou des d\u00e9charges partielles. Pour une pr\u00e9cision maximale, nous utilisons un syst\u00e8me Headspace-GC.<a href=\"https:\/\/fkh.ch\/wp-content\/uploads\/2017\/06\/Gaschromatograph-300x225.jpg\"><img loading=\"lazy\" decoding=\"async\" class=\"alignright size-medium wp-image-2607\" src=\"https:\/\/fkh.ch\/wp-content\/uploads\/2017\/06\/Gaschromatograph-300x225.jpg\" alt=\"\" width=\"300\" height=\"225\" srcset=\"https:\/\/fkh.ch\/wp-content\/uploads\/2017\/06\/Gaschromatograph-300x225.jpg 300w, https:\/\/fkh.ch\/wp-content\/uploads\/2017\/06\/Gaschromatograph-768x576.jpg 768w, https:\/\/fkh.ch\/wp-content\/uploads\/2017\/06\/Gaschromatograph-1024x768.jpg 1024w\" sizes=\"auto, (max-width: 300px) 100vw, 300px\" \/><\/a><a href=\"https:\/\/fkh.ch\/wp-content\/uploads\/2019\/10\/Formeln-300x124.png\"><img loading=\"lazy\" decoding=\"async\" class=\"aligncenter wp-image-5213 size-medium\" src=\"https:\/\/fkh.ch\/wp-content\/uploads\/2019\/10\/Formeln-300x124.png\" alt=\"\" width=\"300\" height=\"124\" srcset=\"https:\/\/fkh.ch\/wp-content\/uploads\/2019\/10\/Formeln-300x124.png 300w, https:\/\/fkh.ch\/wp-content\/uploads\/2019\/10\/Formeln.png 424w\" sizes=\"auto, (max-width: 300px) 100vw, 300px\" \/><\/a><\/p>\n<h3><strong>Stabilit\u00e9 \u00e0 l\u2019oxydation <\/strong><\/h3>\n<p style=\"text-align: justify;\">Lors de l\u2019essai de stabilit\u00e9 \u00e0 l\u2019oxydation selon la norme CEI\u00a061125, la qualit\u00e9 de l\u2019huile est test\u00e9e par un essai de vieillissement acc\u00e9l\u00e9r\u00e9 et son comportement pr\u00e9vu pendant sa dur\u00e9e de vie est estim\u00e9.<\/p>\n<h3><strong>Essais sp\u00e9ciaux<\/strong><\/h3>\n<p style=\"text-align: justify;\">Notre laboratoire effectue des essais sp\u00e9ciaux selon les demandes de nos clients. Il s\u2019agit par exemple d\u2019essais de vieillissement prolong\u00e9, d\u2019essais de compatibilit\u00e9 des mat\u00e9riaux, d\u2019essais de d\u00e9charge partielle et d\u2019essais de rupture \u00e9galement possibles pour les mat\u00e9riaux isolants solides.<\/p>\n<h3><strong>Service d\u2019urgence<\/strong><\/h3>\n<p>En cas d\u2019incident tel qu\u2019une alarme Buchholz, un employ\u00e9 de la FKH pr\u00e9l\u00e8ve g\u00e9n\u00e9ralement un \u00e9chantillon en quelques heures et l\u2019analyse sur place ou en laboratoire.<\/p>\n<p>Pour les pr\u00e9l\u00e8vements et analyses d&rsquo;urgence apr\u00e8s les alarmes Buchholz, veuillez utiliser le num\u00e9ro principal du laboratoire d&rsquo;huile <strong>(062 288 77 99)<\/strong>.<\/p>\n<p>Si le laboratoire d&rsquo;huile n&rsquo;a pas de personnel, le num\u00e9ro est transmis sur le t\u00e9l\u00e9phone portable d&rsquo;un employ\u00e9.<br \/>\nVeuillez noter qu&rsquo;il ne s&rsquo;agit pas d&rsquo;un v\u00e9ritable num\u00e9ro de \u00a0\u00bb garde \u00a0\u00bb o\u00f9 un employ\u00e9 est de garde en tout temps.<\/p>\n<p>Si l&rsquo;appel ne peut pas \u00eatre r\u00e9pondu directement par un employ\u00e9, veuillez laisser un message de rappel sur la combox et vous serez rappel\u00e9 d\u00e8s que possible.<\/p>\n<h3><strong>Rapport analytique<\/strong><\/h3>\n<p style=\"text-align: justify;\">Notre rapport d\u2019analyse comprend une comparaison avec les r\u00e9sultats des mesures pr\u00e9c\u00e9dentes, une \u00e9valuation individuelle et une recommandation d\u2019action pratique concernant l\u2019\u00e9quipement \u00e9lectrique qui a \u00e9t\u00e9 test\u00e9. Les rapports sont r\u00e9dig\u00e9s par des experts. En cas de constats critiques, le client en est inform\u00e9 imm\u00e9diatement.<\/p>\n<p><a href=\"https:\/\/fkh.ch\/wp-content\/uploads\/2019\/10\/Isolieroelanalysen-FR-V01-2019.pdf\"><img loading=\"lazy\" decoding=\"async\" class=\"alignleft wp-image-5080\" src=\"https:\/\/fkh.ch\/wp-content\/uploads\/2019\/10\/Isolieroelanalysen-FR-Bild.png\" alt=\"\" width=\"106\" height=\"150\" srcset=\"https:\/\/fkh.ch\/wp-content\/uploads\/2019\/10\/Isolieroelanalysen-FR-Bild.png 794w, https:\/\/fkh.ch\/wp-content\/uploads\/2019\/10\/Isolieroelanalysen-FR-Bild-212x300.png 212w, https:\/\/fkh.ch\/wp-content\/uploads\/2019\/10\/Isolieroelanalysen-FR-Bild-768x1086.png 768w, https:\/\/fkh.ch\/wp-content\/uploads\/2019\/10\/Isolieroelanalysen-FR-Bild-724x1024.png 724w\" sizes=\"auto, (max-width: 106px) 100vw, 106px\" \/><\/a><a href=\"https:\/\/fkh.ch\/wp-content\/uploads\/2019\/10\/Isolieroelanalysen-FR-V01-2019.pdf\">Broschure Analyse des huiles d\u2019isolation<\/a><\/p>\n","protected":false},"excerpt":{"rendered":"<p>L\u2019analyse des liquides isolants joue un r\u00f4le cl\u00e9 dans l\u2019\u00e9valuation de l\u2019\u00e9tat des \u00e9quipements du r\u00e9seau \u00e9lectrique. Le laboratoire d\u2019huiles isolantes de la FKH offre un large \u00e9ventail de services, notamment des analyses pr\u00e9cises et une interpr\u00e9tation fiable par des experts. Gr\u00e2ce \u00e0 notre situation centrale en Suisse, nous pouvons intervenir rapidement aupr\u00e8s de nos [&hellip;]<\/p>\n","protected":false},"author":194,"featured_media":0,"parent":4955,"menu_order":30,"comment_status":"open","ping_status":"closed","template":"","meta":{"_acf_changed":false,"footnotes":""},"class_list":["post-5207","page","type-page","status-publish","hentry"],"acf":[],"yoast_head":"<!-- This site is optimized with the Yoast SEO plugin v27.2 - https:\/\/yoast.com\/product\/yoast-seo-wordpress\/ -->\n<title>Analyse des huiles d\u2019isolation - FKH<\/title>\n<meta name=\"robots\" content=\"index, follow, max-snippet:-1, max-image-preview:large, max-video-preview:-1\" \/>\n<link rel=\"canonical\" href=\"https:\/\/fkh.ch\/fr\/dienstleistungen\/isolieroelananlysen\/\" \/>\n<meta property=\"og:locale\" content=\"fr_FR\" \/>\n<meta property=\"og:type\" content=\"article\" \/>\n<meta property=\"og:title\" content=\"Analyse des huiles d\u2019isolation - FKH\" \/>\n<meta property=\"og:description\" content=\"L\u2019analyse des liquides isolants joue un r\u00f4le cl\u00e9 dans l\u2019\u00e9valuation de l\u2019\u00e9tat des \u00e9quipements du r\u00e9seau \u00e9lectrique. Le laboratoire d\u2019huiles isolantes de la FKH offre un large \u00e9ventail de services, notamment des analyses pr\u00e9cises et une interpr\u00e9tation fiable par des experts. Gr\u00e2ce \u00e0 notre situation centrale en Suisse, nous pouvons intervenir rapidement aupr\u00e8s de nos [&hellip;]\" \/>\n<meta property=\"og:url\" content=\"https:\/\/fkh.ch\/fr\/dienstleistungen\/isolieroelananlysen\/\" \/>\n<meta property=\"og:site_name\" content=\"FKH\" \/>\n<meta property=\"article:modified_time\" content=\"2024-03-20T15:19:26+00:00\" \/>\n<meta property=\"og:image\" content=\"https:\/\/fkh.ch\/wp-content\/uploads\/2015\/02\/SAS_STS_cmyk_581.jpg\" \/>\n<meta name=\"twitter:label1\" content=\"Dur\u00e9e de lecture estim\u00e9e\" \/>\n\t<meta name=\"twitter:data1\" content=\"6 minutes\" \/>\n<script type=\"application\/ld+json\" class=\"yoast-schema-graph\">{\"@context\":\"https:\/\/schema.org\",\"@graph\":[{\"@type\":\"WebPage\",\"@id\":\"https:\/\/fkh.ch\/fr\/dienstleistungen\/isolieroelananlysen\/\",\"url\":\"https:\/\/fkh.ch\/fr\/dienstleistungen\/isolieroelananlysen\/\",\"name\":\"Analyse des huiles d\u2019isolation - FKH\",\"isPartOf\":{\"@id\":\"https:\/\/fkh.ch\/fr\/#website\"},\"primaryImageOfPage\":{\"@id\":\"https:\/\/fkh.ch\/fr\/dienstleistungen\/isolieroelananlysen\/#primaryimage\"},\"image\":{\"@id\":\"https:\/\/fkh.ch\/fr\/dienstleistungen\/isolieroelananlysen\/#primaryimage\"},\"thumbnailUrl\":\"https:\/\/fkh.ch\/wp-content\/uploads\/2015\/02\/SAS_STS_cmyk_581.jpg\",\"datePublished\":\"2014-03-14T13:23:15+00:00\",\"dateModified\":\"2024-03-20T15:19:26+00:00\",\"breadcrumb\":{\"@id\":\"https:\/\/fkh.ch\/fr\/dienstleistungen\/isolieroelananlysen\/#breadcrumb\"},\"inLanguage\":\"fr-FR\",\"potentialAction\":[{\"@type\":\"ReadAction\",\"target\":[\"https:\/\/fkh.ch\/fr\/dienstleistungen\/isolieroelananlysen\/\"]}]},{\"@type\":\"ImageObject\",\"inLanguage\":\"fr-FR\",\"@id\":\"https:\/\/fkh.ch\/fr\/dienstleistungen\/isolieroelananlysen\/#primaryimage\",\"url\":\"https:\/\/fkh.ch\/wp-content\/uploads\/2015\/02\/SAS_STS_cmyk_581.jpg\",\"contentUrl\":\"https:\/\/fkh.ch\/wp-content\/uploads\/2015\/02\/SAS_STS_cmyk_581.jpg\"},{\"@type\":\"BreadcrumbList\",\"@id\":\"https:\/\/fkh.ch\/fr\/dienstleistungen\/isolieroelananlysen\/#breadcrumb\",\"itemListElement\":[{\"@type\":\"ListItem\",\"position\":1,\"name\":\"Startseite\",\"item\":\"https:\/\/fkh.ch\/fr\/\"},{\"@type\":\"ListItem\",\"position\":2,\"name\":\"Services\",\"item\":\"https:\/\/fkh.ch\/fr\/dienstleistungen\/\"},{\"@type\":\"ListItem\",\"position\":3,\"name\":\"Analyse des huiles d\u2019isolation\"}]},{\"@type\":\"WebSite\",\"@id\":\"https:\/\/fkh.ch\/fr\/#website\",\"url\":\"https:\/\/fkh.ch\/fr\/\",\"name\":\"FKH\",\"description\":\"Commission d'\u00e9tude des questions relatives \u00e0 la haute tension\",\"potentialAction\":[{\"@type\":\"SearchAction\",\"target\":{\"@type\":\"EntryPoint\",\"urlTemplate\":\"https:\/\/fkh.ch\/fr\/?s={search_term_string}\"},\"query-input\":{\"@type\":\"PropertyValueSpecification\",\"valueRequired\":true,\"valueName\":\"search_term_string\"}}],\"inLanguage\":\"fr-FR\"}]}<\/script>\n<!-- \/ Yoast SEO plugin. -->","yoast_head_json":{"title":"Analyse des huiles d\u2019isolation - FKH","robots":{"index":"index","follow":"follow","max-snippet":"max-snippet:-1","max-image-preview":"max-image-preview:large","max-video-preview":"max-video-preview:-1"},"canonical":"https:\/\/fkh.ch\/fr\/dienstleistungen\/isolieroelananlysen\/","og_locale":"fr_FR","og_type":"article","og_title":"Analyse des huiles d\u2019isolation - FKH","og_description":"L\u2019analyse des liquides isolants joue un r\u00f4le cl\u00e9 dans l\u2019\u00e9valuation de l\u2019\u00e9tat des \u00e9quipements du r\u00e9seau \u00e9lectrique. Le laboratoire d\u2019huiles isolantes de la FKH offre un large \u00e9ventail de services, notamment des analyses pr\u00e9cises et une interpr\u00e9tation fiable par des experts. Gr\u00e2ce \u00e0 notre situation centrale en Suisse, nous pouvons intervenir rapidement aupr\u00e8s de nos [&hellip;]","og_url":"https:\/\/fkh.ch\/fr\/dienstleistungen\/isolieroelananlysen\/","og_site_name":"FKH","article_modified_time":"2024-03-20T15:19:26+00:00","og_image":[{"url":"https:\/\/fkh.ch\/wp-content\/uploads\/2015\/02\/SAS_STS_cmyk_581.jpg","type":"","width":"","height":""}],"twitter_misc":{"Dur\u00e9e de lecture estim\u00e9e":"6 minutes"},"schema":{"@context":"https:\/\/schema.org","@graph":[{"@type":"WebPage","@id":"https:\/\/fkh.ch\/fr\/dienstleistungen\/isolieroelananlysen\/","url":"https:\/\/fkh.ch\/fr\/dienstleistungen\/isolieroelananlysen\/","name":"Analyse des huiles d\u2019isolation - FKH","isPartOf":{"@id":"https:\/\/fkh.ch\/fr\/#website"},"primaryImageOfPage":{"@id":"https:\/\/fkh.ch\/fr\/dienstleistungen\/isolieroelananlysen\/#primaryimage"},"image":{"@id":"https:\/\/fkh.ch\/fr\/dienstleistungen\/isolieroelananlysen\/#primaryimage"},"thumbnailUrl":"https:\/\/fkh.ch\/wp-content\/uploads\/2015\/02\/SAS_STS_cmyk_581.jpg","datePublished":"2014-03-14T13:23:15+00:00","dateModified":"2024-03-20T15:19:26+00:00","breadcrumb":{"@id":"https:\/\/fkh.ch\/fr\/dienstleistungen\/isolieroelananlysen\/#breadcrumb"},"inLanguage":"fr-FR","potentialAction":[{"@type":"ReadAction","target":["https:\/\/fkh.ch\/fr\/dienstleistungen\/isolieroelananlysen\/"]}]},{"@type":"ImageObject","inLanguage":"fr-FR","@id":"https:\/\/fkh.ch\/fr\/dienstleistungen\/isolieroelananlysen\/#primaryimage","url":"https:\/\/fkh.ch\/wp-content\/uploads\/2015\/02\/SAS_STS_cmyk_581.jpg","contentUrl":"https:\/\/fkh.ch\/wp-content\/uploads\/2015\/02\/SAS_STS_cmyk_581.jpg"},{"@type":"BreadcrumbList","@id":"https:\/\/fkh.ch\/fr\/dienstleistungen\/isolieroelananlysen\/#breadcrumb","itemListElement":[{"@type":"ListItem","position":1,"name":"Startseite","item":"https:\/\/fkh.ch\/fr\/"},{"@type":"ListItem","position":2,"name":"Services","item":"https:\/\/fkh.ch\/fr\/dienstleistungen\/"},{"@type":"ListItem","position":3,"name":"Analyse des huiles d\u2019isolation"}]},{"@type":"WebSite","@id":"https:\/\/fkh.ch\/fr\/#website","url":"https:\/\/fkh.ch\/fr\/","name":"FKH","description":"Commission d'\u00e9tude des questions relatives \u00e0 la haute tension","potentialAction":[{"@type":"SearchAction","target":{"@type":"EntryPoint","urlTemplate":"https:\/\/fkh.ch\/fr\/?s={search_term_string}"},"query-input":{"@type":"PropertyValueSpecification","valueRequired":true,"valueName":"search_term_string"}}],"inLanguage":"fr-FR"}]}},"_links":{"self":[{"href":"https:\/\/fkh.ch\/fr\/wp-json\/wp\/v2\/pages\/5207","targetHints":{"allow":["GET"]}}],"collection":[{"href":"https:\/\/fkh.ch\/fr\/wp-json\/wp\/v2\/pages"}],"about":[{"href":"https:\/\/fkh.ch\/fr\/wp-json\/wp\/v2\/types\/page"}],"author":[{"embeddable":true,"href":"https:\/\/fkh.ch\/fr\/wp-json\/wp\/v2\/users\/194"}],"replies":[{"embeddable":true,"href":"https:\/\/fkh.ch\/fr\/wp-json\/wp\/v2\/comments?post=5207"}],"version-history":[{"count":11,"href":"https:\/\/fkh.ch\/fr\/wp-json\/wp\/v2\/pages\/5207\/revisions"}],"predecessor-version":[{"id":7094,"href":"https:\/\/fkh.ch\/fr\/wp-json\/wp\/v2\/pages\/5207\/revisions\/7094"}],"up":[{"embeddable":true,"href":"https:\/\/fkh.ch\/fr\/wp-json\/wp\/v2\/pages\/4955"}],"wp:attachment":[{"href":"https:\/\/fkh.ch\/fr\/wp-json\/wp\/v2\/media?parent=5207"}],"curies":[{"name":"wp","href":"https:\/\/api.w.org\/{rel}","templated":true}]}}