{"id":5223,"date":"2014-03-11T14:04:03","date_gmt":"2014-03-11T12:04:03","guid":{"rendered":"https:\/\/test.fkh.ch\/dienstleistungen\/engineering\/schadenanalysen\/"},"modified":"2019-10-04T14:18:30","modified_gmt":"2019-10-04T12:18:30","slug":"schadenanalysen","status":"publish","type":"page","link":"https:\/\/fkh.ch\/fr\/dienstleistungen\/engineering\/schadenanalysen\/","title":{"rendered":"Analyses des dommages"},"content":{"rendered":"<p>La FKH est relativement souvent sollicit\u00e9e pour clarifier la cause de dommages et les m\u00e9canismes de leur gen\u00e8se. L\u2019objectif de ces demandes est d\u2019\u00e9viter \u00e0 l\u2019avenir de tels dommages ou de r\u00e9pondre \u00e0 des questions d\u2019assurance.<\/p>\n<p>Le statut neutre d\u2019une association dont les membres sont des universit\u00e9s, des EAE et des industriels constitue ici un v\u00e9ritable atout.<\/p>\n<p>La FKH dispose d\u2019un atelier de d\u00e9montage pour les composants d\u00e9fectueux ainsi que d\u2019un laboratoire d\u2019isolants. Certaines analyses sont effectu\u00e9es dans des laboratoires sp\u00e9cialis\u00e9s externes.<\/p>\n","protected":false},"excerpt":{"rendered":"<p>La FKH est relativement souvent sollicit\u00e9e pour clarifier la cause de dommages et les m\u00e9canismes de leur gen\u00e8se. L\u2019objectif de ces demandes est d\u2019\u00e9viter \u00e0 l\u2019avenir de tels dommages ou de r\u00e9pondre \u00e0 des questions d\u2019assurance. Le statut neutre d\u2019une association dont les membres sont des universit\u00e9s, des EAE et des industriels constitue ici un [&hellip;]<\/p>\n","protected":false},"author":267,"featured_media":0,"parent":5220,"menu_order":20,"comment_status":"open","ping_status":"open","template":"","meta":{"_acf_changed":false,"footnotes":""},"class_list":["post-5223","page","type-page","status-publish","hentry"],"acf":[],"yoast_head":"<!-- This site is optimized with the Yoast SEO plugin v27.2 - https:\/\/yoast.com\/product\/yoast-seo-wordpress\/ -->\n<title>Analyses des dommages - FKH<\/title>\n<meta name=\"robots\" content=\"index, follow, max-snippet:-1, max-image-preview:large, max-video-preview:-1\" \/>\n<link rel=\"canonical\" href=\"https:\/\/fkh.ch\/fr\/dienstleistungen\/engineering\/schadenanalysen\/\" \/>\n<meta property=\"og:locale\" content=\"fr_FR\" \/>\n<meta property=\"og:type\" content=\"article\" \/>\n<meta property=\"og:title\" content=\"Analyses des dommages - FKH\" \/>\n<meta property=\"og:description\" content=\"La FKH est relativement souvent sollicit\u00e9e pour clarifier la cause de dommages et les m\u00e9canismes de leur gen\u00e8se. L\u2019objectif de ces demandes est d\u2019\u00e9viter \u00e0 l\u2019avenir de tels dommages ou de r\u00e9pondre \u00e0 des questions d\u2019assurance. Le statut neutre d\u2019une association dont les membres sont des universit\u00e9s, des EAE et des industriels constitue ici un [&hellip;]\" \/>\n<meta property=\"og:url\" content=\"https:\/\/fkh.ch\/fr\/dienstleistungen\/engineering\/schadenanalysen\/\" \/>\n<meta property=\"og:site_name\" content=\"FKH\" \/>\n<meta property=\"article:modified_time\" content=\"2019-10-04T12:18:30+00:00\" \/>\n<script type=\"application\/ld+json\" class=\"yoast-schema-graph\">{\"@context\":\"https:\/\/schema.org\",\"@graph\":[{\"@type\":\"WebPage\",\"@id\":\"https:\/\/fkh.ch\/fr\/dienstleistungen\/engineering\/schadenanalysen\/\",\"url\":\"https:\/\/fkh.ch\/fr\/dienstleistungen\/engineering\/schadenanalysen\/\",\"name\":\"Analyses des dommages - FKH\",\"isPartOf\":{\"@id\":\"https:\/\/fkh.ch\/fr\/#website\"},\"datePublished\":\"2014-03-11T12:04:03+00:00\",\"dateModified\":\"2019-10-04T12:18:30+00:00\",\"breadcrumb\":{\"@id\":\"https:\/\/fkh.ch\/fr\/dienstleistungen\/engineering\/schadenanalysen\/#breadcrumb\"},\"inLanguage\":\"fr-FR\",\"potentialAction\":[{\"@type\":\"ReadAction\",\"target\":[\"https:\/\/fkh.ch\/fr\/dienstleistungen\/engineering\/schadenanalysen\/\"]}]},{\"@type\":\"BreadcrumbList\",\"@id\":\"https:\/\/fkh.ch\/fr\/dienstleistungen\/engineering\/schadenanalysen\/#breadcrumb\",\"itemListElement\":[{\"@type\":\"ListItem\",\"position\":1,\"name\":\"Startseite\",\"item\":\"https:\/\/fkh.ch\/fr\/\"},{\"@type\":\"ListItem\",\"position\":2,\"name\":\"Services\",\"item\":\"https:\/\/fkh.ch\/fr\/dienstleistungen\/\"},{\"@type\":\"ListItem\",\"position\":3,\"name\":\"Ing\u00e9nierie\",\"item\":\"https:\/\/fkh.ch\/fr\/dienstleistungen\/engineering\/\"},{\"@type\":\"ListItem\",\"position\":4,\"name\":\"Analyses des dommages\"}]},{\"@type\":\"WebSite\",\"@id\":\"https:\/\/fkh.ch\/fr\/#website\",\"url\":\"https:\/\/fkh.ch\/fr\/\",\"name\":\"FKH\",\"description\":\"Commission d'\u00e9tude des questions relatives \u00e0 la haute tension\",\"potentialAction\":[{\"@type\":\"SearchAction\",\"target\":{\"@type\":\"EntryPoint\",\"urlTemplate\":\"https:\/\/fkh.ch\/fr\/?s={search_term_string}\"},\"query-input\":{\"@type\":\"PropertyValueSpecification\",\"valueRequired\":true,\"valueName\":\"search_term_string\"}}],\"inLanguage\":\"fr-FR\"}]}<\/script>\n<!-- \/ Yoast SEO plugin. -->","yoast_head_json":{"title":"Analyses des dommages - FKH","robots":{"index":"index","follow":"follow","max-snippet":"max-snippet:-1","max-image-preview":"max-image-preview:large","max-video-preview":"max-video-preview:-1"},"canonical":"https:\/\/fkh.ch\/fr\/dienstleistungen\/engineering\/schadenanalysen\/","og_locale":"fr_FR","og_type":"article","og_title":"Analyses des dommages - FKH","og_description":"La FKH est relativement souvent sollicit\u00e9e pour clarifier la cause de dommages et les m\u00e9canismes de leur gen\u00e8se. L\u2019objectif de ces demandes est d\u2019\u00e9viter \u00e0 l\u2019avenir de tels dommages ou de r\u00e9pondre \u00e0 des questions d\u2019assurance. Le statut neutre d\u2019une association dont les membres sont des universit\u00e9s, des EAE et des industriels constitue ici un [&hellip;]","og_url":"https:\/\/fkh.ch\/fr\/dienstleistungen\/engineering\/schadenanalysen\/","og_site_name":"FKH","article_modified_time":"2019-10-04T12:18:30+00:00","schema":{"@context":"https:\/\/schema.org","@graph":[{"@type":"WebPage","@id":"https:\/\/fkh.ch\/fr\/dienstleistungen\/engineering\/schadenanalysen\/","url":"https:\/\/fkh.ch\/fr\/dienstleistungen\/engineering\/schadenanalysen\/","name":"Analyses des dommages - FKH","isPartOf":{"@id":"https:\/\/fkh.ch\/fr\/#website"},"datePublished":"2014-03-11T12:04:03+00:00","dateModified":"2019-10-04T12:18:30+00:00","breadcrumb":{"@id":"https:\/\/fkh.ch\/fr\/dienstleistungen\/engineering\/schadenanalysen\/#breadcrumb"},"inLanguage":"fr-FR","potentialAction":[{"@type":"ReadAction","target":["https:\/\/fkh.ch\/fr\/dienstleistungen\/engineering\/schadenanalysen\/"]}]},{"@type":"BreadcrumbList","@id":"https:\/\/fkh.ch\/fr\/dienstleistungen\/engineering\/schadenanalysen\/#breadcrumb","itemListElement":[{"@type":"ListItem","position":1,"name":"Startseite","item":"https:\/\/fkh.ch\/fr\/"},{"@type":"ListItem","position":2,"name":"Services","item":"https:\/\/fkh.ch\/fr\/dienstleistungen\/"},{"@type":"ListItem","position":3,"name":"Ing\u00e9nierie","item":"https:\/\/fkh.ch\/fr\/dienstleistungen\/engineering\/"},{"@type":"ListItem","position":4,"name":"Analyses des dommages"}]},{"@type":"WebSite","@id":"https:\/\/fkh.ch\/fr\/#website","url":"https:\/\/fkh.ch\/fr\/","name":"FKH","description":"Commission d'\u00e9tude des questions relatives \u00e0 la haute tension","potentialAction":[{"@type":"SearchAction","target":{"@type":"EntryPoint","urlTemplate":"https:\/\/fkh.ch\/fr\/?s={search_term_string}"},"query-input":{"@type":"PropertyValueSpecification","valueRequired":true,"valueName":"search_term_string"}}],"inLanguage":"fr-FR"}]}},"_links":{"self":[{"href":"https:\/\/fkh.ch\/fr\/wp-json\/wp\/v2\/pages\/5223","targetHints":{"allow":["GET"]}}],"collection":[{"href":"https:\/\/fkh.ch\/fr\/wp-json\/wp\/v2\/pages"}],"about":[{"href":"https:\/\/fkh.ch\/fr\/wp-json\/wp\/v2\/types\/page"}],"author":[{"embeddable":true,"href":"https:\/\/fkh.ch\/fr\/wp-json\/wp\/v2\/users\/267"}],"replies":[{"embeddable":true,"href":"https:\/\/fkh.ch\/fr\/wp-json\/wp\/v2\/comments?post=5223"}],"version-history":[{"count":1,"href":"https:\/\/fkh.ch\/fr\/wp-json\/wp\/v2\/pages\/5223\/revisions"}],"predecessor-version":[{"id":5224,"href":"https:\/\/fkh.ch\/fr\/wp-json\/wp\/v2\/pages\/5223\/revisions\/5224"}],"up":[{"embeddable":true,"href":"https:\/\/fkh.ch\/fr\/wp-json\/wp\/v2\/pages\/5220"}],"wp:attachment":[{"href":"https:\/\/fkh.ch\/fr\/wp-json\/wp\/v2\/media?parent=5223"}],"curies":[{"name":"wp","href":"https:\/\/api.w.org\/{rel}","templated":true}]}}