{"id":5225,"date":"2014-03-11T14:03:55","date_gmt":"2014-03-11T12:03:55","guid":{"rendered":"https:\/\/test.fkh.ch\/dienstleistungen\/engineering\/engineering-beratung-und-expertisen\/"},"modified":"2019-10-04T14:23:33","modified_gmt":"2019-10-04T12:23:33","slug":"engineering-beratung-und-expertisen","status":"publish","type":"page","link":"https:\/\/fkh.ch\/fr\/dienstleistungen\/engineering\/engineering-beratung-und-expertisen\/","title":{"rendered":"Ing\u00e9nierie, conseils et expertises"},"content":{"rendered":"<div id=\"attachment_1476\" style=\"width: 235px\" class=\"wp-caption alignright\"><a href=\"https:\/\/fkh.ch\/wp-content\/uploads\/2014\/03\/Unterst\u00fctzung-von-Industrieprojekten-e1405511492763.jpg\"><img loading=\"lazy\" decoding=\"async\" aria-describedby=\"caption-attachment-1476\" class=\"wp-image-1476 size-medium\" src=\"https:\/\/fkh.ch\/wp-content\/uploads\/2014\/03\/Unterst\u00fctzung-von-Industrieprojekten-e1405511492763.jpg\" alt=\"Filtre de sortie d\u2019un convertisseur de fr\u00e9quences \u00e0 haute att\u00e9nuation pour plages de fr\u00e9quences sp\u00e9cifi\u00e9es\" width=\"225\" height=\"300\" srcset=\"https:\/\/fkh.ch\/wp-content\/uploads\/2014\/03\/Unterst\u00fctzung-von-Industrieprojekten-e1405511492763.jpg 2000w, https:\/\/fkh.ch\/wp-content\/uploads\/2014\/03\/Unterst\u00fctzung-von-Industrieprojekten-e1405511492763-225x300.jpg 225w, https:\/\/fkh.ch\/wp-content\/uploads\/2014\/03\/Unterst\u00fctzung-von-Industrieprojekten-e1405511492763-768x1024.jpg 768w\" sizes=\"auto, (max-width: 225px) 100vw, 225px\" \/><\/a><p id=\"caption-attachment-1476\" class=\"wp-caption-text\">Filtre de sortie d\u2019un convertisseur de fr\u00e9quences \u00e0 haute att\u00e9nuation pour plages de fr\u00e9quences sp\u00e9cifi\u00e9es<\/p><\/div>\n<h3><strong>Aide aux d\u00e9veloppements industriels<\/strong><\/h3>\n<p style=\"text-align: justify;\">La FKH offre son assistance aux travaux de d\u00e9veloppement de l\u2019industrie dans le cadre de ses m\u00e9thodes d\u2019essai ainsi que pour des analyses sp\u00e9ciales. Les questions jusqu\u2019ici trait\u00e9es rel\u00e8vent des domaines suivants\u00a0: \u00e9lectrostatique, champs \u00e9lectromagn\u00e9tiques, d\u00e9charges de gaz, technologie d\u2019isolement, propri\u00e9t\u00e9s di\u00e9lectriques des mat\u00e9riaux et m\u00e9thodes m\u00e9trologiques. La FKH s\u2019engage \u00e0 garder confidentielles les informations techniques mises \u00e0 sa disposition lors de la prise en charge d\u2019essais effectu\u00e9s dans le cadre d\u2019un d\u00e9veloppement.<\/p>\n<h3><strong>Assistance dans les questions environnementales<\/strong><\/h3>\n<p style=\"text-align: justify;\">La FKH apporte r\u00e9guli\u00e8rement des r\u00e9ponses aux questions environnementales qui se posent dans le domaine de l\u2019exploitation des syst\u00e8mes et lignes \u00e9lectriques. Les prestations de la FKH s\u2019attachent aux risques et probl\u00e8mes encourus par les organismes vivants, ainsi qu\u2019\u00e0 l\u2019impact des syst\u00e8mes techniques. L\u2019accent est mis sur les probl\u00e9matiques des \u00e9missions \u00e9lectromagn\u00e9tiques de la <a href=\"https:\/\/fkh.ch\/fr\/dienstleistungen\/erdungsprobleme-emv-emf-netzvorgaenge\/emf-emv-messungen-und-berechnungen\/\">CEM<\/a> et de la <a href=\"https:\/\/fkh.ch\/fr\/dienstleistungen\/erdungsprobleme-emv-emf-netzvorgaenge\/erdungsmessungen-berechnungen\/\">mise \u00e0 la terre<\/a> et des effets des courants de fuite ainsi que sur les dangers provoqu\u00e9s par un court-circuit ou un d\u00e9faut \u00e0 la terre d\u00e9coulant d\u2019un d\u00e9faut d\u2019isolement.<\/p>\n","protected":false},"excerpt":{"rendered":"<p>Aide aux d\u00e9veloppements industriels La FKH offre son assistance aux travaux de d\u00e9veloppement de l\u2019industrie dans le cadre de ses m\u00e9thodes d\u2019essai ainsi que pour des analyses sp\u00e9ciales. Les questions jusqu\u2019ici trait\u00e9es rel\u00e8vent des domaines suivants\u00a0: \u00e9lectrostatique, champs \u00e9lectromagn\u00e9tiques, d\u00e9charges de gaz, technologie d\u2019isolement, propri\u00e9t\u00e9s di\u00e9lectriques des mat\u00e9riaux et m\u00e9thodes m\u00e9trologiques. La FKH s\u2019engage \u00e0 [&hellip;]<\/p>\n","protected":false},"author":267,"featured_media":0,"parent":5220,"menu_order":30,"comment_status":"open","ping_status":"open","template":"","meta":{"_acf_changed":false,"footnotes":""},"class_list":["post-5225","page","type-page","status-publish","hentry"],"acf":[],"yoast_head":"<!-- This site is optimized with the Yoast SEO plugin v27.2 - https:\/\/yoast.com\/product\/yoast-seo-wordpress\/ -->\n<title>Ing\u00e9nierie, conseils et expertises - FKH<\/title>\n<meta name=\"robots\" content=\"index, follow, max-snippet:-1, max-image-preview:large, max-video-preview:-1\" \/>\n<link rel=\"canonical\" href=\"https:\/\/fkh.ch\/fr\/dienstleistungen\/engineering\/engineering-beratung-und-expertisen\/\" \/>\n<meta property=\"og:locale\" content=\"fr_FR\" \/>\n<meta property=\"og:type\" content=\"article\" \/>\n<meta property=\"og:title\" content=\"Ing\u00e9nierie, conseils et expertises - FKH\" \/>\n<meta property=\"og:description\" content=\"Aide aux d\u00e9veloppements industriels La FKH offre son assistance aux travaux de d\u00e9veloppement de l\u2019industrie dans le cadre de ses m\u00e9thodes d\u2019essai ainsi que pour des analyses sp\u00e9ciales. Les questions jusqu\u2019ici trait\u00e9es rel\u00e8vent des domaines suivants\u00a0: \u00e9lectrostatique, champs \u00e9lectromagn\u00e9tiques, d\u00e9charges de gaz, technologie d\u2019isolement, propri\u00e9t\u00e9s di\u00e9lectriques des mat\u00e9riaux et m\u00e9thodes m\u00e9trologiques. La FKH s\u2019engage \u00e0 [&hellip;]\" \/>\n<meta property=\"og:url\" content=\"https:\/\/fkh.ch\/fr\/dienstleistungen\/engineering\/engineering-beratung-und-expertisen\/\" \/>\n<meta property=\"og:site_name\" content=\"FKH\" \/>\n<meta property=\"article:modified_time\" content=\"2019-10-04T12:23:33+00:00\" \/>\n<meta property=\"og:image\" content=\"https:\/\/fkh.ch\/wp-content\/uploads\/2014\/03\/Unterst\u00fctzung-von-Industrieprojekten-e1405511492763.jpg\" \/>\n<meta name=\"twitter:label1\" content=\"Dur\u00e9e de lecture estim\u00e9e\" \/>\n\t<meta name=\"twitter:data1\" content=\"1 minute\" \/>\n<script type=\"application\/ld+json\" class=\"yoast-schema-graph\">{\"@context\":\"https:\/\/schema.org\",\"@graph\":[{\"@type\":\"WebPage\",\"@id\":\"https:\/\/fkh.ch\/fr\/dienstleistungen\/engineering\/engineering-beratung-und-expertisen\/\",\"url\":\"https:\/\/fkh.ch\/fr\/dienstleistungen\/engineering\/engineering-beratung-und-expertisen\/\",\"name\":\"Ing\u00e9nierie, conseils et expertises - FKH\",\"isPartOf\":{\"@id\":\"https:\/\/fkh.ch\/fr\/#website\"},\"datePublished\":\"2014-03-11T12:03:55+00:00\",\"dateModified\":\"2019-10-04T12:23:33+00:00\",\"breadcrumb\":{\"@id\":\"https:\/\/fkh.ch\/fr\/dienstleistungen\/engineering\/engineering-beratung-und-expertisen\/#breadcrumb\"},\"inLanguage\":\"fr-FR\",\"potentialAction\":[{\"@type\":\"ReadAction\",\"target\":[\"https:\/\/fkh.ch\/fr\/dienstleistungen\/engineering\/engineering-beratung-und-expertisen\/\"]}]},{\"@type\":\"BreadcrumbList\",\"@id\":\"https:\/\/fkh.ch\/fr\/dienstleistungen\/engineering\/engineering-beratung-und-expertisen\/#breadcrumb\",\"itemListElement\":[{\"@type\":\"ListItem\",\"position\":1,\"name\":\"Startseite\",\"item\":\"https:\/\/fkh.ch\/fr\/\"},{\"@type\":\"ListItem\",\"position\":2,\"name\":\"Services\",\"item\":\"https:\/\/fkh.ch\/fr\/dienstleistungen\/\"},{\"@type\":\"ListItem\",\"position\":3,\"name\":\"Ing\u00e9nierie\",\"item\":\"https:\/\/fkh.ch\/fr\/dienstleistungen\/engineering\/\"},{\"@type\":\"ListItem\",\"position\":4,\"name\":\"Ing\u00e9nierie, conseils et expertises\"}]},{\"@type\":\"WebSite\",\"@id\":\"https:\/\/fkh.ch\/fr\/#website\",\"url\":\"https:\/\/fkh.ch\/fr\/\",\"name\":\"FKH\",\"description\":\"Commission d'\u00e9tude des questions relatives \u00e0 la haute tension\",\"potentialAction\":[{\"@type\":\"SearchAction\",\"target\":{\"@type\":\"EntryPoint\",\"urlTemplate\":\"https:\/\/fkh.ch\/fr\/?s={search_term_string}\"},\"query-input\":{\"@type\":\"PropertyValueSpecification\",\"valueRequired\":true,\"valueName\":\"search_term_string\"}}],\"inLanguage\":\"fr-FR\"}]}<\/script>\n<!-- \/ Yoast SEO plugin. -->","yoast_head_json":{"title":"Ing\u00e9nierie, conseils et expertises - FKH","robots":{"index":"index","follow":"follow","max-snippet":"max-snippet:-1","max-image-preview":"max-image-preview:large","max-video-preview":"max-video-preview:-1"},"canonical":"https:\/\/fkh.ch\/fr\/dienstleistungen\/engineering\/engineering-beratung-und-expertisen\/","og_locale":"fr_FR","og_type":"article","og_title":"Ing\u00e9nierie, conseils et expertises - FKH","og_description":"Aide aux d\u00e9veloppements industriels La FKH offre son assistance aux travaux de d\u00e9veloppement de l\u2019industrie dans le cadre de ses m\u00e9thodes d\u2019essai ainsi que pour des analyses sp\u00e9ciales. Les questions jusqu\u2019ici trait\u00e9es rel\u00e8vent des domaines suivants\u00a0: \u00e9lectrostatique, champs \u00e9lectromagn\u00e9tiques, d\u00e9charges de gaz, technologie d\u2019isolement, propri\u00e9t\u00e9s di\u00e9lectriques des mat\u00e9riaux et m\u00e9thodes m\u00e9trologiques. La FKH s\u2019engage \u00e0 [&hellip;]","og_url":"https:\/\/fkh.ch\/fr\/dienstleistungen\/engineering\/engineering-beratung-und-expertisen\/","og_site_name":"FKH","article_modified_time":"2019-10-04T12:23:33+00:00","og_image":[{"url":"https:\/\/fkh.ch\/wp-content\/uploads\/2014\/03\/Unterst\u00fctzung-von-Industrieprojekten-e1405511492763.jpg","type":"","width":"","height":""}],"twitter_misc":{"Dur\u00e9e de lecture estim\u00e9e":"1 minute"},"schema":{"@context":"https:\/\/schema.org","@graph":[{"@type":"WebPage","@id":"https:\/\/fkh.ch\/fr\/dienstleistungen\/engineering\/engineering-beratung-und-expertisen\/","url":"https:\/\/fkh.ch\/fr\/dienstleistungen\/engineering\/engineering-beratung-und-expertisen\/","name":"Ing\u00e9nierie, conseils et expertises - FKH","isPartOf":{"@id":"https:\/\/fkh.ch\/fr\/#website"},"datePublished":"2014-03-11T12:03:55+00:00","dateModified":"2019-10-04T12:23:33+00:00","breadcrumb":{"@id":"https:\/\/fkh.ch\/fr\/dienstleistungen\/engineering\/engineering-beratung-und-expertisen\/#breadcrumb"},"inLanguage":"fr-FR","potentialAction":[{"@type":"ReadAction","target":["https:\/\/fkh.ch\/fr\/dienstleistungen\/engineering\/engineering-beratung-und-expertisen\/"]}]},{"@type":"BreadcrumbList","@id":"https:\/\/fkh.ch\/fr\/dienstleistungen\/engineering\/engineering-beratung-und-expertisen\/#breadcrumb","itemListElement":[{"@type":"ListItem","position":1,"name":"Startseite","item":"https:\/\/fkh.ch\/fr\/"},{"@type":"ListItem","position":2,"name":"Services","item":"https:\/\/fkh.ch\/fr\/dienstleistungen\/"},{"@type":"ListItem","position":3,"name":"Ing\u00e9nierie","item":"https:\/\/fkh.ch\/fr\/dienstleistungen\/engineering\/"},{"@type":"ListItem","position":4,"name":"Ing\u00e9nierie, conseils et expertises"}]},{"@type":"WebSite","@id":"https:\/\/fkh.ch\/fr\/#website","url":"https:\/\/fkh.ch\/fr\/","name":"FKH","description":"Commission d'\u00e9tude des questions relatives \u00e0 la haute tension","potentialAction":[{"@type":"SearchAction","target":{"@type":"EntryPoint","urlTemplate":"https:\/\/fkh.ch\/fr\/?s={search_term_string}"},"query-input":{"@type":"PropertyValueSpecification","valueRequired":true,"valueName":"search_term_string"}}],"inLanguage":"fr-FR"}]}},"_links":{"self":[{"href":"https:\/\/fkh.ch\/fr\/wp-json\/wp\/v2\/pages\/5225","targetHints":{"allow":["GET"]}}],"collection":[{"href":"https:\/\/fkh.ch\/fr\/wp-json\/wp\/v2\/pages"}],"about":[{"href":"https:\/\/fkh.ch\/fr\/wp-json\/wp\/v2\/types\/page"}],"author":[{"embeddable":true,"href":"https:\/\/fkh.ch\/fr\/wp-json\/wp\/v2\/users\/267"}],"replies":[{"embeddable":true,"href":"https:\/\/fkh.ch\/fr\/wp-json\/wp\/v2\/comments?post=5225"}],"version-history":[{"count":1,"href":"https:\/\/fkh.ch\/fr\/wp-json\/wp\/v2\/pages\/5225\/revisions"}],"predecessor-version":[{"id":5227,"href":"https:\/\/fkh.ch\/fr\/wp-json\/wp\/v2\/pages\/5225\/revisions\/5227"}],"up":[{"embeddable":true,"href":"https:\/\/fkh.ch\/fr\/wp-json\/wp\/v2\/pages\/5220"}],"wp:attachment":[{"href":"https:\/\/fkh.ch\/fr\/wp-json\/wp\/v2\/media?parent=5225"}],"curies":[{"name":"wp","href":"https:\/\/api.w.org\/{rel}","templated":true}]}}