{"id":5228,"date":"2014-03-11T14:04:10","date_gmt":"2014-03-11T12:04:10","guid":{"rendered":"https:\/\/test.fkh.ch\/dienstleistungen\/engineering\/blitzschutzfragen\/"},"modified":"2019-10-04T14:25:44","modified_gmt":"2019-10-04T12:25:44","slug":"blitzschutzfragen","status":"publish","type":"page","link":"https:\/\/fkh.ch\/fr\/dienstleistungen\/engineering\/blitzschutzfragen\/","title":{"rendered":"Protections contre la foudre"},"content":{"rendered":"<p>La FKH est depuis sa cr\u00e9ation impliqu\u00e9e dans tout type de protections contre la foudre (<a href=\"https:\/\/fkh.ch\/fr\/a-propos-de-nous\/geschichte\/\">Historique<\/a>). C\u2019est avant tout sur la protection des syst\u00e8mes \u00e9lectriques qu\u2019elle se concentre aujourd\u2019hui.<\/p>\n<p>La FKH r\u00e9pond toutefois \u00e0 toutes les questions fondamentales de la protection contre la foudre touchant le domaine \u00e9lectrotechnique. Un grand nombre de questions sp\u00e9cifiques \u00e0 la protection des personnes et des b\u00e2timents ainsi qu\u2019\u00e0 la pr\u00e9vention des dommages caus\u00e9s par la foudre aux syst\u00e8mes \u00e9lectrotechniques ont fait l\u2019objet de nombreuses \u00e9tudes FKH et de documentation. La FKH dispose \u00e9galement d\u2019une collection compl\u00e8te d\u2019ouvrages sur la protection contre la foudre.<\/p>\n<p>&nbsp;<\/p>\n<p style=\"text-align: justify;\"><a href=\"https:\/\/fkh.ch\/wp-content\/uploads\/2014\/03\/Blitze.jpg\"><img loading=\"lazy\" decoding=\"async\" class=\"aligncenter size-large wp-image-1499\" src=\"https:\/\/fkh.ch\/wp-content\/uploads\/2014\/03\/Blitze.jpg\" alt=\"Blitze\" width=\"1024\" height=\"682\" srcset=\"https:\/\/fkh.ch\/wp-content\/uploads\/2014\/03\/Blitze.jpg 5382w, https:\/\/fkh.ch\/wp-content\/uploads\/2014\/03\/Blitze-300x200.jpg 300w, https:\/\/fkh.ch\/wp-content\/uploads\/2014\/03\/Blitze-768x512.jpg 768w, https:\/\/fkh.ch\/wp-content\/uploads\/2014\/03\/Blitze-1024x682.jpg 1024w\" sizes=\"auto, (max-width: 1024px) 100vw, 1024px\" \/><\/a><\/p>\n","protected":false},"excerpt":{"rendered":"<p>La FKH est depuis sa cr\u00e9ation impliqu\u00e9e dans tout type de protections contre la foudre (Historique). C\u2019est avant tout sur la protection des syst\u00e8mes \u00e9lectriques qu\u2019elle se concentre aujourd\u2019hui. La FKH r\u00e9pond toutefois \u00e0 toutes les questions fondamentales de la protection contre la foudre touchant le domaine \u00e9lectrotechnique. Un grand nombre de questions sp\u00e9cifiques \u00e0 [&hellip;]<\/p>\n","protected":false},"author":267,"featured_media":0,"parent":5220,"menu_order":50,"comment_status":"open","ping_status":"open","template":"","meta":{"_acf_changed":false,"footnotes":""},"class_list":["post-5228","page","type-page","status-publish","hentry"],"acf":[],"yoast_head":"<!-- This site is optimized with the Yoast SEO plugin v27.2 - https:\/\/yoast.com\/product\/yoast-seo-wordpress\/ -->\n<title>Protections contre la foudre - FKH<\/title>\n<meta name=\"robots\" content=\"index, follow, max-snippet:-1, max-image-preview:large, max-video-preview:-1\" \/>\n<link rel=\"canonical\" href=\"https:\/\/fkh.ch\/fr\/dienstleistungen\/engineering\/blitzschutzfragen\/\" \/>\n<meta property=\"og:locale\" content=\"fr_FR\" \/>\n<meta property=\"og:type\" content=\"article\" \/>\n<meta property=\"og:title\" content=\"Protections contre la foudre - FKH\" \/>\n<meta property=\"og:description\" content=\"La FKH est depuis sa cr\u00e9ation impliqu\u00e9e dans tout type de protections contre la foudre (Historique). C\u2019est avant tout sur la protection des syst\u00e8mes \u00e9lectriques qu\u2019elle se concentre aujourd\u2019hui. La FKH r\u00e9pond toutefois \u00e0 toutes les questions fondamentales de la protection contre la foudre touchant le domaine \u00e9lectrotechnique. Un grand nombre de questions sp\u00e9cifiques \u00e0 [&hellip;]\" \/>\n<meta property=\"og:url\" content=\"https:\/\/fkh.ch\/fr\/dienstleistungen\/engineering\/blitzschutzfragen\/\" \/>\n<meta property=\"og:site_name\" content=\"FKH\" \/>\n<meta property=\"article:modified_time\" content=\"2019-10-04T12:25:44+00:00\" \/>\n<meta property=\"og:image\" content=\"https:\/\/fkh.ch\/wp-content\/uploads\/2014\/03\/Blitze.jpg\" \/>\n<meta name=\"twitter:label1\" content=\"Dur\u00e9e de lecture estim\u00e9e\" \/>\n\t<meta name=\"twitter:data1\" content=\"1 minute\" \/>\n<script type=\"application\/ld+json\" class=\"yoast-schema-graph\">{\"@context\":\"https:\/\/schema.org\",\"@graph\":[{\"@type\":\"WebPage\",\"@id\":\"https:\/\/fkh.ch\/fr\/dienstleistungen\/engineering\/blitzschutzfragen\/\",\"url\":\"https:\/\/fkh.ch\/fr\/dienstleistungen\/engineering\/blitzschutzfragen\/\",\"name\":\"Protections contre la foudre - FKH\",\"isPartOf\":{\"@id\":\"https:\/\/fkh.ch\/fr\/#website\"},\"primaryImageOfPage\":{\"@id\":\"https:\/\/fkh.ch\/fr\/dienstleistungen\/engineering\/blitzschutzfragen\/#primaryimage\"},\"image\":{\"@id\":\"https:\/\/fkh.ch\/fr\/dienstleistungen\/engineering\/blitzschutzfragen\/#primaryimage\"},\"thumbnailUrl\":\"https:\/\/fkh.ch\/wp-content\/uploads\/2014\/03\/Blitze.jpg\",\"datePublished\":\"2014-03-11T12:04:10+00:00\",\"dateModified\":\"2019-10-04T12:25:44+00:00\",\"breadcrumb\":{\"@id\":\"https:\/\/fkh.ch\/fr\/dienstleistungen\/engineering\/blitzschutzfragen\/#breadcrumb\"},\"inLanguage\":\"fr-FR\",\"potentialAction\":[{\"@type\":\"ReadAction\",\"target\":[\"https:\/\/fkh.ch\/fr\/dienstleistungen\/engineering\/blitzschutzfragen\/\"]}]},{\"@type\":\"ImageObject\",\"inLanguage\":\"fr-FR\",\"@id\":\"https:\/\/fkh.ch\/fr\/dienstleistungen\/engineering\/blitzschutzfragen\/#primaryimage\",\"url\":\"https:\/\/fkh.ch\/wp-content\/uploads\/2014\/03\/Blitze.jpg\",\"contentUrl\":\"https:\/\/fkh.ch\/wp-content\/uploads\/2014\/03\/Blitze.jpg\"},{\"@type\":\"BreadcrumbList\",\"@id\":\"https:\/\/fkh.ch\/fr\/dienstleistungen\/engineering\/blitzschutzfragen\/#breadcrumb\",\"itemListElement\":[{\"@type\":\"ListItem\",\"position\":1,\"name\":\"Startseite\",\"item\":\"https:\/\/fkh.ch\/fr\/\"},{\"@type\":\"ListItem\",\"position\":2,\"name\":\"Services\",\"item\":\"https:\/\/fkh.ch\/fr\/dienstleistungen\/\"},{\"@type\":\"ListItem\",\"position\":3,\"name\":\"Ing\u00e9nierie\",\"item\":\"https:\/\/fkh.ch\/fr\/dienstleistungen\/engineering\/\"},{\"@type\":\"ListItem\",\"position\":4,\"name\":\"Protections contre la foudre\"}]},{\"@type\":\"WebSite\",\"@id\":\"https:\/\/fkh.ch\/fr\/#website\",\"url\":\"https:\/\/fkh.ch\/fr\/\",\"name\":\"FKH\",\"description\":\"Commission d'\u00e9tude des questions relatives \u00e0 la haute tension\",\"potentialAction\":[{\"@type\":\"SearchAction\",\"target\":{\"@type\":\"EntryPoint\",\"urlTemplate\":\"https:\/\/fkh.ch\/fr\/?s={search_term_string}\"},\"query-input\":{\"@type\":\"PropertyValueSpecification\",\"valueRequired\":true,\"valueName\":\"search_term_string\"}}],\"inLanguage\":\"fr-FR\"}]}<\/script>\n<!-- \/ Yoast SEO plugin. -->","yoast_head_json":{"title":"Protections contre la foudre - FKH","robots":{"index":"index","follow":"follow","max-snippet":"max-snippet:-1","max-image-preview":"max-image-preview:large","max-video-preview":"max-video-preview:-1"},"canonical":"https:\/\/fkh.ch\/fr\/dienstleistungen\/engineering\/blitzschutzfragen\/","og_locale":"fr_FR","og_type":"article","og_title":"Protections contre la foudre - FKH","og_description":"La FKH est depuis sa cr\u00e9ation impliqu\u00e9e dans tout type de protections contre la foudre (Historique). C\u2019est avant tout sur la protection des syst\u00e8mes \u00e9lectriques qu\u2019elle se concentre aujourd\u2019hui. La FKH r\u00e9pond toutefois \u00e0 toutes les questions fondamentales de la protection contre la foudre touchant le domaine \u00e9lectrotechnique. Un grand nombre de questions sp\u00e9cifiques \u00e0 [&hellip;]","og_url":"https:\/\/fkh.ch\/fr\/dienstleistungen\/engineering\/blitzschutzfragen\/","og_site_name":"FKH","article_modified_time":"2019-10-04T12:25:44+00:00","og_image":[{"url":"https:\/\/fkh.ch\/wp-content\/uploads\/2014\/03\/Blitze.jpg","type":"","width":"","height":""}],"twitter_misc":{"Dur\u00e9e de lecture estim\u00e9e":"1 minute"},"schema":{"@context":"https:\/\/schema.org","@graph":[{"@type":"WebPage","@id":"https:\/\/fkh.ch\/fr\/dienstleistungen\/engineering\/blitzschutzfragen\/","url":"https:\/\/fkh.ch\/fr\/dienstleistungen\/engineering\/blitzschutzfragen\/","name":"Protections contre la foudre - FKH","isPartOf":{"@id":"https:\/\/fkh.ch\/fr\/#website"},"primaryImageOfPage":{"@id":"https:\/\/fkh.ch\/fr\/dienstleistungen\/engineering\/blitzschutzfragen\/#primaryimage"},"image":{"@id":"https:\/\/fkh.ch\/fr\/dienstleistungen\/engineering\/blitzschutzfragen\/#primaryimage"},"thumbnailUrl":"https:\/\/fkh.ch\/wp-content\/uploads\/2014\/03\/Blitze.jpg","datePublished":"2014-03-11T12:04:10+00:00","dateModified":"2019-10-04T12:25:44+00:00","breadcrumb":{"@id":"https:\/\/fkh.ch\/fr\/dienstleistungen\/engineering\/blitzschutzfragen\/#breadcrumb"},"inLanguage":"fr-FR","potentialAction":[{"@type":"ReadAction","target":["https:\/\/fkh.ch\/fr\/dienstleistungen\/engineering\/blitzschutzfragen\/"]}]},{"@type":"ImageObject","inLanguage":"fr-FR","@id":"https:\/\/fkh.ch\/fr\/dienstleistungen\/engineering\/blitzschutzfragen\/#primaryimage","url":"https:\/\/fkh.ch\/wp-content\/uploads\/2014\/03\/Blitze.jpg","contentUrl":"https:\/\/fkh.ch\/wp-content\/uploads\/2014\/03\/Blitze.jpg"},{"@type":"BreadcrumbList","@id":"https:\/\/fkh.ch\/fr\/dienstleistungen\/engineering\/blitzschutzfragen\/#breadcrumb","itemListElement":[{"@type":"ListItem","position":1,"name":"Startseite","item":"https:\/\/fkh.ch\/fr\/"},{"@type":"ListItem","position":2,"name":"Services","item":"https:\/\/fkh.ch\/fr\/dienstleistungen\/"},{"@type":"ListItem","position":3,"name":"Ing\u00e9nierie","item":"https:\/\/fkh.ch\/fr\/dienstleistungen\/engineering\/"},{"@type":"ListItem","position":4,"name":"Protections contre la foudre"}]},{"@type":"WebSite","@id":"https:\/\/fkh.ch\/fr\/#website","url":"https:\/\/fkh.ch\/fr\/","name":"FKH","description":"Commission d'\u00e9tude des questions relatives \u00e0 la haute tension","potentialAction":[{"@type":"SearchAction","target":{"@type":"EntryPoint","urlTemplate":"https:\/\/fkh.ch\/fr\/?s={search_term_string}"},"query-input":{"@type":"PropertyValueSpecification","valueRequired":true,"valueName":"search_term_string"}}],"inLanguage":"fr-FR"}]}},"_links":{"self":[{"href":"https:\/\/fkh.ch\/fr\/wp-json\/wp\/v2\/pages\/5228","targetHints":{"allow":["GET"]}}],"collection":[{"href":"https:\/\/fkh.ch\/fr\/wp-json\/wp\/v2\/pages"}],"about":[{"href":"https:\/\/fkh.ch\/fr\/wp-json\/wp\/v2\/types\/page"}],"author":[{"embeddable":true,"href":"https:\/\/fkh.ch\/fr\/wp-json\/wp\/v2\/users\/267"}],"replies":[{"embeddable":true,"href":"https:\/\/fkh.ch\/fr\/wp-json\/wp\/v2\/comments?post=5228"}],"version-history":[{"count":2,"href":"https:\/\/fkh.ch\/fr\/wp-json\/wp\/v2\/pages\/5228\/revisions"}],"predecessor-version":[{"id":5235,"href":"https:\/\/fkh.ch\/fr\/wp-json\/wp\/v2\/pages\/5228\/revisions\/5235"}],"up":[{"embeddable":true,"href":"https:\/\/fkh.ch\/fr\/wp-json\/wp\/v2\/pages\/5220"}],"wp:attachment":[{"href":"https:\/\/fkh.ch\/fr\/wp-json\/wp\/v2\/media?parent=5228"}],"curies":[{"name":"wp","href":"https:\/\/api.w.org\/{rel}","templated":true}]}}