{"id":5241,"date":"2019-08-29T10:32:00","date_gmt":"2019-08-29T08:32:00","guid":{"rendered":"https:\/\/test.fkh.ch\/uebersicht\/"},"modified":"2019-10-04T15:08:40","modified_gmt":"2019-10-04T13:08:40","slug":"uebersicht","status":"publish","type":"page","link":"https:\/\/fkh.ch\/fr\/uebersicht\/","title":{"rendered":"Aper\u00e7u"},"content":{"rendered":"<p><a href=\"https:\/\/fkh.ch\/wp-content\/uploads\/2019\/08\/Alle-Icons.png\"><img loading=\"lazy\" decoding=\"async\" class=\"alignleft size-full wp-image-4913\" src=\"https:\/\/fkh.ch\/wp-content\/uploads\/2019\/08\/Alle-Icons.png\" alt=\"\" width=\"268\" height=\"907\" srcset=\"https:\/\/fkh.ch\/wp-content\/uploads\/2019\/08\/Alle-Icons.png 268w, https:\/\/fkh.ch\/wp-content\/uploads\/2019\/08\/Alle-Icons-89x300.png 89w\" sizes=\"auto, (max-width: 268px) 100vw, 268px\" \/><\/a><\/p>\n<h2>Tests des \u00e9quipements haute tension effectu\u00e9s sur site<\/h2>\n<p>Tests haute tension des installation et des \u00e9quipements avec tension alternative (test r\u00e9sonnant) ou tension de choc avec ou sans m\u00e9thodes de diagnostic<\/p>\n<ul>\n<li><a href=\"https:\/\/fkh.ch\/fr\/dienstleistungen\/pruefung-von-hs-betriebsmitteln-vor-ort\/transformatoren-und-andere-apparate\/\">Transformateur de courant et autres dispositifs<\/a><\/li>\n<li><a href=\"https:\/\/fkh.ch\/fr\/dienstleistungen\/pruefung-von-hs-betriebsmitteln-vor-ort\/gis\/\">GIS (postes \u00e9lectriques sous enveloppe m\u00e9tallique)<\/a><\/li>\n<li><a href=\"https:\/\/fkh.ch\/fr\/dienstleistungen\/pruefung-von-hs-betriebsmitteln-vor-ort\/kabelpruefungen\/\">C\u00e2bles<\/a><\/li>\n<li>Machines tournantes<\/li>\n<\/ul>\n<h2>Test haute tension en laboratoire<\/h2>\n<ul>\n<li><a href=\"https:\/\/fkh.ch\/fr\/dienstleistungen\/pruefung-von-hs-betriebsmitteln-vor-ort\/hoch-und-mittelspannungskomponenten\/\">El\u00e9ments haute et moyenne tension<\/a><\/li>\n<\/ul>\n<h2>Analyse des huiles d\u2019isolation<\/h2>\n<p><a href=\"https:\/\/fkh.ch\/fr\/dienstleistungen\/isolieroelananlysen\/\">Analyse di\u00e9lectrique et chimique, Analyse chromatographique et spectroscopique<\/a><\/p>\n<ul>\n<li>Analyse des gaz de d\u00e9composition dissous<\/li>\n<li>Analyse du furane<\/li>\n<li>Analyse FTIR-spectral<\/li>\n<\/ul>\n<h2>Probl\u00e8mes de mise \u00e0 la terre, d&rsquo;environnement et de r\u00e9seau<\/h2>\n<ul>\n<li><a href=\"https:\/\/fkh.ch\/fr\/dienstleistungen\/erdungsprobleme-emv-emf-netzvorgaenge\/erdungsmessungen-berechnungen\/\">Mesures de mise \u00e0 la terre<\/a> \/ Berechnungen<\/li>\n<li><a href=\"https:\/\/fkh.ch\/fr\/dienstleistungen\/erdungsprobleme-emv-emf-netzvorgaenge\/emf-emv-messungen-und-berechnungen\/\">Calculs et mesures CEM et champs \u00e9lectromagn\u00e9tiques<\/a><\/li>\n<li>Mesures du bruit et des vibrations<\/li>\n<li>Mesures des <a href=\"https:\/\/fkh.ch\/fr\/dienstleistungen\/erdungsprobleme-emv-emf-netzvorgaenge\/netztransientenmessungen\/\">transitoires dans le r\u00e9seau<\/a> et <a href=\"https:\/\/fkh.ch\/fr\/dienstleistungen\/erdungsprobleme-emv-emf-netzvorgaenge\/netzqualitaetsanalysen\/\">analyses de la qualit\u00e9 du r\u00e9seau<\/a><\/li>\n<\/ul>\n<h2>Ing\u00e9nierie<\/h2>\n<ul>\n<li><a href=\"https:\/\/fkh.ch\/fr\/dienstleistungen\/engineering\/engineering-beratung-und-expertisen\/\">Ing\u00e9nierie, conseils et expertises<\/a><\/li>\n<li><a href=\"https:\/\/fkh.ch\/fr\/dienstleistungen\/engineering\/schadenanalysen\/\">Analyses des dommages<\/a><\/li>\n<li><a href=\"https:\/\/fkh.ch\/fr\/dienstleistungen\/engineering\/blitzschutzfragen\/\">Protections contre la foudre<\/a><\/li>\n<\/ul>\n<h2>Formation continue<\/h2>\n<ul>\n<li>Journ\u00e9es techniques<a href=\"\/?page_id=9\">,<\/a> formation et s\u00e9minaires<\/li>\n<\/ul>\n","protected":false},"excerpt":{"rendered":"<p>Tests des \u00e9quipements haute tension effectu\u00e9s sur site Tests haute tension des installation et des \u00e9quipements avec tension alternative (test r\u00e9sonnant) ou tension de choc avec ou sans m\u00e9thodes de diagnostic Transformateur de courant et autres dispositifs GIS (postes \u00e9lectriques sous enveloppe m\u00e9tallique) C\u00e2bles Machines tournantes Test haute tension en laboratoire El\u00e9ments haute et moyenne [&hellip;]<\/p>\n","protected":false},"author":194,"featured_media":0,"parent":0,"menu_order":0,"comment_status":"closed","ping_status":"closed","template":"","meta":{"_acf_changed":false,"footnotes":""},"class_list":["post-5241","page","type-page","status-publish","hentry"],"acf":[],"yoast_head":"<!-- This site is optimized with the Yoast SEO plugin v27.2 - https:\/\/yoast.com\/product\/yoast-seo-wordpress\/ -->\n<title>Aper\u00e7u - FKH<\/title>\n<meta name=\"robots\" content=\"index, follow, max-snippet:-1, max-image-preview:large, max-video-preview:-1\" \/>\n<link rel=\"canonical\" href=\"https:\/\/fkh.ch\/fr\/uebersicht\/\" \/>\n<meta property=\"og:locale\" content=\"fr_FR\" \/>\n<meta property=\"og:type\" content=\"article\" \/>\n<meta property=\"og:title\" content=\"Aper\u00e7u - FKH\" \/>\n<meta property=\"og:description\" content=\"Tests des \u00e9quipements haute tension effectu\u00e9s sur site Tests haute tension des installation et des \u00e9quipements avec tension alternative (test r\u00e9sonnant) ou tension de choc avec ou sans m\u00e9thodes de diagnostic Transformateur de courant et autres dispositifs GIS (postes \u00e9lectriques sous enveloppe m\u00e9tallique) C\u00e2bles Machines tournantes Test haute tension en laboratoire El\u00e9ments haute et moyenne [&hellip;]\" \/>\n<meta property=\"og:url\" content=\"https:\/\/fkh.ch\/fr\/uebersicht\/\" \/>\n<meta property=\"og:site_name\" content=\"FKH\" \/>\n<meta property=\"article:modified_time\" content=\"2019-10-04T13:08:40+00:00\" \/>\n<meta property=\"og:image\" content=\"https:\/\/fkh.ch\/wp-content\/uploads\/2019\/08\/Alle-Icons.png\" \/>\n<meta name=\"twitter:label1\" content=\"Dur\u00e9e de lecture estim\u00e9e\" \/>\n\t<meta name=\"twitter:data1\" content=\"1 minute\" \/>\n<script type=\"application\/ld+json\" class=\"yoast-schema-graph\">{\"@context\":\"https:\/\/schema.org\",\"@graph\":[{\"@type\":\"WebPage\",\"@id\":\"https:\/\/fkh.ch\/fr\/uebersicht\/\",\"url\":\"https:\/\/fkh.ch\/fr\/uebersicht\/\",\"name\":\"Aper\u00e7u - FKH\",\"isPartOf\":{\"@id\":\"https:\/\/fkh.ch\/fr\/#website\"},\"primaryImageOfPage\":{\"@id\":\"https:\/\/fkh.ch\/fr\/uebersicht\/#primaryimage\"},\"image\":{\"@id\":\"https:\/\/fkh.ch\/fr\/uebersicht\/#primaryimage\"},\"thumbnailUrl\":\"https:\/\/fkh.ch\/wp-content\/uploads\/2019\/08\/Alle-Icons.png\",\"datePublished\":\"2019-08-29T08:32:00+00:00\",\"dateModified\":\"2019-10-04T13:08:40+00:00\",\"breadcrumb\":{\"@id\":\"https:\/\/fkh.ch\/fr\/uebersicht\/#breadcrumb\"},\"inLanguage\":\"fr-FR\",\"potentialAction\":[{\"@type\":\"ReadAction\",\"target\":[\"https:\/\/fkh.ch\/fr\/uebersicht\/\"]}]},{\"@type\":\"ImageObject\",\"inLanguage\":\"fr-FR\",\"@id\":\"https:\/\/fkh.ch\/fr\/uebersicht\/#primaryimage\",\"url\":\"https:\/\/fkh.ch\/wp-content\/uploads\/2019\/08\/Alle-Icons.png\",\"contentUrl\":\"https:\/\/fkh.ch\/wp-content\/uploads\/2019\/08\/Alle-Icons.png\"},{\"@type\":\"BreadcrumbList\",\"@id\":\"https:\/\/fkh.ch\/fr\/uebersicht\/#breadcrumb\",\"itemListElement\":[{\"@type\":\"ListItem\",\"position\":1,\"name\":\"Startseite\",\"item\":\"https:\/\/fkh.ch\/fr\/\"},{\"@type\":\"ListItem\",\"position\":2,\"name\":\"Aper\u00e7u\"}]},{\"@type\":\"WebSite\",\"@id\":\"https:\/\/fkh.ch\/fr\/#website\",\"url\":\"https:\/\/fkh.ch\/fr\/\",\"name\":\"FKH\",\"description\":\"Commission d'\u00e9tude des questions relatives \u00e0 la haute tension\",\"potentialAction\":[{\"@type\":\"SearchAction\",\"target\":{\"@type\":\"EntryPoint\",\"urlTemplate\":\"https:\/\/fkh.ch\/fr\/?s={search_term_string}\"},\"query-input\":{\"@type\":\"PropertyValueSpecification\",\"valueRequired\":true,\"valueName\":\"search_term_string\"}}],\"inLanguage\":\"fr-FR\"}]}<\/script>\n<!-- \/ Yoast SEO plugin. -->","yoast_head_json":{"title":"Aper\u00e7u - FKH","robots":{"index":"index","follow":"follow","max-snippet":"max-snippet:-1","max-image-preview":"max-image-preview:large","max-video-preview":"max-video-preview:-1"},"canonical":"https:\/\/fkh.ch\/fr\/uebersicht\/","og_locale":"fr_FR","og_type":"article","og_title":"Aper\u00e7u - FKH","og_description":"Tests des \u00e9quipements haute tension effectu\u00e9s sur site Tests haute tension des installation et des \u00e9quipements avec tension alternative (test r\u00e9sonnant) ou tension de choc avec ou sans m\u00e9thodes de diagnostic Transformateur de courant et autres dispositifs GIS (postes \u00e9lectriques sous enveloppe m\u00e9tallique) C\u00e2bles Machines tournantes Test haute tension en laboratoire El\u00e9ments haute et moyenne [&hellip;]","og_url":"https:\/\/fkh.ch\/fr\/uebersicht\/","og_site_name":"FKH","article_modified_time":"2019-10-04T13:08:40+00:00","og_image":[{"url":"https:\/\/fkh.ch\/wp-content\/uploads\/2019\/08\/Alle-Icons.png","type":"","width":"","height":""}],"twitter_misc":{"Dur\u00e9e de lecture estim\u00e9e":"1 minute"},"schema":{"@context":"https:\/\/schema.org","@graph":[{"@type":"WebPage","@id":"https:\/\/fkh.ch\/fr\/uebersicht\/","url":"https:\/\/fkh.ch\/fr\/uebersicht\/","name":"Aper\u00e7u - FKH","isPartOf":{"@id":"https:\/\/fkh.ch\/fr\/#website"},"primaryImageOfPage":{"@id":"https:\/\/fkh.ch\/fr\/uebersicht\/#primaryimage"},"image":{"@id":"https:\/\/fkh.ch\/fr\/uebersicht\/#primaryimage"},"thumbnailUrl":"https:\/\/fkh.ch\/wp-content\/uploads\/2019\/08\/Alle-Icons.png","datePublished":"2019-08-29T08:32:00+00:00","dateModified":"2019-10-04T13:08:40+00:00","breadcrumb":{"@id":"https:\/\/fkh.ch\/fr\/uebersicht\/#breadcrumb"},"inLanguage":"fr-FR","potentialAction":[{"@type":"ReadAction","target":["https:\/\/fkh.ch\/fr\/uebersicht\/"]}]},{"@type":"ImageObject","inLanguage":"fr-FR","@id":"https:\/\/fkh.ch\/fr\/uebersicht\/#primaryimage","url":"https:\/\/fkh.ch\/wp-content\/uploads\/2019\/08\/Alle-Icons.png","contentUrl":"https:\/\/fkh.ch\/wp-content\/uploads\/2019\/08\/Alle-Icons.png"},{"@type":"BreadcrumbList","@id":"https:\/\/fkh.ch\/fr\/uebersicht\/#breadcrumb","itemListElement":[{"@type":"ListItem","position":1,"name":"Startseite","item":"https:\/\/fkh.ch\/fr\/"},{"@type":"ListItem","position":2,"name":"Aper\u00e7u"}]},{"@type":"WebSite","@id":"https:\/\/fkh.ch\/fr\/#website","url":"https:\/\/fkh.ch\/fr\/","name":"FKH","description":"Commission d'\u00e9tude des questions relatives \u00e0 la haute tension","potentialAction":[{"@type":"SearchAction","target":{"@type":"EntryPoint","urlTemplate":"https:\/\/fkh.ch\/fr\/?s={search_term_string}"},"query-input":{"@type":"PropertyValueSpecification","valueRequired":true,"valueName":"search_term_string"}}],"inLanguage":"fr-FR"}]}},"_links":{"self":[{"href":"https:\/\/fkh.ch\/fr\/wp-json\/wp\/v2\/pages\/5241","targetHints":{"allow":["GET"]}}],"collection":[{"href":"https:\/\/fkh.ch\/fr\/wp-json\/wp\/v2\/pages"}],"about":[{"href":"https:\/\/fkh.ch\/fr\/wp-json\/wp\/v2\/types\/page"}],"author":[{"embeddable":true,"href":"https:\/\/fkh.ch\/fr\/wp-json\/wp\/v2\/users\/194"}],"replies":[{"embeddable":true,"href":"https:\/\/fkh.ch\/fr\/wp-json\/wp\/v2\/comments?post=5241"}],"version-history":[{"count":3,"href":"https:\/\/fkh.ch\/fr\/wp-json\/wp\/v2\/pages\/5241\/revisions"}],"predecessor-version":[{"id":5243,"href":"https:\/\/fkh.ch\/fr\/wp-json\/wp\/v2\/pages\/5241\/revisions\/5243"}],"wp:attachment":[{"href":"https:\/\/fkh.ch\/fr\/wp-json\/wp\/v2\/media?parent=5241"}],"curies":[{"name":"wp","href":"https:\/\/api.w.org\/{rel}","templated":true}]}}