{"id":5251,"date":"2014-03-11T13:51:31","date_gmt":"2014-03-11T11:51:31","guid":{"rendered":"https:\/\/test.fkh.ch\/veranstaltungen\/"},"modified":"2026-03-18T12:56:20","modified_gmt":"2026-03-18T11:56:20","slug":"veranstaltungen","status":"publish","type":"page","link":"https:\/\/fkh.ch\/fr\/veranstaltungen\/","title":{"rendered":"Colloques"},"content":{"rendered":"<div class=\"anchors clearfix\"><a href=\"#year-2026\">2026<\/a><a href=\"#year-2025\">2025<\/a><a href=\"#year-2024\">2024<\/a><a href=\"#year-2023\">2023<\/a><a href=\"#year-2022\">2022<\/a><a href=\"#year-2021\">2021<\/a><a href=\"#year-2020\">2020<\/a><a href=\"#year-2019\">2019<\/a><a href=\"#year-2018\">2018<\/a><a href=\"#year-2017\">2017<\/a><a href=\"#year-2016\">2016<\/a><a href=\"#year-2015\">2015<\/a><a href=\"#year-2014\">2014<\/a><a href=\"#year-2013\">2013<\/a><a href=\"#year-2012\">2012<\/a><a href=\"#year-2011\">2011<\/a><a href=\"#year-2010\">2010<\/a><a href=\"#year-2009\">2009<\/a><a href=\"#year-2008\">2008<\/a><a href=\"#year-2007\">2007<\/a><a href=\"#year-2006\">2006<\/a><a href=\"#year-2005\">2005<\/a><a href=\"#year-2004\">2004<\/a><a href=\"#year-2003\">2003<\/a><a href=\"#year-2001\">2001<\/a><a href=\"#year-2000\">2000<\/a><a href=\"#year-1999\">1999<\/a><a href=\"#year-1997\">1997<\/a><a href=\"#year-1996\">1996<\/a><a href=\"#year-1995\">1995<\/a><a href=\"#year-1994\">1994<\/a><a href=\"#year-1993\">1993<\/a><a href=\"#year-1992\">1992<\/a><\/div>\n<h3 id=\"year-2026\">2026<\/h3>\n<div class=\"publication\">\n<h4>FKH-Fachtagung<\/h4>\n<p><a href=\"https:\/\/fkh.ch\/fr\/veranstaltungen\/fkh-fachtagung\/\">Netzausbau und Netzbetrieb &#8211; aktuelle Fragestellungen<\/a><\/p>\n<p>24. November 2026, Gottlieb Duttweiler Institut (GDI) \u2013 R\u00fcschlikon Z\u00fcrich<\/p>\n<h3 id=\"year-2025\">2025<\/h3>\n<div class=\"publication\">\n<h4>FKH-Fachtagung<\/h4>\n<p><a href=\"https:\/\/fkh.ch\/wp-content\/uploads\/2025\/11\/Tagungsband-komplett_komprimiert.pdf\">Messtechnische Zustandsbeurteilung von Betriebsmitteln in Schaltanlagen und Kraftwerken<\/a><\/p>\n<p>26. November 2025, Campus Sursee, Sursee<\/p>\n<h3 id=\"year-2024\">2024<\/h3>\n<div class=\"publication\">\n<h4>FKH-Fachtagung<\/h4>\n<p><a href=\"https:\/\/fkh.ch\/wp-content\/uploads\/2024\/12\/Tagungsband_komplett_V1.pdf\">Erzeugung und Messung hoher Spannungen und Str\u00f6me<\/a><\/p>\n<p>05. Dezember 2024, Hotel Arte, Olten<\/p>\n<h3 id=\"year-2023\">2023<\/h3>\n<div class=\"publication\">\n<h4>FKH-Fachtagung<\/h4>\n<p><a href=\"https:\/\/fkh.ch\/wp-content\/uploads\/2023\/11\/Tagungsband-komplett_komprimiert.pdf\">Umweltaspekte als Innovationstreiber der Hochspannungstechnologie<\/a><\/p>\n<p>21. November 2023, Trafo Baden<\/p>\n<h3 id=\"year-2022\">2022<\/h3>\n<div class=\"publication\">\n<h4>FKH-Fachtagung<\/h4>\n<p><a href=\"https:\/\/fkh.ch\/wp-content\/uploads\/2022\/11\/Fachtagunsband-komplett_reduziert.pdf\">Isolationskoordination<\/a><\/p>\n<p>22. November 2022, FHNW Campus Brugg-Windisch<\/p>\n<h3 id=\"year-2021\">2021<\/h3>\n<div class=\"publication\">\n<h4>FKH-Fachtagung<\/h4>\n<p><a href=\"https:\/\/fkh.ch\/wp-content\/uploads\/2021\/12\/Fachtagungsband_komplett.pdf\">Hochspannungsmesswandler<\/a><\/p>\n<p>08. Dezember 2021, Kongress + Kursaal Bern<\/p>\n<\/div>\n<h3 id=\"year-2020\">2020<\/h3>\n<div class=\"publication\">\n<h4>FKH-Fachtagung<\/h4>\n<p>Hochspannungsmesswandler<\/p>\n<p>ausgefallen<\/p>\n<h3 id=\"year-2019\">2019<\/h3>\n<div class=\"publication\">\n<h4>FKH-Fachtagung<\/h4>\n<p><a href=\"https:\/\/fkh.ch\/wp-content\/uploads\/2019\/11\/Band_Komplett_01.pdf\">Erdungen<\/a><\/p>\n<p>21. November 2019, Hotel Arte, Olten<\/p>\n<h3 id=\"year-2018\">2018<\/h3>\n<div class=\"publication\">\n<h4>ETG-\/FKH-Fachtagung<\/h4>\n<p><a href=\"https:\/\/fkh.ch\/wp-content\/uploads\/2018\/09\/Flyer_Leitungsbau_2018_Web.pdf\">Leitungsbau; Life-Cycle, Umwelt &amp; Akzeptanz<\/a><\/p>\n<p>07. November 2018, EKZ Dietikon<\/p>\n<div class=\"publications\">\n<h3 id=\"year-2017\">2017<\/h3>\n<div class=\"publication\">\n<h4>FKH-Fachtagung<\/h4>\n<p><a href=\"https:\/\/fkh.ch\/wp-content\/uploads\/2017\/11\/Band-komplett-09.pdf\">Zustandsbeurteilung von \u00d6lisolierten Transformatoren und Messwandlern<\/a><\/p>\n<p>22. November 2017, Hochschule f\u00fcr Technik Rapperswil<\/p>\n<div class=\"publications\">\n<h3 id=\"year-2016\">2016<\/h3>\n<div class=\"publication\">\n<h4>FKH-Fachtagung<\/h4>\n<p><a href=\"https:\/\/fkh.ch\/wp-content\/uploads\/2017\/06\/Fachtagungsband-komplett.pdf\">Einsatz von Feststoffisolationen in Hochspannungsbetriebsmitteln<\/a><\/p>\n<p>24. November 2016, ETH Z\u00fcrich<\/p>\n<div class=\"publications\">\n<h3 id=\"year-2015\">2015<\/h3>\n<div class=\"publication\">\n<h4>FKH-Fachtagung<\/h4>\n<p><a title=\"Fachtagungsband 2015\" href=\"https:\/\/fkh.ch\/wp-content\/uploads\/2015\/11\/Fachtagungsband-komplett6.pdf\" target=\"_blank\" rel=\"noopener noreferrer\">Hochspannungs-Leistungsschalter<\/a><\/p>\n<p>24. November 2015, Hochschule f\u00fcr Technik Rapperswil<\/p>\n<h3 id=\"year-2014\">2014<\/h3>\n<div class=\"publication\">\n<h4>FKH- \/ VSE-Fachtagung<\/h4>\n<p><a href=\"https:\/\/fkh.ch\/wp-content\/uploads\/2014\/11\/2014.pdf\" target=\"_blank\" rel=\"noopener noreferrer\">Netzqualit\u00e4t in \u00dcbertragungs- und Verteilnetzen<\/a><\/p>\n<p>13. November 2014, Fachhochschule Brugg-Windisch<\/p>\n<\/div>\n<h3 id=\"year-2013\">2013<\/h3>\n<div class=\"publication\">\n<h4>ETG\/FKH-Fachtagung<\/h4>\n<p><a href=\"https:\/\/fkh.ch\/wp-content\/uploads\/2014\/08\/Trends_bei_Hochspannungs-Schaltanlagen.pdf\" target=\"_blank\" rel=\"noopener noreferrer\">Trends bei Hochspannungs-Schaltanlagen<\/a><\/p>\n<p>25. September 2013, Kongresszentrum Trafo Baden<\/p>\n<\/div>\n<h3 id=\"year-2012\">2012<\/h3>\n<div class=\"publication\">\n<h4>FKH-Fachtagung<\/h4>\n<p><a title=\"FKH-Fachtagung Isolationsdiagnose und Ermittlung des Alterungszustands von Hochspannungskomponenten\" href=\"https:\/\/fkh.ch\/wp-content\/uploads\/2014\/07\/2012.pdf\">Isolationsdiagnose und Ermittlung des Alterungszustands von Hochspannungskomponenten<\/a><\/p>\n<p>5. Dezember 2012, HEIG-VD Yverdon-les-Bains<\/p>\n<\/div>\n<h3 id=\"year-2011\">2011<\/h3>\n<div class=\"publication\">\n<h4>FKH- \/ VSE-Fachtagung<\/h4>\n<p><a href=\"https:\/\/fkh.ch\/wp-content\/uploads\/2014\/07\/2011.pdf\" target=\"_blank\" rel=\"noopener noreferrer\">Berechnungsmethoden f\u00fcr Auslegung, Betrieb und Sicherheit von elektrischen Energieversorgungssystemen<\/a><\/p>\n<p>9. November 2011, Fachhochschule Brugg-Windisch<\/p>\n<\/div>\n<h3 id=\"year-2010\">2010<\/h3>\n<div class=\"publication\">\n<h4>FKH- \/ VSE-Fachtagung<\/h4>\n<p><a href=\"https:\/\/fkh.ch\/wp-content\/uploads\/2014\/07\/2010.pdf\">Gekapselte gasisolierte Schaltanlagen (GIS)<\/a><\/p>\n<p>5. November 2010, ETH Z\u00fcrich<\/p>\n<\/div>\n<h3 id=\"year-2009\">2009<\/h3>\n<div class=\"publication\">\n<h4>FKH- \/ ETG-Fachtagung<\/h4>\n<p><a href=\"https:\/\/fkh.ch\/wp-content\/uploads\/2014\/07\/2009.pdf\">Hochspannungskabel \u2013 aktuelle technologische Herausforderungen<\/a><\/p>\n<p>4. November 2009, Hochschule f\u00fcr Technik und Architektur Fribourg<\/p>\n<\/div>\n<h3 id=\"year-2008\">2008<\/h3>\n<div class=\"publication\">\n<h4>FKH- \/ VSE-Fachtagung<\/h4>\n<p><a href=\"https:\/\/fkh.ch\/wp-content\/uploads\/2014\/07\/2008.pdf\">\u00dcberspannungen und Isolationskoordination im Hochspannungsnetz<\/a><\/p>\n<p>11. November 2008, HSR Hochschule f\u00fcr Technik Rapperswil<\/p>\n<\/div>\n<h3 id=\"year-2007\">2007<\/h3>\n<div class=\"publication\">\n<h4>FKH- \/ VSE-Fachtagung<\/h4>\n<p><a href=\"https:\/\/fkh.ch\/wp-content\/uploads\/2014\/07\/2007.pdf\">\u00d6limpr\u00e4gnierte Hochspannungsisolationen, aktuelle Probleme<\/a><\/p>\n<p>14. November 2007, HSR Hochschule f\u00fcr Technik Rapperswil<\/p>\n<\/div>\n<h3 id=\"year-2006\">2006<\/h3>\n<div class=\"publication\">\n<h4>FKH- \/ VSE-Fachtagung<\/h4>\n<p><a href=\"https:\/\/fkh.ch\/wp-content\/uploads\/2014\/07\/2006.2.pdf\">Erneuerung und Erweiterung von Hochspannungsschaltanlagen<\/a><\/p>\n<p>15. November 2006, Ecole d\u2019ingenieurs et d\u2019architectes de Fribourg<\/p>\n<\/div>\n<h3 id=\"year-2005\">2005<\/h3>\n<div class=\"publication\">\n<h4>FKH- \/ VSE-Fachtagung<\/h4>\n<p><a href=\"https:\/\/fkh.ch\/wp-content\/uploads\/2014\/07\/2005.pdf\">Isolationsdiagnose an Hochspannungsbetriebsmitteln<\/a><\/p>\n<p>15. November 2005, HSR Hochschule f\u00fcr Technik Rapperswil<\/p>\n<\/div>\n<h3 id=\"year-2004\">2004<\/h3>\n<div class=\"publication\">\n<h4>FKH- \/ VSE-Fachtagung<\/h4>\n<p><a href=\"https:\/\/fkh.ch\/wp-content\/uploads\/2014\/07\/2004.pdf\">Erdschlussprobleme in Verteilnetzen<\/a><\/p>\n<p>10. November 2004, Fachhochschule Aargau, Windisch<\/p>\n<\/div>\n<h3 id=\"year-2003\">2003<\/h3>\n<div class=\"publication\">\n<h4>FKH- \/ VSE-Fachtagung<\/h4>\n<p><a href=\"https:\/\/fkh.ch\/wp-content\/uploads\/2014\/07\/2003.pdf\">Hochspannungsmesswandler (Betriebsfragen, Instandhaltung, technologische Entwicklung)<\/a><\/p>\n<p>12. November 2003, Fachhochschule Aargau, Windisch<\/p>\n<\/div>\n<h3 id=\"year-2001\">2001<\/h3>\n<div class=\"publication\">\n<h4>FKH- \/ VSE \u2013 Fachtagung<\/h4>\n<p><a href=\"https:\/\/fkh.ch\/wp-content\/uploads\/2014\/07\/2001.pdf\">Life-Time-Managment von elektrischen Maschinen<\/a><\/p>\n<p>17. Oktober 2001, ETH Z\u00fcrich<\/p>\n<\/div>\n<h3 id=\"year-2000\">2000<\/h3>\n<div class=\"publication\">\n<h4>FKH- \/ VSE \u2013 Fachtagung<\/h4>\n<p><a href=\"https:\/\/fkh.ch\/wp-content\/uploads\/2014\/07\/2000.1.pdf\">Hochspannungsfreileitungen (Technik, \u00d6konomie und Umwelt)<\/a><\/p>\n<p>4. Oktober 2000, Olten<\/p>\n<\/div>\n<div class=\"publication\">\n<h4>FKH \u2013 Fachtagung<\/h4>\n<p><a href=\"https:\/\/fkh.ch\/wp-content\/uploads\/2014\/07\/2000.2.pdf\">Lichtwellenleiter-Hochleistungsnetze (Technologie, Instandhaltung, Diagnostik, Qualit\u00e4tssicherung)<\/a><\/p>\n<p>23. August 2000, ETH Z\u00fcrich<\/p>\n<\/div>\n<h3 id=\"year-1999\">1999<\/h3>\n<div class=\"publication\">\n<h4>FKH- \/ VSE \u2013 Fachtagung<\/h4>\n<p><a href=\"https:\/\/fkh.ch\/wp-content\/uploads\/2014\/08\/1999.pdf\" target=\"_blank\" rel=\"noopener noreferrer\">EMV in elektrischen Energieversorgungsanlagen<\/a><\/p>\n<p>20. Oktober 1999, ETH Z\u00fcrich<\/p>\n<\/div>\n<h3 id=\"year-1997\">1997<\/h3>\n<div class=\"publication\">\n<h4>FKH- \/ VSE-Fachtagung<\/h4>\n<p><a href=\"https:\/\/fkh.ch\/wp-content\/uploads\/2014\/07\/1997.pdf\">Sicherung des Ingenieurnachwuchses in der elektrischen Entergietechnik in der Schweiz<\/a><\/p>\n<p>12. September 1997, ETH Z\u00fcrich<\/p>\n<\/div>\n<h3 id=\"year-1996\">1996<\/h3>\n<div class=\"publication\">\n<h4>FKH- \/ VSE-Fachtagung<\/h4>\n<p><a href=\"https:\/\/fkh.ch\/wp-content\/uploads\/2014\/07\/1996.pdf\">Diagnosemethoden und \u00dcberwachungssysteme f\u00fcr Betriebsmittel mit \u00d6l\/Papier-Isolation<\/a><\/p>\n<p>19. September 1996, Hotel Golden Tulip, Fribourg<\/p>\n<\/div>\n<h3 id=\"year-1995\">1995<\/h3>\n<div class=\"publication\">\n<h4>FKH- \/ VSE-Fachtagung<\/h4>\n<p><a href=\"https:\/\/fkh.ch\/wp-content\/uploads\/2014\/07\/1995-.pdf\">Erdungssysteme von Energie-Versorgungsanlagen (Anforderungen, Berechnungsmethoden, neue Messverfahren)<\/a><\/p>\n<p>20. September 1995, Hotel Union, Luzern<\/p>\n<\/div>\n<h3 id=\"year-1994\">1994<\/h3>\n<div class=\"publication\">\n<h4>FKH- \/ VSE-Fachtagung<\/h4>\n<p><a href=\"https:\/\/fkh.ch\/wp-content\/uploads\/2014\/07\/1994.pdf\">Niederfrequente Elektromagnetische Felder (EMV)<\/a><\/p>\n<p>21. September 1994, ETH Z\u00fcrich<\/p>\n<\/div>\n<h3 id=\"year-1993\">1993<\/h3>\n<div class=\"publication\">\n<h4>FKH- \/ VSE-Fachtagung<\/h4>\n<p><a href=\"https:\/\/fkh.ch\/wp-content\/uploads\/2014\/07\/1993.pdf\">Vor-Ort-Pr\u00fcfungen von Hochspannungsanlagen: M\u00f6glichkeiten und Grenzen<\/a><\/p>\n<p>17. November 1993, Casino de Montbenon, Lausanne<\/p>\n<\/div>\n<h3 id=\"year-1992\">1992<\/h3>\n<div class=\"publication\">\n<h4>FKH- \/ VSE-Fachtagung<\/h4>\n<p><a href=\"https:\/\/fkh.ch\/wp-content\/uploads\/2014\/07\/1992-ZH.pdf\">Blitzortung, Anwendungsbereiche und Erfahrungen<\/a><\/p>\n<p>14. Mai 1992, ETH Z\u00fcrich<\/p>\n<\/div>\n<div class=\"publication\">\n<h4>FKH- \/ VSE-Fachtagung<\/h4>\n<p><a href=\"https:\/\/fkh.ch\/wp-content\/uploads\/2014\/07\/1992-Bern.pdf\">\u00dcberspannungsableiter im Mittelspannungsnetz<\/a><\/p>\n<p>17. November 1992, Kursaal, Bern<\/p>\n<\/div>\n<\/div>\n<\/div>\n<\/div>\n<\/div>\n<\/div>\n<\/div>\n<\/div>\n<\/div>\n<\/div>\n<\/div>\n<\/div>\n<\/div>\n<\/div>\n<\/div>\n","protected":false},"excerpt":{"rendered":"<p>202620252024202320222021202020192018201720162015201420132012201120102009200820072006200520042003200120001999199719961995199419931992 2026 FKH-Fachtagung Netzausbau und Netzbetrieb &#8211; aktuelle Fragestellungen 24. November 2026, Gottlieb Duttweiler Institut (GDI) \u2013 R\u00fcschlikon Z\u00fcrich 2025 FKH-Fachtagung Messtechnische Zustandsbeurteilung von Betriebsmitteln in Schaltanlagen und Kraftwerken 26. November 2025, Campus Sursee, Sursee 2024 FKH-Fachtagung Erzeugung und Messung hoher Spannungen und Str\u00f6me 05. Dezember 2024, Hotel Arte, Olten 2023 FKH-Fachtagung Umweltaspekte als Innovationstreiber [&hellip;]<\/p>\n","protected":false},"author":198,"featured_media":0,"parent":0,"menu_order":40,"comment_status":"open","ping_status":"open","template":"","meta":{"_acf_changed":false,"footnotes":""},"class_list":["post-5251","page","type-page","status-publish","hentry"],"acf":[],"yoast_head":"<!-- This site is optimized with the Yoast SEO plugin v27.2 - https:\/\/yoast.com\/product\/yoast-seo-wordpress\/ -->\n<title>Colloques - FKH<\/title>\n<meta name=\"robots\" content=\"index, follow, max-snippet:-1, max-image-preview:large, max-video-preview:-1\" \/>\n<link rel=\"canonical\" href=\"https:\/\/fkh.ch\/fr\/veranstaltungen\/\" \/>\n<meta property=\"og:locale\" content=\"fr_FR\" \/>\n<meta property=\"og:type\" content=\"article\" \/>\n<meta property=\"og:title\" content=\"Colloques - FKH\" \/>\n<meta property=\"og:description\" content=\"202620252024202320222021202020192018201720162015201420132012201120102009200820072006200520042003200120001999199719961995199419931992 2026 FKH-Fachtagung Netzausbau und Netzbetrieb &#8211; aktuelle Fragestellungen 24. November 2026, Gottlieb Duttweiler Institut (GDI) \u2013 R\u00fcschlikon Z\u00fcrich 2025 FKH-Fachtagung Messtechnische Zustandsbeurteilung von Betriebsmitteln in Schaltanlagen und Kraftwerken 26. November 2025, Campus Sursee, Sursee 2024 FKH-Fachtagung Erzeugung und Messung hoher Spannungen und Str\u00f6me 05. Dezember 2024, Hotel Arte, Olten 2023 FKH-Fachtagung Umweltaspekte als Innovationstreiber [&hellip;]\" \/>\n<meta property=\"og:url\" content=\"https:\/\/fkh.ch\/fr\/veranstaltungen\/\" \/>\n<meta property=\"og:site_name\" content=\"FKH\" \/>\n<meta property=\"article:modified_time\" content=\"2026-03-18T11:56:20+00:00\" \/>\n<meta name=\"twitter:label1\" content=\"Dur\u00e9e de lecture estim\u00e9e\" \/>\n\t<meta name=\"twitter:data1\" content=\"3 minutes\" \/>\n<script type=\"application\/ld+json\" class=\"yoast-schema-graph\">{\"@context\":\"https:\/\/schema.org\",\"@graph\":[{\"@type\":\"WebPage\",\"@id\":\"https:\/\/fkh.ch\/fr\/veranstaltungen\/\",\"url\":\"https:\/\/fkh.ch\/fr\/veranstaltungen\/\",\"name\":\"Colloques - FKH\",\"isPartOf\":{\"@id\":\"https:\/\/fkh.ch\/fr\/#website\"},\"datePublished\":\"2014-03-11T11:51:31+00:00\",\"dateModified\":\"2026-03-18T11:56:20+00:00\",\"breadcrumb\":{\"@id\":\"https:\/\/fkh.ch\/fr\/veranstaltungen\/#breadcrumb\"},\"inLanguage\":\"fr-FR\",\"potentialAction\":[{\"@type\":\"ReadAction\",\"target\":[\"https:\/\/fkh.ch\/fr\/veranstaltungen\/\"]}]},{\"@type\":\"BreadcrumbList\",\"@id\":\"https:\/\/fkh.ch\/fr\/veranstaltungen\/#breadcrumb\",\"itemListElement\":[{\"@type\":\"ListItem\",\"position\":1,\"name\":\"Startseite\",\"item\":\"https:\/\/fkh.ch\/fr\/\"},{\"@type\":\"ListItem\",\"position\":2,\"name\":\"Colloques\"}]},{\"@type\":\"WebSite\",\"@id\":\"https:\/\/fkh.ch\/fr\/#website\",\"url\":\"https:\/\/fkh.ch\/fr\/\",\"name\":\"FKH\",\"description\":\"Commission d'\u00e9tude des questions relatives \u00e0 la haute tension\",\"potentialAction\":[{\"@type\":\"SearchAction\",\"target\":{\"@type\":\"EntryPoint\",\"urlTemplate\":\"https:\/\/fkh.ch\/fr\/?s={search_term_string}\"},\"query-input\":{\"@type\":\"PropertyValueSpecification\",\"valueRequired\":true,\"valueName\":\"search_term_string\"}}],\"inLanguage\":\"fr-FR\"}]}<\/script>\n<!-- \/ Yoast SEO plugin. -->","yoast_head_json":{"title":"Colloques - FKH","robots":{"index":"index","follow":"follow","max-snippet":"max-snippet:-1","max-image-preview":"max-image-preview:large","max-video-preview":"max-video-preview:-1"},"canonical":"https:\/\/fkh.ch\/fr\/veranstaltungen\/","og_locale":"fr_FR","og_type":"article","og_title":"Colloques - FKH","og_description":"202620252024202320222021202020192018201720162015201420132012201120102009200820072006200520042003200120001999199719961995199419931992 2026 FKH-Fachtagung Netzausbau und Netzbetrieb &#8211; aktuelle Fragestellungen 24. November 2026, Gottlieb Duttweiler Institut (GDI) \u2013 R\u00fcschlikon Z\u00fcrich 2025 FKH-Fachtagung Messtechnische Zustandsbeurteilung von Betriebsmitteln in Schaltanlagen und Kraftwerken 26. November 2025, Campus Sursee, Sursee 2024 FKH-Fachtagung Erzeugung und Messung hoher Spannungen und Str\u00f6me 05. Dezember 2024, Hotel Arte, Olten 2023 FKH-Fachtagung Umweltaspekte als Innovationstreiber [&hellip;]","og_url":"https:\/\/fkh.ch\/fr\/veranstaltungen\/","og_site_name":"FKH","article_modified_time":"2026-03-18T11:56:20+00:00","twitter_misc":{"Dur\u00e9e de lecture estim\u00e9e":"3 minutes"},"schema":{"@context":"https:\/\/schema.org","@graph":[{"@type":"WebPage","@id":"https:\/\/fkh.ch\/fr\/veranstaltungen\/","url":"https:\/\/fkh.ch\/fr\/veranstaltungen\/","name":"Colloques - FKH","isPartOf":{"@id":"https:\/\/fkh.ch\/fr\/#website"},"datePublished":"2014-03-11T11:51:31+00:00","dateModified":"2026-03-18T11:56:20+00:00","breadcrumb":{"@id":"https:\/\/fkh.ch\/fr\/veranstaltungen\/#breadcrumb"},"inLanguage":"fr-FR","potentialAction":[{"@type":"ReadAction","target":["https:\/\/fkh.ch\/fr\/veranstaltungen\/"]}]},{"@type":"BreadcrumbList","@id":"https:\/\/fkh.ch\/fr\/veranstaltungen\/#breadcrumb","itemListElement":[{"@type":"ListItem","position":1,"name":"Startseite","item":"https:\/\/fkh.ch\/fr\/"},{"@type":"ListItem","position":2,"name":"Colloques"}]},{"@type":"WebSite","@id":"https:\/\/fkh.ch\/fr\/#website","url":"https:\/\/fkh.ch\/fr\/","name":"FKH","description":"Commission d'\u00e9tude des questions relatives \u00e0 la haute tension","potentialAction":[{"@type":"SearchAction","target":{"@type":"EntryPoint","urlTemplate":"https:\/\/fkh.ch\/fr\/?s={search_term_string}"},"query-input":{"@type":"PropertyValueSpecification","valueRequired":true,"valueName":"search_term_string"}}],"inLanguage":"fr-FR"}]}},"_links":{"self":[{"href":"https:\/\/fkh.ch\/fr\/wp-json\/wp\/v2\/pages\/5251","targetHints":{"allow":["GET"]}}],"collection":[{"href":"https:\/\/fkh.ch\/fr\/wp-json\/wp\/v2\/pages"}],"about":[{"href":"https:\/\/fkh.ch\/fr\/wp-json\/wp\/v2\/types\/page"}],"author":[{"embeddable":true,"href":"https:\/\/fkh.ch\/fr\/wp-json\/wp\/v2\/users\/198"}],"replies":[{"embeddable":true,"href":"https:\/\/fkh.ch\/fr\/wp-json\/wp\/v2\/comments?post=5251"}],"version-history":[{"count":21,"href":"https:\/\/fkh.ch\/fr\/wp-json\/wp\/v2\/pages\/5251\/revisions"}],"predecessor-version":[{"id":7772,"href":"https:\/\/fkh.ch\/fr\/wp-json\/wp\/v2\/pages\/5251\/revisions\/7772"}],"wp:attachment":[{"href":"https:\/\/fkh.ch\/fr\/wp-json\/wp\/v2\/media?parent=5251"}],"curies":[{"name":"wp","href":"https:\/\/api.w.org\/{rel}","templated":true}]}}