{"id":5263,"date":"2014-03-11T14:04:50","date_gmt":"2014-03-11T12:04:50","guid":{"rendered":"https:\/\/test.fkh.ch\/kontakt\/standorte\/"},"modified":"2024-01-30T10:13:33","modified_gmt":"2024-01-30T09:13:33","slug":"standorte","status":"publish","type":"page","link":"https:\/\/fkh.ch\/fr\/kontakt\/standorte\/","title":{"rendered":"Localit\u00e9s"},"content":{"rendered":"<p align=\"JUSTIFY\"><span style=\"font-size: 115%;\"><strong>FKH op\u00e8re sur deux sites:<\/strong><\/span><\/p>\n<h3>Zurich<\/h3>\n<p>FKH-Si\u00e8ge principal<br \/>\nHagenholzstrasse 81<br \/>\n8050 Z\u00fcrich<br \/>\nT\u00e9l\u00e9fon: +41 44 253 62 62<br \/>\nT\u00e9l\u00e9fax: +41 44 253 62 60<br \/>\nE-Mail: info@fkh.ch<\/p>\n<h4><a href=\"https:\/\/goo.gl\/maps\/VSoqwu2oKsC2\">Affichage cartographique<\/a><\/h4>\n<h3>D\u00e4niken<\/h3>\n<p>FKH-Laboratoire de l&rsquo;huile isonante<br \/>\nAndresenschachen 10<br \/>\n5013 Niederg\u00f6sgen<br \/>\nT\u00e9l\u00e9fon: +41 62 288 77 99<br \/>\nT\u00e9l\u00e9fax: +41 62 288 77 90<\/p>\n<p>FKH-Centre d&rsquo;essai<br \/>\nAndresenschachen 10<br \/>\n5013 Niederg\u00f6sgen<br \/>\nT\u00e9l\u00e9fon: +41 62 288 77 95<br \/>\nT\u00e9l\u00e9fax: +41 62 288 77 94<\/p>\n<h4><a href=\"https:\/\/goo.gl\/maps\/9MKgUvYPZkw\">Affichage cartographique<\/a><\/h4>\n","protected":false},"excerpt":{"rendered":"<p>FKH op\u00e8re sur deux sites: Zurich FKH-Si\u00e8ge principal Hagenholzstrasse 81 8050 Z\u00fcrich T\u00e9l\u00e9fon: +41 44 253 62 62 T\u00e9l\u00e9fax: +41 44 253 62 60 E-Mail: info@fkh.ch Affichage cartographique D\u00e4niken FKH-Laboratoire de l&rsquo;huile isonante Andresenschachen 10 5013 Niederg\u00f6sgen T\u00e9l\u00e9fon: +41 62 288 77 99 T\u00e9l\u00e9fax: +41 62 288 77 90 FKH-Centre d&rsquo;essai Andresenschachen 10 5013 Niederg\u00f6sgen [&hellip;]<\/p>\n","protected":false},"author":198,"featured_media":0,"parent":4898,"menu_order":100,"comment_status":"closed","ping_status":"closed","template":"","meta":{"_acf_changed":false,"footnotes":""},"class_list":["post-5263","page","type-page","status-publish","hentry"],"acf":[],"yoast_head":"<!-- This site is optimized with the Yoast SEO plugin v27.2 - https:\/\/yoast.com\/product\/yoast-seo-wordpress\/ -->\n<title>Localit\u00e9s - FKH<\/title>\n<meta name=\"robots\" content=\"index, follow, max-snippet:-1, max-image-preview:large, max-video-preview:-1\" \/>\n<link rel=\"canonical\" href=\"https:\/\/fkh.ch\/fr\/kontakt\/standorte\/\" \/>\n<meta property=\"og:locale\" content=\"fr_FR\" \/>\n<meta property=\"og:type\" content=\"article\" \/>\n<meta property=\"og:title\" content=\"Localit\u00e9s - FKH\" \/>\n<meta property=\"og:description\" content=\"FKH op\u00e8re sur deux sites: Zurich FKH-Si\u00e8ge principal Hagenholzstrasse 81 8050 Z\u00fcrich T\u00e9l\u00e9fon: +41 44 253 62 62 T\u00e9l\u00e9fax: +41 44 253 62 60 E-Mail: info@fkh.ch Affichage cartographique D\u00e4niken FKH-Laboratoire de l&rsquo;huile isonante Andresenschachen 10 5013 Niederg\u00f6sgen T\u00e9l\u00e9fon: +41 62 288 77 99 T\u00e9l\u00e9fax: +41 62 288 77 90 FKH-Centre d&rsquo;essai Andresenschachen 10 5013 Niederg\u00f6sgen [&hellip;]\" \/>\n<meta property=\"og:url\" content=\"https:\/\/fkh.ch\/fr\/kontakt\/standorte\/\" \/>\n<meta property=\"og:site_name\" content=\"FKH\" \/>\n<meta property=\"article:modified_time\" content=\"2024-01-30T09:13:33+00:00\" \/>\n<meta name=\"twitter:label1\" content=\"Dur\u00e9e de lecture estim\u00e9e\" \/>\n\t<meta name=\"twitter:data1\" content=\"1 minute\" \/>\n<script type=\"application\/ld+json\" class=\"yoast-schema-graph\">{\"@context\":\"https:\/\/schema.org\",\"@graph\":[{\"@type\":\"WebPage\",\"@id\":\"https:\/\/fkh.ch\/fr\/kontakt\/standorte\/\",\"url\":\"https:\/\/fkh.ch\/fr\/kontakt\/standorte\/\",\"name\":\"Localit\u00e9s - FKH\",\"isPartOf\":{\"@id\":\"https:\/\/fkh.ch\/fr\/#website\"},\"datePublished\":\"2014-03-11T12:04:50+00:00\",\"dateModified\":\"2024-01-30T09:13:33+00:00\",\"breadcrumb\":{\"@id\":\"https:\/\/fkh.ch\/fr\/kontakt\/standorte\/#breadcrumb\"},\"inLanguage\":\"fr-FR\",\"potentialAction\":[{\"@type\":\"ReadAction\",\"target\":[\"https:\/\/fkh.ch\/fr\/kontakt\/standorte\/\"]}]},{\"@type\":\"BreadcrumbList\",\"@id\":\"https:\/\/fkh.ch\/fr\/kontakt\/standorte\/#breadcrumb\",\"itemListElement\":[{\"@type\":\"ListItem\",\"position\":1,\"name\":\"Startseite\",\"item\":\"https:\/\/fkh.ch\/fr\/\"},{\"@type\":\"ListItem\",\"position\":2,\"name\":\"Contactez-nous\",\"item\":\"https:\/\/fkh.ch\/fr\/kontakt\/\"},{\"@type\":\"ListItem\",\"position\":3,\"name\":\"Localit\u00e9s\"}]},{\"@type\":\"WebSite\",\"@id\":\"https:\/\/fkh.ch\/fr\/#website\",\"url\":\"https:\/\/fkh.ch\/fr\/\",\"name\":\"FKH\",\"description\":\"Commission d'\u00e9tude des questions relatives \u00e0 la haute tension\",\"potentialAction\":[{\"@type\":\"SearchAction\",\"target\":{\"@type\":\"EntryPoint\",\"urlTemplate\":\"https:\/\/fkh.ch\/fr\/?s={search_term_string}\"},\"query-input\":{\"@type\":\"PropertyValueSpecification\",\"valueRequired\":true,\"valueName\":\"search_term_string\"}}],\"inLanguage\":\"fr-FR\"}]}<\/script>\n<!-- \/ Yoast SEO plugin. -->","yoast_head_json":{"title":"Localit\u00e9s - FKH","robots":{"index":"index","follow":"follow","max-snippet":"max-snippet:-1","max-image-preview":"max-image-preview:large","max-video-preview":"max-video-preview:-1"},"canonical":"https:\/\/fkh.ch\/fr\/kontakt\/standorte\/","og_locale":"fr_FR","og_type":"article","og_title":"Localit\u00e9s - FKH","og_description":"FKH op\u00e8re sur deux sites: Zurich FKH-Si\u00e8ge principal Hagenholzstrasse 81 8050 Z\u00fcrich T\u00e9l\u00e9fon: +41 44 253 62 62 T\u00e9l\u00e9fax: +41 44 253 62 60 E-Mail: info@fkh.ch Affichage cartographique D\u00e4niken FKH-Laboratoire de l&rsquo;huile isonante Andresenschachen 10 5013 Niederg\u00f6sgen T\u00e9l\u00e9fon: +41 62 288 77 99 T\u00e9l\u00e9fax: +41 62 288 77 90 FKH-Centre d&rsquo;essai Andresenschachen 10 5013 Niederg\u00f6sgen [&hellip;]","og_url":"https:\/\/fkh.ch\/fr\/kontakt\/standorte\/","og_site_name":"FKH","article_modified_time":"2024-01-30T09:13:33+00:00","twitter_misc":{"Dur\u00e9e de lecture estim\u00e9e":"1 minute"},"schema":{"@context":"https:\/\/schema.org","@graph":[{"@type":"WebPage","@id":"https:\/\/fkh.ch\/fr\/kontakt\/standorte\/","url":"https:\/\/fkh.ch\/fr\/kontakt\/standorte\/","name":"Localit\u00e9s - FKH","isPartOf":{"@id":"https:\/\/fkh.ch\/fr\/#website"},"datePublished":"2014-03-11T12:04:50+00:00","dateModified":"2024-01-30T09:13:33+00:00","breadcrumb":{"@id":"https:\/\/fkh.ch\/fr\/kontakt\/standorte\/#breadcrumb"},"inLanguage":"fr-FR","potentialAction":[{"@type":"ReadAction","target":["https:\/\/fkh.ch\/fr\/kontakt\/standorte\/"]}]},{"@type":"BreadcrumbList","@id":"https:\/\/fkh.ch\/fr\/kontakt\/standorte\/#breadcrumb","itemListElement":[{"@type":"ListItem","position":1,"name":"Startseite","item":"https:\/\/fkh.ch\/fr\/"},{"@type":"ListItem","position":2,"name":"Contactez-nous","item":"https:\/\/fkh.ch\/fr\/kontakt\/"},{"@type":"ListItem","position":3,"name":"Localit\u00e9s"}]},{"@type":"WebSite","@id":"https:\/\/fkh.ch\/fr\/#website","url":"https:\/\/fkh.ch\/fr\/","name":"FKH","description":"Commission d'\u00e9tude des questions relatives \u00e0 la haute tension","potentialAction":[{"@type":"SearchAction","target":{"@type":"EntryPoint","urlTemplate":"https:\/\/fkh.ch\/fr\/?s={search_term_string}"},"query-input":{"@type":"PropertyValueSpecification","valueRequired":true,"valueName":"search_term_string"}}],"inLanguage":"fr-FR"}]}},"_links":{"self":[{"href":"https:\/\/fkh.ch\/fr\/wp-json\/wp\/v2\/pages\/5263","targetHints":{"allow":["GET"]}}],"collection":[{"href":"https:\/\/fkh.ch\/fr\/wp-json\/wp\/v2\/pages"}],"about":[{"href":"https:\/\/fkh.ch\/fr\/wp-json\/wp\/v2\/types\/page"}],"author":[{"embeddable":true,"href":"https:\/\/fkh.ch\/fr\/wp-json\/wp\/v2\/users\/198"}],"replies":[{"embeddable":true,"href":"https:\/\/fkh.ch\/fr\/wp-json\/wp\/v2\/comments?post=5263"}],"version-history":[{"count":4,"href":"https:\/\/fkh.ch\/fr\/wp-json\/wp\/v2\/pages\/5263\/revisions"}],"predecessor-version":[{"id":7036,"href":"https:\/\/fkh.ch\/fr\/wp-json\/wp\/v2\/pages\/5263\/revisions\/7036"}],"up":[{"embeddable":true,"href":"https:\/\/fkh.ch\/fr\/wp-json\/wp\/v2\/pages\/4898"}],"wp:attachment":[{"href":"https:\/\/fkh.ch\/fr\/wp-json\/wp\/v2\/media?parent=5263"}],"curies":[{"name":"wp","href":"https:\/\/api.w.org\/{rel}","templated":true}]}}