{"id":5901,"date":"2014-04-02T08:45:15","date_gmt":"2014-04-02T06:45:15","guid":{"rendered":"https:\/\/test.fkh.ch\/downloads\/"},"modified":"2024-10-14T14:32:14","modified_gmt":"2024-10-14T12:32:14","slug":"downloads","status":"publish","type":"page","link":"https:\/\/fkh.ch\/fr\/downloads\/","title":{"rendered":"T\u00e9l\u00e9chargement"},"content":{"rendered":"<p><a href=\"https:\/\/fkh.ch\/wp-content\/uploads\/2024\/04\/Flyer_Dienstleistungen_FKH_F_Version-2024.pdf\">D\u00e9pliant Services<\/a><a href=\"https:\/\/fkh.ch\/wp-content\/uploads\/2024\/04\/Flyer_Dienstleistungen_FKH_F_Version-2024.pdf\"><img loading=\"lazy\" decoding=\"async\" class=\" wp-image-7140 alignleft\" src=\"https:\/\/fkh.ch\/wp-content\/uploads\/2024\/04\/Flyer_Dienstleistungen_FKH_F_Version-2024_Page1-212x300.jpg\" alt=\"\" width=\"105\" height=\"149\" srcset=\"https:\/\/fkh.ch\/wp-content\/uploads\/2024\/04\/Flyer_Dienstleistungen_FKH_F_Version-2024_Page1-212x300.jpg 212w, https:\/\/fkh.ch\/wp-content\/uploads\/2024\/04\/Flyer_Dienstleistungen_FKH_F_Version-2024_Page1-724x1024.jpg 724w, https:\/\/fkh.ch\/wp-content\/uploads\/2024\/04\/Flyer_Dienstleistungen_FKH_F_Version-2024_Page1-768x1086.jpg 768w, https:\/\/fkh.ch\/wp-content\/uploads\/2024\/04\/Flyer_Dienstleistungen_FKH_F_Version-2024_Page1-1086x1536.jpg 1086w, https:\/\/fkh.ch\/wp-content\/uploads\/2024\/04\/Flyer_Dienstleistungen_FKH_F_Version-2024_Page1.jpg 1389w\" sizes=\"auto, (max-width: 105px) 100vw, 105px\" \/><\/a><\/p>\n<p>&nbsp;<\/p>\n<p>&nbsp;<\/p>\n<p>&nbsp;<\/p>\n<p style=\"clear: both;\"><a href=\"https:\/\/fkh.ch\/wp-content\/uploads\/2019\/11\/Leistungstransformator-Diagnose-FR-V19-01.pdf\"><img loading=\"lazy\" decoding=\"async\" class=\"wp-image-5879 alignleft\" src=\"https:\/\/fkh.ch\/wp-content\/uploads\/2019\/11\/Leistungstransformator-Diagnose-FR-Bild.png\" alt=\"\" width=\"107\" height=\"151\" srcset=\"https:\/\/fkh.ch\/wp-content\/uploads\/2019\/11\/Leistungstransformator-Diagnose-FR-Bild.png 794w, https:\/\/fkh.ch\/wp-content\/uploads\/2019\/11\/Leistungstransformator-Diagnose-FR-Bild-212x300.png 212w, https:\/\/fkh.ch\/wp-content\/uploads\/2019\/11\/Leistungstransformator-Diagnose-FR-Bild-768x1086.png 768w, https:\/\/fkh.ch\/wp-content\/uploads\/2019\/11\/Leistungstransformator-Diagnose-FR-Bild-724x1024.png 724w\" sizes=\"auto, (max-width: 107px) 100vw, 107px\" \/><\/a><a href=\"https:\/\/fkh.ch\/wp-content\/uploads\/2019\/11\/Leistungstransformator-Diagnose-FR-V19-01.pdf\">Broschure Diagnostic des transformateurs de puissance<\/a><\/p>\n<p style=\"clear: both;\"><a href=\"https:\/\/fkh.ch\/wp-content\/uploads\/2019\/11\/Isolieroelanalysen-FR-V19-01.pdf\"><img loading=\"lazy\" decoding=\"async\" class=\"wp-image-5873 alignleft\" src=\"https:\/\/fkh.ch\/wp-content\/uploads\/2019\/11\/Isolieroelanalysen-FR-Bild.png\" alt=\"\" width=\"106\" height=\"150\" srcset=\"https:\/\/fkh.ch\/wp-content\/uploads\/2019\/11\/Isolieroelanalysen-FR-Bild.png 794w, https:\/\/fkh.ch\/wp-content\/uploads\/2019\/11\/Isolieroelanalysen-FR-Bild-212x300.png 212w, https:\/\/fkh.ch\/wp-content\/uploads\/2019\/11\/Isolieroelanalysen-FR-Bild-768x1086.png 768w, https:\/\/fkh.ch\/wp-content\/uploads\/2019\/11\/Isolieroelanalysen-FR-Bild-724x1024.png 724w\" sizes=\"auto, (max-width: 106px) 100vw, 106px\" \/><\/a><a href=\"https:\/\/fkh.ch\/wp-content\/uploads\/2019\/11\/Isolieroelanalysen-FR-V19-01.pdf\">Broschure Analyses d\u2019huiles isolantes<\/a><\/p>\n<p style=\"clear: both;\"><a href=\"https:\/\/fkh.ch\/wp-content\/uploads\/2019\/11\/GIS-Pr\u00fcfungen-FR-V19-01.pdf\"><img loading=\"lazy\" decoding=\"async\" class=\"wp-image-5870 alignleft\" src=\"https:\/\/fkh.ch\/wp-content\/uploads\/2019\/11\/GIS-Pr\u00fcfungen-FR-Bild.png\" alt=\"\" width=\"107\" height=\"152\" srcset=\"https:\/\/fkh.ch\/wp-content\/uploads\/2019\/11\/GIS-Pr\u00fcfungen-FR-Bild.png 794w, https:\/\/fkh.ch\/wp-content\/uploads\/2019\/11\/GIS-Pr\u00fcfungen-FR-Bild-212x300.png 212w, https:\/\/fkh.ch\/wp-content\/uploads\/2019\/11\/GIS-Pr\u00fcfungen-FR-Bild-768x1086.png 768w, https:\/\/fkh.ch\/wp-content\/uploads\/2019\/11\/GIS-Pr\u00fcfungen-FR-Bild-724x1024.png 724w\" sizes=\"auto, (max-width: 107px) 100vw, 107px\" \/><\/a><a href=\"https:\/\/fkh.ch\/wp-content\/uploads\/2019\/11\/GIS-Pr\u00fcfungen-FR-V19-01.pdf\">Brochure Essai de postes \u00e9lectriques sous enveloppe m\u00e9tallique (GIS)<\/a><\/p>\n<p style=\"clear: both;\"><a href=\"https:\/\/fkh.ch\/wp-content\/uploads\/2021\/03\/Kabelpruefungen-FR-V21-01.pdf\"><img loading=\"lazy\" decoding=\"async\" class=\"alignleft wp-image-5876\" src=\"https:\/\/fkh.ch\/wp-content\/uploads\/2019\/11\/Kabelpr\u00fcfungen-FR-Bild.png\" alt=\"\" width=\"103\" height=\"146\" srcset=\"https:\/\/fkh.ch\/wp-content\/uploads\/2019\/11\/Kabelpr\u00fcfungen-FR-Bild.png 794w, https:\/\/fkh.ch\/wp-content\/uploads\/2019\/11\/Kabelpr\u00fcfungen-FR-Bild-212x300.png 212w, https:\/\/fkh.ch\/wp-content\/uploads\/2019\/11\/Kabelpr\u00fcfungen-FR-Bild-768x1086.png 768w, https:\/\/fkh.ch\/wp-content\/uploads\/2019\/11\/Kabelpr\u00fcfungen-FR-Bild-724x1024.png 724w\" sizes=\"auto, (max-width: 103px) 100vw, 103px\" \/><\/a> <a href=\"https:\/\/fkh.ch\/wp-content\/uploads\/2021\/03\/Kabelpruefungen-FR-V21-01.pdf\">Brochure Essai de liaisons c\u00e2bl\u00e9es<\/a><\/p>\n<p style=\"clear: both;\"><a href=\"https:\/\/fkh.ch\/wp-content\/uploads\/2019\/11\/Erdungsmessungen-FR-V19-01.pdf\"><img loading=\"lazy\" decoding=\"async\" class=\"wp-image-5867 alignleft\" src=\"https:\/\/fkh.ch\/wp-content\/uploads\/2019\/11\/Erdungsmessungen-FR-Bild.png\" alt=\"\" width=\"101\" height=\"143\" srcset=\"https:\/\/fkh.ch\/wp-content\/uploads\/2019\/11\/Erdungsmessungen-FR-Bild.png 794w, https:\/\/fkh.ch\/wp-content\/uploads\/2019\/11\/Erdungsmessungen-FR-Bild-212x300.png 212w, https:\/\/fkh.ch\/wp-content\/uploads\/2019\/11\/Erdungsmessungen-FR-Bild-768x1086.png 768w, https:\/\/fkh.ch\/wp-content\/uploads\/2019\/11\/Erdungsmessungen-FR-Bild-724x1024.png 724w\" sizes=\"auto, (max-width: 101px) 100vw, 101px\" \/><\/a><a href=\"https:\/\/fkh.ch\/wp-content\/uploads\/2019\/11\/Erdungsmessungen-FR-V19-01.pdf\">Broschure Mesures de mise \u00e0 la terre<\/a><\/p>\n<p style=\"clear: both;\"><a href=\"https:\/\/fkh.ch\/wp-content\/uploads\/2019\/11\/Berechnungen-FR-V19-01.pdf\"><img loading=\"lazy\" decoding=\"async\" class=\"alignleft wp-image-5864 \" src=\"https:\/\/fkh.ch\/wp-content\/uploads\/2019\/11\/Berechnungen-FR-Bild.png\" alt=\"\" width=\"94\" height=\"133\" srcset=\"https:\/\/fkh.ch\/wp-content\/uploads\/2019\/11\/Berechnungen-FR-Bild.png 794w, https:\/\/fkh.ch\/wp-content\/uploads\/2019\/11\/Berechnungen-FR-Bild-212x300.png 212w, https:\/\/fkh.ch\/wp-content\/uploads\/2019\/11\/Berechnungen-FR-Bild-768x1086.png 768w, https:\/\/fkh.ch\/wp-content\/uploads\/2019\/11\/Berechnungen-FR-Bild-724x1024.png 724w\" sizes=\"auto, (max-width: 94px) 100vw, 94px\" \/><\/a><a href=\"https:\/\/fkh.ch\/wp-content\/uploads\/2019\/11\/Berechnungen-FR-V19-01.pdf\">Brochure\u00a0M\u00e9thodes de calcul pour l\u2019ing\u00e9nierie \u00e9nerg\u00e9tique<\/a><\/p>\n<p>&nbsp;<\/p>\n<p>&nbsp;<\/p>\n<p>&nbsp;<\/p>\n<p>&nbsp;<\/p>\n<p><a style=\"clear: both; display: block;\" title=\"Publikationen\" href=\"https:\/\/fkh.ch\/fr\/publikationen\/\">Publications<\/a><\/p>\n<p><a href=\"https:\/\/fkh.ch\/fr\/a-propos-de-nous\/jahresberichte\/\">Rapports annuels<\/a><\/p>\n<p><a href=\"https:\/\/fkh.ch\/fr\/a-propos-de-nous\/verhaltenskodex\/\">Code de conduite<\/a><\/p>\n<p><a href=\"https:\/\/fkh.ch\/fr\/statuts\/\">Statuts<\/a><\/p>\n","protected":false},"excerpt":{"rendered":"<p>D\u00e9pliant Services &nbsp; &nbsp; &nbsp; Broschure Diagnostic des transformateurs de puissance Broschure Analyses d\u2019huiles isolantes Brochure Essai de postes \u00e9lectriques sous enveloppe m\u00e9tallique (GIS) Brochure Essai de liaisons c\u00e2bl\u00e9es Broschure Mesures de mise \u00e0 la terre Brochure\u00a0M\u00e9thodes de calcul pour l\u2019ing\u00e9nierie \u00e9nerg\u00e9tique &nbsp; &nbsp; &nbsp; &nbsp; Publications Rapports annuels Code de conduite Statuts<\/p>\n","protected":false},"author":198,"featured_media":0,"parent":0,"menu_order":100,"comment_status":"open","ping_status":"open","template":"","meta":{"_acf_changed":false,"footnotes":""},"class_list":["post-5901","page","type-page","status-publish","hentry"],"acf":[],"yoast_head":"<!-- This site is optimized with the Yoast SEO plugin v27.2 - https:\/\/yoast.com\/product\/yoast-seo-wordpress\/ -->\n<title>T\u00e9l\u00e9chargement - FKH<\/title>\n<meta name=\"robots\" content=\"index, follow, max-snippet:-1, max-image-preview:large, max-video-preview:-1\" \/>\n<link rel=\"canonical\" href=\"https:\/\/fkh.ch\/fr\/downloads\/\" \/>\n<meta property=\"og:locale\" content=\"fr_FR\" \/>\n<meta property=\"og:type\" content=\"article\" \/>\n<meta property=\"og:title\" content=\"T\u00e9l\u00e9chargement - FKH\" \/>\n<meta property=\"og:description\" content=\"D\u00e9pliant Services &nbsp; &nbsp; &nbsp; Broschure Diagnostic des transformateurs de puissance Broschure Analyses d\u2019huiles isolantes Brochure Essai de postes \u00e9lectriques sous enveloppe m\u00e9tallique (GIS) Brochure Essai de liaisons c\u00e2bl\u00e9es Broschure Mesures de mise \u00e0 la terre Brochure\u00a0M\u00e9thodes de calcul pour l\u2019ing\u00e9nierie \u00e9nerg\u00e9tique &nbsp; &nbsp; &nbsp; &nbsp; Publications Rapports annuels Code de conduite Statuts\" \/>\n<meta property=\"og:url\" content=\"https:\/\/fkh.ch\/fr\/downloads\/\" \/>\n<meta property=\"og:site_name\" content=\"FKH\" \/>\n<meta property=\"article:modified_time\" content=\"2024-10-14T12:32:14+00:00\" \/>\n<meta property=\"og:image\" content=\"https:\/\/fkh.ch\/wp-content\/uploads\/2024\/04\/Flyer_Dienstleistungen_FKH_F_Version-2024_Page1.jpg\" \/>\n\t<meta property=\"og:image:width\" content=\"1389\" \/>\n\t<meta property=\"og:image:height\" content=\"1964\" \/>\n\t<meta property=\"og:image:type\" content=\"image\/jpeg\" \/>\n<meta name=\"twitter:label1\" content=\"Dur\u00e9e de lecture estim\u00e9e\" \/>\n\t<meta name=\"twitter:data1\" content=\"2 minutes\" \/>\n<script type=\"application\/ld+json\" class=\"yoast-schema-graph\">{\"@context\":\"https:\/\/schema.org\",\"@graph\":[{\"@type\":\"WebPage\",\"@id\":\"https:\/\/fkh.ch\/fr\/downloads\/\",\"url\":\"https:\/\/fkh.ch\/fr\/downloads\/\",\"name\":\"T\u00e9l\u00e9chargement - FKH\",\"isPartOf\":{\"@id\":\"https:\/\/fkh.ch\/fr\/#website\"},\"primaryImageOfPage\":{\"@id\":\"https:\/\/fkh.ch\/fr\/downloads\/#primaryimage\"},\"image\":{\"@id\":\"https:\/\/fkh.ch\/fr\/downloads\/#primaryimage\"},\"thumbnailUrl\":\"https:\/\/fkh.ch\/wp-content\/uploads\/2024\/04\/Flyer_Dienstleistungen_FKH_F_Version-2024_Page1-212x300.jpg\",\"datePublished\":\"2014-04-02T06:45:15+00:00\",\"dateModified\":\"2024-10-14T12:32:14+00:00\",\"breadcrumb\":{\"@id\":\"https:\/\/fkh.ch\/fr\/downloads\/#breadcrumb\"},\"inLanguage\":\"fr-FR\",\"potentialAction\":[{\"@type\":\"ReadAction\",\"target\":[\"https:\/\/fkh.ch\/fr\/downloads\/\"]}]},{\"@type\":\"ImageObject\",\"inLanguage\":\"fr-FR\",\"@id\":\"https:\/\/fkh.ch\/fr\/downloads\/#primaryimage\",\"url\":\"https:\/\/fkh.ch\/wp-content\/uploads\/2024\/04\/Flyer_Dienstleistungen_FKH_F_Version-2024_Page1-212x300.jpg\",\"contentUrl\":\"https:\/\/fkh.ch\/wp-content\/uploads\/2024\/04\/Flyer_Dienstleistungen_FKH_F_Version-2024_Page1-212x300.jpg\"},{\"@type\":\"BreadcrumbList\",\"@id\":\"https:\/\/fkh.ch\/fr\/downloads\/#breadcrumb\",\"itemListElement\":[{\"@type\":\"ListItem\",\"position\":1,\"name\":\"Startseite\",\"item\":\"https:\/\/fkh.ch\/fr\/\"},{\"@type\":\"ListItem\",\"position\":2,\"name\":\"T\u00e9l\u00e9chargement\"}]},{\"@type\":\"WebSite\",\"@id\":\"https:\/\/fkh.ch\/fr\/#website\",\"url\":\"https:\/\/fkh.ch\/fr\/\",\"name\":\"FKH\",\"description\":\"Commission d'\u00e9tude des questions relatives \u00e0 la haute tension\",\"potentialAction\":[{\"@type\":\"SearchAction\",\"target\":{\"@type\":\"EntryPoint\",\"urlTemplate\":\"https:\/\/fkh.ch\/fr\/?s={search_term_string}\"},\"query-input\":{\"@type\":\"PropertyValueSpecification\",\"valueRequired\":true,\"valueName\":\"search_term_string\"}}],\"inLanguage\":\"fr-FR\"}]}<\/script>\n<!-- \/ Yoast SEO plugin. -->","yoast_head_json":{"title":"T\u00e9l\u00e9chargement - FKH","robots":{"index":"index","follow":"follow","max-snippet":"max-snippet:-1","max-image-preview":"max-image-preview:large","max-video-preview":"max-video-preview:-1"},"canonical":"https:\/\/fkh.ch\/fr\/downloads\/","og_locale":"fr_FR","og_type":"article","og_title":"T\u00e9l\u00e9chargement - FKH","og_description":"D\u00e9pliant Services &nbsp; &nbsp; &nbsp; Broschure Diagnostic des transformateurs de puissance Broschure Analyses d\u2019huiles isolantes Brochure Essai de postes \u00e9lectriques sous enveloppe m\u00e9tallique (GIS) Brochure Essai de liaisons c\u00e2bl\u00e9es Broschure Mesures de mise \u00e0 la terre Brochure\u00a0M\u00e9thodes de calcul pour l\u2019ing\u00e9nierie \u00e9nerg\u00e9tique &nbsp; &nbsp; &nbsp; &nbsp; Publications Rapports annuels Code de conduite Statuts","og_url":"https:\/\/fkh.ch\/fr\/downloads\/","og_site_name":"FKH","article_modified_time":"2024-10-14T12:32:14+00:00","og_image":[{"width":1389,"height":1964,"url":"https:\/\/fkh.ch\/wp-content\/uploads\/2024\/04\/Flyer_Dienstleistungen_FKH_F_Version-2024_Page1.jpg","type":"image\/jpeg"}],"twitter_misc":{"Dur\u00e9e de lecture estim\u00e9e":"2 minutes"},"schema":{"@context":"https:\/\/schema.org","@graph":[{"@type":"WebPage","@id":"https:\/\/fkh.ch\/fr\/downloads\/","url":"https:\/\/fkh.ch\/fr\/downloads\/","name":"T\u00e9l\u00e9chargement - FKH","isPartOf":{"@id":"https:\/\/fkh.ch\/fr\/#website"},"primaryImageOfPage":{"@id":"https:\/\/fkh.ch\/fr\/downloads\/#primaryimage"},"image":{"@id":"https:\/\/fkh.ch\/fr\/downloads\/#primaryimage"},"thumbnailUrl":"https:\/\/fkh.ch\/wp-content\/uploads\/2024\/04\/Flyer_Dienstleistungen_FKH_F_Version-2024_Page1-212x300.jpg","datePublished":"2014-04-02T06:45:15+00:00","dateModified":"2024-10-14T12:32:14+00:00","breadcrumb":{"@id":"https:\/\/fkh.ch\/fr\/downloads\/#breadcrumb"},"inLanguage":"fr-FR","potentialAction":[{"@type":"ReadAction","target":["https:\/\/fkh.ch\/fr\/downloads\/"]}]},{"@type":"ImageObject","inLanguage":"fr-FR","@id":"https:\/\/fkh.ch\/fr\/downloads\/#primaryimage","url":"https:\/\/fkh.ch\/wp-content\/uploads\/2024\/04\/Flyer_Dienstleistungen_FKH_F_Version-2024_Page1-212x300.jpg","contentUrl":"https:\/\/fkh.ch\/wp-content\/uploads\/2024\/04\/Flyer_Dienstleistungen_FKH_F_Version-2024_Page1-212x300.jpg"},{"@type":"BreadcrumbList","@id":"https:\/\/fkh.ch\/fr\/downloads\/#breadcrumb","itemListElement":[{"@type":"ListItem","position":1,"name":"Startseite","item":"https:\/\/fkh.ch\/fr\/"},{"@type":"ListItem","position":2,"name":"T\u00e9l\u00e9chargement"}]},{"@type":"WebSite","@id":"https:\/\/fkh.ch\/fr\/#website","url":"https:\/\/fkh.ch\/fr\/","name":"FKH","description":"Commission d'\u00e9tude des questions relatives \u00e0 la haute tension","potentialAction":[{"@type":"SearchAction","target":{"@type":"EntryPoint","urlTemplate":"https:\/\/fkh.ch\/fr\/?s={search_term_string}"},"query-input":{"@type":"PropertyValueSpecification","valueRequired":true,"valueName":"search_term_string"}}],"inLanguage":"fr-FR"}]}},"_links":{"self":[{"href":"https:\/\/fkh.ch\/fr\/wp-json\/wp\/v2\/pages\/5901","targetHints":{"allow":["GET"]}}],"collection":[{"href":"https:\/\/fkh.ch\/fr\/wp-json\/wp\/v2\/pages"}],"about":[{"href":"https:\/\/fkh.ch\/fr\/wp-json\/wp\/v2\/types\/page"}],"author":[{"embeddable":true,"href":"https:\/\/fkh.ch\/fr\/wp-json\/wp\/v2\/users\/198"}],"replies":[{"embeddable":true,"href":"https:\/\/fkh.ch\/fr\/wp-json\/wp\/v2\/comments?post=5901"}],"version-history":[{"count":12,"href":"https:\/\/fkh.ch\/fr\/wp-json\/wp\/v2\/pages\/5901\/revisions"}],"predecessor-version":[{"id":7325,"href":"https:\/\/fkh.ch\/fr\/wp-json\/wp\/v2\/pages\/5901\/revisions\/7325"}],"wp:attachment":[{"href":"https:\/\/fkh.ch\/fr\/wp-json\/wp\/v2\/media?parent=5901"}],"curies":[{"name":"wp","href":"https:\/\/api.w.org\/{rel}","templated":true}]}}