{"id":5984,"date":"2014-03-31T14:43:52","date_gmt":"2014-03-31T12:43:52","guid":{"rendered":"https:\/\/test.fkh.ch\/forschungsprojekt\/"},"modified":"2019-11-28T15:26:42","modified_gmt":"2019-11-28T14:26:42","slug":"forschungsprojekt","status":"publish","type":"page","link":"https:\/\/fkh.ch\/fr\/forschungsprojekt\/","title":{"rendered":"Les courants vagabonds dans les exploitations d\u2019\u00e9levage"},"content":{"rendered":"<p><span class=\"fontstyle0\"> Pr\u00e9vention des tensions diff\u00e9rentielles perturbatrices dans les \u00e9tables desanimaux d\u2019\u00e9levage | <span class=\"fontstyle2\">Ce communiqu\u00e9 d\u00e9crit comment il est possible d\u2019\u00e9viter l\u2019apparition de tensions diff\u00e9rentielles gr\u00e2ce \u00e0 des installations effectu\u00e9es de mani\u00e8re correcte et professionnelle. Il pr\u00e9sente \u00e9galement les mesures \u00e0 prendre dans les exploitations d\u2019\u00e9levage, qu\u2019elles soient nouvelles ou existantes, lorsque des tensions diff\u00e9rentielles perturbatrices sont d\u00e9tect\u00e9es.<\/span><br \/>\n<\/span><\/p>\n<p>Les publications peuvent \u00eatre t\u00e9l\u00e9charg\u00e9es ci-dessous.<\/p>\n<p><a href=\"https:\/\/fkh.ch\/wp-content\/uploads\/2019\/02\/ESTI_Streustrom_Tierhaltung.pdf\">ESTI_Streustrom_Tierhaltung<\/a><\/p>\n<p><a href=\"https:\/\/fkh.ch\/wp-content\/uploads\/2019\/02\/ESTI_Correnti_vaganti.pdf\">ESTI_Correnti_vaganti<\/a><\/p>\n<p><a href=\"https:\/\/fkh.ch\/wp-content\/uploads\/2019\/02\/ESTI_Courants_vagabonds.pdf\">ESTI_Courants_vagabonds<\/a><\/p>\n<p><a href=\"https:\/\/fkh.ch\/wp-content\/uploads\/2019\/02\/TK-Erd_Streustrom-Kurzfassung.pdf\">TK Erd_Streustrom Kurzfassung<\/a><\/p>\n<p><a href=\"https:\/\/fkh.ch\/wp-content\/uploads\/2019\/02\/TK-Erd_Streustrom.pdf\">TK Erd_Streustrom<\/a><\/p>\n<p><a href=\"https:\/\/fkh.ch\/wp-content\/uploads\/2019\/02\/TK-Erd_Correnti_vaganti.pdf\">TK Erd_Correnti_vaganti<\/a><\/p>\n<p><a href=\"https:\/\/fkh.ch\/wp-content\/uploads\/2019\/02\/TK-Erd_Correnti_vaganti_versione_corta.pdf\">TK Erd_Correnti_vaganti_versione_corta<\/a><\/p>\n<p><a href=\"https:\/\/fkh.ch\/wp-content\/uploads\/2019\/02\/B_1902_CT_Mises_\u00e0_la_terre_Version_Longue_F.pdf\">TK Erd_<\/a><a href=\"https:\/\/fkh.ch\/wp-content\/uploads\/2019\/02\/TK-Erd_Courants-vagabonds.pdf\">Courants_vagabonds<\/a><\/p>\n<p><a href=\"https:\/\/fkh.ch\/wp-content\/uploads\/2019\/02\/TK-Erd_CT_Courants_vagabonds_resume.pdf\">TK Erd_Courants_vagabonds<\/a><a href=\"https:\/\/fkh.ch\/wp-content\/uploads\/2019\/02\/B_1902_CT_Mises_\u00e0_la_terre_r\u00e9sum\u00e9.pdf\">_resum<\/a>e<\/p>\n<p>&nbsp;<\/p>\n","protected":false},"excerpt":{"rendered":"<p>Pr\u00e9vention des tensions diff\u00e9rentielles perturbatrices dans les \u00e9tables desanimaux d\u2019\u00e9levage | Ce communiqu\u00e9 d\u00e9crit comment il est possible d\u2019\u00e9viter l\u2019apparition de tensions diff\u00e9rentielles gr\u00e2ce \u00e0 des installations effectu\u00e9es de mani\u00e8re correcte et professionnelle. Il pr\u00e9sente \u00e9galement les mesures \u00e0 prendre dans les exploitations d\u2019\u00e9levage, qu\u2019elles soient nouvelles ou existantes, lorsque des tensions diff\u00e9rentielles perturbatrices sont [&hellip;]<\/p>\n","protected":false},"author":198,"featured_media":0,"parent":0,"menu_order":100,"comment_status":"open","ping_status":"open","template":"","meta":{"_acf_changed":false,"footnotes":""},"class_list":["post-5984","page","type-page","status-publish","hentry"],"acf":[],"yoast_head":"<!-- This site is optimized with the Yoast SEO plugin v27.2 - https:\/\/yoast.com\/product\/yoast-seo-wordpress\/ -->\n<title>Les courants vagabonds dans les exploitations d\u2019\u00e9levage - FKH<\/title>\n<meta name=\"robots\" content=\"index, follow, max-snippet:-1, max-image-preview:large, max-video-preview:-1\" \/>\n<link rel=\"canonical\" href=\"https:\/\/fkh.ch\/fr\/forschungsprojekt\/\" \/>\n<meta property=\"og:locale\" content=\"fr_FR\" \/>\n<meta property=\"og:type\" content=\"article\" \/>\n<meta property=\"og:title\" content=\"Les courants vagabonds dans les exploitations d\u2019\u00e9levage - FKH\" \/>\n<meta property=\"og:description\" content=\"Pr\u00e9vention des tensions diff\u00e9rentielles perturbatrices dans les \u00e9tables desanimaux d\u2019\u00e9levage | Ce communiqu\u00e9 d\u00e9crit comment il est possible d\u2019\u00e9viter l\u2019apparition de tensions diff\u00e9rentielles gr\u00e2ce \u00e0 des installations effectu\u00e9es de mani\u00e8re correcte et professionnelle. Il pr\u00e9sente \u00e9galement les mesures \u00e0 prendre dans les exploitations d\u2019\u00e9levage, qu\u2019elles soient nouvelles ou existantes, lorsque des tensions diff\u00e9rentielles perturbatrices sont [&hellip;]\" \/>\n<meta property=\"og:url\" content=\"https:\/\/fkh.ch\/fr\/forschungsprojekt\/\" \/>\n<meta property=\"og:site_name\" content=\"FKH\" \/>\n<meta property=\"article:modified_time\" content=\"2019-11-28T14:26:42+00:00\" \/>\n<meta name=\"twitter:label1\" content=\"Dur\u00e9e de lecture estim\u00e9e\" \/>\n\t<meta name=\"twitter:data1\" content=\"1 minute\" \/>\n<script type=\"application\/ld+json\" class=\"yoast-schema-graph\">{\"@context\":\"https:\/\/schema.org\",\"@graph\":[{\"@type\":\"WebPage\",\"@id\":\"https:\/\/fkh.ch\/fr\/forschungsprojekt\/\",\"url\":\"https:\/\/fkh.ch\/fr\/forschungsprojekt\/\",\"name\":\"Les courants vagabonds dans les exploitations d\u2019\u00e9levage - FKH\",\"isPartOf\":{\"@id\":\"https:\/\/fkh.ch\/fr\/#website\"},\"datePublished\":\"2014-03-31T12:43:52+00:00\",\"dateModified\":\"2019-11-28T14:26:42+00:00\",\"breadcrumb\":{\"@id\":\"https:\/\/fkh.ch\/fr\/forschungsprojekt\/#breadcrumb\"},\"inLanguage\":\"fr-FR\",\"potentialAction\":[{\"@type\":\"ReadAction\",\"target\":[\"https:\/\/fkh.ch\/fr\/forschungsprojekt\/\"]}]},{\"@type\":\"BreadcrumbList\",\"@id\":\"https:\/\/fkh.ch\/fr\/forschungsprojekt\/#breadcrumb\",\"itemListElement\":[{\"@type\":\"ListItem\",\"position\":1,\"name\":\"Startseite\",\"item\":\"https:\/\/fkh.ch\/fr\/\"},{\"@type\":\"ListItem\",\"position\":2,\"name\":\"Les courants vagabonds dans les exploitations d\u2019\u00e9levage\"}]},{\"@type\":\"WebSite\",\"@id\":\"https:\/\/fkh.ch\/fr\/#website\",\"url\":\"https:\/\/fkh.ch\/fr\/\",\"name\":\"FKH\",\"description\":\"Commission d'\u00e9tude des questions relatives \u00e0 la haute tension\",\"potentialAction\":[{\"@type\":\"SearchAction\",\"target\":{\"@type\":\"EntryPoint\",\"urlTemplate\":\"https:\/\/fkh.ch\/fr\/?s={search_term_string}\"},\"query-input\":{\"@type\":\"PropertyValueSpecification\",\"valueRequired\":true,\"valueName\":\"search_term_string\"}}],\"inLanguage\":\"fr-FR\"}]}<\/script>\n<!-- \/ Yoast SEO plugin. -->","yoast_head_json":{"title":"Les courants vagabonds dans les exploitations d\u2019\u00e9levage - FKH","robots":{"index":"index","follow":"follow","max-snippet":"max-snippet:-1","max-image-preview":"max-image-preview:large","max-video-preview":"max-video-preview:-1"},"canonical":"https:\/\/fkh.ch\/fr\/forschungsprojekt\/","og_locale":"fr_FR","og_type":"article","og_title":"Les courants vagabonds dans les exploitations d\u2019\u00e9levage - FKH","og_description":"Pr\u00e9vention des tensions diff\u00e9rentielles perturbatrices dans les \u00e9tables desanimaux d\u2019\u00e9levage | Ce communiqu\u00e9 d\u00e9crit comment il est possible d\u2019\u00e9viter l\u2019apparition de tensions diff\u00e9rentielles gr\u00e2ce \u00e0 des installations effectu\u00e9es de mani\u00e8re correcte et professionnelle. Il pr\u00e9sente \u00e9galement les mesures \u00e0 prendre dans les exploitations d\u2019\u00e9levage, qu\u2019elles soient nouvelles ou existantes, lorsque des tensions diff\u00e9rentielles perturbatrices sont [&hellip;]","og_url":"https:\/\/fkh.ch\/fr\/forschungsprojekt\/","og_site_name":"FKH","article_modified_time":"2019-11-28T14:26:42+00:00","twitter_misc":{"Dur\u00e9e de lecture estim\u00e9e":"1 minute"},"schema":{"@context":"https:\/\/schema.org","@graph":[{"@type":"WebPage","@id":"https:\/\/fkh.ch\/fr\/forschungsprojekt\/","url":"https:\/\/fkh.ch\/fr\/forschungsprojekt\/","name":"Les courants vagabonds dans les exploitations d\u2019\u00e9levage - FKH","isPartOf":{"@id":"https:\/\/fkh.ch\/fr\/#website"},"datePublished":"2014-03-31T12:43:52+00:00","dateModified":"2019-11-28T14:26:42+00:00","breadcrumb":{"@id":"https:\/\/fkh.ch\/fr\/forschungsprojekt\/#breadcrumb"},"inLanguage":"fr-FR","potentialAction":[{"@type":"ReadAction","target":["https:\/\/fkh.ch\/fr\/forschungsprojekt\/"]}]},{"@type":"BreadcrumbList","@id":"https:\/\/fkh.ch\/fr\/forschungsprojekt\/#breadcrumb","itemListElement":[{"@type":"ListItem","position":1,"name":"Startseite","item":"https:\/\/fkh.ch\/fr\/"},{"@type":"ListItem","position":2,"name":"Les courants vagabonds dans les exploitations d\u2019\u00e9levage"}]},{"@type":"WebSite","@id":"https:\/\/fkh.ch\/fr\/#website","url":"https:\/\/fkh.ch\/fr\/","name":"FKH","description":"Commission d'\u00e9tude des questions relatives \u00e0 la haute tension","potentialAction":[{"@type":"SearchAction","target":{"@type":"EntryPoint","urlTemplate":"https:\/\/fkh.ch\/fr\/?s={search_term_string}"},"query-input":{"@type":"PropertyValueSpecification","valueRequired":true,"valueName":"search_term_string"}}],"inLanguage":"fr-FR"}]}},"_links":{"self":[{"href":"https:\/\/fkh.ch\/fr\/wp-json\/wp\/v2\/pages\/5984","targetHints":{"allow":["GET"]}}],"collection":[{"href":"https:\/\/fkh.ch\/fr\/wp-json\/wp\/v2\/pages"}],"about":[{"href":"https:\/\/fkh.ch\/fr\/wp-json\/wp\/v2\/types\/page"}],"author":[{"embeddable":true,"href":"https:\/\/fkh.ch\/fr\/wp-json\/wp\/v2\/users\/198"}],"replies":[{"embeddable":true,"href":"https:\/\/fkh.ch\/fr\/wp-json\/wp\/v2\/comments?post=5984"}],"version-history":[{"count":3,"href":"https:\/\/fkh.ch\/fr\/wp-json\/wp\/v2\/pages\/5984\/revisions"}],"predecessor-version":[{"id":5989,"href":"https:\/\/fkh.ch\/fr\/wp-json\/wp\/v2\/pages\/5984\/revisions\/5989"}],"wp:attachment":[{"href":"https:\/\/fkh.ch\/fr\/wp-json\/wp\/v2\/media?parent=5984"}],"curies":[{"name":"wp","href":"https:\/\/api.w.org\/{rel}","templated":true}]}}