{"id":5993,"date":"2014-03-11T14:37:47","date_gmt":"2014-03-11T12:37:47","guid":{"rendered":"https:\/\/test.fkh.ch\/publikationen\/aktuelle-publikation\/"},"modified":"2024-10-14T14:27:41","modified_gmt":"2024-10-14T12:27:41","slug":"aktuelle-publikation","status":"publish","type":"page","link":"https:\/\/fkh.ch\/fr\/publikationen\/aktuelle-publikation\/","title":{"rendered":"Publication actuelle"},"content":{"rendered":"<h3><span class=\"fontstyle0\">Pr\u00fcfempfehlung f\u00fcr Kabelstrecken<br \/>\n<\/span><\/h3>\n<p><span class=\"fontstyle0\">Ergebnis von 38 Jahren Vor-Ort-Pr\u00fcferfahrung <\/span><span class=\"fontstyle2\">| Um sicherzustellen, dass Hochspannungskabelsysteme korrekt montiert und betriebssicher sind, werden VorOrt-Pr\u00fcfungen durchgef\u00fchrt. Eine Statistik, die auf 38 Jahren Pr\u00fcferfahrung basiert, best\u00e4tigt nun die praktizierten Pr\u00fcfbedingungen. Es konnte in 3,9\u2009% der gepr\u00fcften Systeme ein potenziell folgenschwerer Durchschlag im Betrieb verhindert werden.<\/span><\/p>\n<p style=\"text-align: justify;\"><a href=\"https:\/\/fkh.ch\/wp-content\/uploads\/2024\/10\/2024_Kleger_Erfahrung_aus_38_Jahren_Kabelpruefung.pdf\">Komplette Publikation als PDF<\/a><\/p>\n","protected":false},"excerpt":{"rendered":"<p>Pr\u00fcfempfehlung f\u00fcr Kabelstrecken Ergebnis von 38 Jahren Vor-Ort-Pr\u00fcferfahrung | Um sicherzustellen, dass Hochspannungskabelsysteme korrekt montiert und betriebssicher sind, werden VorOrt-Pr\u00fcfungen durchgef\u00fchrt. Eine Statistik, die auf 38 Jahren Pr\u00fcferfahrung basiert, best\u00e4tigt nun die praktizierten Pr\u00fcfbedingungen. Es konnte in 3,9\u2009% der gepr\u00fcften Systeme ein potenziell folgenschwerer Durchschlag im Betrieb verhindert werden. Komplette Publikation als PDF<\/p>\n","protected":false},"author":194,"featured_media":2784,"parent":5268,"menu_order":30,"comment_status":"closed","ping_status":"closed","template":"","meta":{"_acf_changed":false,"footnotes":""},"class_list":["post-5993","page","type-page","status-publish","has-post-thumbnail","hentry"],"acf":[],"yoast_head":"<!-- This site is optimized with the Yoast SEO plugin v27.2 - https:\/\/yoast.com\/product\/yoast-seo-wordpress\/ -->\n<title>Publication actuelle - FKH<\/title>\n<meta name=\"robots\" content=\"index, follow, max-snippet:-1, max-image-preview:large, max-video-preview:-1\" \/>\n<link rel=\"canonical\" href=\"https:\/\/fkh.ch\/fr\/publikationen\/aktuelle-publikation\/\" \/>\n<meta property=\"og:locale\" content=\"fr_FR\" \/>\n<meta property=\"og:type\" content=\"article\" \/>\n<meta property=\"og:title\" content=\"Publication actuelle - FKH\" \/>\n<meta property=\"og:description\" content=\"Pr\u00fcfempfehlung f\u00fcr Kabelstrecken Ergebnis von 38 Jahren Vor-Ort-Pr\u00fcferfahrung | Um sicherzustellen, dass Hochspannungskabelsysteme korrekt montiert und betriebssicher sind, werden VorOrt-Pr\u00fcfungen durchgef\u00fchrt. Eine Statistik, die auf 38 Jahren Pr\u00fcferfahrung basiert, best\u00e4tigt nun die praktizierten Pr\u00fcfbedingungen. Es konnte in 3,9\u2009% der gepr\u00fcften Systeme ein potenziell folgenschwerer Durchschlag im Betrieb verhindert werden. Komplette Publikation als PDF\" \/>\n<meta property=\"og:url\" content=\"https:\/\/fkh.ch\/fr\/publikationen\/aktuelle-publikation\/\" \/>\n<meta property=\"og:site_name\" content=\"FKH\" \/>\n<meta property=\"article:modified_time\" content=\"2024-10-14T12:27:41+00:00\" \/>\n<meta property=\"og:image\" content=\"https:\/\/fkh.ch\/wp-content\/uploads\/2014\/03\/4.jpg\" \/>\n\t<meta property=\"og:image:width\" content=\"573\" \/>\n\t<meta property=\"og:image:height\" content=\"366\" \/>\n\t<meta property=\"og:image:type\" content=\"image\/jpeg\" \/>\n<meta name=\"twitter:label1\" content=\"Dur\u00e9e de lecture estim\u00e9e\" \/>\n\t<meta name=\"twitter:data1\" content=\"1 minute\" \/>\n<script type=\"application\/ld+json\" class=\"yoast-schema-graph\">{\"@context\":\"https:\/\/schema.org\",\"@graph\":[{\"@type\":\"WebPage\",\"@id\":\"https:\/\/fkh.ch\/fr\/publikationen\/aktuelle-publikation\/\",\"url\":\"https:\/\/fkh.ch\/fr\/publikationen\/aktuelle-publikation\/\",\"name\":\"Publication actuelle - FKH\",\"isPartOf\":{\"@id\":\"https:\/\/fkh.ch\/fr\/#website\"},\"primaryImageOfPage\":{\"@id\":\"https:\/\/fkh.ch\/fr\/publikationen\/aktuelle-publikation\/#primaryimage\"},\"image\":{\"@id\":\"https:\/\/fkh.ch\/fr\/publikationen\/aktuelle-publikation\/#primaryimage\"},\"thumbnailUrl\":\"https:\/\/fkh.ch\/wp-content\/uploads\/2014\/03\/4.jpg\",\"datePublished\":\"2014-03-11T12:37:47+00:00\",\"dateModified\":\"2024-10-14T12:27:41+00:00\",\"breadcrumb\":{\"@id\":\"https:\/\/fkh.ch\/fr\/publikationen\/aktuelle-publikation\/#breadcrumb\"},\"inLanguage\":\"fr-FR\",\"potentialAction\":[{\"@type\":\"ReadAction\",\"target\":[\"https:\/\/fkh.ch\/fr\/publikationen\/aktuelle-publikation\/\"]}]},{\"@type\":\"ImageObject\",\"inLanguage\":\"fr-FR\",\"@id\":\"https:\/\/fkh.ch\/fr\/publikationen\/aktuelle-publikation\/#primaryimage\",\"url\":\"https:\/\/fkh.ch\/wp-content\/uploads\/2014\/03\/4.jpg\",\"contentUrl\":\"https:\/\/fkh.ch\/wp-content\/uploads\/2014\/03\/4.jpg\",\"width\":573,\"height\":366,\"caption\":\"Lorem ipsum\"},{\"@type\":\"BreadcrumbList\",\"@id\":\"https:\/\/fkh.ch\/fr\/publikationen\/aktuelle-publikation\/#breadcrumb\",\"itemListElement\":[{\"@type\":\"ListItem\",\"position\":1,\"name\":\"Startseite\",\"item\":\"https:\/\/fkh.ch\/fr\/\"},{\"@type\":\"ListItem\",\"position\":2,\"name\":\"Publications\",\"item\":\"https:\/\/fkh.ch\/fr\/publikationen\/\"},{\"@type\":\"ListItem\",\"position\":3,\"name\":\"Publication actuelle\"}]},{\"@type\":\"WebSite\",\"@id\":\"https:\/\/fkh.ch\/fr\/#website\",\"url\":\"https:\/\/fkh.ch\/fr\/\",\"name\":\"FKH\",\"description\":\"Commission d'\u00e9tude des questions relatives \u00e0 la haute tension\",\"potentialAction\":[{\"@type\":\"SearchAction\",\"target\":{\"@type\":\"EntryPoint\",\"urlTemplate\":\"https:\/\/fkh.ch\/fr\/?s={search_term_string}\"},\"query-input\":{\"@type\":\"PropertyValueSpecification\",\"valueRequired\":true,\"valueName\":\"search_term_string\"}}],\"inLanguage\":\"fr-FR\"}]}<\/script>\n<!-- \/ Yoast SEO plugin. -->","yoast_head_json":{"title":"Publication actuelle - FKH","robots":{"index":"index","follow":"follow","max-snippet":"max-snippet:-1","max-image-preview":"max-image-preview:large","max-video-preview":"max-video-preview:-1"},"canonical":"https:\/\/fkh.ch\/fr\/publikationen\/aktuelle-publikation\/","og_locale":"fr_FR","og_type":"article","og_title":"Publication actuelle - FKH","og_description":"Pr\u00fcfempfehlung f\u00fcr Kabelstrecken Ergebnis von 38 Jahren Vor-Ort-Pr\u00fcferfahrung | Um sicherzustellen, dass Hochspannungskabelsysteme korrekt montiert und betriebssicher sind, werden VorOrt-Pr\u00fcfungen durchgef\u00fchrt. Eine Statistik, die auf 38 Jahren Pr\u00fcferfahrung basiert, best\u00e4tigt nun die praktizierten Pr\u00fcfbedingungen. Es konnte in 3,9\u2009% der gepr\u00fcften Systeme ein potenziell folgenschwerer Durchschlag im Betrieb verhindert werden. Komplette Publikation als PDF","og_url":"https:\/\/fkh.ch\/fr\/publikationen\/aktuelle-publikation\/","og_site_name":"FKH","article_modified_time":"2024-10-14T12:27:41+00:00","og_image":[{"width":573,"height":366,"url":"https:\/\/fkh.ch\/wp-content\/uploads\/2014\/03\/4.jpg","type":"image\/jpeg"}],"twitter_misc":{"Dur\u00e9e de lecture estim\u00e9e":"1 minute"},"schema":{"@context":"https:\/\/schema.org","@graph":[{"@type":"WebPage","@id":"https:\/\/fkh.ch\/fr\/publikationen\/aktuelle-publikation\/","url":"https:\/\/fkh.ch\/fr\/publikationen\/aktuelle-publikation\/","name":"Publication actuelle - FKH","isPartOf":{"@id":"https:\/\/fkh.ch\/fr\/#website"},"primaryImageOfPage":{"@id":"https:\/\/fkh.ch\/fr\/publikationen\/aktuelle-publikation\/#primaryimage"},"image":{"@id":"https:\/\/fkh.ch\/fr\/publikationen\/aktuelle-publikation\/#primaryimage"},"thumbnailUrl":"https:\/\/fkh.ch\/wp-content\/uploads\/2014\/03\/4.jpg","datePublished":"2014-03-11T12:37:47+00:00","dateModified":"2024-10-14T12:27:41+00:00","breadcrumb":{"@id":"https:\/\/fkh.ch\/fr\/publikationen\/aktuelle-publikation\/#breadcrumb"},"inLanguage":"fr-FR","potentialAction":[{"@type":"ReadAction","target":["https:\/\/fkh.ch\/fr\/publikationen\/aktuelle-publikation\/"]}]},{"@type":"ImageObject","inLanguage":"fr-FR","@id":"https:\/\/fkh.ch\/fr\/publikationen\/aktuelle-publikation\/#primaryimage","url":"https:\/\/fkh.ch\/wp-content\/uploads\/2014\/03\/4.jpg","contentUrl":"https:\/\/fkh.ch\/wp-content\/uploads\/2014\/03\/4.jpg","width":573,"height":366,"caption":"Lorem ipsum"},{"@type":"BreadcrumbList","@id":"https:\/\/fkh.ch\/fr\/publikationen\/aktuelle-publikation\/#breadcrumb","itemListElement":[{"@type":"ListItem","position":1,"name":"Startseite","item":"https:\/\/fkh.ch\/fr\/"},{"@type":"ListItem","position":2,"name":"Publications","item":"https:\/\/fkh.ch\/fr\/publikationen\/"},{"@type":"ListItem","position":3,"name":"Publication actuelle"}]},{"@type":"WebSite","@id":"https:\/\/fkh.ch\/fr\/#website","url":"https:\/\/fkh.ch\/fr\/","name":"FKH","description":"Commission d'\u00e9tude des questions relatives \u00e0 la haute tension","potentialAction":[{"@type":"SearchAction","target":{"@type":"EntryPoint","urlTemplate":"https:\/\/fkh.ch\/fr\/?s={search_term_string}"},"query-input":{"@type":"PropertyValueSpecification","valueRequired":true,"valueName":"search_term_string"}}],"inLanguage":"fr-FR"}]}},"_links":{"self":[{"href":"https:\/\/fkh.ch\/fr\/wp-json\/wp\/v2\/pages\/5993","targetHints":{"allow":["GET"]}}],"collection":[{"href":"https:\/\/fkh.ch\/fr\/wp-json\/wp\/v2\/pages"}],"about":[{"href":"https:\/\/fkh.ch\/fr\/wp-json\/wp\/v2\/types\/page"}],"author":[{"embeddable":true,"href":"https:\/\/fkh.ch\/fr\/wp-json\/wp\/v2\/users\/194"}],"replies":[{"embeddable":true,"href":"https:\/\/fkh.ch\/fr\/wp-json\/wp\/v2\/comments?post=5993"}],"version-history":[{"count":10,"href":"https:\/\/fkh.ch\/fr\/wp-json\/wp\/v2\/pages\/5993\/revisions"}],"predecessor-version":[{"id":7322,"href":"https:\/\/fkh.ch\/fr\/wp-json\/wp\/v2\/pages\/5993\/revisions\/7322"}],"up":[{"embeddable":true,"href":"https:\/\/fkh.ch\/fr\/wp-json\/wp\/v2\/pages\/5268"}],"wp:featuredmedia":[{"embeddable":true,"href":"https:\/\/fkh.ch\/fr\/wp-json\/wp\/v2\/media\/2784"}],"wp:attachment":[{"href":"https:\/\/fkh.ch\/fr\/wp-json\/wp\/v2\/media?parent=5993"}],"curies":[{"name":"wp","href":"https:\/\/api.w.org\/{rel}","templated":true}]}}