{"id":5999,"date":"2015-01-08T17:02:12","date_gmt":"2015-01-08T15:02:12","guid":{"rendered":"https:\/\/test.fkh.ch\/forschungsprojekt-2\/"},"modified":"2019-11-28T16:06:50","modified_gmt":"2019-11-28T15:06:50","slug":"forschungsprojekt-2","status":"publish","type":"page","link":"https:\/\/fkh.ch\/fr\/forschungsprojekt-2\/","title":{"rendered":"Projet de recherche"},"content":{"rendered":"<h1>Forschungsprojekt Hydrogenerator-Diagnose<\/h1>\n<p>Alterungsbedingte Sch\u00e4den der Statorisolation sind ein h\u00e4ufiger Grund f\u00fcr ungeplante Ausf\u00e4lle von Hydrogeneratoren. F\u00fcr den Betreiber sind solche Ausf\u00e4lle aufgrund der damit verbundenen Produktionsausf\u00e4lle \u00e4usserst kostspielig. Aussagekr\u00e4ftige Diagnose\u00admethoden sind deshalb von grosser Bedeutung, speziell bei einer zustands\u00adorientierten Wartungs\u00adstrategie.<\/p>\n<p>Das vom PSEL unterst\u00fctzte Forschungsprojekt soll kl\u00e4ren, wie sich die Messung von Teilentladungen an der Statorisolation von Hydrogeneratoren mit einer VLF<a title=\"\" href=\"#_ftn1\">[1]<\/a>-Pr\u00fcfquelle (0.1\u00a0Hz) im Vergleich zu konventionellen Pr\u00fcfspannungsfrequenzen (Netzfrequenz bzw. variable Pr\u00fcffrequenz ca. 10 \u2013 200\u00a0Hz) verh\u00e4lt. Dabei soll insbesondere die Frage beantwortet werden, ob durch die um zwei Gr\u00f6ssen\u00adordnungen tiefere VLF-Pr\u00fcffrequenz und der damit erwarteten kleineren Anzahl von TE-Ereignissen weniger \u00dcberlagerungen von Einzel-TE-Stromimpulsen auftreten, was die Interpretation von Diagnoseergebnissen vereinfachen w\u00fcrde. Dazu wird das Forschungsprojekt auch die Frage kl\u00e4ren, wie sich der Ablauf von Teilentladungen in der Isolation durch das bei der VLF-Pr\u00fcffrequenz wesentlich andere Verh\u00e4ltnis von Pr\u00fcffrequenz zu den charakteristischen Frequenzen der Relaxations\u00advorg\u00e4nge in der Isolation ver\u00e4ndert.<\/p>\n<div>\n<p><a href=\"https:\/\/fkh.ch\/wp-content\/uploads\/2015\/01\/Forschungsprojekt2_Bg.png\"><img loading=\"lazy\" decoding=\"async\" class=\"aligncenter size-full wp-image-2094\" src=\"https:\/\/fkh.ch\/wp-content\/uploads\/2015\/01\/Forschungsprojekt2_Bg.png\" alt=\"Forschungsprojekt2_Bg\" width=\"960\" height=\"720\" srcset=\"https:\/\/fkh.ch\/wp-content\/uploads\/2015\/01\/Forschungsprojekt2_Bg.png 960w, https:\/\/fkh.ch\/wp-content\/uploads\/2015\/01\/Forschungsprojekt2_Bg-300x225.png 300w, https:\/\/fkh.ch\/wp-content\/uploads\/2015\/01\/Forschungsprojekt2_Bg-768x576.png 768w\" sizes=\"auto, (max-width: 960px) 100vw, 960px\" \/><\/a><\/p>\n<hr align=\"left\" size=\"1\" width=\"33%\" \/>\n<div>\n<p><a title=\"\" href=\"#_ftnref1\">[1]<\/a> engl. Very Low Frequency<\/p>\n<\/div>\n<\/div>\n","protected":false},"excerpt":{"rendered":"<p>Forschungsprojekt Hydrogenerator-Diagnose Alterungsbedingte Sch\u00e4den der Statorisolation sind ein h\u00e4ufiger Grund f\u00fcr ungeplante Ausf\u00e4lle von Hydrogeneratoren. F\u00fcr den Betreiber sind solche Ausf\u00e4lle aufgrund der damit verbundenen Produktionsausf\u00e4lle \u00e4usserst kostspielig. Aussagekr\u00e4ftige Diagnose\u00admethoden sind deshalb von grosser Bedeutung, speziell bei einer zustands\u00adorientierten Wartungs\u00adstrategie. Das vom PSEL unterst\u00fctzte Forschungsprojekt soll kl\u00e4ren, wie sich die Messung von Teilentladungen an der [&hellip;]<\/p>\n","protected":false},"author":194,"featured_media":0,"parent":0,"menu_order":100,"comment_status":"open","ping_status":"open","template":"","meta":{"_acf_changed":false,"footnotes":""},"class_list":["post-5999","page","type-page","status-publish","hentry"],"acf":[],"yoast_head":"<!-- This site is optimized with the Yoast SEO plugin v27.2 - https:\/\/yoast.com\/product\/yoast-seo-wordpress\/ -->\n<title>Projet de recherche - FKH<\/title>\n<meta name=\"robots\" content=\"index, follow, max-snippet:-1, max-image-preview:large, max-video-preview:-1\" \/>\n<link rel=\"canonical\" href=\"https:\/\/fkh.ch\/fr\/forschungsprojekt-2\/\" \/>\n<meta property=\"og:locale\" content=\"fr_FR\" \/>\n<meta property=\"og:type\" content=\"article\" \/>\n<meta property=\"og:title\" content=\"Projet de recherche - FKH\" \/>\n<meta property=\"og:description\" content=\"Forschungsprojekt Hydrogenerator-Diagnose Alterungsbedingte Sch\u00e4den der Statorisolation sind ein h\u00e4ufiger Grund f\u00fcr ungeplante Ausf\u00e4lle von Hydrogeneratoren. F\u00fcr den Betreiber sind solche Ausf\u00e4lle aufgrund der damit verbundenen Produktionsausf\u00e4lle \u00e4usserst kostspielig. Aussagekr\u00e4ftige Diagnose\u00admethoden sind deshalb von grosser Bedeutung, speziell bei einer zustands\u00adorientierten Wartungs\u00adstrategie. Das vom PSEL unterst\u00fctzte Forschungsprojekt soll kl\u00e4ren, wie sich die Messung von Teilentladungen an der [&hellip;]\" \/>\n<meta property=\"og:url\" content=\"https:\/\/fkh.ch\/fr\/forschungsprojekt-2\/\" \/>\n<meta property=\"og:site_name\" content=\"FKH\" \/>\n<meta property=\"article:modified_time\" content=\"2019-11-28T15:06:50+00:00\" \/>\n<meta property=\"og:image\" content=\"https:\/\/fkh.ch\/wp-content\/uploads\/2015\/01\/Forschungsprojekt2_Bg.png\" \/>\n<meta name=\"twitter:label1\" content=\"Dur\u00e9e de lecture estim\u00e9e\" \/>\n\t<meta name=\"twitter:data1\" content=\"1 minute\" \/>\n<script type=\"application\/ld+json\" class=\"yoast-schema-graph\">{\"@context\":\"https:\/\/schema.org\",\"@graph\":[{\"@type\":\"WebPage\",\"@id\":\"https:\/\/fkh.ch\/fr\/forschungsprojekt-2\/\",\"url\":\"https:\/\/fkh.ch\/fr\/forschungsprojekt-2\/\",\"name\":\"Projet de recherche - FKH\",\"isPartOf\":{\"@id\":\"https:\/\/fkh.ch\/fr\/#website\"},\"primaryImageOfPage\":{\"@id\":\"https:\/\/fkh.ch\/fr\/forschungsprojekt-2\/#primaryimage\"},\"image\":{\"@id\":\"https:\/\/fkh.ch\/fr\/forschungsprojekt-2\/#primaryimage\"},\"thumbnailUrl\":\"https:\/\/fkh.ch\/wp-content\/uploads\/2015\/01\/Forschungsprojekt2_Bg.png\",\"datePublished\":\"2015-01-08T15:02:12+00:00\",\"dateModified\":\"2019-11-28T15:06:50+00:00\",\"breadcrumb\":{\"@id\":\"https:\/\/fkh.ch\/fr\/forschungsprojekt-2\/#breadcrumb\"},\"inLanguage\":\"fr-FR\",\"potentialAction\":[{\"@type\":\"ReadAction\",\"target\":[\"https:\/\/fkh.ch\/fr\/forschungsprojekt-2\/\"]}]},{\"@type\":\"ImageObject\",\"inLanguage\":\"fr-FR\",\"@id\":\"https:\/\/fkh.ch\/fr\/forschungsprojekt-2\/#primaryimage\",\"url\":\"https:\/\/fkh.ch\/wp-content\/uploads\/2015\/01\/Forschungsprojekt2_Bg.png\",\"contentUrl\":\"https:\/\/fkh.ch\/wp-content\/uploads\/2015\/01\/Forschungsprojekt2_Bg.png\"},{\"@type\":\"BreadcrumbList\",\"@id\":\"https:\/\/fkh.ch\/fr\/forschungsprojekt-2\/#breadcrumb\",\"itemListElement\":[{\"@type\":\"ListItem\",\"position\":1,\"name\":\"Startseite\",\"item\":\"https:\/\/fkh.ch\/fr\/\"},{\"@type\":\"ListItem\",\"position\":2,\"name\":\"Projet de recherche\"}]},{\"@type\":\"WebSite\",\"@id\":\"https:\/\/fkh.ch\/fr\/#website\",\"url\":\"https:\/\/fkh.ch\/fr\/\",\"name\":\"FKH\",\"description\":\"Commission d'\u00e9tude des questions relatives \u00e0 la haute tension\",\"potentialAction\":[{\"@type\":\"SearchAction\",\"target\":{\"@type\":\"EntryPoint\",\"urlTemplate\":\"https:\/\/fkh.ch\/fr\/?s={search_term_string}\"},\"query-input\":{\"@type\":\"PropertyValueSpecification\",\"valueRequired\":true,\"valueName\":\"search_term_string\"}}],\"inLanguage\":\"fr-FR\"}]}<\/script>\n<!-- \/ Yoast SEO plugin. -->","yoast_head_json":{"title":"Projet de recherche - FKH","robots":{"index":"index","follow":"follow","max-snippet":"max-snippet:-1","max-image-preview":"max-image-preview:large","max-video-preview":"max-video-preview:-1"},"canonical":"https:\/\/fkh.ch\/fr\/forschungsprojekt-2\/","og_locale":"fr_FR","og_type":"article","og_title":"Projet de recherche - FKH","og_description":"Forschungsprojekt Hydrogenerator-Diagnose Alterungsbedingte Sch\u00e4den der Statorisolation sind ein h\u00e4ufiger Grund f\u00fcr ungeplante Ausf\u00e4lle von Hydrogeneratoren. F\u00fcr den Betreiber sind solche Ausf\u00e4lle aufgrund der damit verbundenen Produktionsausf\u00e4lle \u00e4usserst kostspielig. Aussagekr\u00e4ftige Diagnose\u00admethoden sind deshalb von grosser Bedeutung, speziell bei einer zustands\u00adorientierten Wartungs\u00adstrategie. Das vom PSEL unterst\u00fctzte Forschungsprojekt soll kl\u00e4ren, wie sich die Messung von Teilentladungen an der [&hellip;]","og_url":"https:\/\/fkh.ch\/fr\/forschungsprojekt-2\/","og_site_name":"FKH","article_modified_time":"2019-11-28T15:06:50+00:00","og_image":[{"url":"https:\/\/fkh.ch\/wp-content\/uploads\/2015\/01\/Forschungsprojekt2_Bg.png","type":"","width":"","height":""}],"twitter_misc":{"Dur\u00e9e de lecture estim\u00e9e":"1 minute"},"schema":{"@context":"https:\/\/schema.org","@graph":[{"@type":"WebPage","@id":"https:\/\/fkh.ch\/fr\/forschungsprojekt-2\/","url":"https:\/\/fkh.ch\/fr\/forschungsprojekt-2\/","name":"Projet de recherche - FKH","isPartOf":{"@id":"https:\/\/fkh.ch\/fr\/#website"},"primaryImageOfPage":{"@id":"https:\/\/fkh.ch\/fr\/forschungsprojekt-2\/#primaryimage"},"image":{"@id":"https:\/\/fkh.ch\/fr\/forschungsprojekt-2\/#primaryimage"},"thumbnailUrl":"https:\/\/fkh.ch\/wp-content\/uploads\/2015\/01\/Forschungsprojekt2_Bg.png","datePublished":"2015-01-08T15:02:12+00:00","dateModified":"2019-11-28T15:06:50+00:00","breadcrumb":{"@id":"https:\/\/fkh.ch\/fr\/forschungsprojekt-2\/#breadcrumb"},"inLanguage":"fr-FR","potentialAction":[{"@type":"ReadAction","target":["https:\/\/fkh.ch\/fr\/forschungsprojekt-2\/"]}]},{"@type":"ImageObject","inLanguage":"fr-FR","@id":"https:\/\/fkh.ch\/fr\/forschungsprojekt-2\/#primaryimage","url":"https:\/\/fkh.ch\/wp-content\/uploads\/2015\/01\/Forschungsprojekt2_Bg.png","contentUrl":"https:\/\/fkh.ch\/wp-content\/uploads\/2015\/01\/Forschungsprojekt2_Bg.png"},{"@type":"BreadcrumbList","@id":"https:\/\/fkh.ch\/fr\/forschungsprojekt-2\/#breadcrumb","itemListElement":[{"@type":"ListItem","position":1,"name":"Startseite","item":"https:\/\/fkh.ch\/fr\/"},{"@type":"ListItem","position":2,"name":"Projet de recherche"}]},{"@type":"WebSite","@id":"https:\/\/fkh.ch\/fr\/#website","url":"https:\/\/fkh.ch\/fr\/","name":"FKH","description":"Commission d'\u00e9tude des questions relatives \u00e0 la haute tension","potentialAction":[{"@type":"SearchAction","target":{"@type":"EntryPoint","urlTemplate":"https:\/\/fkh.ch\/fr\/?s={search_term_string}"},"query-input":{"@type":"PropertyValueSpecification","valueRequired":true,"valueName":"search_term_string"}}],"inLanguage":"fr-FR"}]}},"_links":{"self":[{"href":"https:\/\/fkh.ch\/fr\/wp-json\/wp\/v2\/pages\/5999","targetHints":{"allow":["GET"]}}],"collection":[{"href":"https:\/\/fkh.ch\/fr\/wp-json\/wp\/v2\/pages"}],"about":[{"href":"https:\/\/fkh.ch\/fr\/wp-json\/wp\/v2\/types\/page"}],"author":[{"embeddable":true,"href":"https:\/\/fkh.ch\/fr\/wp-json\/wp\/v2\/users\/194"}],"replies":[{"embeddable":true,"href":"https:\/\/fkh.ch\/fr\/wp-json\/wp\/v2\/comments?post=5999"}],"version-history":[{"count":1,"href":"https:\/\/fkh.ch\/fr\/wp-json\/wp\/v2\/pages\/5999\/revisions"}],"predecessor-version":[{"id":6000,"href":"https:\/\/fkh.ch\/fr\/wp-json\/wp\/v2\/pages\/5999\/revisions\/6000"}],"wp:attachment":[{"href":"https:\/\/fkh.ch\/fr\/wp-json\/wp\/v2\/media?parent=5999"}],"curies":[{"name":"wp","href":"https:\/\/api.w.org\/{rel}","templated":true}]}}