{"id":6006,"date":"2014-03-11T14:04:57","date_gmt":"2014-03-11T12:04:57","guid":{"rendered":"https:\/\/test.fkh.ch\/geschaftsbedingungen\/"},"modified":"2025-10-23T08:28:43","modified_gmt":"2025-10-23T06:28:43","slug":"geschaftsbedingungen","status":"publish","type":"page","link":"https:\/\/fkh.ch\/fr\/geschaftsbedingungen\/","title":{"rendered":"CONDITIONS G\u00c9N\u00c9RALES DE LA FKH"},"content":{"rendered":"<h2>Dur\u00e9e d\u2019intervention \/ location d\u2019installations<\/h2>\n<p>La dur\u00e9e d\u2019intervention pour le personnel de la FKH et les installations de contr\u00f4le de la FKH indiqu\u00e9e dans l\u2019offre est contraignante en termes de co\u00fbts. Lors d\u2019une prolongation de la dur\u00e9e d\u2019intervention sans faute de la FKH, les co\u00fbts suppl\u00e9mentaires qui en r\u00e9sultent sont factur\u00e9s au tarif de la FKH.<\/p>\n<h2>Temps de travail du personnel de la FKH<\/h2>\n<p>La dur\u00e9e normale de travail du personnel de la FKH est de 5 jours par semaine \u00e0 raison de 8,2\u00a0heures par jour, soit au total 41\u00a0heures par semaine. Les heures suppl\u00e9mentaires sont factur\u00e9es au tarif journalier plus un suppl\u00e9ment de 25\u00a0%. Un suppl\u00e9ment pour travail suppl\u00e9mentaire de 50\u00a0% est factur\u00e9 pour le travail du samedi et du dimanche, ainsi que pour le travail de nuit accompli entre 23h00 et 06h00.<\/p>\n<h2>Co\u00fbts de tiers (d\u00e9placement, transport, co\u00fbts)<\/h2>\n<p>Les co\u00fbts de d\u00e9placement, l\u2019h\u00e9bergement du personnel de la FKH, les frais et \u00e9galement les co\u00fbts de transport de l\u2019installation d\u2019essai sont normalement inclus dans l\u2019offre bas\u00e9e sur les offres actuelles. Si ce n\u2019est pas le cas, ces co\u00fbts sont n\u00e9anmoins factur\u00e9s en sus. Normalement, ces d\u00e9penses et co\u00fbts de tiers li\u00e9s \u00e0 la commande font l\u2019objet d\u2019une offre et d\u2019une facturation avec un suppl\u00e9ment administratif. Sauf mention contraire, le d\u00e9compte est forfaitaire. \u00c9tant donn\u00e9 que les co\u00fbts exacts d\u00e9pendent de divers facteurs, dont certains ne sont pas encore connus au moment de l\u2019\u00e9tablissement de l\u2019offre, la FKH se r\u00e9serve le droit, en cas d\u2019\u00e9carts importants, de facturer les d\u00e9penses r\u00e9elles, y compris le suppl\u00e9ment administratif.<\/p>\n<h2>Documents douaniers, imp\u00f4ts et autres pr\u00e9l\u00e8vements pour interventions \u00e0 l\u2019\u00e9tranger<\/h2>\n<p>Les installations de contr\u00f4le de la FKH sont transport\u00e9es soit avec un carnet ATA, soit avec une attestation d\u2019exemption de droits de douane accompagn\u00e9s d\u2019une facture pro forma.<\/p>\n<p>La FKH ne peut pas \u00eatre sollicit\u00e9e pour des droits de douane, des garanties douani\u00e8res, des imp\u00f4ts pour personnel et autres pr\u00e9l\u00e8vements et taxes dans le pays d\u2019intervention. De tels co\u00fbts (y compris le suppl\u00e9ment administratif) sont g\u00e9n\u00e9ralement \u00e0 la charge du mandant.<\/p>\n<h2>Limitation de la responsabilit\u00e9 \/ assurances<\/h2>\n<p>Le mat\u00e9riel de la FKH utilis\u00e9 (installation de contr\u00f4le, appareils de mesure, etc.) est assur\u00e9 contre les dommages de transport.<\/p>\n<p>Lors d\u2019interventions de contr\u00f4le et d\u2019essai ainsi que de mandats de conseil, la FKH est couverte contre des pr\u00e9tentions du client et de tiers par une assurance responsabilit\u00e9 civile \u00e0 raison des couvertures indiqu\u00e9es ci-apr\u00e8s\u00a0:<\/p>\n<p>&#8211; dommages corporels et dommages mat\u00e9riels CHF 10 000 000.\u2013<\/p>\n<p>&#8211; pr\u00e9judices p\u00e9cuniaires ou dommages et d\u00e9fauts sur constructions et installations CHF 2 000 000.\u2013<\/p>\n<p>La responsabilit\u00e9 de la FKH est dans tous les cas limit\u00e9e aux montants de couverture mentionn\u00e9s ci-dessus.<\/p>\n<p>Le personnel de la FKH est assur\u00e9 contre les accidents durant le d\u00e9placement aller et retour ainsi que sur le lieu d\u2019intervention.<\/p>\n<h2>S\u00e9curit\u00e9<\/h2>\n<p>La FKH est certifi\u00e9e selon la norme ISO 45001 et travaille selon ses propres directives de s\u00e9curit\u00e9. Les dispositions de s\u00e9curit\u00e9 importantes pour la r\u00e9alisation du projet relevant du mandant doivent \u00eatre remises au pr\u00e9alable, id\u00e9alement lors de la demande d\u2019offre, \u00e0 l\u2019ing\u00e9nieur(e) de contr\u00f4le responsable de la FKH. Si l\u2019acc\u00e8s aux chantiers n\u00e9cessite des formations compl\u00e9mentaires \u00e9tendues du personnel par le mandant, ou la fourniture de renseignements complexes sur le personnel, le temps n\u00e9cessaire et les co\u00fbts de tiers occasionn\u00e9s (y compris le suppl\u00e9ment administratif) seront factur\u00e9s selon les tarifs pour le personnel indiqu\u00e9s dans l\u2019offre.<\/p>\n<p>Le mandant d\u00e9signe une personne mandat\u00e9e qui, \u00e0 l\u2019heure convenue pour le d\u00e9but de l\u2019examen, permet \u00e0 la FKH d\u2019acc\u00e9der \u00e0 l\u2019objet de l\u2019examen et de le remettre dans un \u00e9tat s\u00fbr. Dans l\u2019int\u00e9r\u00eat du mandant, la FKH ne d\u00e9marre l\u2019examen que si elle a l\u2019autorisation de disposer de l\u2019objet \u00e0 contr\u00f4ler et l\u2019autorisation de proc\u00e9der \u00e0 l\u2019examen. Les charges suppl\u00e9mentaires occasionn\u00e9es par l\u2019absence d\u2019un interlocuteur mandat\u00e9 sont \u00e0 la charge du mandant.<\/p>\n<h2>Soutien en personnel et support technique du mandant<\/h2>\n<p>Si un soutien en personnel du mandant est n\u00e9cessaire sur le lieu d\u2019intervention, en particulier pour le montage de l\u2019installation de contr\u00f4le, l\u2019ing\u00e9nieur de contr\u00f4le en chef de la FKH annonce les besoins en temps utile. Une personne familiaris\u00e9e avec les aspects techniques de l\u2019installation \u00e0 contr\u00f4ler doit en tout \u00e9tat de cause se tenir \u00e0 disposition durant le contr\u00f4le.<\/p>\n<p>Des moyens de d\u00e9placement et de levage sp\u00e9cifi\u00e9s plus en d\u00e9tail dans l\u2019offre sont n\u00e9cessaires sur le lieu d\u2019intervention. Sauf accord contraire, la mise \u00e0 disposition de ces moyens auxiliaires incombe au mandant\u00a0; les co\u00fbts y aff\u00e9rents sont \u00e0 sa charge.<\/p>\n<h2>Conditions de paiement<\/h2>\n<p>Les montants factur\u00e9s doivent \u00eatre pay\u00e9s au plus tard 30\u00a0jours apr\u00e8s la date de facturation.<\/p>\n<h2>For \/ droit applicable<\/h2>\n<p><strong>Zurich est le for exclusif.<\/strong><\/p>\n<p><strong>Le droit suisse s\u2019applique, <em>\u00e0 l\u2019exclusion<\/em> de son droit en mati\u00e8re de conflit de lois.<\/strong><\/p>\n<p><strong>\u00a0<\/strong>Si certaines des dispositions des pr\u00e9sentes conditions g\u00e9n\u00e9rales s\u2019av\u00e8rent sans effet ou incompl\u00e8tes, la validit\u00e9 des autres dispositions des conditions g\u00e9n\u00e9rales n\u2019en sera pas affect\u00e9e. Le cas \u00e9ch\u00e9ant, la disposition invalide devra \u00eatre alors remplac\u00e9e par une disposition valide admissible au contenu aussi proche que possible de l\u2019intention initiale.<\/p>\n<p>Lors de divergences entre la version allemande et la version fran\u00e7aise, seule la version allemande fait foi.<\/p>\n<p style=\"text-align: right;\">\u00a0\u00a0\u00a0\u00a0\u00a0\u00a0\u00a0\u00a0\u00a0\u00a0\u00a0\u00a0\u00a0\u00a0\u00a0\u00a0\u00a0\u00a0\u00a0\u00a0\u00a0\u00a0\u00a0\u00a0\u00a0\u00a0\u00a0\u00a0\u00a0\u00a0\u00a0\u00a0\u00a0\u00a0\u00a0\u00a0\u00a0\u00a0\u00a0\u00a0\u00a0\u00a0\u00a0\u00a0\u00a0\u00a0\u00a0\u00a0\u00a0\u00a0\u00a0\u00a0\u00a0\u00a0\u00a0\u00a0\u00a0\u00a0\u00a0\u00a0\u00a0\u00a0\u00a0\u00a0\u00a0\u00a0\u00a0\u00a0\u00a0\u00a0\u00a0\u00a0\u00a0\u00a0\u00a0\u00a0\u00a0\u00a0\u00a0\u00a0\u00a0\u00a0\u00a0\u00a0\u00a0 Wa\/Ml, mai 2025<\/p>\n<p style=\"text-align: justify;\"><a href=\"https:\/\/fkh.ch\/wp-content\/uploads\/2025\/10\/Conditions-generales_2025_fr.pdf\" target=\"_blank\" rel=\"noopener\">Conditions g\u00e9n\u00e9rales de la FKH \u00e0 t\u00e9l\u00e9charger<\/a><\/p>\n<p style=\"text-align: right;\">\n","protected":false},"excerpt":{"rendered":"<p>Dur\u00e9e d\u2019intervention \/ location d\u2019installations La dur\u00e9e d\u2019intervention pour le personnel de la FKH et les installations de contr\u00f4le de la FKH indiqu\u00e9e dans l\u2019offre est contraignante en termes de co\u00fbts. Lors d\u2019une prolongation de la dur\u00e9e d\u2019intervention sans faute de la FKH, les co\u00fbts suppl\u00e9mentaires qui en r\u00e9sultent sont factur\u00e9s au tarif de la [&hellip;]<\/p>\n","protected":false},"author":194,"featured_media":0,"parent":0,"menu_order":100,"comment_status":"closed","ping_status":"closed","template":"","meta":{"_acf_changed":false,"footnotes":""},"class_list":["post-6006","page","type-page","status-publish","hentry"],"acf":[],"yoast_head":"<!-- This site is optimized with the Yoast SEO plugin v27.2 - https:\/\/yoast.com\/product\/yoast-seo-wordpress\/ -->\n<title>CONDITIONS G\u00c9N\u00c9RALES DE LA FKH - FKH<\/title>\n<meta name=\"robots\" content=\"index, follow, max-snippet:-1, max-image-preview:large, max-video-preview:-1\" \/>\n<link rel=\"canonical\" href=\"https:\/\/fkh.ch\/fr\/geschaftsbedingungen\/\" \/>\n<meta property=\"og:locale\" content=\"fr_FR\" \/>\n<meta property=\"og:type\" content=\"article\" \/>\n<meta property=\"og:title\" content=\"CONDITIONS G\u00c9N\u00c9RALES DE LA FKH - FKH\" \/>\n<meta property=\"og:description\" content=\"Dur\u00e9e d\u2019intervention \/ location d\u2019installations La dur\u00e9e d\u2019intervention pour le personnel de la FKH et les installations de contr\u00f4le de la FKH indiqu\u00e9e dans l\u2019offre est contraignante en termes de co\u00fbts. Lors d\u2019une prolongation de la dur\u00e9e d\u2019intervention sans faute de la FKH, les co\u00fbts suppl\u00e9mentaires qui en r\u00e9sultent sont factur\u00e9s au tarif de la [&hellip;]\" \/>\n<meta property=\"og:url\" content=\"https:\/\/fkh.ch\/fr\/geschaftsbedingungen\/\" \/>\n<meta property=\"og:site_name\" content=\"FKH\" \/>\n<meta property=\"article:modified_time\" content=\"2025-10-23T06:28:43+00:00\" \/>\n<meta name=\"twitter:label1\" content=\"Dur\u00e9e de lecture estim\u00e9e\" \/>\n\t<meta name=\"twitter:data1\" content=\"5 minutes\" \/>\n<script type=\"application\/ld+json\" class=\"yoast-schema-graph\">{\"@context\":\"https:\/\/schema.org\",\"@graph\":[{\"@type\":\"WebPage\",\"@id\":\"https:\/\/fkh.ch\/fr\/geschaftsbedingungen\/\",\"url\":\"https:\/\/fkh.ch\/fr\/geschaftsbedingungen\/\",\"name\":\"CONDITIONS G\u00c9N\u00c9RALES DE LA FKH - FKH\",\"isPartOf\":{\"@id\":\"https:\/\/fkh.ch\/fr\/#website\"},\"datePublished\":\"2014-03-11T12:04:57+00:00\",\"dateModified\":\"2025-10-23T06:28:43+00:00\",\"breadcrumb\":{\"@id\":\"https:\/\/fkh.ch\/fr\/geschaftsbedingungen\/#breadcrumb\"},\"inLanguage\":\"fr-FR\",\"potentialAction\":[{\"@type\":\"ReadAction\",\"target\":[\"https:\/\/fkh.ch\/fr\/geschaftsbedingungen\/\"]}]},{\"@type\":\"BreadcrumbList\",\"@id\":\"https:\/\/fkh.ch\/fr\/geschaftsbedingungen\/#breadcrumb\",\"itemListElement\":[{\"@type\":\"ListItem\",\"position\":1,\"name\":\"Startseite\",\"item\":\"https:\/\/fkh.ch\/fr\/\"},{\"@type\":\"ListItem\",\"position\":2,\"name\":\"CONDITIONS G\u00c9N\u00c9RALES DE LA FKH\"}]},{\"@type\":\"WebSite\",\"@id\":\"https:\/\/fkh.ch\/fr\/#website\",\"url\":\"https:\/\/fkh.ch\/fr\/\",\"name\":\"FKH\",\"description\":\"Commission d'\u00e9tude des questions relatives \u00e0 la haute tension\",\"potentialAction\":[{\"@type\":\"SearchAction\",\"target\":{\"@type\":\"EntryPoint\",\"urlTemplate\":\"https:\/\/fkh.ch\/fr\/?s={search_term_string}\"},\"query-input\":{\"@type\":\"PropertyValueSpecification\",\"valueRequired\":true,\"valueName\":\"search_term_string\"}}],\"inLanguage\":\"fr-FR\"}]}<\/script>\n<!-- \/ Yoast SEO plugin. -->","yoast_head_json":{"title":"CONDITIONS G\u00c9N\u00c9RALES DE LA FKH - FKH","robots":{"index":"index","follow":"follow","max-snippet":"max-snippet:-1","max-image-preview":"max-image-preview:large","max-video-preview":"max-video-preview:-1"},"canonical":"https:\/\/fkh.ch\/fr\/geschaftsbedingungen\/","og_locale":"fr_FR","og_type":"article","og_title":"CONDITIONS G\u00c9N\u00c9RALES DE LA FKH - FKH","og_description":"Dur\u00e9e d\u2019intervention \/ location d\u2019installations La dur\u00e9e d\u2019intervention pour le personnel de la FKH et les installations de contr\u00f4le de la FKH indiqu\u00e9e dans l\u2019offre est contraignante en termes de co\u00fbts. Lors d\u2019une prolongation de la dur\u00e9e d\u2019intervention sans faute de la FKH, les co\u00fbts suppl\u00e9mentaires qui en r\u00e9sultent sont factur\u00e9s au tarif de la [&hellip;]","og_url":"https:\/\/fkh.ch\/fr\/geschaftsbedingungen\/","og_site_name":"FKH","article_modified_time":"2025-10-23T06:28:43+00:00","twitter_misc":{"Dur\u00e9e de lecture estim\u00e9e":"5 minutes"},"schema":{"@context":"https:\/\/schema.org","@graph":[{"@type":"WebPage","@id":"https:\/\/fkh.ch\/fr\/geschaftsbedingungen\/","url":"https:\/\/fkh.ch\/fr\/geschaftsbedingungen\/","name":"CONDITIONS G\u00c9N\u00c9RALES DE LA FKH - FKH","isPartOf":{"@id":"https:\/\/fkh.ch\/fr\/#website"},"datePublished":"2014-03-11T12:04:57+00:00","dateModified":"2025-10-23T06:28:43+00:00","breadcrumb":{"@id":"https:\/\/fkh.ch\/fr\/geschaftsbedingungen\/#breadcrumb"},"inLanguage":"fr-FR","potentialAction":[{"@type":"ReadAction","target":["https:\/\/fkh.ch\/fr\/geschaftsbedingungen\/"]}]},{"@type":"BreadcrumbList","@id":"https:\/\/fkh.ch\/fr\/geschaftsbedingungen\/#breadcrumb","itemListElement":[{"@type":"ListItem","position":1,"name":"Startseite","item":"https:\/\/fkh.ch\/fr\/"},{"@type":"ListItem","position":2,"name":"CONDITIONS G\u00c9N\u00c9RALES DE LA FKH"}]},{"@type":"WebSite","@id":"https:\/\/fkh.ch\/fr\/#website","url":"https:\/\/fkh.ch\/fr\/","name":"FKH","description":"Commission d'\u00e9tude des questions relatives \u00e0 la haute tension","potentialAction":[{"@type":"SearchAction","target":{"@type":"EntryPoint","urlTemplate":"https:\/\/fkh.ch\/fr\/?s={search_term_string}"},"query-input":{"@type":"PropertyValueSpecification","valueRequired":true,"valueName":"search_term_string"}}],"inLanguage":"fr-FR"}]}},"_links":{"self":[{"href":"https:\/\/fkh.ch\/fr\/wp-json\/wp\/v2\/pages\/6006","targetHints":{"allow":["GET"]}}],"collection":[{"href":"https:\/\/fkh.ch\/fr\/wp-json\/wp\/v2\/pages"}],"about":[{"href":"https:\/\/fkh.ch\/fr\/wp-json\/wp\/v2\/types\/page"}],"author":[{"embeddable":true,"href":"https:\/\/fkh.ch\/fr\/wp-json\/wp\/v2\/users\/194"}],"replies":[{"embeddable":true,"href":"https:\/\/fkh.ch\/fr\/wp-json\/wp\/v2\/comments?post=6006"}],"version-history":[{"count":3,"href":"https:\/\/fkh.ch\/fr\/wp-json\/wp\/v2\/pages\/6006\/revisions"}],"predecessor-version":[{"id":7584,"href":"https:\/\/fkh.ch\/fr\/wp-json\/wp\/v2\/pages\/6006\/revisions\/7584"}],"wp:attachment":[{"href":"https:\/\/fkh.ch\/fr\/wp-json\/wp\/v2\/media?parent=6006"}],"curies":[{"name":"wp","href":"https:\/\/api.w.org\/{rel}","templated":true}]}}