{"id":6044,"date":"2020-02-21T12:10:44","date_gmt":"2020-02-21T11:10:44","guid":{"rendered":"https:\/\/fkh.ch\/?page_id=6044"},"modified":"2020-02-21T12:11:00","modified_gmt":"2020-02-21T11:11:00","slug":"plan-du-site","status":"publish","type":"page","link":"https:\/\/fkh.ch\/fr\/plan-du-site\/","title":{"rendered":"Plan du site"},"content":{"rendered":"<div class=\"wsp-container\"><h2 class=\"wsp-pages-title\">Pages<\/h2>\n<ul class=\"wsp-pages-list\">\n<li class=\"page_item page-item-5241\"><a href=\"https:\/\/fkh.ch\/fr\/uebersicht\/\">Aper\u00e7u<\/a><\/li>\n<li class=\"page_item page-item-4719\"><a href=\"https:\/\/fkh.ch\/fr\/cookie-policy\/\">Cookie Policy<\/a><\/li>\n<li class=\"page_item page-item-2745\"><a href=\"https:\/\/fkh.ch\/fr\/\">Exemples de services de la FKH<\/a><\/li>\n<li class=\"page_item page-item-4720\"><a href=\"https:\/\/fkh.ch\/fr\/impressum\/\">Mentions l\u00e9gales<\/a><\/li>\n<li class=\"page_item page-item-4745\"><a href=\"https:\/\/fkh.ch\/fr\/statuts\/\">Statuts<\/a><\/li>\n<li class=\"page_item page-item-2749 page_item_has_children\"><a href=\"https:\/\/fkh.ch\/fr\/a-propos-de-nous\/\">A propos de FKH<\/a>\n<ul class='children'>\n\t<li class=\"page_item page-item-4736\"><a href=\"https:\/\/fkh.ch\/fr\/a-propos-de-nous\/portrait\/\">Portrait<\/a><\/li>\n\t<li class=\"page_item page-item-4755\"><a href=\"https:\/\/fkh.ch\/fr\/a-propos-de-nous\/fkh-arbeitsgruppe\/\">L&rsquo;\u00e9quipe de la FKH<\/a><\/li>\n\t<li class=\"page_item page-item-4775\"><a href=\"https:\/\/fkh.ch\/fr\/a-propos-de-nous\/vorstand\/\">Comit\u00e9 directeur<\/a><\/li>\n\t<li class=\"page_item page-item-4785 page_item_has_children\"><a href=\"https:\/\/fkh.ch\/fr\/a-propos-de-nous\/mitgliedschaft\/\">Affiliation et membre<\/a>\n\t<ul class='children'>\n\t\t<li class=\"page_item page-item-4793\"><a href=\"https:\/\/fkh.ch\/fr\/a-propos-de-nous\/mitgliedschaft\/mitglieder\/\">Membres<\/a><\/li>\n\t<\/ul>\n<\/li>\n\t<li class=\"page_item page-item-4859\"><a href=\"https:\/\/fkh.ch\/fr\/a-propos-de-nous\/geschichte\/\">Historique<\/a><\/li>\n\t<li class=\"page_item page-item-4779\"><a href=\"https:\/\/fkh.ch\/fr\/a-propos-de-nous\/verhaltenskodex\/\">Code de conduite<\/a><\/li>\n\t<li class=\"page_item page-item-4870\"><a href=\"https:\/\/fkh.ch\/fr\/a-propos-de-nous\/jahresberichte\/\">Rapports annuels<\/a><\/li>\n\t<li class=\"page_item page-item-4874\"><a href=\"https:\/\/fkh.ch\/fr\/a-propos-de-nous\/offene-stellen\/\">Jobs<\/a><\/li>\n<\/ul>\n<\/li>\n<li class=\"page_item page-item-4955 page_item_has_children\"><a href=\"https:\/\/fkh.ch\/fr\/dienstleistungen\/\">Services<\/a>\n<ul class='children'>\n\t<li class=\"page_item page-item-4966 page_item_has_children\"><a href=\"https:\/\/fkh.ch\/fr\/dienstleistungen\/pruefung-von-hs-betriebsmitteln-vor-ort\/\">Tests haute tension<\/a>\n\t<ul class='children'>\n\t\t<li class=\"page_item page-item-4972\"><a href=\"https:\/\/fkh.ch\/fr\/dienstleistungen\/pruefung-von-hs-betriebsmitteln-vor-ort\/transformatoren-und-andere-apparate\/\">Diagnostic des transformateurs  de puissance<\/a><\/li>\n\t\t<li class=\"page_item page-item-5118\"><a href=\"https:\/\/fkh.ch\/fr\/dienstleistungen\/pruefung-von-hs-betriebsmitteln-vor-ort\/kabelpruefungen\/\">Essai de liaisons c\u00e2bl\u00e9es<\/a><\/li>\n\t\t<li class=\"page_item page-item-5135\"><a href=\"https:\/\/fkh.ch\/fr\/dienstleistungen\/pruefung-von-hs-betriebsmitteln-vor-ort\/gis\/\">Essai de postes \u00e9lectriques sous enveloppe m\u00e9tallique (GIS)<\/a><\/li>\n\t\t<li class=\"page_item page-item-5142\"><a href=\"https:\/\/fkh.ch\/fr\/dienstleistungen\/pruefung-von-hs-betriebsmitteln-vor-ort\/hoch-und-mittelspannungskomponenten\/\">Analyses en laboratoire de composants haute et moyenne tension<\/a><\/li>\n\t\t<li class=\"page_item page-item-5145\"><a href=\"https:\/\/fkh.ch\/fr\/dienstleistungen\/pruefung-von-hs-betriebsmitteln-vor-ort\/andere-apparat-pruefungen\/\">Tests des \u00e9quipements haute tension effectu\u00e9s sur site<\/a><\/li>\n\t<\/ul>\n<\/li>\n\t<li class=\"page_item page-item-5150 page_item_has_children\"><a href=\"https:\/\/fkh.ch\/fr\/dienstleistungen\/erdungsprobleme-emv-emf-netzvorgaenge\/\">Syst\u00e8me haute tension, s\u00e9curit\u00e9 et compatibilit\u00e9 \u00e9lectromagn\u00e9tique<\/a>\n\t<ul class='children'>\n\t\t<li class=\"page_item page-item-5153\"><a href=\"https:\/\/fkh.ch\/fr\/dienstleistungen\/erdungsprobleme-emv-emf-netzvorgaenge\/netztransientenmessungen\/\">Mesures des transitoires dans le r\u00e9seau<\/a><\/li>\n\t\t<li class=\"page_item page-item-5156\"><a href=\"https:\/\/fkh.ch\/fr\/dienstleistungen\/erdungsprobleme-emv-emf-netzvorgaenge\/emf-emv-messungen-und-berechnungen\/\">Calculs et mesures CEM et champs \u00e9lectromagn\u00e9tiques<\/a><\/li>\n\t\t<li class=\"page_item page-item-5189\"><a href=\"https:\/\/fkh.ch\/fr\/dienstleistungen\/erdungsprobleme-emv-emf-netzvorgaenge\/netzqualitaetsanalysen\/\">Analyses de la qualit\u00e9 du r\u00e9seau<\/a><\/li>\n\t\t<li class=\"page_item page-item-5174\"><a href=\"https:\/\/fkh.ch\/fr\/dienstleistungen\/erdungsprobleme-emv-emf-netzvorgaenge\/erdungsmessungen-berechnungen\/\">Mesures de mise \u00e0 la terre<\/a><\/li>\n\t<\/ul>\n<\/li>\n\t<li class=\"page_item page-item-5207\"><a href=\"https:\/\/fkh.ch\/fr\/dienstleistungen\/isolieroelananlysen\/\">Analyse des huiles d\u2019isolation<\/a><\/li>\n\t<li class=\"page_item page-item-5220 page_item_has_children\"><a href=\"https:\/\/fkh.ch\/fr\/dienstleistungen\/engineering\/\">Ing\u00e9nierie<\/a>\n\t<ul class='children'>\n\t\t<li class=\"page_item page-item-5223\"><a href=\"https:\/\/fkh.ch\/fr\/dienstleistungen\/engineering\/schadenanalysen\/\">Analyses des dommages<\/a><\/li>\n\t\t<li class=\"page_item page-item-5225\"><a href=\"https:\/\/fkh.ch\/fr\/dienstleistungen\/engineering\/engineering-beratung-und-expertisen\/\">Ing\u00e9nierie, conseils et expertises<\/a><\/li>\n\t\t<li class=\"page_item page-item-5228\"><a href=\"https:\/\/fkh.ch\/fr\/dienstleistungen\/engineering\/blitzschutzfragen\/\">Protections contre la foudre<\/a><\/li>\n\t<\/ul>\n<\/li>\n<\/ul>\n<\/li>\n<li class=\"page_item page-item-5251 page_item_has_children\"><a href=\"https:\/\/fkh.ch\/fr\/veranstaltungen\/\">Colloques<\/a>\n<ul class='children'>\n\t<li class=\"page_item page-item-5966\"><a href=\"https:\/\/fkh.ch\/fr\/veranstaltungen\/fkh-fachtagung\/\">FKH-colloque 2026<\/a><\/li>\n<\/ul>\n<\/li>\n<li class=\"page_item page-item-4898 page_item_has_children\"><a href=\"https:\/\/fkh.ch\/fr\/kontakt\/\">Contactez-nous<\/a>\n<ul class='children'>\n\t<li class=\"page_item page-item-4901\"><a href=\"https:\/\/fkh.ch\/fr\/kontakt\/kontaktformular\/\">Formulaire de contact<\/a><\/li>\n\t<li class=\"page_item page-item-5263\"><a href=\"https:\/\/fkh.ch\/fr\/kontakt\/standorte\/\">Localit\u00e9s<\/a><\/li>\n<\/ul>\n<\/li>\n<li class=\"page_item page-item-5268 page_item_has_children\"><a href=\"https:\/\/fkh.ch\/fr\/publikationen\/\">Publications<\/a>\n<ul class='children'>\n\t<li class=\"page_item page-item-5993\"><a href=\"https:\/\/fkh.ch\/fr\/publikationen\/aktuelle-publikation\/\">Publication actuelle<\/a><\/li>\n<\/ul>\n<\/li>\n<li class=\"page_item page-item-6006\"><a href=\"https:\/\/fkh.ch\/fr\/geschaftsbedingungen\/\">CONDITIONS G\u00c9N\u00c9RALES DE LA FKH<\/a><\/li>\n<li class=\"page_item page-item-5984\"><a href=\"https:\/\/fkh.ch\/fr\/forschungsprojekt\/\">Les courants vagabonds dans les exploitations d\u2019\u00e9levage<\/a><\/li>\n<li class=\"page_item page-item-6020\"><a href=\"https:\/\/fkh.ch\/fr\/links\/\">Liens<\/a><\/li>\n<li class=\"page_item page-item-6044\"><a href=\"https:\/\/fkh.ch\/fr\/plan-du-site\/\">Plan du site<\/a><\/li>\n<li class=\"page_item page-item-5999\"><a href=\"https:\/\/fkh.ch\/fr\/forschungsprojekt-2\/\">Projet de recherche<\/a><\/li>\n<li class=\"page_item page-item-5901\"><a href=\"https:\/\/fkh.ch\/fr\/downloads\/\">T\u00e9l\u00e9chargement<\/a><\/li>\n<\/ul>\n<h2 class=\"wsp-citys-title\">Cities<\/h2>\n<ul class=\"wsp-citys-list\">\n<li><a href=\"https:\/\/fkh.ch\/fr\/city\/fkh-siege-principal\/\">FKH Si\u00e8ge principal<\/a><\/li>\n<li><a href=\"https:\/\/fkh.ch\/fr\/city\/personne-de-contact-pour-la-romandie\/\">Personne de contact pour la Romandie<\/a><\/li>\n<li><a href=\"https:\/\/fkh.ch\/fr\/city\/fkh-station-dessais\/\">FKH Station d\u2018essais<\/a><\/li>\n<li><a href=\"https:\/\/fkh.ch\/fr\/city\/fkh-laboratoire-dhuiles-isolantes\/\">FKH Laboratoire d\u2018huiles isolantes<\/a><\/li>\n<\/ul>\n<h2 class=\"wsp-publication-years-title\">Years<\/h2>\n<ul class=\"wsp-publication-years-list\">\n<li><a href=\"https:\/\/fkh.ch\/fr\/publication-year\/1926-fr\/\">1926<\/a><\/li>\n<li><a href=\"https:\/\/fkh.ch\/fr\/publication-year\/1927-fr\/\">1927<\/a><\/li>\n<li><a href=\"https:\/\/fkh.ch\/fr\/publication-year\/1930-fr\/\">1930<\/a><\/li>\n<li><a href=\"https:\/\/fkh.ch\/fr\/publication-year\/1931-fr\/\">1931<\/a><\/li>\n<li><a href=\"https:\/\/fkh.ch\/fr\/publication-year\/1932-fr\/\">1932<\/a><\/li>\n<li><a href=\"https:\/\/fkh.ch\/fr\/publication-year\/1933-fr\/\">1933<\/a><\/li>\n<li><a href=\"https:\/\/fkh.ch\/fr\/publication-year\/1934-fr\/\">1934<\/a><\/li>\n<li><a href=\"https:\/\/fkh.ch\/fr\/publication-year\/1935-fr\/\">1935<\/a><\/li>\n<li><a href=\"https:\/\/fkh.ch\/fr\/publication-year\/1936-fr\/\">1936<\/a><\/li>\n<li><a href=\"https:\/\/fkh.ch\/fr\/publication-year\/1937-fr\/\">1937<\/a><\/li>\n<li><a href=\"https:\/\/fkh.ch\/fr\/publication-year\/1939-fr\/\">1939<\/a><\/li>\n<li><a href=\"https:\/\/fkh.ch\/fr\/publication-year\/1940-fr\/\">1940<\/a><\/li>\n<li><a href=\"https:\/\/fkh.ch\/fr\/publication-year\/1941-fr\/\">1941<\/a><\/li>\n<li><a href=\"https:\/\/fkh.ch\/fr\/publication-year\/1942-fr\/\">1942<\/a><\/li>\n<li><a href=\"https:\/\/fkh.ch\/fr\/publication-year\/1943-fr\/\">1943<\/a><\/li>\n<li><a href=\"https:\/\/fkh.ch\/fr\/publication-year\/1944-fr\/\">1944<\/a><\/li>\n<li><a href=\"https:\/\/fkh.ch\/fr\/publication-year\/1945-fr\/\">1945<\/a><\/li>\n<li><a href=\"https:\/\/fkh.ch\/fr\/publication-year\/1946-fr\/\">1946<\/a><\/li>\n<li><a href=\"https:\/\/fkh.ch\/fr\/publication-year\/1947-fr\/\">1947<\/a><\/li>\n<li><a href=\"https:\/\/fkh.ch\/fr\/publication-year\/1948-fr\/\">1948<\/a><\/li>\n<li><a href=\"https:\/\/fkh.ch\/fr\/publication-year\/1950-fr\/\">1950<\/a><\/li>\n<li><a href=\"https:\/\/fkh.ch\/fr\/publication-year\/1951-fr\/\">1951<\/a><\/li>\n<li><a href=\"https:\/\/fkh.ch\/fr\/publication-year\/1952-fr\/\">1952<\/a><\/li>\n<li><a href=\"https:\/\/fkh.ch\/fr\/publication-year\/1953-fr\/\">1953<\/a><\/li>\n<li><a href=\"https:\/\/fkh.ch\/fr\/publication-year\/1954-fr\/\">1954<\/a><\/li>\n<li><a href=\"https:\/\/fkh.ch\/fr\/publication-year\/1955-fr\/\">1955<\/a><\/li>\n<li><a href=\"https:\/\/fkh.ch\/fr\/publication-year\/1956-fr\/\">1956<\/a><\/li>\n<li><a href=\"https:\/\/fkh.ch\/fr\/publication-year\/1957-fr\/\">1957<\/a><\/li>\n<li><a href=\"https:\/\/fkh.ch\/fr\/publication-year\/1958-fr\/\">1958<\/a><\/li>\n<li><a href=\"https:\/\/fkh.ch\/fr\/publication-year\/1959-fr\/\">1959<\/a><\/li>\n<li><a href=\"https:\/\/fkh.ch\/fr\/publication-year\/1960-fr\/\">1960<\/a><\/li>\n<li><a href=\"https:\/\/fkh.ch\/fr\/publication-year\/1961-fr\/\">1961<\/a><\/li>\n<li><a href=\"https:\/\/fkh.ch\/fr\/publication-year\/1962-fr\/\">1962<\/a><\/li>\n<li><a href=\"https:\/\/fkh.ch\/fr\/publication-year\/1963-fr\/\">1963<\/a><\/li>\n<li><a href=\"https:\/\/fkh.ch\/fr\/publication-year\/1965-fr\/\">1965<\/a><\/li>\n<li><a href=\"https:\/\/fkh.ch\/fr\/publication-year\/1966-fr\/\">1966<\/a><\/li>\n<li><a href=\"https:\/\/fkh.ch\/fr\/publication-year\/1967-fr\/\">1967<\/a><\/li>\n<li><a href=\"https:\/\/fkh.ch\/fr\/publication-year\/1968-fr\/\">1968<\/a><\/li>\n<li><a href=\"https:\/\/fkh.ch\/fr\/publication-year\/1969-fr\/\">1969<\/a><\/li>\n<li><a href=\"https:\/\/fkh.ch\/fr\/publication-year\/1970-fr\/\">1970<\/a><\/li>\n<li><a href=\"https:\/\/fkh.ch\/fr\/publication-year\/1971-fr\/\">1971<\/a><\/li>\n<li><a href=\"https:\/\/fkh.ch\/fr\/publication-year\/1972-fr\/\">1972<\/a><\/li>\n<li><a href=\"https:\/\/fkh.ch\/fr\/publication-year\/1973-fr\/\">1973<\/a><\/li>\n<li><a href=\"https:\/\/fkh.ch\/fr\/publication-year\/1974-fr\/\">1974<\/a><\/li>\n<li><a href=\"https:\/\/fkh.ch\/fr\/publication-year\/1975-fr\/\">1975<\/a><\/li>\n<li><a href=\"https:\/\/fkh.ch\/fr\/publication-year\/1976-fr\/\">1976<\/a><\/li>\n<li><a href=\"https:\/\/fkh.ch\/fr\/publication-year\/1977-fr\/\">1977<\/a><\/li>\n<li><a href=\"https:\/\/fkh.ch\/fr\/publication-year\/1978-fr\/\">1978<\/a><\/li>\n<li><a href=\"https:\/\/fkh.ch\/fr\/publication-year\/1979-fr\/\">1979<\/a><\/li>\n<li><a href=\"https:\/\/fkh.ch\/fr\/publication-year\/1980-fr\/\">1980<\/a><\/li>\n<li><a href=\"https:\/\/fkh.ch\/fr\/publication-year\/1981-fr\/\">1981<\/a><\/li>\n<li><a href=\"https:\/\/fkh.ch\/fr\/publication-year\/1982-fr\/\">1982<\/a><\/li>\n<li><a href=\"https:\/\/fkh.ch\/fr\/publication-year\/1984-fr\/\">1984<\/a><\/li>\n<li><a href=\"https:\/\/fkh.ch\/fr\/publication-year\/1987-fr\/\">1987<\/a><\/li>\n<li><a href=\"https:\/\/fkh.ch\/fr\/publication-year\/1988-fr\/\">1988<\/a><\/li>\n<li><a href=\"https:\/\/fkh.ch\/fr\/publication-year\/1990-fr\/\">1990<\/a><\/li>\n<li><a href=\"https:\/\/fkh.ch\/fr\/publication-year\/1991-fr\/\">1991<\/a><\/li>\n<li><a href=\"https:\/\/fkh.ch\/fr\/publication-year\/1992-fr\/\">1992<\/a><\/li>\n<li><a href=\"https:\/\/fkh.ch\/fr\/publication-year\/1993-fr\/\">1993<\/a><\/li>\n<li><a href=\"https:\/\/fkh.ch\/fr\/publication-year\/1994-fr\/\">1994<\/a><\/li>\n<li><a href=\"https:\/\/fkh.ch\/fr\/publication-year\/1995-fr\/\">1995<\/a><\/li>\n<li><a href=\"https:\/\/fkh.ch\/fr\/publication-year\/1996-fr\/\">1996<\/a><\/li>\n<li><a href=\"https:\/\/fkh.ch\/fr\/publication-year\/1997-fr\/\">1997<\/a><\/li>\n<li><a href=\"https:\/\/fkh.ch\/fr\/publication-year\/1998-fr\/\">1998<\/a><\/li>\n<li><a href=\"https:\/\/fkh.ch\/fr\/publication-year\/1999-fr\/\">1999<\/a><\/li>\n<li><a href=\"https:\/\/fkh.ch\/fr\/publication-year\/2000-fr\/\">2000<\/a><\/li>\n<li><a href=\"https:\/\/fkh.ch\/fr\/publication-year\/2001-fr\/\">2001<\/a><\/li>\n<li><a href=\"https:\/\/fkh.ch\/fr\/publication-year\/2002-fr\/\">2002<\/a><\/li>\n<li><a href=\"https:\/\/fkh.ch\/fr\/publication-year\/2003-fr\/\">2003<\/a><\/li>\n<li><a href=\"https:\/\/fkh.ch\/fr\/publication-year\/2004-fr\/\">2004<\/a><\/li>\n<li><a href=\"https:\/\/fkh.ch\/fr\/publication-year\/2005-fr\/\">2005<\/a><\/li>\n<li><a href=\"https:\/\/fkh.ch\/fr\/publication-year\/2006-fr\/\">2006<\/a><\/li>\n<li><a href=\"https:\/\/fkh.ch\/fr\/publication-year\/2007-fr\/\">2007<\/a><\/li>\n<li><a href=\"https:\/\/fkh.ch\/fr\/publication-year\/2008-fr\/\">2008<\/a><\/li>\n<li><a href=\"https:\/\/fkh.ch\/fr\/publication-year\/2009-fr\/\">2009<\/a><\/li>\n<li><a href=\"https:\/\/fkh.ch\/fr\/publication-year\/2010-fr\/\">2010<\/a><\/li>\n<li><a href=\"https:\/\/fkh.ch\/fr\/publication-year\/2011-fr\/\">2011<\/a><\/li>\n<li><a href=\"https:\/\/fkh.ch\/fr\/publication-year\/2012-fr\/\">2012<\/a><\/li>\n<li><a href=\"https:\/\/fkh.ch\/fr\/publication-year\/2013-fr\/\">2013<\/a><\/li>\n<li><a href=\"https:\/\/fkh.ch\/fr\/publication-year\/2014-fr\/\">2014<\/a><\/li>\n<li><a href=\"https:\/\/fkh.ch\/fr\/publication-year\/2015-fr\/\">2015<\/a><\/li>\n<li><a href=\"https:\/\/fkh.ch\/fr\/publication-year\/2016-fr\/\">2016<\/a><\/li>\n<li><a href=\"https:\/\/fkh.ch\/fr\/publication-year\/2018-fr\/\">2018<\/a><\/li>\n<li><a href=\"https:\/\/fkh.ch\/fr\/publication-year\/2019-fr\/\">2019<\/a><\/li>\n<li><a href=\"https:\/\/fkh.ch\/fr\/publication-year\/2020-fr\/\">2020<\/a><\/li>\n<li><a href=\"https:\/\/fkh.ch\/fr\/publication-year\/2021-fr\/\">2021<\/a><\/li>\n<li><a href=\"https:\/\/fkh.ch\/fr\/publication-year\/2022-3\/\">2022<\/a><\/li>\n<li><a href=\"https:\/\/fkh.ch\/fr\/publication-year\/2023-3\/\">2023<\/a><\/li>\n<li><a href=\"https:\/\/fkh.ch\/fr\/publication-year\/2024-2\/\">2024<\/a><\/li>\n<\/ul>\n<h2 class=\"wsp-client-categorys-title\">Categories<\/h2>\n<ul class=\"wsp-client-categorys-list\">\n<li><a href=\"https:\/\/fkh.ch\/fr\/client-category\/association\/\">Association<\/a><\/li>\n<li><a href=\"https:\/\/fkh.ch\/fr\/client-category\/entreprises-de-production-et-de-distribution-denergie\/\">Entreprises de production et de distribution d'\u00e9nergie<\/a><\/li>\n<li><a href=\"https:\/\/fkh.ch\/fr\/client-category\/membres-de-lindustrie-bureaux-dingenierie-et-autres-membres\/\">Membres de l'industrie, bureaux d'ing\u00e9nierie et autres membres<\/a><\/li>\n<li><a href=\"https:\/\/fkh.ch\/fr\/client-category\/membres-correspondants\/\">Membres correspondants<\/a><\/li>\n<\/ul>\n<\/div>\n","protected":false},"excerpt":{"rendered":"","protected":false},"author":267,"featured_media":0,"parent":0,"menu_order":100,"comment_status":"open","ping_status":"open","template":"","meta":{"_acf_changed":false,"footnotes":""},"class_list":["post-6044","page","type-page","status-publish","hentry"],"acf":[],"yoast_head":"<!-- This site is optimized with the Yoast SEO plugin v27.2 - https:\/\/yoast.com\/product\/yoast-seo-wordpress\/ -->\n<title>Plan du site - FKH<\/title>\n<meta name=\"robots\" content=\"index, follow, max-snippet:-1, max-image-preview:large, max-video-preview:-1\" \/>\n<link rel=\"canonical\" href=\"https:\/\/fkh.ch\/fr\/plan-du-site\/\" \/>\n<meta property=\"og:locale\" content=\"fr_FR\" \/>\n<meta property=\"og:type\" content=\"article\" \/>\n<meta property=\"og:title\" content=\"Plan du site - FKH\" \/>\n<meta property=\"og:url\" content=\"https:\/\/fkh.ch\/fr\/plan-du-site\/\" \/>\n<meta property=\"og:site_name\" content=\"FKH\" \/>\n<meta property=\"article:modified_time\" content=\"2020-02-21T11:11:00+00:00\" \/>\n<script type=\"application\/ld+json\" class=\"yoast-schema-graph\">{\"@context\":\"https:\/\/schema.org\",\"@graph\":[{\"@type\":\"WebPage\",\"@id\":\"https:\/\/fkh.ch\/fr\/plan-du-site\/\",\"url\":\"https:\/\/fkh.ch\/fr\/plan-du-site\/\",\"name\":\"Plan du site - FKH\",\"isPartOf\":{\"@id\":\"https:\/\/fkh.ch\/fr\/#website\"},\"datePublished\":\"2020-02-21T11:10:44+00:00\",\"dateModified\":\"2020-02-21T11:11:00+00:00\",\"breadcrumb\":{\"@id\":\"https:\/\/fkh.ch\/fr\/plan-du-site\/#breadcrumb\"},\"inLanguage\":\"fr-FR\",\"potentialAction\":[{\"@type\":\"ReadAction\",\"target\":[\"https:\/\/fkh.ch\/fr\/plan-du-site\/\"]}]},{\"@type\":\"BreadcrumbList\",\"@id\":\"https:\/\/fkh.ch\/fr\/plan-du-site\/#breadcrumb\",\"itemListElement\":[{\"@type\":\"ListItem\",\"position\":1,\"name\":\"Startseite\",\"item\":\"https:\/\/fkh.ch\/fr\/\"},{\"@type\":\"ListItem\",\"position\":2,\"name\":\"Plan du site\"}]},{\"@type\":\"WebSite\",\"@id\":\"https:\/\/fkh.ch\/fr\/#website\",\"url\":\"https:\/\/fkh.ch\/fr\/\",\"name\":\"FKH\",\"description\":\"Commission d'\u00e9tude des questions relatives \u00e0 la haute tension\",\"potentialAction\":[{\"@type\":\"SearchAction\",\"target\":{\"@type\":\"EntryPoint\",\"urlTemplate\":\"https:\/\/fkh.ch\/fr\/?s={search_term_string}\"},\"query-input\":{\"@type\":\"PropertyValueSpecification\",\"valueRequired\":true,\"valueName\":\"search_term_string\"}}],\"inLanguage\":\"fr-FR\"}]}<\/script>\n<!-- \/ Yoast SEO plugin. -->","yoast_head_json":{"title":"Plan du site - FKH","robots":{"index":"index","follow":"follow","max-snippet":"max-snippet:-1","max-image-preview":"max-image-preview:large","max-video-preview":"max-video-preview:-1"},"canonical":"https:\/\/fkh.ch\/fr\/plan-du-site\/","og_locale":"fr_FR","og_type":"article","og_title":"Plan du site - FKH","og_url":"https:\/\/fkh.ch\/fr\/plan-du-site\/","og_site_name":"FKH","article_modified_time":"2020-02-21T11:11:00+00:00","schema":{"@context":"https:\/\/schema.org","@graph":[{"@type":"WebPage","@id":"https:\/\/fkh.ch\/fr\/plan-du-site\/","url":"https:\/\/fkh.ch\/fr\/plan-du-site\/","name":"Plan du site - FKH","isPartOf":{"@id":"https:\/\/fkh.ch\/fr\/#website"},"datePublished":"2020-02-21T11:10:44+00:00","dateModified":"2020-02-21T11:11:00+00:00","breadcrumb":{"@id":"https:\/\/fkh.ch\/fr\/plan-du-site\/#breadcrumb"},"inLanguage":"fr-FR","potentialAction":[{"@type":"ReadAction","target":["https:\/\/fkh.ch\/fr\/plan-du-site\/"]}]},{"@type":"BreadcrumbList","@id":"https:\/\/fkh.ch\/fr\/plan-du-site\/#breadcrumb","itemListElement":[{"@type":"ListItem","position":1,"name":"Startseite","item":"https:\/\/fkh.ch\/fr\/"},{"@type":"ListItem","position":2,"name":"Plan du site"}]},{"@type":"WebSite","@id":"https:\/\/fkh.ch\/fr\/#website","url":"https:\/\/fkh.ch\/fr\/","name":"FKH","description":"Commission d'\u00e9tude des questions relatives \u00e0 la haute tension","potentialAction":[{"@type":"SearchAction","target":{"@type":"EntryPoint","urlTemplate":"https:\/\/fkh.ch\/fr\/?s={search_term_string}"},"query-input":{"@type":"PropertyValueSpecification","valueRequired":true,"valueName":"search_term_string"}}],"inLanguage":"fr-FR"}]}},"_links":{"self":[{"href":"https:\/\/fkh.ch\/fr\/wp-json\/wp\/v2\/pages\/6044","targetHints":{"allow":["GET"]}}],"collection":[{"href":"https:\/\/fkh.ch\/fr\/wp-json\/wp\/v2\/pages"}],"about":[{"href":"https:\/\/fkh.ch\/fr\/wp-json\/wp\/v2\/types\/page"}],"author":[{"embeddable":true,"href":"https:\/\/fkh.ch\/fr\/wp-json\/wp\/v2\/users\/267"}],"replies":[{"embeddable":true,"href":"https:\/\/fkh.ch\/fr\/wp-json\/wp\/v2\/comments?post=6044"}],"version-history":[{"count":2,"href":"https:\/\/fkh.ch\/fr\/wp-json\/wp\/v2\/pages\/6044\/revisions"}],"predecessor-version":[{"id":6046,"href":"https:\/\/fkh.ch\/fr\/wp-json\/wp\/v2\/pages\/6044\/revisions\/6046"}],"wp:attachment":[{"href":"https:\/\/fkh.ch\/fr\/wp-json\/wp\/v2\/media?parent=6044"}],"curies":[{"name":"wp","href":"https:\/\/api.w.org\/{rel}","templated":true}]}}